{"id":72,"date":"2021-11-18T13:33:41","date_gmt":"2021-11-18T12:33:41","guid":{"rendered":"https:\/\/blogs.uni-paderborn.de\/zwischenmiete\/?page_id=72"},"modified":"2023-04-04T13:25:25","modified_gmt":"2023-04-04T11:25:25","slug":"2018-2019","status":"publish","type":"page","link":"https:\/\/blogs.uni-paderborn.de\/zwischenmiete\/2018-2019\/","title":{"rendered":"2018\/19"},"content":{"rendered":"<div class=\"twoclick_social_bookmarks_post_72 social_share_privacy clearfix 1.6.4 locale-de_DE sprite-de_DE\"><\/div><div class=\"twoclick-js\"><script type=\"text\/javascript\">\/* <![CDATA[ *\/\njQuery(document).ready(function($){if($('.twoclick_social_bookmarks_post_72')){$('.twoclick_social_bookmarks_post_72').socialSharePrivacy({\"txt_help\":\"Wenn Sie diese Felder durch einen Klick aktivieren, werden Informationen an Facebook, Twitter, Flattr, Xing, t3n, LinkedIn, Pinterest oder Google eventuell ins Ausland \\u00fcbertragen und unter Umst\\u00e4nden auch dort gespeichert. N\\u00e4heres erfahren Sie durch einen Klick auf das <em>i<\\\/em>.\",\"settings_perma\":\"Dauerhaft aktivieren und Daten\\u00fcber-tragung zustimmen:\",\"info_link\":\"http:\\\/\\\/www.heise.de\\\/ct\\\/artikel\\\/2-Klicks-fuer-mehr-Datenschutz-1333879.html\",\"uri\":\"https:\\\/\\\/blogs.uni-paderborn.de\\\/zwischenmiete\\\/2018-2019\\\/\",\"post_id\":72,\"post_title_referrer_track\":\"2018%2F19\",\"display_infobox\":\"on\"});}});\n\/* ]]> *\/<\/script><\/div>\n<h2 class=\"wp-block-heading\">\u201eZwischenmiete\u201c: Popmusik-Studierende organisieren zum zweiten Mal Wohnzimmerkonzerte in studentischen WGs<\/h2>\n\n\n\n<p>Im Dezember 2018 sowie im Januar 2019 traten Musiker*innen in studentischen Wohngemeinschaften in Paderborn auf. Aufgrund der Gr\u00f6\u00dfe der WGs wurden kostenlose Tickets vergeben. Wie auch im Jahr davor hatten Bands bzw. Musiker*innen und WGs in Paderborn die M\u00f6glichkeit, eine Jury mit einem 60-sek\u00fcndigen Video zu \u00fcberzeugen, um sich einen Platz als Act zu sichern. Aufgrund der positiven Resonanz bei der ersten Ausgabe und den zahlreichen Bewerbungen in der darauffolgenden Ausgabe 2018\/19 traten nun acht Bands an insgesamt vier Abenden in Paderborner Wohngemeinschaften auf. Dem musikalischen Spektrum waren dabei keine Grenzen gesetzt.<\/p>\n\n\n\n<figure class=\"wp-block-gallery has-nested-images columns-default is-cropped wp-block-gallery-1 is-layout-flex wp-block-gallery-is-layout-flex\">\n<figure class=\"wp-block-image size-large\"><img loading=\"lazy\" decoding=\"async\" width=\"729\" height=\"1024\" data-id=\"115\" src=\"https:\/\/blogs.uni-paderborn.de\/zwischenmiete\/files\/2021\/11\/44379850_2241030966116737_3237826839153999872_n-729x1024.jpg\" alt=\"\" class=\"wp-image-115\" srcset=\"https:\/\/blogs.uni-paderborn.de\/zwischenmiete\/files\/2021\/11\/44379850_2241030966116737_3237826839153999872_n-729x1024.jpg 729w, https:\/\/blogs.uni-paderborn.de\/zwischenmiete\/files\/2021\/11\/44379850_2241030966116737_3237826839153999872_n-214x300.jpg 214w, https:\/\/blogs.uni-paderborn.de\/zwischenmiete\/files\/2021\/11\/44379850_2241030966116737_3237826839153999872_n-768x1079.jpg 768w, https:\/\/blogs.uni-paderborn.de\/zwischenmiete\/files\/2021\/11\/44379850_2241030966116737_3237826839153999872_n-1093x1536.jpg 1093w, https:\/\/blogs.uni-paderborn.de\/zwischenmiete\/files\/2021\/11\/44379850_2241030966116737_3237826839153999872_n.jpg 1343w\" sizes=\"auto, (max-width: 729px) 100vw, 729px\" \/><\/figure>\n\n\n\n<figure class=\"wp-block-image size-large\"><img loading=\"lazy\" decoding=\"async\" width=\"729\" height=\"1024\" data-id=\"116\" src=\"https:\/\/blogs.uni-paderborn.de\/zwischenmiete\/files\/2021\/11\/44481301_2241030972783403_5707728631183179776_n-729x1024.jpg\" alt=\"\" class=\"wp-image-116\" srcset=\"https:\/\/blogs.uni-paderborn.de\/zwischenmiete\/files\/2021\/11\/44481301_2241030972783403_5707728631183179776_n-729x1024.jpg 729w, https:\/\/blogs.uni-paderborn.de\/zwischenmiete\/files\/2021\/11\/44481301_2241030972783403_5707728631183179776_n-214x300.jpg 214w, https:\/\/blogs.uni-paderborn.de\/zwischenmiete\/files\/2021\/11\/44481301_2241030972783403_5707728631183179776_n-768x1079.jpg 768w, https:\/\/blogs.uni-paderborn.de\/zwischenmiete\/files\/2021\/11\/44481301_2241030972783403_5707728631183179776_n-1093x1536.jpg 1093w, https:\/\/blogs.uni-paderborn.de\/zwischenmiete\/files\/2021\/11\/44481301_2241030972783403_5707728631183179776_n.jpg 1343w\" sizes=\"auto, (max-width: 729px) 100vw, 729px\" \/><\/figure>\n\n\n\n<figure class=\"wp-block-image size-large\"><img loading=\"lazy\" decoding=\"async\" width=\"1024\" height=\"683\" data-id=\"117\" src=\"https:\/\/blogs.uni-paderborn.de\/zwischenmiete\/files\/2021\/11\/47575863_2270642853155548_1357531929817120768_n-1024x683.jpg\" alt=\"\" class=\"wp-image-117\" srcset=\"https:\/\/blogs.uni-paderborn.de\/zwischenmiete\/files\/2021\/11\/47575863_2270642853155548_1357531929817120768_n-1024x683.jpg 1024w, https:\/\/blogs.uni-paderborn.de\/zwischenmiete\/files\/2021\/11\/47575863_2270642853155548_1357531929817120768_n-300x200.jpg 300w, https:\/\/blogs.uni-paderborn.de\/zwischenmiete\/files\/2021\/11\/47575863_2270642853155548_1357531929817120768_n-768x512.jpg 768w, https:\/\/blogs.uni-paderborn.de\/zwischenmiete\/files\/2021\/11\/47575863_2270642853155548_1357531929817120768_n-1536x1024.jpg 1536w, https:\/\/blogs.uni-paderborn.de\/zwischenmiete\/files\/2021\/11\/47575863_2270642853155548_1357531929817120768_n.jpg 2048w\" sizes=\"auto, (max-width: 1024px) 100vw, 1024px\" \/><\/figure>\n\n\n\n<figure class=\"wp-block-image size-large\"><img loading=\"lazy\" decoding=\"async\" width=\"1024\" height=\"683\" data-id=\"118\" src=\"https:\/\/blogs.uni-paderborn.de\/zwischenmiete\/files\/2021\/11\/47685717_2270642609822239_8736341995531796480_n-1024x683.jpg\" alt=\"\" class=\"wp-image-118\" srcset=\"https:\/\/blogs.uni-paderborn.de\/zwischenmiete\/files\/2021\/11\/47685717_2270642609822239_8736341995531796480_n-1024x683.jpg 1024w, https:\/\/blogs.uni-paderborn.de\/zwischenmiete\/files\/2021\/11\/47685717_2270642609822239_8736341995531796480_n-300x200.jpg 300w, https:\/\/blogs.uni-paderborn.de\/zwischenmiete\/files\/2021\/11\/47685717_2270642609822239_8736341995531796480_n-768x512.jpg 768w, https:\/\/blogs.uni-paderborn.de\/zwischenmiete\/files\/2021\/11\/47685717_2270642609822239_8736341995531796480_n-1536x1024.jpg 1536w, https:\/\/blogs.uni-paderborn.de\/zwischenmiete\/files\/2021\/11\/47685717_2270642609822239_8736341995531796480_n.jpg 2048w\" sizes=\"auto, (max-width: 1024px) 100vw, 1024px\" \/><\/figure>\n\n\n\n<figure class=\"wp-block-image size-large\"><img loading=\"lazy\" decoding=\"async\" width=\"1024\" height=\"683\" data-id=\"119\" src=\"https:\/\/blogs.uni-paderborn.de\/zwischenmiete\/files\/2021\/11\/48064318_2274355029450997_2446369889552695296_n-1024x683.jpg\" alt=\"\" class=\"wp-image-119\" srcset=\"https:\/\/blogs.uni-paderborn.de\/zwischenmiete\/files\/2021\/11\/48064318_2274355029450997_2446369889552695296_n-1024x683.jpg 1024w, https:\/\/blogs.uni-paderborn.de\/zwischenmiete\/files\/2021\/11\/48064318_2274355029450997_2446369889552695296_n-300x200.jpg 300w, https:\/\/blogs.uni-paderborn.de\/zwischenmiete\/files\/2021\/11\/48064318_2274355029450997_2446369889552695296_n-768x512.jpg 768w, https:\/\/blogs.uni-paderborn.de\/zwischenmiete\/files\/2021\/11\/48064318_2274355029450997_2446369889552695296_n-1536x1024.jpg 1536w, https:\/\/blogs.uni-paderborn.de\/zwischenmiete\/files\/2021\/11\/48064318_2274355029450997_2446369889552695296_n.jpg 2048w\" sizes=\"auto, (max-width: 1024px) 100vw, 1024px\" \/><\/figure>\n\n\n\n<figure class=\"wp-block-image size-large\"><img loading=\"lazy\" decoding=\"async\" width=\"1024\" height=\"683\" data-id=\"120\" src=\"https:\/\/blogs.uni-paderborn.de\/zwischenmiete\/files\/2021\/11\/48079408_2270643043155529_4380872281212059648_n-1024x683.jpg\" alt=\"\" class=\"wp-image-120\" srcset=\"https:\/\/blogs.uni-paderborn.de\/zwischenmiete\/files\/2021\/11\/48079408_2270643043155529_4380872281212059648_n-1024x683.jpg 1024w, https:\/\/blogs.uni-paderborn.de\/zwischenmiete\/files\/2021\/11\/48079408_2270643043155529_4380872281212059648_n-300x200.jpg 300w, https:\/\/blogs.uni-paderborn.de\/zwischenmiete\/files\/2021\/11\/48079408_2270643043155529_4380872281212059648_n-768x512.jpg 768w, https:\/\/blogs.uni-paderborn.de\/zwischenmiete\/files\/2021\/11\/48079408_2270643043155529_4380872281212059648_n-1536x1024.jpg 1536w, https:\/\/blogs.uni-paderborn.de\/zwischenmiete\/files\/2021\/11\/48079408_2270643043155529_4380872281212059648_n.jpg 2048w\" sizes=\"auto, (max-width: 1024px) 100vw, 1024px\" \/><\/figure>\n\n\n\n<figure class=\"wp-block-image size-large\"><img loading=\"lazy\" decoding=\"async\" width=\"1024\" height=\"683\" data-id=\"121\" src=\"https:\/\/blogs.uni-paderborn.de\/zwischenmiete\/files\/2021\/11\/48080094_2270642553155578_1207115496437055488_n-1024x683.jpg\" alt=\"\" class=\"wp-image-121\" srcset=\"https:\/\/blogs.uni-paderborn.de\/zwischenmiete\/files\/2021\/11\/48080094_2270642553155578_1207115496437055488_n-1024x683.jpg 1024w, https:\/\/blogs.uni-paderborn.de\/zwischenmiete\/files\/2021\/11\/48080094_2270642553155578_1207115496437055488_n-300x200.jpg 300w, https:\/\/blogs.uni-paderborn.de\/zwischenmiete\/files\/2021\/11\/48080094_2270642553155578_1207115496437055488_n-768x512.jpg 768w, https:\/\/blogs.uni-paderborn.de\/zwischenmiete\/files\/2021\/11\/48080094_2270642553155578_1207115496437055488_n-1536x1024.jpg 1536w, https:\/\/blogs.uni-paderborn.de\/zwischenmiete\/files\/2021\/11\/48080094_2270642553155578_1207115496437055488_n.jpg 2048w\" sizes=\"auto, (max-width: 1024px) 100vw, 1024px\" \/><\/figure>\n\n\n\n<figure class=\"wp-block-image size-large\"><img loading=\"lazy\" decoding=\"async\" width=\"1024\" height=\"683\" data-id=\"122\" src=\"https:\/\/blogs.uni-paderborn.de\/zwischenmiete\/files\/2021\/11\/48315833_2270642446488922_727866647364239360_n-1024x683.jpg\" alt=\"\" class=\"wp-image-122\" srcset=\"https:\/\/blogs.uni-paderborn.de\/zwischenmiete\/files\/2021\/11\/48315833_2270642446488922_727866647364239360_n-1024x683.jpg 1024w, https:\/\/blogs.uni-paderborn.de\/zwischenmiete\/files\/2021\/11\/48315833_2270642446488922_727866647364239360_n-300x200.jpg 300w, https:\/\/blogs.uni-paderborn.de\/zwischenmiete\/files\/2021\/11\/48315833_2270642446488922_727866647364239360_n-768x512.jpg 768w, https:\/\/blogs.uni-paderborn.de\/zwischenmiete\/files\/2021\/11\/48315833_2270642446488922_727866647364239360_n-1536x1024.jpg 1536w, https:\/\/blogs.uni-paderborn.de\/zwischenmiete\/files\/2021\/11\/48315833_2270642446488922_727866647364239360_n.jpg 2048w\" sizes=\"auto, (max-width: 1024px) 100vw, 1024px\" \/><\/figure>\n\n\n\n<figure class=\"wp-block-image size-large\"><img loading=\"lazy\" decoding=\"async\" width=\"1024\" height=\"683\" data-id=\"123\" src=\"https:\/\/blogs.uni-paderborn.de\/zwischenmiete\/files\/2021\/11\/48355067_2274354909451009_6747452441593118720_n-1024x683.jpg\" alt=\"\" class=\"wp-image-123\" srcset=\"https:\/\/blogs.uni-paderborn.de\/zwischenmiete\/files\/2021\/11\/48355067_2274354909451009_6747452441593118720_n-1024x683.jpg 1024w, https:\/\/blogs.uni-paderborn.de\/zwischenmiete\/files\/2021\/11\/48355067_2274354909451009_6747452441593118720_n-300x200.jpg 300w, https:\/\/blogs.uni-paderborn.de\/zwischenmiete\/files\/2021\/11\/48355067_2274354909451009_6747452441593118720_n-768x512.jpg 768w, https:\/\/blogs.uni-paderborn.de\/zwischenmiete\/files\/2021\/11\/48355067_2274354909451009_6747452441593118720_n-1536x1024.jpg 1536w, https:\/\/blogs.uni-paderborn.de\/zwischenmiete\/files\/2021\/11\/48355067_2274354909451009_6747452441593118720_n.jpg 2048w\" sizes=\"auto, (max-width: 1024px) 100vw, 1024px\" \/><\/figure>\n\n\n\n<figure class=\"wp-block-image size-large\"><img loading=\"lazy\" decoding=\"async\" width=\"1024\" height=\"683\" data-id=\"124\" src=\"https:\/\/blogs.uni-paderborn.de\/zwischenmiete\/files\/2021\/11\/48357875_2274355259450974_8330020187906506752_n-1024x683.jpg\" alt=\"\" class=\"wp-image-124\" srcset=\"https:\/\/blogs.uni-paderborn.de\/zwischenmiete\/files\/2021\/11\/48357875_2274355259450974_8330020187906506752_n-1024x683.jpg 1024w, https:\/\/blogs.uni-paderborn.de\/zwischenmiete\/files\/2021\/11\/48357875_2274355259450974_8330020187906506752_n-300x200.jpg 300w, https:\/\/blogs.uni-paderborn.de\/zwischenmiete\/files\/2021\/11\/48357875_2274355259450974_8330020187906506752_n-768x512.jpg 768w, https:\/\/blogs.uni-paderborn.de\/zwischenmiete\/files\/2021\/11\/48357875_2274355259450974_8330020187906506752_n-1536x1024.jpg 1536w, https:\/\/blogs.uni-paderborn.de\/zwischenmiete\/files\/2021\/11\/48357875_2274355259450974_8330020187906506752_n.jpg 2048w\" sizes=\"auto, (max-width: 1024px) 100vw, 1024px\" \/><\/figure>\n\n\n\n<figure class=\"wp-block-image size-large\"><img loading=\"lazy\" decoding=\"async\" width=\"1024\" height=\"683\" data-id=\"125\" src=\"https:\/\/blogs.uni-paderborn.de\/zwischenmiete\/files\/2021\/11\/48374502_2270642659822234_6102132218094682112_n-1024x683.jpg\" alt=\"\" class=\"wp-image-125\" srcset=\"https:\/\/blogs.uni-paderborn.de\/zwischenmiete\/files\/2021\/11\/48374502_2270642659822234_6102132218094682112_n-1024x683.jpg 1024w, https:\/\/blogs.uni-paderborn.de\/zwischenmiete\/files\/2021\/11\/48374502_2270642659822234_6102132218094682112_n-300x200.jpg 300w, https:\/\/blogs.uni-paderborn.de\/zwischenmiete\/files\/2021\/11\/48374502_2270642659822234_6102132218094682112_n-768x512.jpg 768w, https:\/\/blogs.uni-paderborn.de\/zwischenmiete\/files\/2021\/11\/48374502_2270642659822234_6102132218094682112_n-1536x1024.jpg 1536w, https:\/\/blogs.uni-paderborn.de\/zwischenmiete\/files\/2021\/11\/48374502_2270642659822234_6102132218094682112_n.jpg 2048w\" sizes=\"auto, (max-width: 1024px) 100vw, 1024px\" \/><\/figure>\n\n\n\n<figure class=\"wp-block-image size-large\"><img loading=\"lazy\" decoding=\"async\" width=\"1024\" height=\"683\" data-id=\"126\" src=\"https:\/\/blogs.uni-paderborn.de\/zwischenmiete\/files\/2021\/11\/48381346_2274354962784337_204410412878266368_n-1024x683.jpg\" alt=\"\" class=\"wp-image-126\" srcset=\"https:\/\/blogs.uni-paderborn.de\/zwischenmiete\/files\/2021\/11\/48381346_2274354962784337_204410412878266368_n-1024x683.jpg 1024w, https:\/\/blogs.uni-paderborn.de\/zwischenmiete\/files\/2021\/11\/48381346_2274354962784337_204410412878266368_n-300x200.jpg 300w, https:\/\/blogs.uni-paderborn.de\/zwischenmiete\/files\/2021\/11\/48381346_2274354962784337_204410412878266368_n-768x512.jpg 768w, https:\/\/blogs.uni-paderborn.de\/zwischenmiete\/files\/2021\/11\/48381346_2274354962784337_204410412878266368_n-1536x1024.jpg 1536w, https:\/\/blogs.uni-paderborn.de\/zwischenmiete\/files\/2021\/11\/48381346_2274354962784337_204410412878266368_n.jpg 2048w\" sizes=\"auto, (max-width: 1024px) 100vw, 1024px\" \/><\/figure>\n\n\n\n<figure class=\"wp-block-image size-large\"><img loading=\"lazy\" decoding=\"async\" width=\"1024\" height=\"683\" data-id=\"127\" src=\"https:\/\/blogs.uni-paderborn.de\/zwischenmiete\/files\/2021\/11\/48386724_2274355366117630_7826661350939033600_n-1024x683.jpg\" alt=\"\" class=\"wp-image-127\" srcset=\"https:\/\/blogs.uni-paderborn.de\/zwischenmiete\/files\/2021\/11\/48386724_2274355366117630_7826661350939033600_n-1024x683.jpg 1024w, https:\/\/blogs.uni-paderborn.de\/zwischenmiete\/files\/2021\/11\/48386724_2274355366117630_7826661350939033600_n-300x200.jpg 300w, https:\/\/blogs.uni-paderborn.de\/zwischenmiete\/files\/2021\/11\/48386724_2274355366117630_7826661350939033600_n-768x512.jpg 768w, https:\/\/blogs.uni-paderborn.de\/zwischenmiete\/files\/2021\/11\/48386724_2274355366117630_7826661350939033600_n-1536x1024.jpg 1536w, https:\/\/blogs.uni-paderborn.de\/zwischenmiete\/files\/2021\/11\/48386724_2274355366117630_7826661350939033600_n.jpg 2048w\" sizes=\"auto, (max-width: 1024px) 100vw, 1024px\" \/><\/figure>\n\n\n\n<figure class=\"wp-block-image size-large\"><img loading=\"lazy\" decoding=\"async\" width=\"1024\" height=\"683\" data-id=\"128\" src=\"https:\/\/blogs.uni-paderborn.de\/zwischenmiete\/files\/2021\/11\/49371735_2292975150922318_2296583596594429952_n-1024x683.jpg\" alt=\"\" class=\"wp-image-128\" srcset=\"https:\/\/blogs.uni-paderborn.de\/zwischenmiete\/files\/2021\/11\/49371735_2292975150922318_2296583596594429952_n-1024x683.jpg 1024w, https:\/\/blogs.uni-paderborn.de\/zwischenmiete\/files\/2021\/11\/49371735_2292975150922318_2296583596594429952_n-300x200.jpg 300w, https:\/\/blogs.uni-paderborn.de\/zwischenmiete\/files\/2021\/11\/49371735_2292975150922318_2296583596594429952_n-768x512.jpg 768w, https:\/\/blogs.uni-paderborn.de\/zwischenmiete\/files\/2021\/11\/49371735_2292975150922318_2296583596594429952_n-1536x1024.jpg 1536w, https:\/\/blogs.uni-paderborn.de\/zwischenmiete\/files\/2021\/11\/49371735_2292975150922318_2296583596594429952_n.jpg 2048w\" sizes=\"auto, (max-width: 1024px) 100vw, 1024px\" \/><\/figure>\n\n\n\n<figure class=\"wp-block-image size-large\"><img loading=\"lazy\" decoding=\"async\" width=\"1024\" height=\"683\" data-id=\"129\" src=\"https:\/\/blogs.uni-paderborn.de\/zwischenmiete\/files\/2021\/11\/49690736_2292975104255656_2146573505775271936_n-1024x683.jpg\" alt=\"\" class=\"wp-image-129\" srcset=\"https:\/\/blogs.uni-paderborn.de\/zwischenmiete\/files\/2021\/11\/49690736_2292975104255656_2146573505775271936_n-1024x683.jpg 1024w, https:\/\/blogs.uni-paderborn.de\/zwischenmiete\/files\/2021\/11\/49690736_2292975104255656_2146573505775271936_n-300x200.jpg 300w, https:\/\/blogs.uni-paderborn.de\/zwischenmiete\/files\/2021\/11\/49690736_2292975104255656_2146573505775271936_n-768x512.jpg 768w, https:\/\/blogs.uni-paderborn.de\/zwischenmiete\/files\/2021\/11\/49690736_2292975104255656_2146573505775271936_n-1536x1024.jpg 1536w, https:\/\/blogs.uni-paderborn.de\/zwischenmiete\/files\/2021\/11\/49690736_2292975104255656_2146573505775271936_n.jpg 2048w\" sizes=\"auto, (max-width: 1024px) 100vw, 1024px\" \/><\/figure>\n\n\n\n<figure class=\"wp-block-image size-large\"><img loading=\"lazy\" decoding=\"async\" width=\"1024\" height=\"683\" data-id=\"130\" src=\"https:\/\/blogs.uni-paderborn.de\/zwischenmiete\/files\/2021\/11\/49898138_2292975377588962_7330456628111605760_n-1024x683.jpg\" alt=\"\" class=\"wp-image-130\" srcset=\"https:\/\/blogs.uni-paderborn.de\/zwischenmiete\/files\/2021\/11\/49898138_2292975377588962_7330456628111605760_n-1024x683.jpg 1024w, https:\/\/blogs.uni-paderborn.de\/zwischenmiete\/files\/2021\/11\/49898138_2292975377588962_7330456628111605760_n-300x200.jpg 300w, https:\/\/blogs.uni-paderborn.de\/zwischenmiete\/files\/2021\/11\/49898138_2292975377588962_7330456628111605760_n-768x512.jpg 768w, https:\/\/blogs.uni-paderborn.de\/zwischenmiete\/files\/2021\/11\/49898138_2292975377588962_7330456628111605760_n-1536x1024.jpg 1536w, https:\/\/blogs.uni-paderborn.de\/zwischenmiete\/files\/2021\/11\/49898138_2292975377588962_7330456628111605760_n.jpg 2048w\" sizes=\"auto, (max-width: 1024px) 100vw, 1024px\" \/><\/figure>\n\n\n\n<figure class=\"wp-block-image size-large\"><img loading=\"lazy\" decoding=\"async\" width=\"1024\" height=\"683\" data-id=\"131\" src=\"https:\/\/blogs.uni-paderborn.de\/zwischenmiete\/files\/2021\/11\/49949276_2292974890922344_7119079941487984640_n-1024x683.jpg\" alt=\"\" class=\"wp-image-131\" srcset=\"https:\/\/blogs.uni-paderborn.de\/zwischenmiete\/files\/2021\/11\/49949276_2292974890922344_7119079941487984640_n-1024x683.jpg 1024w, https:\/\/blogs.uni-paderborn.de\/zwischenmiete\/files\/2021\/11\/49949276_2292974890922344_7119079941487984640_n-300x200.jpg 300w, https:\/\/blogs.uni-paderborn.de\/zwischenmiete\/files\/2021\/11\/49949276_2292974890922344_7119079941487984640_n-768x512.jpg 768w, https:\/\/blogs.uni-paderborn.de\/zwischenmiete\/files\/2021\/11\/49949276_2292974890922344_7119079941487984640_n-1536x1024.jpg 1536w, https:\/\/blogs.uni-paderborn.de\/zwischenmiete\/files\/2021\/11\/49949276_2292974890922344_7119079941487984640_n.jpg 2048w\" sizes=\"auto, (max-width: 1024px) 100vw, 1024px\" \/><\/figure>\n\n\n\n<figure class=\"wp-block-image size-large\"><img loading=\"lazy\" decoding=\"async\" width=\"1024\" height=\"683\" data-id=\"132\" src=\"https:\/\/blogs.uni-paderborn.de\/zwischenmiete\/files\/2021\/11\/50276854_2292975520922281_3395689380025729024_n-1024x683.jpg\" alt=\"\" class=\"wp-image-132\" srcset=\"https:\/\/blogs.uni-paderborn.de\/zwischenmiete\/files\/2021\/11\/50276854_2292975520922281_3395689380025729024_n-1024x683.jpg 1024w, https:\/\/blogs.uni-paderborn.de\/zwischenmiete\/files\/2021\/11\/50276854_2292975520922281_3395689380025729024_n-300x200.jpg 300w, https:\/\/blogs.uni-paderborn.de\/zwischenmiete\/files\/2021\/11\/50276854_2292975520922281_3395689380025729024_n-768x512.jpg 768w, https:\/\/blogs.uni-paderborn.de\/zwischenmiete\/files\/2021\/11\/50276854_2292975520922281_3395689380025729024_n-1536x1024.jpg 1536w, https:\/\/blogs.uni-paderborn.de\/zwischenmiete\/files\/2021\/11\/50276854_2292975520922281_3395689380025729024_n.jpg 2048w\" sizes=\"auto, (max-width: 1024px) 100vw, 1024px\" \/><\/figure>\n\n\n\n<figure class=\"wp-block-image size-large\"><img loading=\"lazy\" decoding=\"async\" width=\"1024\" height=\"683\" data-id=\"133\" src=\"https:\/\/blogs.uni-paderborn.de\/zwischenmiete\/files\/2021\/11\/50485433_2297439413809225_4265106604594036736_n-1024x683.jpg\" alt=\"\" class=\"wp-image-133\" srcset=\"https:\/\/blogs.uni-paderborn.de\/zwischenmiete\/files\/2021\/11\/50485433_2297439413809225_4265106604594036736_n-1024x683.jpg 1024w, https:\/\/blogs.uni-paderborn.de\/zwischenmiete\/files\/2021\/11\/50485433_2297439413809225_4265106604594036736_n-300x200.jpg 300w, https:\/\/blogs.uni-paderborn.de\/zwischenmiete\/files\/2021\/11\/50485433_2297439413809225_4265106604594036736_n-768x512.jpg 768w, https:\/\/blogs.uni-paderborn.de\/zwischenmiete\/files\/2021\/11\/50485433_2297439413809225_4265106604594036736_n-1536x1024.jpg 1536w, https:\/\/blogs.uni-paderborn.de\/zwischenmiete\/files\/2021\/11\/50485433_2297439413809225_4265106604594036736_n.jpg 2048w\" sizes=\"auto, (max-width: 1024px) 100vw, 1024px\" \/><\/figure>\n<figcaption class=\"blocks-gallery-caption wp-element-caption\">Bei der zweiten Ausgabe der &#8222;Zwischenmiete&#8220;-Veranstaltungsreihe traten an insgesamt vier Abenden acht Bands in Paderborner WG&#8217;s auf. Die Bands waren: Punch Drunk Poets, Jules the Fox, Raphael Red, Paul Weber, D\u00fcsentrieb, Hal Johnson, Till Otter und Pulsar.<\/figcaption><\/figure>\n\n\n\n<p><\/p>\n","protected":false},"excerpt":{"rendered":"<p>\u201eZwischenmiete\u201c: Popmusik-Studierende organisieren zum zweiten Mal Wohnzimmerkonzerte in studentischen WGs Im Dezember 2018 sowie im Januar 2019 traten Musiker*innen in studentischen Wohngemeinschaften in Paderborn auf. Aufgrund der Gr\u00f6\u00dfe der WGs wurden kostenlose Tickets vergeben. Wie auch im Jahr davor hatten Bands bzw. Musiker*innen und WGs in Paderborn die M\u00f6glichkeit, eine Jury mit einem 60-sek\u00fcndigen Video &hellip; <a href=\"https:\/\/blogs.uni-paderborn.de\/zwischenmiete\/2018-2019\/\" class=\"more-link\"><span class=\"screen-reader-text\">2018\/19<\/span> weiterlesen<\/a><\/p>\n","protected":false},"author":9052,"featured_media":0,"parent":0,"menu_order":0,"comment_status":"closed","ping_status":"closed","template":"","meta":{"footnotes":""},"class_list":["post-72","page","type-page","status-publish","hentry"],"_links":{"self":[{"href":"https:\/\/blogs.uni-paderborn.de\/zwischenmiete\/wp-json\/wp\/v2\/pages\/72","targetHints":{"allow":["GET"]}}],"collection":[{"href":"https:\/\/blogs.uni-paderborn.de\/zwischenmiete\/wp-json\/wp\/v2\/pages"}],"about":[{"href":"https:\/\/blogs.uni-paderborn.de\/zwischenmiete\/wp-json\/wp\/v2\/types\/page"}],"author":[{"embeddable":true,"href":"https:\/\/blogs.uni-paderborn.de\/zwischenmiete\/wp-json\/wp\/v2\/users\/9052"}],"replies":[{"embeddable":true,"href":"https:\/\/blogs.uni-paderborn.de\/zwischenmiete\/wp-json\/wp\/v2\/comments?post=72"}],"version-history":[{"count":3,"href":"https:\/\/blogs.uni-paderborn.de\/zwischenmiete\/wp-json\/wp\/v2\/pages\/72\/revisions"}],"predecessor-version":[{"id":621,"href":"https:\/\/blogs.uni-paderborn.de\/zwischenmiete\/wp-json\/wp\/v2\/pages\/72\/revisions\/621"}],"wp:attachment":[{"href":"https:\/\/blogs.uni-paderborn.de\/zwischenmiete\/wp-json\/wp\/v2\/media?parent=72"}],"curies":[{"name":"wp","href":"https:\/\/api.w.org\/{rel}","templated":true}]}}