{"id":70,"date":"2021-11-18T13:33:41","date_gmt":"2021-11-18T12:33:41","guid":{"rendered":"https:\/\/blogs.uni-paderborn.de\/zwischenmiete\/?page_id=70"},"modified":"2023-04-04T13:27:08","modified_gmt":"2023-04-04T11:27:08","slug":"2020-2","status":"publish","type":"page","link":"https:\/\/blogs.uni-paderborn.de\/zwischenmiete\/2020-2\/","title":{"rendered":"2020\/21"},"content":{"rendered":"<div class=\"twoclick_social_bookmarks_post_70 social_share_privacy clearfix 1.6.4 locale-de_DE sprite-de_DE\"><\/div><div class=\"twoclick-js\"><script type=\"text\/javascript\">\/* <![CDATA[ *\/\njQuery(document).ready(function($){if($('.twoclick_social_bookmarks_post_70')){$('.twoclick_social_bookmarks_post_70').socialSharePrivacy({\"txt_help\":\"Wenn Sie diese Felder durch einen Klick aktivieren, werden Informationen an Facebook, Twitter, Flattr, Xing, t3n, LinkedIn, Pinterest oder Google eventuell ins Ausland \\u00fcbertragen und unter Umst\\u00e4nden auch dort gespeichert. N\\u00e4heres erfahren Sie durch einen Klick auf das <em>i<\\\/em>.\",\"settings_perma\":\"Dauerhaft aktivieren und Daten\\u00fcber-tragung zustimmen:\",\"info_link\":\"http:\\\/\\\/www.heise.de\\\/ct\\\/artikel\\\/2-Klicks-fuer-mehr-Datenschutz-1333879.html\",\"uri\":\"https:\\\/\\\/blogs.uni-paderborn.de\\\/zwischenmiete\\\/2020-2\\\/\",\"post_id\":70,\"post_title_referrer_track\":\"2020%2F21\",\"display_infobox\":\"on\"});}});\n\/* ]]> *\/<\/script><\/div>\n<h2 class=\"wp-block-heading\">Studentische Konzertreihe \u201eZwischenmiete\u201c geht als Home Edition in die vierte Runde<\/h2>\n\n\n\n<p>Im Dezember 2020 war es wieder soweit: Die Zwischenmiete-Konzertreihe ging in die vierte Runde.<\/p>\n\n\n\n<p>Dieses Mal als \u201eHome Edition\u201c. Dabei hie\u00df es: Back to the roots \u2013 oder eher back to the Router. Die urspr\u00fcngliche Idee des Wohnzimmerkonzertes lebte wieder auf, und zwar online in den eigenen vier W\u00e4nden. Den grandiosen Auftakt machten die Berliner DJane Cinthie und der Paderborner DJ Boj Angler am 10. Dezember 2020 im Dachgeschoss des Paderborner Doms. Also: Kein Eintritt, kein Anstehen vor der Toilette, kein Grund, raus in die K\u00e4lte zu gehen. Feinster Konzertgenuss f\u00fcr zu Hause, gestreamt von Orten, die so noch nie gesehen wurden! Weitere Konzerte sollten am 21. Januar und am 28. Januar 2021 an au\u00dfergew\u00f6hnlichen Orten in Paderborn stattfinden, wurden allerdings wegen der Pandemie abgesagt. Der Livestream lief \u00fcber die Plattform Twitch und wurde nachtr\u00e4glich auf YouTube zur Anschauung bereitgestellt. <a href=\"https:\/\/www.youtube.com\/watch?v=qdlDouvQL4Q\">Hier<\/a> geht es zu dem Livestream. <br><br>Zus\u00e4tzlich wurde ein Aftermovie erstellt, wobei die Studierenden w\u00e4hrend des Organisations- und Umsetzungprozesses filmisch begleitet wurden. Der Aftermovie ist <a href=\"https:\/\/www.youtube.com\/watch?v=jt4mfLmCOv4\">hier<\/a> aufrufbar. <\/p>\n\n\n\n<figure class=\"wp-block-gallery has-nested-images columns-default is-cropped wp-block-gallery-1 is-layout-flex wp-block-gallery-is-layout-flex\">\n<figure class=\"wp-block-image size-large\"><img loading=\"lazy\" decoding=\"async\" width=\"960\" height=\"960\" data-id=\"265\" src=\"https:\/\/blogs.uni-paderborn.de\/zwischenmiete\/files\/2021\/11\/129147498_2861052340781260_8098813116364975598_n.jpg\" alt=\"\" class=\"wp-image-265\" srcset=\"https:\/\/blogs.uni-paderborn.de\/zwischenmiete\/files\/2021\/11\/129147498_2861052340781260_8098813116364975598_n.jpg 960w, https:\/\/blogs.uni-paderborn.de\/zwischenmiete\/files\/2021\/11\/129147498_2861052340781260_8098813116364975598_n-300x300.jpg 300w, https:\/\/blogs.uni-paderborn.de\/zwischenmiete\/files\/2021\/11\/129147498_2861052340781260_8098813116364975598_n-150x150.jpg 150w, https:\/\/blogs.uni-paderborn.de\/zwischenmiete\/files\/2021\/11\/129147498_2861052340781260_8098813116364975598_n-768x768.jpg 768w\" sizes=\"auto, (max-width: 960px) 100vw, 960px\" \/><\/figure>\n\n\n\n<figure class=\"wp-block-image size-large\"><img loading=\"lazy\" decoding=\"async\" width=\"1024\" height=\"1024\" data-id=\"267\" src=\"https:\/\/blogs.uni-paderborn.de\/zwischenmiete\/files\/2021\/11\/Artist-Announcement_Cinthie-1024x1024.jpeg\" alt=\"\" class=\"wp-image-267\" srcset=\"https:\/\/blogs.uni-paderborn.de\/zwischenmiete\/files\/2021\/11\/Artist-Announcement_Cinthie-1024x1024.jpeg 1024w, https:\/\/blogs.uni-paderborn.de\/zwischenmiete\/files\/2021\/11\/Artist-Announcement_Cinthie-300x300.jpeg 300w, https:\/\/blogs.uni-paderborn.de\/zwischenmiete\/files\/2021\/11\/Artist-Announcement_Cinthie-150x150.jpeg 150w, https:\/\/blogs.uni-paderborn.de\/zwischenmiete\/files\/2021\/11\/Artist-Announcement_Cinthie-768x768.jpeg 768w, https:\/\/blogs.uni-paderborn.de\/zwischenmiete\/files\/2021\/11\/Artist-Announcement_Cinthie-1536x1536.jpeg 1536w, https:\/\/blogs.uni-paderborn.de\/zwischenmiete\/files\/2021\/11\/Artist-Announcement_Cinthie.jpeg 1600w\" sizes=\"auto, (max-width: 1024px) 100vw, 1024px\" \/><\/figure>\n\n\n\n<figure class=\"wp-block-image size-large\"><img loading=\"lazy\" decoding=\"async\" width=\"1024\" height=\"1024\" data-id=\"266\" src=\"https:\/\/blogs.uni-paderborn.de\/zwischenmiete\/files\/2021\/11\/Artist-Announcement_Boj-Angler-1024x1024.jpeg\" alt=\"\" class=\"wp-image-266\" srcset=\"https:\/\/blogs.uni-paderborn.de\/zwischenmiete\/files\/2021\/11\/Artist-Announcement_Boj-Angler-1024x1024.jpeg 1024w, https:\/\/blogs.uni-paderborn.de\/zwischenmiete\/files\/2021\/11\/Artist-Announcement_Boj-Angler-300x300.jpeg 300w, https:\/\/blogs.uni-paderborn.de\/zwischenmiete\/files\/2021\/11\/Artist-Announcement_Boj-Angler-150x150.jpeg 150w, https:\/\/blogs.uni-paderborn.de\/zwischenmiete\/files\/2021\/11\/Artist-Announcement_Boj-Angler-768x768.jpeg 768w, https:\/\/blogs.uni-paderborn.de\/zwischenmiete\/files\/2021\/11\/Artist-Announcement_Boj-Angler-1536x1536.jpeg 1536w, https:\/\/blogs.uni-paderborn.de\/zwischenmiete\/files\/2021\/11\/Artist-Announcement_Boj-Angler.jpeg 1600w\" sizes=\"auto, (max-width: 1024px) 100vw, 1024px\" \/><\/figure>\n\n\n\n<figure class=\"wp-block-image size-large\"><img loading=\"lazy\" decoding=\"async\" width=\"768\" height=\"1024\" data-id=\"264\" src=\"https:\/\/blogs.uni-paderborn.de\/zwischenmiete\/files\/2021\/11\/20201210_195724-768x1024.jpg\" alt=\"\" class=\"wp-image-264\" srcset=\"https:\/\/blogs.uni-paderborn.de\/zwischenmiete\/files\/2021\/11\/20201210_195724-768x1024.jpg 768w, https:\/\/blogs.uni-paderborn.de\/zwischenmiete\/files\/2021\/11\/20201210_195724-225x300.jpg 225w, https:\/\/blogs.uni-paderborn.de\/zwischenmiete\/files\/2021\/11\/20201210_195724-1152x1536.jpg 1152w, https:\/\/blogs.uni-paderborn.de\/zwischenmiete\/files\/2021\/11\/20201210_195724-1536x2048.jpg 1536w, https:\/\/blogs.uni-paderborn.de\/zwischenmiete\/files\/2021\/11\/20201210_195724-scaled.jpg 1920w\" sizes=\"auto, (max-width: 768px) 100vw, 768px\" \/><\/figure>\n\n\n\n<figure class=\"wp-block-image size-large\"><img loading=\"lazy\" decoding=\"async\" width=\"769\" height=\"1024\" data-id=\"268\" src=\"https:\/\/blogs.uni-paderborn.de\/zwischenmiete\/files\/2021\/11\/IMG_20201210_165823-769x1024.jpg\" alt=\"\" class=\"wp-image-268\" srcset=\"https:\/\/blogs.uni-paderborn.de\/zwischenmiete\/files\/2021\/11\/IMG_20201210_165823-769x1024.jpg 769w, https:\/\/blogs.uni-paderborn.de\/zwischenmiete\/files\/2021\/11\/IMG_20201210_165823-225x300.jpg 225w, https:\/\/blogs.uni-paderborn.de\/zwischenmiete\/files\/2021\/11\/IMG_20201210_165823-768x1023.jpg 768w, https:\/\/blogs.uni-paderborn.de\/zwischenmiete\/files\/2021\/11\/IMG_20201210_165823-1153x1536.jpg 1153w, https:\/\/blogs.uni-paderborn.de\/zwischenmiete\/files\/2021\/11\/IMG_20201210_165823-1538x2048.jpg 1538w, https:\/\/blogs.uni-paderborn.de\/zwischenmiete\/files\/2021\/11\/IMG_20201210_165823-scaled.jpg 1922w\" sizes=\"auto, (max-width: 769px) 100vw, 769px\" \/><\/figure>\n\n\n\n<figure class=\"wp-block-image size-large\"><img loading=\"lazy\" decoding=\"async\" width=\"576\" height=\"1024\" data-id=\"269\" src=\"https:\/\/blogs.uni-paderborn.de\/zwischenmiete\/files\/2021\/11\/IMG-20201210-WA0013-576x1024.jpg\" alt=\"\" class=\"wp-image-269\" srcset=\"https:\/\/blogs.uni-paderborn.de\/zwischenmiete\/files\/2021\/11\/IMG-20201210-WA0013-576x1024.jpg 576w, https:\/\/blogs.uni-paderborn.de\/zwischenmiete\/files\/2021\/11\/IMG-20201210-WA0013-169x300.jpg 169w, https:\/\/blogs.uni-paderborn.de\/zwischenmiete\/files\/2021\/11\/IMG-20201210-WA0013-768x1365.jpg 768w, https:\/\/blogs.uni-paderborn.de\/zwischenmiete\/files\/2021\/11\/IMG-20201210-WA0013-864x1536.jpg 864w, https:\/\/blogs.uni-paderborn.de\/zwischenmiete\/files\/2021\/11\/IMG-20201210-WA0013.jpg 900w\" sizes=\"auto, (max-width: 576px) 100vw, 576px\" \/><\/figure>\n\n\n\n<figure class=\"wp-block-image size-large\"><img loading=\"lazy\" decoding=\"async\" width=\"1024\" height=\"683\" data-id=\"270\" src=\"https:\/\/blogs.uni-paderborn.de\/zwischenmiete\/files\/2021\/11\/Zwischenmiete-1-1024x683.jpg\" alt=\"\" class=\"wp-image-270\" srcset=\"https:\/\/blogs.uni-paderborn.de\/zwischenmiete\/files\/2021\/11\/Zwischenmiete-1-1024x683.jpg 1024w, https:\/\/blogs.uni-paderborn.de\/zwischenmiete\/files\/2021\/11\/Zwischenmiete-1-300x200.jpg 300w, https:\/\/blogs.uni-paderborn.de\/zwischenmiete\/files\/2021\/11\/Zwischenmiete-1-768x512.jpg 768w, https:\/\/blogs.uni-paderborn.de\/zwischenmiete\/files\/2021\/11\/Zwischenmiete-1-1536x1024.jpg 1536w, https:\/\/blogs.uni-paderborn.de\/zwischenmiete\/files\/2021\/11\/Zwischenmiete-1-2048x1365.jpg 2048w\" sizes=\"auto, (max-width: 1024px) 100vw, 1024px\" \/><\/figure>\n\n\n\n<figure class=\"wp-block-image size-large\"><img loading=\"lazy\" decoding=\"async\" width=\"1024\" height=\"683\" data-id=\"271\" src=\"https:\/\/blogs.uni-paderborn.de\/zwischenmiete\/files\/2021\/11\/Zwischenmiete-4-1024x683.jpg\" alt=\"\" class=\"wp-image-271\" srcset=\"https:\/\/blogs.uni-paderborn.de\/zwischenmiete\/files\/2021\/11\/Zwischenmiete-4-1024x683.jpg 1024w, https:\/\/blogs.uni-paderborn.de\/zwischenmiete\/files\/2021\/11\/Zwischenmiete-4-300x200.jpg 300w, https:\/\/blogs.uni-paderborn.de\/zwischenmiete\/files\/2021\/11\/Zwischenmiete-4-768x512.jpg 768w, https:\/\/blogs.uni-paderborn.de\/zwischenmiete\/files\/2021\/11\/Zwischenmiete-4-1536x1024.jpg 1536w, https:\/\/blogs.uni-paderborn.de\/zwischenmiete\/files\/2021\/11\/Zwischenmiete-4-2048x1365.jpg 2048w\" sizes=\"auto, (max-width: 1024px) 100vw, 1024px\" \/><\/figure>\n<\/figure>\n\n\n\n<p><\/p>\n","protected":false},"excerpt":{"rendered":"<p>Studentische Konzertreihe \u201eZwischenmiete\u201c geht als Home Edition in die vierte Runde Im Dezember 2020 war es wieder soweit: Die Zwischenmiete-Konzertreihe ging in die vierte Runde. Dieses Mal als \u201eHome Edition\u201c. Dabei hie\u00df es: Back to the roots \u2013 oder eher back to the Router. Die urspr\u00fcngliche Idee des Wohnzimmerkonzertes lebte wieder auf, und zwar online &hellip; <a href=\"https:\/\/blogs.uni-paderborn.de\/zwischenmiete\/2020-2\/\" class=\"more-link\"><span class=\"screen-reader-text\">2020\/21<\/span> weiterlesen<\/a><\/p>\n","protected":false},"author":9052,"featured_media":0,"parent":0,"menu_order":0,"comment_status":"closed","ping_status":"closed","template":"","meta":{"footnotes":""},"class_list":["post-70","page","type-page","status-publish","hentry"],"_links":{"self":[{"href":"https:\/\/blogs.uni-paderborn.de\/zwischenmiete\/wp-json\/wp\/v2\/pages\/70","targetHints":{"allow":["GET"]}}],"collection":[{"href":"https:\/\/blogs.uni-paderborn.de\/zwischenmiete\/wp-json\/wp\/v2\/pages"}],"about":[{"href":"https:\/\/blogs.uni-paderborn.de\/zwischenmiete\/wp-json\/wp\/v2\/types\/page"}],"author":[{"embeddable":true,"href":"https:\/\/blogs.uni-paderborn.de\/zwischenmiete\/wp-json\/wp\/v2\/users\/9052"}],"replies":[{"embeddable":true,"href":"https:\/\/blogs.uni-paderborn.de\/zwischenmiete\/wp-json\/wp\/v2\/comments?post=70"}],"version-history":[{"count":5,"href":"https:\/\/blogs.uni-paderborn.de\/zwischenmiete\/wp-json\/wp\/v2\/pages\/70\/revisions"}],"predecessor-version":[{"id":623,"href":"https:\/\/blogs.uni-paderborn.de\/zwischenmiete\/wp-json\/wp\/v2\/pages\/70\/revisions\/623"}],"wp:attachment":[{"href":"https:\/\/blogs.uni-paderborn.de\/zwischenmiete\/wp-json\/wp\/v2\/media?parent=70"}],"curies":[{"name":"wp","href":"https:\/\/api.w.org\/{rel}","templated":true}]}}