{"id":69,"date":"2021-11-18T13:33:41","date_gmt":"2021-11-18T12:33:41","guid":{"rendered":"https:\/\/blogs.uni-paderborn.de\/zwischenmiete\/?page_id=69"},"modified":"2021-12-18T16:16:59","modified_gmt":"2021-12-18T15:16:59","slug":"about-zwischenmiete","status":"publish","type":"page","link":"https:\/\/blogs.uni-paderborn.de\/zwischenmiete\/about-zwischenmiete\/","title":{"rendered":"About Zwischenmiete"},"content":{"rendered":"<div class=\"twoclick_social_bookmarks_post_69 social_share_privacy clearfix 1.6.4 locale-de_DE sprite-de_DE\"><\/div><div class=\"twoclick-js\"><script type=\"text\/javascript\">\/* <![CDATA[ *\/\njQuery(document).ready(function($){if($('.twoclick_social_bookmarks_post_69')){$('.twoclick_social_bookmarks_post_69').socialSharePrivacy({\"txt_help\":\"Wenn Sie diese Felder durch einen Klick aktivieren, werden Informationen an Facebook, Twitter, Flattr, Xing, t3n, LinkedIn, Pinterest oder Google eventuell ins Ausland \\u00fcbertragen und unter Umst\\u00e4nden auch dort gespeichert. N\\u00e4heres erfahren Sie durch einen Klick auf das <em>i<\\\/em>.\",\"settings_perma\":\"Dauerhaft aktivieren und Daten\\u00fcber-tragung zustimmen:\",\"info_link\":\"http:\\\/\\\/www.heise.de\\\/ct\\\/artikel\\\/2-Klicks-fuer-mehr-Datenschutz-1333879.html\",\"uri\":\"https:\\\/\\\/blogs.uni-paderborn.de\\\/zwischenmiete\\\/about-zwischenmiete\\\/\",\"post_id\":69,\"post_title_referrer_track\":\"About+Zwischenmiete\",\"display_infobox\":\"on\"});}});\n\/* ]]> *\/<\/script><\/div>\n<p class=\"has-text-align-left\">Die Veranstaltungsreihe \u201eZwischenmiete\u201c ist ein Projekt, das 2017 durch eine Kooperation zwischen der Stadt Paderborn (Kulturamt der Stadt Paderborn) und dem Masterstudiengang \u201ePopul\u00e4re Musik und Medien\u201c der Universit\u00e4t Paderborn entstanden ist. Die Veranstaltungsreihe wird dabei vollst\u00e4ndig von der Stadt Paderborn finanziert. Studierende haben es sich zum Ziel gesetzt, jeweils im Wintersemester im Rahmen eines Seminars eine Konzertreihe zu konzipieren, zu organisieren und durchzuf\u00fchren. Dabei hat sich dieses erfolgreiche Format sukzessive weiterentwickelt \u2013 geblieben ist jedoch das Ziel, ein popmusikkulturelles Angebot von Studierenden f\u00fcr Studierende in Paderborn zu entwickeln und an au\u00dfergew\u00f6hnlichen Orten umzusetzen. Angeleitet werden die Studierenden dabei von Prof.in Dr.in Beate Flath und Dominik N\u00f6sner, M.Sc. (Fach Musik, Popul\u00e4re Musik und Medien, Universit\u00e4t Paderborn). Was in Paderborner WG-Wohnzimmern begann, wanderte Anfang 2020 aufgrund der wachsenden Nachfrage in die \u201e\u00f6ffentlichen Wohnzimmer\u201c Paderborns \u2013 in das Stadtmuseum und das Rathaus \u2013 und kam Ende 2020 wieder zur\u00fcck in die eigenen vier W\u00e4nde, und zwar als Stream. <\/p>\n","protected":false},"excerpt":{"rendered":"<p>Die Veranstaltungsreihe \u201eZwischenmiete\u201c ist ein Projekt, das 2017 durch eine Kooperation zwischen der Stadt Paderborn (Kulturamt der Stadt Paderborn) und dem Masterstudiengang \u201ePopul\u00e4re Musik und Medien\u201c der Universit\u00e4t Paderborn entstanden ist. Die Veranstaltungsreihe wird dabei vollst\u00e4ndig von der Stadt Paderborn finanziert. Studierende haben es sich zum Ziel gesetzt, jeweils im Wintersemester im Rahmen eines Seminars &hellip; <a href=\"https:\/\/blogs.uni-paderborn.de\/zwischenmiete\/about-zwischenmiete\/\" class=\"more-link\"><span class=\"screen-reader-text\">About Zwischenmiete<\/span> weiterlesen<\/a><\/p>\n","protected":false},"author":9052,"featured_media":0,"parent":0,"menu_order":0,"comment_status":"closed","ping_status":"closed","template":"","meta":{"footnotes":""},"class_list":["post-69","page","type-page","status-publish","hentry"],"_links":{"self":[{"href":"https:\/\/blogs.uni-paderborn.de\/zwischenmiete\/wp-json\/wp\/v2\/pages\/69","targetHints":{"allow":["GET"]}}],"collection":[{"href":"https:\/\/blogs.uni-paderborn.de\/zwischenmiete\/wp-json\/wp\/v2\/pages"}],"about":[{"href":"https:\/\/blogs.uni-paderborn.de\/zwischenmiete\/wp-json\/wp\/v2\/types\/page"}],"author":[{"embeddable":true,"href":"https:\/\/blogs.uni-paderborn.de\/zwischenmiete\/wp-json\/wp\/v2\/users\/9052"}],"replies":[{"embeddable":true,"href":"https:\/\/blogs.uni-paderborn.de\/zwischenmiete\/wp-json\/wp\/v2\/comments?post=69"}],"version-history":[{"count":7,"href":"https:\/\/blogs.uni-paderborn.de\/zwischenmiete\/wp-json\/wp\/v2\/pages\/69\/revisions"}],"predecessor-version":[{"id":414,"href":"https:\/\/blogs.uni-paderborn.de\/zwischenmiete\/wp-json\/wp\/v2\/pages\/69\/revisions\/414"}],"wp:attachment":[{"href":"https:\/\/blogs.uni-paderborn.de\/zwischenmiete\/wp-json\/wp\/v2\/media?parent=69"}],"curies":[{"name":"wp","href":"https:\/\/api.w.org\/{rel}","templated":true}]}}