{"id":629,"date":"2024-12-19T13:17:58","date_gmt":"2024-12-19T12:17:58","guid":{"rendered":"https:\/\/blogs.uni-paderborn.de\/zwischenmiete\/?page_id=629"},"modified":"2024-12-19T14:04:34","modified_gmt":"2024-12-19T13:04:34","slug":"2023-24","status":"publish","type":"page","link":"https:\/\/blogs.uni-paderborn.de\/zwischenmiete\/2023-24\/","title":{"rendered":"2023\/24"},"content":{"rendered":"<div class=\"twoclick_social_bookmarks_post_629 social_share_privacy clearfix 1.6.4 locale-de_DE sprite-de_DE\"><\/div><div class=\"twoclick-js\"><script type=\"text\/javascript\">\/* <![CDATA[ *\/\njQuery(document).ready(function($){if($('.twoclick_social_bookmarks_post_629')){$('.twoclick_social_bookmarks_post_629').socialSharePrivacy({\"txt_help\":\"Wenn Sie diese Felder durch einen Klick aktivieren, werden Informationen an Facebook, Twitter, Flattr, Xing, t3n, LinkedIn, Pinterest oder Google eventuell ins Ausland \\u00fcbertragen und unter Umst\\u00e4nden auch dort gespeichert. N\\u00e4heres erfahren Sie durch einen Klick auf das <em>i<\\\/em>.\",\"settings_perma\":\"Dauerhaft aktivieren und Daten\\u00fcber-tragung zustimmen:\",\"info_link\":\"http:\\\/\\\/www.heise.de\\\/ct\\\/artikel\\\/2-Klicks-fuer-mehr-Datenschutz-1333879.html\",\"uri\":\"https:\\\/\\\/blogs.uni-paderborn.de\\\/zwischenmiete\\\/2023-24\\\/\",\"post_id\":629,\"post_title_referrer_track\":\"2023%2F24\",\"display_infobox\":\"on\"});}});\n\/* ]]> *\/<\/script><\/div>\n<p class=\"has-large-font-size\"><strong>Die siebte Ausgabe der Konzertreihe \u201eZwischenmiete\u201c erarbeitet das aktuelle Thema &#8222;Mobilit\u00e4t&#8220;<\/strong><\/p>\n\n\n\n<p>Im Wintersemester 2023\/24 wurde der inhaltliche Schwerpunkt weiterf\u00fchrend auf Mobilit\u00e4t gelegt, einem hochzentralen Thema im Eventmanagement \u2013 zum einen logis- tisch, zum anderen aus einer nachhaltigen Perspektive. Der inhaltliche Schwerpunkt lag auf modernen Konzepten der &#8222;Eventisierung&#8220; sowie der Darstellung von inhaltlich vielf\u00e4ltigen Musikgenres. Die Student*innen w\u00e4hlten den diesj\u00e4hrigen Veranstaltungsnamen &#8222;<strong>Pop am Ring<\/strong>&#8222;.<\/p>\n\n\n\n<p>In Kooperation mit dem Padersprinter und dem  lokalen Reiseunternehmen B\u00f6ddeker wurden Busse innerst\u00e4dtisch an den zentralen Domplatz sowie Rathausplatz aufgestellt, um in diesen musikalische Veranstaltungen durchzuf\u00fchren.  Hierbei konnten Besucher*innen die Konzerte (durch den Vorverkauf von kostenlosen Tickets) entweder direkt im Bus oder auch durch moderate Beschallung vor dem Bus erleben.<\/p>\n\n\n\n<p>Der erste Veranstaltungstag (<strong>18.01.2024<\/strong>) pr\u00e4sentierte musikalisch die lokalen Rock-Bands \u201eAm- ber\u201c sowie \u201eTake Aways\u201c. In der zweiten Ausgabe (<strong>25.01.2024<\/strong>) performten die ebenfalls lokalen Indie-Bands \u201eAnimat\u201c und \u201eThe Glitch Youth\u201c. Abschlie\u00dfend fand am dritten Termin (<strong>01.02.2024<\/strong>) die \u201eRap Stage\u201c mit der in Bremen lebenden K\u00fcnstlerin \u201eGoldy\u201c statt, deren Konzert durch zahlreiche Kurz-Performances von lokalen Rapper*innen abgerundet wurde.<\/p>\n\n\n\n<p> Insgesamt besuchten ca. <strong>350 Personen<\/strong> sowie Vertreter*innen der lokalen Presse die Konzerte in sowie vor den Bussen. Alle drei Veranstaltungen waren ausverkauft und es versammelten sich ebenfalls zu jedem Event Interessierte vor dem Bus. Viele vorbei- laufende B\u00fcrger*innen suchten das Gespr\u00e4ch mit den Studierenden zum Konzept der Eventreihe und gaben \u00e4u\u00dferst positives Feedback.<\/p>\n\n\n\n<figure class=\"wp-block-gallery has-nested-images columns-default is-cropped wp-block-gallery-1 is-layout-flex wp-block-gallery-is-layout-flex\">\n<figure class=\"wp-block-image size-large\"><img loading=\"lazy\" decoding=\"async\" width=\"1024\" height=\"683\" data-id=\"637\" src=\"https:\/\/blogs.uni-paderborn.de\/zwischenmiete\/files\/2024\/12\/IMG_1490-1024x683.jpg\" alt=\"\" class=\"wp-image-637\" srcset=\"https:\/\/blogs.uni-paderborn.de\/zwischenmiete\/files\/2024\/12\/IMG_1490-1024x683.jpg 1024w, https:\/\/blogs.uni-paderborn.de\/zwischenmiete\/files\/2024\/12\/IMG_1490-300x200.jpg 300w, https:\/\/blogs.uni-paderborn.de\/zwischenmiete\/files\/2024\/12\/IMG_1490-768x512.jpg 768w, https:\/\/blogs.uni-paderborn.de\/zwischenmiete\/files\/2024\/12\/IMG_1490-1536x1024.jpg 1536w, https:\/\/blogs.uni-paderborn.de\/zwischenmiete\/files\/2024\/12\/IMG_1490-2048x1365.jpg 2048w\" sizes=\"auto, (max-width: 1024px) 100vw, 1024px\" \/><\/figure>\n\n\n\n<figure class=\"wp-block-image size-large\"><img loading=\"lazy\" decoding=\"async\" width=\"1024\" height=\"683\" data-id=\"641\" src=\"https:\/\/blogs.uni-paderborn.de\/zwischenmiete\/files\/2024\/12\/IMG_2107-1024x683.jpg\" alt=\"\" class=\"wp-image-641\" srcset=\"https:\/\/blogs.uni-paderborn.de\/zwischenmiete\/files\/2024\/12\/IMG_2107-1024x683.jpg 1024w, https:\/\/blogs.uni-paderborn.de\/zwischenmiete\/files\/2024\/12\/IMG_2107-300x200.jpg 300w, https:\/\/blogs.uni-paderborn.de\/zwischenmiete\/files\/2024\/12\/IMG_2107-768x512.jpg 768w, https:\/\/blogs.uni-paderborn.de\/zwischenmiete\/files\/2024\/12\/IMG_2107-1536x1024.jpg 1536w, https:\/\/blogs.uni-paderborn.de\/zwischenmiete\/files\/2024\/12\/IMG_2107-2048x1365.jpg 2048w\" sizes=\"auto, (max-width: 1024px) 100vw, 1024px\" \/><\/figure>\n\n\n\n<figure class=\"wp-block-image size-large\"><img loading=\"lazy\" decoding=\"async\" width=\"683\" height=\"1024\" data-id=\"640\" src=\"https:\/\/blogs.uni-paderborn.de\/zwischenmiete\/files\/2024\/12\/IMG_3734-683x1024.jpg\" alt=\"\" class=\"wp-image-640\" srcset=\"https:\/\/blogs.uni-paderborn.de\/zwischenmiete\/files\/2024\/12\/IMG_3734-683x1024.jpg 683w, https:\/\/blogs.uni-paderborn.de\/zwischenmiete\/files\/2024\/12\/IMG_3734-200x300.jpg 200w, https:\/\/blogs.uni-paderborn.de\/zwischenmiete\/files\/2024\/12\/IMG_3734-768x1152.jpg 768w, https:\/\/blogs.uni-paderborn.de\/zwischenmiete\/files\/2024\/12\/IMG_3734-1024x1536.jpg 1024w, https:\/\/blogs.uni-paderborn.de\/zwischenmiete\/files\/2024\/12\/IMG_3734-1365x2048.jpg 1365w, https:\/\/blogs.uni-paderborn.de\/zwischenmiete\/files\/2024\/12\/IMG_3734-scaled.jpg 1707w\" sizes=\"auto, (max-width: 683px) 100vw, 683px\" \/><\/figure>\n\n\n\n<figure class=\"wp-block-image size-large\"><img loading=\"lazy\" decoding=\"async\" width=\"1024\" height=\"683\" data-id=\"642\" src=\"https:\/\/blogs.uni-paderborn.de\/zwischenmiete\/files\/2024\/12\/IMG_1447-1024x683.jpg\" alt=\"\" class=\"wp-image-642\" srcset=\"https:\/\/blogs.uni-paderborn.de\/zwischenmiete\/files\/2024\/12\/IMG_1447-1024x683.jpg 1024w, https:\/\/blogs.uni-paderborn.de\/zwischenmiete\/files\/2024\/12\/IMG_1447-300x200.jpg 300w, https:\/\/blogs.uni-paderborn.de\/zwischenmiete\/files\/2024\/12\/IMG_1447-768x512.jpg 768w, https:\/\/blogs.uni-paderborn.de\/zwischenmiete\/files\/2024\/12\/IMG_1447-1536x1024.jpg 1536w, https:\/\/blogs.uni-paderborn.de\/zwischenmiete\/files\/2024\/12\/IMG_1447-2048x1365.jpg 2048w\" sizes=\"auto, (max-width: 1024px) 100vw, 1024px\" \/><\/figure>\n\n\n\n<figure class=\"wp-block-image size-large\"><img loading=\"lazy\" decoding=\"async\" width=\"683\" height=\"1024\" data-id=\"639\" src=\"https:\/\/blogs.uni-paderborn.de\/zwischenmiete\/files\/2024\/12\/IMG_3783-683x1024.jpg\" alt=\"\" class=\"wp-image-639\" srcset=\"https:\/\/blogs.uni-paderborn.de\/zwischenmiete\/files\/2024\/12\/IMG_3783-683x1024.jpg 683w, https:\/\/blogs.uni-paderborn.de\/zwischenmiete\/files\/2024\/12\/IMG_3783-200x300.jpg 200w, https:\/\/blogs.uni-paderborn.de\/zwischenmiete\/files\/2024\/12\/IMG_3783-768x1152.jpg 768w, https:\/\/blogs.uni-paderborn.de\/zwischenmiete\/files\/2024\/12\/IMG_3783-1024x1536.jpg 1024w, https:\/\/blogs.uni-paderborn.de\/zwischenmiete\/files\/2024\/12\/IMG_3783-1365x2048.jpg 1365w, https:\/\/blogs.uni-paderborn.de\/zwischenmiete\/files\/2024\/12\/IMG_3783-scaled.jpg 1707w\" sizes=\"auto, (max-width: 683px) 100vw, 683px\" \/><\/figure>\n<\/figure>\n","protected":false},"excerpt":{"rendered":"<p>Die siebte Ausgabe der Konzertreihe \u201eZwischenmiete\u201c erarbeitet das aktuelle Thema &#8222;Mobilit\u00e4t&#8220; Im Wintersemester 2023\/24 wurde der inhaltliche Schwerpunkt weiterf\u00fchrend auf Mobilit\u00e4t gelegt, einem hochzentralen Thema im Eventmanagement \u2013 zum einen logis- tisch, zum anderen aus einer nachhaltigen Perspektive. Der inhaltliche Schwerpunkt lag auf modernen Konzepten der &#8222;Eventisierung&#8220; sowie der Darstellung von inhaltlich vielf\u00e4ltigen Musikgenres. Die &hellip; <a href=\"https:\/\/blogs.uni-paderborn.de\/zwischenmiete\/2023-24\/\" class=\"more-link\"><span class=\"screen-reader-text\">2023\/24<\/span> weiterlesen<\/a><\/p>\n","protected":false},"author":9487,"featured_media":0,"parent":0,"menu_order":0,"comment_status":"closed","ping_status":"closed","template":"","meta":{"footnotes":""},"class_list":["post-629","page","type-page","status-publish","hentry"],"_links":{"self":[{"href":"https:\/\/blogs.uni-paderborn.de\/zwischenmiete\/wp-json\/wp\/v2\/pages\/629","targetHints":{"allow":["GET"]}}],"collection":[{"href":"https:\/\/blogs.uni-paderborn.de\/zwischenmiete\/wp-json\/wp\/v2\/pages"}],"about":[{"href":"https:\/\/blogs.uni-paderborn.de\/zwischenmiete\/wp-json\/wp\/v2\/types\/page"}],"author":[{"embeddable":true,"href":"https:\/\/blogs.uni-paderborn.de\/zwischenmiete\/wp-json\/wp\/v2\/users\/9487"}],"replies":[{"embeddable":true,"href":"https:\/\/blogs.uni-paderborn.de\/zwischenmiete\/wp-json\/wp\/v2\/comments?post=629"}],"version-history":[{"count":3,"href":"https:\/\/blogs.uni-paderborn.de\/zwischenmiete\/wp-json\/wp\/v2\/pages\/629\/revisions"}],"predecessor-version":[{"id":643,"href":"https:\/\/blogs.uni-paderborn.de\/zwischenmiete\/wp-json\/wp\/v2\/pages\/629\/revisions\/643"}],"wp:attachment":[{"href":"https:\/\/blogs.uni-paderborn.de\/zwischenmiete\/wp-json\/wp\/v2\/media?parent=629"}],"curies":[{"name":"wp","href":"https:\/\/api.w.org\/{rel}","templated":true}]}}