{"id":504,"date":"2022-05-17T15:19:12","date_gmt":"2022-05-17T13:19:12","guid":{"rendered":"https:\/\/blogs.uni-paderborn.de\/zwischenmiete\/?page_id=504"},"modified":"2022-07-05T11:37:54","modified_gmt":"2022-07-05T09:37:54","slug":"und-jetzt-repraesentativitaet","status":"publish","type":"page","link":"https:\/\/blogs.uni-paderborn.de\/zwischenmiete\/und-jetzt-repraesentativitaet\/","title":{"rendered":"Und jetzt \/\/ Repr\u00e4sentativit\u00e4t"},"content":{"rendered":"<div class=\"twoclick_social_bookmarks_post_504 social_share_privacy clearfix 1.6.4 locale-de_DE sprite-de_DE\"><\/div><div class=\"twoclick-js\"><script type=\"text\/javascript\">\/* <![CDATA[ *\/\njQuery(document).ready(function($){if($('.twoclick_social_bookmarks_post_504')){$('.twoclick_social_bookmarks_post_504').socialSharePrivacy({\"txt_help\":\"Wenn Sie diese Felder durch einen Klick aktivieren, werden Informationen an Facebook, Twitter, Flattr, Xing, t3n, LinkedIn, Pinterest oder Google eventuell ins Ausland \\u00fcbertragen und unter Umst\\u00e4nden auch dort gespeichert. N\\u00e4heres erfahren Sie durch einen Klick auf das <em>i<\\\/em>.\",\"settings_perma\":\"Dauerhaft aktivieren und Daten\\u00fcber-tragung zustimmen:\",\"info_link\":\"http:\\\/\\\/www.heise.de\\\/ct\\\/artikel\\\/2-Klicks-fuer-mehr-Datenschutz-1333879.html\",\"uri\":\"https:\\\/\\\/blogs.uni-paderborn.de\\\/zwischenmiete\\\/und-jetzt-repraesentativitaet\\\/\",\"post_id\":504,\"post_title_referrer_track\":\"Und+jetzt+%2F%2F+Repr%C3%A4sentativit%C3%A4t\",\"display_infobox\":\"on\"});}});\n\/* ]]> *\/<\/script><\/div>\n<p><strong>War die Untersuchung repr\u00e4sentativ?<\/strong><\/p>\n\n\n\n<p>Repr\u00e4sentativit\u00e4t bezeichnet die Passung zwischen der Stichprobe und der Grundgesamtheit (Population). In diesem Fall umfasst die Stichprobe 107 Personen und die gesuchte Population sind alle Studierenden der Universit\u00e4t Paderborn. Ist die Repr\u00e4sentativit\u00e4t gegeben, kann man von der Stichprobe auf die Population schlie\u00dfen, und damit die Ergebnisse dieser Studie auf alle Studierenden der Universit\u00e4t Paderborn \u00fcbertragen.<br><br>Ist die Umfrage nun repr\u00e4sentativ? Schauen wir uns mal die offizielle Verteilung der Studierenden an den Fakult\u00e4ten. Links ist die von der Universit\u00e4t ver\u00f6ffentlichte <strong>Population<\/strong>, rechts der Vergleich mit der <strong>Stichprobe<\/strong> aus der Studie.<\/p>\n\n\n\n<figure class=\"wp-block-image size-full\"><img loading=\"lazy\" decoding=\"async\" width=\"733\" height=\"390\" src=\"https:\/\/blogs.uni-paderborn.de\/zwischenmiete\/files\/2022\/06\/Bildschirmfoto-2022-06-01-um-12.06.04.png\" alt=\"\" class=\"wp-image-568\" srcset=\"https:\/\/blogs.uni-paderborn.de\/zwischenmiete\/files\/2022\/06\/Bildschirmfoto-2022-06-01-um-12.06.04.png 733w, https:\/\/blogs.uni-paderborn.de\/zwischenmiete\/files\/2022\/06\/Bildschirmfoto-2022-06-01-um-12.06.04-300x160.png 300w\" sizes=\"auto, (max-width: 733px) 100vw, 733px\" \/><\/figure>\n\n\n\n<p>Wenn man die offizielle Statistik \u00fcber die Verteilung der Paderborner Studierenden auf die f\u00fcnf Fakult\u00e4ten mit der erhaltenen Verteilung vergleicht, sieht man: zugunsten der kulturwissenschaftlichen Fakult\u00e4t sind die anderen Fakult\u00e4ten&nbsp;<strong>unterrepr\u00e4sentiert<\/strong>.&nbsp;<\/p>\n\n\n\n<figure class=\"wp-block-image size-full\"><img loading=\"lazy\" decoding=\"async\" width=\"468\" height=\"282\" src=\"https:\/\/blogs.uni-paderborn.de\/zwischenmiete\/files\/2022\/05\/Bildschirmfoto-2022-05-17-um-15.13.06.png\" alt=\"\" class=\"wp-image-506\" srcset=\"https:\/\/blogs.uni-paderborn.de\/zwischenmiete\/files\/2022\/05\/Bildschirmfoto-2022-05-17-um-15.13.06.png 468w, https:\/\/blogs.uni-paderborn.de\/zwischenmiete\/files\/2022\/05\/Bildschirmfoto-2022-05-17-um-15.13.06-300x181.png 300w\" sizes=\"auto, (max-width: 468px) 100vw, 468px\" \/><\/figure>\n\n\n\n<p>Im Vergleich mit den Studieng\u00e4ngen kann man das gleiche beobachten: Die Studieng\u00e4nge popul\u00e4re Musik und Medien sowie Medienwissenschaften sind&nbsp;<strong>\u00fcberrepr\u00e4sentiert<\/strong>, wohingegen Lehramt und sonstige Studieng\u00e4nge&nbsp;<strong>unterrepr\u00e4sentiert<\/strong>&nbsp;sind.&nbsp;<\/p>\n\n\n\n<figure class=\"wp-block-image size-full\"><img loading=\"lazy\" decoding=\"async\" width=\"457\" height=\"130\" src=\"https:\/\/blogs.uni-paderborn.de\/zwischenmiete\/files\/2022\/07\/Bildschirmfoto-2022-07-05-um-11.37.17.png\" alt=\"\" class=\"wp-image-592\" srcset=\"https:\/\/blogs.uni-paderborn.de\/zwischenmiete\/files\/2022\/07\/Bildschirmfoto-2022-07-05-um-11.37.17.png 457w, https:\/\/blogs.uni-paderborn.de\/zwischenmiete\/files\/2022\/07\/Bildschirmfoto-2022-07-05-um-11.37.17-300x85.png 300w\" sizes=\"auto, (max-width: 457px) 100vw, 457px\" \/><\/figure>\n\n\n\n<p>Auch bei der Angabe der Geschlechtsidentit\u00e4t l\u00e4sst sich feststellen: weibliche Teilnehmerinnen sind deutlich in der&nbsp;<strong>\u00dcberzahl<\/strong>.&nbsp;Angaben \u00fcber den Anteil von Student*innen, die sich als nicht-bin\u00e4r oder divers identifizieren, liegen zum Zeitpunkt der Ver\u00f6ffentlichung nicht vor. <br><br><em>Woran liegt das?&nbsp;<\/em><br><br>Es liegt wahrscheinlich vor allem daran, wie die Umfrage verteilt und die gesuchte Population erreicht wurde. Die Ergebnisse legen nahe, dass vor allem Pop- und Medienwissenschaftenstudierende die Umfrage in ihren Freundesgruppen geteilt haben, wohingegen andere Studierende weniger erreicht wurden. Au\u00dferdem zeigt die Studienlage, dass Frauen allgemein eher an Umfragen teilnehmen als M\u00e4nner (P\u00f6tschke, 2009; S. 84<a href=\"\/\/39B38660-2B39-4095-8EE7-EE2181247D88#_ftn1\"><sup>[1]<\/sup><\/a>).<br><\/p>\n\n\n\n<p><em>Sind die Ergebnisse jetzt untauglich?&nbsp;<\/em><\/p>\n\n\n\n<p>Das kann man so nicht sagen. Sicher ist, dass man von der erhaltenen Stichprobe nicht auf alle Studierenden der Universit\u00e4t Paderborn schlie\u00dfen kann. Aber die Informationen zum Freizeitverhalten sowie zum Besuch der Zwischenmiete k\u00f6nnen hilfreich sein, um ansprechendere Angebote f\u00fcr Studierende zu schaffen und das kulturelle Leben in Paderborn zu bereichern \u2013 und vielleicht die Zwischenmiete noch besser zu gestalten.<br><br><sub><sup>[1]<\/sup>&nbsp;P\u00f6tschke, M. (2009). Potentiale von Online-Befragungen: Erfahrungen aus der Hochschulforschung. In&nbsp;<em>Sozialforschung im Internet<\/em>&nbsp;(pp. 75-89). VS Verlag f\u00fcr Sozialwissenschaften, Wiesbaden.<\/sub><\/p>\n","protected":false},"excerpt":{"rendered":"<p>War die Untersuchung repr\u00e4sentativ? Repr\u00e4sentativit\u00e4t bezeichnet die Passung zwischen der Stichprobe und der Grundgesamtheit (Population). In diesem Fall umfasst die Stichprobe 107 Personen und die gesuchte Population sind alle Studierenden der Universit\u00e4t Paderborn. Ist die Repr\u00e4sentativit\u00e4t gegeben, kann man von der Stichprobe auf die Population schlie\u00dfen, und damit die Ergebnisse dieser Studie auf alle Studierenden &hellip; <a href=\"https:\/\/blogs.uni-paderborn.de\/zwischenmiete\/und-jetzt-repraesentativitaet\/\" class=\"more-link\"><span class=\"screen-reader-text\">Und jetzt \/\/ Repr\u00e4sentativit\u00e4t<\/span> weiterlesen<\/a><\/p>\n","protected":false},"author":9052,"featured_media":0,"parent":0,"menu_order":0,"comment_status":"closed","ping_status":"closed","template":"","meta":{"footnotes":""},"class_list":["post-504","page","type-page","status-publish","hentry"],"_links":{"self":[{"href":"https:\/\/blogs.uni-paderborn.de\/zwischenmiete\/wp-json\/wp\/v2\/pages\/504","targetHints":{"allow":["GET"]}}],"collection":[{"href":"https:\/\/blogs.uni-paderborn.de\/zwischenmiete\/wp-json\/wp\/v2\/pages"}],"about":[{"href":"https:\/\/blogs.uni-paderborn.de\/zwischenmiete\/wp-json\/wp\/v2\/types\/page"}],"author":[{"embeddable":true,"href":"https:\/\/blogs.uni-paderborn.de\/zwischenmiete\/wp-json\/wp\/v2\/users\/9052"}],"replies":[{"embeddable":true,"href":"https:\/\/blogs.uni-paderborn.de\/zwischenmiete\/wp-json\/wp\/v2\/comments?post=504"}],"version-history":[{"count":7,"href":"https:\/\/blogs.uni-paderborn.de\/zwischenmiete\/wp-json\/wp\/v2\/pages\/504\/revisions"}],"predecessor-version":[{"id":593,"href":"https:\/\/blogs.uni-paderborn.de\/zwischenmiete\/wp-json\/wp\/v2\/pages\/504\/revisions\/593"}],"wp:attachment":[{"href":"https:\/\/blogs.uni-paderborn.de\/zwischenmiete\/wp-json\/wp\/v2\/media?parent=504"}],"curies":[{"name":"wp","href":"https:\/\/api.w.org\/{rel}","templated":true}]}}