{"id":489,"date":"2022-05-17T15:20:37","date_gmt":"2022-05-17T13:20:37","guid":{"rendered":"https:\/\/blogs.uni-paderborn.de\/zwischenmiete\/?page_id=489"},"modified":"2022-06-01T11:25:14","modified_gmt":"2022-06-01T09:25:14","slug":"was-vermissten-die-teilnehmerinnen-2021-am-meisten","status":"publish","type":"page","link":"https:\/\/blogs.uni-paderborn.de\/zwischenmiete\/was-vermissten-die-teilnehmerinnen-2021-am-meisten\/","title":{"rendered":"Was vermissten die Teilnehmer*innen 2021 am meisten?"},"content":{"rendered":"<div class=\"twoclick_social_bookmarks_post_489 social_share_privacy clearfix 1.6.4 locale-de_DE sprite-de_DE\"><\/div><div class=\"twoclick-js\"><script type=\"text\/javascript\">\/* <![CDATA[ *\/\njQuery(document).ready(function($){if($('.twoclick_social_bookmarks_post_489')){$('.twoclick_social_bookmarks_post_489').socialSharePrivacy({\"txt_help\":\"Wenn Sie diese Felder durch einen Klick aktivieren, werden Informationen an Facebook, Twitter, Flattr, Xing, t3n, LinkedIn, Pinterest oder Google eventuell ins Ausland \\u00fcbertragen und unter Umst\\u00e4nden auch dort gespeichert. N\\u00e4heres erfahren Sie durch einen Klick auf das <em>i<\\\/em>.\",\"settings_perma\":\"Dauerhaft aktivieren und Daten\\u00fcber-tragung zustimmen:\",\"info_link\":\"http:\\\/\\\/www.heise.de\\\/ct\\\/artikel\\\/2-Klicks-fuer-mehr-Datenschutz-1333879.html\",\"uri\":\"https:\\\/\\\/blogs.uni-paderborn.de\\\/zwischenmiete\\\/was-vermissten-die-teilnehmerinnen-2021-am-meisten\\\/\",\"post_id\":489,\"post_title_referrer_track\":\"Was+vermissten+die+Teilnehmer%2Ainnen+2021+am+meisten%3F\",\"display_infobox\":\"on\"});}});\n\/* ]]> *\/<\/script><\/div>\n<figure class=\"wp-block-image size-full\"><img loading=\"lazy\" decoding=\"async\" width=\"379\" height=\"344\" src=\"https:\/\/blogs.uni-paderborn.de\/zwischenmiete\/files\/2022\/05\/Bildschirmfoto-2022-05-17-um-14.59.57.png\" alt=\"\" class=\"wp-image-490\" srcset=\"https:\/\/blogs.uni-paderborn.de\/zwischenmiete\/files\/2022\/05\/Bildschirmfoto-2022-05-17-um-14.59.57.png 379w, https:\/\/blogs.uni-paderborn.de\/zwischenmiete\/files\/2022\/05\/Bildschirmfoto-2022-05-17-um-14.59.57-300x272.png 300w\" sizes=\"auto, (max-width: 379px) 100vw, 379px\" \/><\/figure>\n\n\n\n<p>Am meisten fehlten den Teilnehmer*innen also&nbsp;<strong>Veranstaltungen<\/strong>&nbsp;und&nbsp;<strong>zwischenmenschlicher Kontakt<\/strong>. <br>Im Zeitraum von April 2021 bis Dezember 2021 konnten nur wenige (Gro\u00df-)Veranstaltungen stattfinden. Auch private Zusammenk\u00fcnfte waren h\u00e4ufig stark reguliert. Gut zu wissen also, dass die Teilnehmer*innen diese Art des Freizeitangebots sch\u00e4tzen!&nbsp;<\/p>\n","protected":false},"excerpt":{"rendered":"<p>Am meisten fehlten den Teilnehmer*innen also&nbsp;Veranstaltungen&nbsp;und&nbsp;zwischenmenschlicher Kontakt. Im Zeitraum von April 2021 bis Dezember 2021 konnten nur wenige (Gro\u00df-)Veranstaltungen stattfinden. Auch private Zusammenk\u00fcnfte waren h\u00e4ufig stark reguliert. Gut zu wissen also, dass die Teilnehmer*innen diese Art des Freizeitangebots sch\u00e4tzen!&nbsp;<\/p>\n","protected":false},"author":9052,"featured_media":0,"parent":0,"menu_order":0,"comment_status":"closed","ping_status":"closed","template":"","meta":{"footnotes":""},"class_list":["post-489","page","type-page","status-publish","hentry"],"_links":{"self":[{"href":"https:\/\/blogs.uni-paderborn.de\/zwischenmiete\/wp-json\/wp\/v2\/pages\/489","targetHints":{"allow":["GET"]}}],"collection":[{"href":"https:\/\/blogs.uni-paderborn.de\/zwischenmiete\/wp-json\/wp\/v2\/pages"}],"about":[{"href":"https:\/\/blogs.uni-paderborn.de\/zwischenmiete\/wp-json\/wp\/v2\/types\/page"}],"author":[{"embeddable":true,"href":"https:\/\/blogs.uni-paderborn.de\/zwischenmiete\/wp-json\/wp\/v2\/users\/9052"}],"replies":[{"embeddable":true,"href":"https:\/\/blogs.uni-paderborn.de\/zwischenmiete\/wp-json\/wp\/v2\/comments?post=489"}],"version-history":[{"count":2,"href":"https:\/\/blogs.uni-paderborn.de\/zwischenmiete\/wp-json\/wp\/v2\/pages\/489\/revisions"}],"predecessor-version":[{"id":521,"href":"https:\/\/blogs.uni-paderborn.de\/zwischenmiete\/wp-json\/wp\/v2\/pages\/489\/revisions\/521"}],"wp:attachment":[{"href":"https:\/\/blogs.uni-paderborn.de\/zwischenmiete\/wp-json\/wp\/v2\/media?parent=489"}],"curies":[{"name":"wp","href":"https:\/\/api.w.org\/{rel}","templated":true}]}}