{"id":479,"date":"2022-05-17T15:18:44","date_gmt":"2022-05-17T13:18:44","guid":{"rendered":"https:\/\/blogs.uni-paderborn.de\/zwischenmiete\/?page_id=479"},"modified":"2022-06-07T11:55:02","modified_gmt":"2022-06-07T09:55:02","slug":"die-ergebnisse-auf-einen-blick","status":"publish","type":"page","link":"https:\/\/blogs.uni-paderborn.de\/zwischenmiete\/die-ergebnisse-auf-einen-blick\/","title":{"rendered":"Die Ergebnisse auf einen Blick"},"content":{"rendered":"<div class=\"twoclick_social_bookmarks_post_479 social_share_privacy clearfix 1.6.4 locale-de_DE sprite-de_DE\"><\/div><div class=\"twoclick-js\"><script type=\"text\/javascript\">\/* <![CDATA[ *\/\njQuery(document).ready(function($){if($('.twoclick_social_bookmarks_post_479')){$('.twoclick_social_bookmarks_post_479').socialSharePrivacy({\"txt_help\":\"Wenn Sie diese Felder durch einen Klick aktivieren, werden Informationen an Facebook, Twitter, Flattr, Xing, t3n, LinkedIn, Pinterest oder Google eventuell ins Ausland \\u00fcbertragen und unter Umst\\u00e4nden auch dort gespeichert. N\\u00e4heres erfahren Sie durch einen Klick auf das <em>i<\\\/em>.\",\"settings_perma\":\"Dauerhaft aktivieren und Daten\\u00fcber-tragung zustimmen:\",\"info_link\":\"http:\\\/\\\/www.heise.de\\\/ct\\\/artikel\\\/2-Klicks-fuer-mehr-Datenschutz-1333879.html\",\"uri\":\"https:\\\/\\\/blogs.uni-paderborn.de\\\/zwischenmiete\\\/die-ergebnisse-auf-einen-blick\\\/\",\"post_id\":479,\"post_title_referrer_track\":\"Die+Ergebnisse+auf+einen+Blick\",\"display_infobox\":\"on\"});}});\n\/* ]]> *\/<\/script><\/div>\n<p>F\u00fcr eine ausf\u00fchrlichere Beschreibung der Ergebnisse k\u00f6nnen die Links in Tonis Beschreibung aufgerufen werden.<\/p>\n\n\n\n<figure class=\"wp-block-image size-full\"><img loading=\"lazy\" decoding=\"async\" width=\"89\" height=\"85\" src=\"https:\/\/blogs.uni-paderborn.de\/zwischenmiete\/files\/2022\/05\/Bildschirmfoto-2022-05-17-um-15.23.14.png\" alt=\"\" class=\"wp-image-522\" \/><\/figure>\n\n\n\n<p>Die Durchschnittsteilnehmerin hei\u00dft Toni, identifiziert sich als weiblich gelesene Person und ist\u00a0<a rel=\"noreferrer noopener\" href=\"https:\/\/blogs.uni-paderborn.de\/zwischenmiete\/?page_id=481\" data-type=\"URL\" data-id=\"https:\/\/blogs.uni-paderborn.de\/zwischenmiete\/?page_id=481\" target=\"_blank\">fast 23 Jahre<\/a> alt. Sie studiert im vierten Semester an der Fakult\u00e4t f\u00fcr Kulturwissenschaften Lehramt im Bachelor. Damit ist sie in einem der Jahrg\u00e4nge, der von der Pandemie am meisten betroffen war und bisher haupts\u00e4chlich online Uni hatte. Daher wohnt Toni auch erst seit dem Wintersemester 2021\/2022, also seit dem ersten Pr\u00e4senzsemester nach einer langen Zeit der Onlinelehre, in ihrer WG in Paderborn, wo sie auch ihre\u00a0<a rel=\"noreferrer noopener\" href=\"https:\/\/blogs.uni-paderborn.de\/zwischenmiete\/?page_id=486\" data-type=\"URL\" data-id=\"https:\/\/blogs.uni-paderborn.de\/zwischenmiete\/?page_id=486\" target=\"_blank\">Freizeit<\/a>\u00a0verbringt. Im Zeitraum von April 2021 bis Winter 2021 hat sie vor allem Veranstaltungen und zwischenmenschlichen Kontakt\u00a0<a rel=\"noreferrer noopener\" href=\"https:\/\/blogs.uni-paderborn.de\/zwischenmiete\/?page_id=489\" data-type=\"URL\" data-id=\"https:\/\/blogs.uni-paderborn.de\/zwischenmiete\/?page_id=489\" target=\"_blank\">vermisst<\/a>. Sie h\u00f6rt gerne Musik, besucht Kneipen oder Bars mit ihren Freund*innen, aber am liebsten ist sie auf privaten\u00a0<a href=\"https:\/\/blogs.uni-paderborn.de\/zwischenmiete\/wp-admin\/post.php?post=492&amp;action=edit\" target=\"_blank\" rel=\"noreferrer noopener\">Veranstaltungen<\/a>\u00a0wie Geburtstagen, weil sie dort Spa\u00df haben m\u00f6chte und Zeit mit ihren Freund*innen verbringen will. Von der Zwischenmiete hat sie noch nie etwas geh\u00f6rt. Auf Veranstaltungen wird sie aufmerksam durch Freund*innen oder Bekannte. Die Ergebnisse sind allerdings <a href=\"https:\/\/blogs.uni-paderborn.de\/zwischenmiete\/wp-admin\/post.php?post=504&amp;action=edit\" target=\"_blank\" rel=\"noreferrer noopener\">nicht\u00a0repr\u00e4sentativ<\/a>.<\/p>\n","protected":false},"excerpt":{"rendered":"<p>F\u00fcr eine ausf\u00fchrlichere Beschreibung der Ergebnisse k\u00f6nnen die Links in Tonis Beschreibung aufgerufen werden. Die Durchschnittsteilnehmerin hei\u00dft Toni, identifiziert sich als weiblich gelesene Person und ist\u00a0fast 23 Jahre alt. Sie studiert im vierten Semester an der Fakult\u00e4t f\u00fcr Kulturwissenschaften Lehramt im Bachelor. Damit ist sie in einem der Jahrg\u00e4nge, der von der Pandemie am meisten &hellip; <a href=\"https:\/\/blogs.uni-paderborn.de\/zwischenmiete\/die-ergebnisse-auf-einen-blick\/\" class=\"more-link\"><span class=\"screen-reader-text\">Die Ergebnisse auf einen Blick<\/span> weiterlesen<\/a><\/p>\n","protected":false},"author":9052,"featured_media":0,"parent":0,"menu_order":0,"comment_status":"closed","ping_status":"closed","template":"","meta":{"footnotes":""},"class_list":["post-479","page","type-page","status-publish","hentry"],"_links":{"self":[{"href":"https:\/\/blogs.uni-paderborn.de\/zwischenmiete\/wp-json\/wp\/v2\/pages\/479","targetHints":{"allow":["GET"]}}],"collection":[{"href":"https:\/\/blogs.uni-paderborn.de\/zwischenmiete\/wp-json\/wp\/v2\/pages"}],"about":[{"href":"https:\/\/blogs.uni-paderborn.de\/zwischenmiete\/wp-json\/wp\/v2\/types\/page"}],"author":[{"embeddable":true,"href":"https:\/\/blogs.uni-paderborn.de\/zwischenmiete\/wp-json\/wp\/v2\/users\/9052"}],"replies":[{"embeddable":true,"href":"https:\/\/blogs.uni-paderborn.de\/zwischenmiete\/wp-json\/wp\/v2\/comments?post=479"}],"version-history":[{"count":7,"href":"https:\/\/blogs.uni-paderborn.de\/zwischenmiete\/wp-json\/wp\/v2\/pages\/479\/revisions"}],"predecessor-version":[{"id":576,"href":"https:\/\/blogs.uni-paderborn.de\/zwischenmiete\/wp-json\/wp\/v2\/pages\/479\/revisions\/576"}],"wp:attachment":[{"href":"https:\/\/blogs.uni-paderborn.de\/zwischenmiete\/wp-json\/wp\/v2\/media?parent=479"}],"curies":[{"name":"wp","href":"https:\/\/api.w.org\/{rel}","templated":true}]}}