{"id":476,"date":"2022-05-17T15:18:32","date_gmt":"2022-05-17T13:18:32","guid":{"rendered":"https:\/\/blogs.uni-paderborn.de\/zwischenmiete\/?page_id=476"},"modified":"2025-06-25T11:46:59","modified_gmt":"2025-06-25T09:46:59","slug":"studie","status":"publish","type":"page","link":"https:\/\/blogs.uni-paderborn.de\/zwischenmiete\/studie\/","title":{"rendered":"Studie"},"content":{"rendered":"<div class=\"twoclick_social_bookmarks_post_476 social_share_privacy clearfix 1.6.4 locale-de_DE sprite-de_DE\"><\/div><div class=\"twoclick-js\"><script type=\"text\/javascript\">\/* <![CDATA[ *\/\njQuery(document).ready(function($){if($('.twoclick_social_bookmarks_post_476')){$('.twoclick_social_bookmarks_post_476').socialSharePrivacy({\"txt_help\":\"Wenn Sie diese Felder durch einen Klick aktivieren, werden Informationen an Facebook, Twitter, Flattr, Xing, t3n, LinkedIn, Pinterest oder Google eventuell ins Ausland \\u00fcbertragen und unter Umst\\u00e4nden auch dort gespeichert. N\\u00e4heres erfahren Sie durch einen Klick auf das <em>i<\\\/em>.\",\"settings_perma\":\"Dauerhaft aktivieren und Daten\\u00fcber-tragung zustimmen:\",\"info_link\":\"http:\\\/\\\/www.heise.de\\\/ct\\\/artikel\\\/2-Klicks-fuer-mehr-Datenschutz-1333879.html\",\"uri\":\"https:\\\/\\\/blogs.uni-paderborn.de\\\/zwischenmiete\\\/studie\\\/\",\"post_id\":476,\"post_title_referrer_track\":\"Studie\",\"display_infobox\":\"on\"});}});\n\/* ]]> *\/<\/script><\/div>\n<p>Im\u00a0Folgenden erfahrt ihr alles \u00fcber eine Umfrage, die Masterstudierende des Studiengangs popul\u00e4re Musik und Medien durchgef\u00fchrt haben. Die Studie bezieht sich auf das <strong><a href=\"https:\/\/blogs.uni-paderborn.de\/zwischenmiete\/freizeitvorlieben\/\" data-type=\"link\" data-id=\"https:\/\/blogs.uni-paderborn.de\/zwischenmiete\/freizeitvorlieben\/\">Freizeitverhalten<\/a> <\/strong>Paderborner Studierender und den <strong><a href=\"https:\/\/blogs.uni-paderborn.de\/zwischenmiete\/veranstaltungsbesuch\/\" data-type=\"link\" data-id=\"https:\/\/blogs.uni-paderborn.de\/zwischenmiete\/veranstaltungsbesuch\/\">Besuch der Zwischenmiete<\/a><\/strong>.<\/p>\n","protected":false},"excerpt":{"rendered":"<p>Im\u00a0Folgenden erfahrt ihr alles \u00fcber eine Umfrage, die Masterstudierende des Studiengangs popul\u00e4re Musik und Medien durchgef\u00fchrt haben. Die Studie bezieht sich auf das Freizeitverhalten Paderborner Studierender und den Besuch der Zwischenmiete.<\/p>\n","protected":false},"author":9052,"featured_media":0,"parent":0,"menu_order":0,"comment_status":"closed","ping_status":"closed","template":"","meta":{"footnotes":""},"class_list":["post-476","page","type-page","status-publish","hentry"],"_links":{"self":[{"href":"https:\/\/blogs.uni-paderborn.de\/zwischenmiete\/wp-json\/wp\/v2\/pages\/476","targetHints":{"allow":["GET"]}}],"collection":[{"href":"https:\/\/blogs.uni-paderborn.de\/zwischenmiete\/wp-json\/wp\/v2\/pages"}],"about":[{"href":"https:\/\/blogs.uni-paderborn.de\/zwischenmiete\/wp-json\/wp\/v2\/types\/page"}],"author":[{"embeddable":true,"href":"https:\/\/blogs.uni-paderborn.de\/zwischenmiete\/wp-json\/wp\/v2\/users\/9052"}],"replies":[{"embeddable":true,"href":"https:\/\/blogs.uni-paderborn.de\/zwischenmiete\/wp-json\/wp\/v2\/comments?post=476"}],"version-history":[{"count":9,"href":"https:\/\/blogs.uni-paderborn.de\/zwischenmiete\/wp-json\/wp\/v2\/pages\/476\/revisions"}],"predecessor-version":[{"id":655,"href":"https:\/\/blogs.uni-paderborn.de\/zwischenmiete\/wp-json\/wp\/v2\/pages\/476\/revisions\/655"}],"wp:attachment":[{"href":"https:\/\/blogs.uni-paderborn.de\/zwischenmiete\/wp-json\/wp\/v2\/media?parent=476"}],"curies":[{"name":"wp","href":"https:\/\/api.w.org\/{rel}","templated":true}]}}