{"id":422,"date":"2022-02-08T13:02:31","date_gmt":"2022-02-08T12:02:31","guid":{"rendered":"https:\/\/blogs.uni-paderborn.de\/zwischenmiete\/?page_id=422"},"modified":"2022-02-08T14:10:33","modified_gmt":"2022-02-08T13:10:33","slug":"2021-22","status":"publish","type":"page","link":"https:\/\/blogs.uni-paderborn.de\/zwischenmiete\/2021-22\/","title":{"rendered":"2021\/22"},"content":{"rendered":"<div class=\"twoclick_social_bookmarks_post_422 social_share_privacy clearfix 1.6.4 locale-de_DE sprite-de_DE\"><\/div><div class=\"twoclick-js\"><script type=\"text\/javascript\">\/* <![CDATA[ *\/\njQuery(document).ready(function($){if($('.twoclick_social_bookmarks_post_422')){$('.twoclick_social_bookmarks_post_422').socialSharePrivacy({\"txt_help\":\"Wenn Sie diese Felder durch einen Klick aktivieren, werden Informationen an Facebook, Twitter, Flattr, Xing, t3n, LinkedIn, Pinterest oder Google eventuell ins Ausland \\u00fcbertragen und unter Umst\\u00e4nden auch dort gespeichert. N\\u00e4heres erfahren Sie durch einen Klick auf das <em>i<\\\/em>.\",\"settings_perma\":\"Dauerhaft aktivieren und Daten\\u00fcber-tragung zustimmen:\",\"info_link\":\"http:\\\/\\\/www.heise.de\\\/ct\\\/artikel\\\/2-Klicks-fuer-mehr-Datenschutz-1333879.html\",\"uri\":\"https:\\\/\\\/blogs.uni-paderborn.de\\\/zwischenmiete\\\/2021-22\\\/\",\"post_id\":422,\"post_title_referrer_track\":\"2021%2F22\",\"display_infobox\":\"on\"});}});\n\/* ]]> *\/<\/script><\/div>\n<h2 class=\"wp-block-heading\"><strong>Die f\u00fcnfte Ausgabe der&nbsp;Konzertreihe \u201eZwischenmiete\u201c&nbsp;setzt sich unter dem Motto&nbsp;\u201eUndairground Power\u201c mit dem Thema Nachhaltigkeit auseinander<\/strong>.<\/h2>\n\n\n\n<p>Bereits zum f\u00fcnften Mal konzipierten und organisierten Masterstudierende der Universit\u00e4t&nbsp;Paderborn im Rahmen eines Seminars die Konzertreihe \u201cZwischenmiete\u201d. Das&nbsp;Kooperationsprojekt zwischen der Universit\u00e4t Paderborn und dem Kulturamt der Stadt Paderborn brachte auch in dieser Ausgabe Kultur an ungew\u00f6hnliche Orte der Region und verkn\u00fcpfte au\u00dfergew\u00f6hnliche Locations mit aktuellen Themenschwerpunkten. Die Veranstaltungsreihe wurde dabei \u00fcber eine F\u00f6rderung der Stadt Paderborn finanziert. Unterst\u00fctzt und angeleitet wurden die Studierenden dabei von Prof.in&nbsp;Dr.in&nbsp;Beate Flath und M.Sc. Dominik N\u00f6sner (Fach Musik), die das dazugeh\u00f6rige Seminar ebenfalls geleitet haben.<\/p>\n\n\n\n<p>Die Studierenden der Masterstudieng\u00e4nge&nbsp;\u201cPopul\u00e4re Musik und Medien\u201d sowie \u201cMedienwissenschaften\u201d entwickelten ein&nbsp;Veranstaltungskonzept&nbsp;mit dem Schwerpunkt \u201cNachhaltigkeit\u201d.&nbsp;Dabei wurden unterschiedliche Aspekte und Ebenen von Nachhaltigkeit mitgedacht und reflektiert: vom Eventmanagementprozess \u00fcber \u00e4sthetisch-inhaltliche Dimensionen bis hin zur Rolle von Kunst und Kultur im gesellschaftlichen Aushandlungsprozess \u00fcber Nachhaltigkeit. Die Studierenden kn\u00fcpften damit nicht nur an dr\u00e4ngende gesellschaftspolitische Fragen, sondern auch an aktuelle kultur- und eventmanageriale Entwicklungen an. Nachhaltiges und zukunftsorientiertes Denken und Handeln standen dabei im Zentrum.<\/p>\n\n\n\n<p>Am Mittwoch, den&nbsp;<strong>15.12.2021<\/strong>&nbsp;ab 20:00 Uhr, wurden die Performances der regionalen Poetry-Slammer Jann Watjes und August Klar sowie des international bekannten Berliner K\u00fcnstlers Iorie aus einem von&nbsp;<em>Westfalen WIND<\/em>&nbsp;betriebenen Windrad in der N\u00e4he Paderborns \u00fcber die Plattform&nbsp;<em>twitch<\/em>&nbsp;live gestreamt. Das Besondere daran: Die Energie f\u00fcr die Produktion des Live-Streams kam somit direkt aus der Location! Zudem kooperierte das Veranstaltungs-Team in dieser Ausgabe mit dem Campuswald-Projekt der Universit\u00e4t Paderborn: Alle Zuseher*innen waren dazu eingeladen, k\u00f6rperlich aktiv das Streaming-Event zu genie\u00dfen&nbsp;\u2013&nbsp;ob tanzend, am Hometrainer oder auf der Yogamatte. Wurde ein Foto oder ein kurzes Video davon auf&nbsp;facebook&nbsp;oder&nbsp;instagram&nbsp;mit dem Verweis @zwischenmietepb geteilt, wurden daf\u00fcr B\u00e4ume f\u00fcr den Campuswald im Haxtergrund gepflanzt. <\/p>\n\n\n\n<p>Das zweite Konzert fand am\u00a0<strong>20. Januar 2022<\/strong>\u00a0im Underground der Universit\u00e4t \u2013 in der Technikzentrale \u2013 statt. <\/p>\n\n\n\n<figure class=\"wp-block-gallery columns-3 is-cropped wp-block-gallery-1 is-layout-flex wp-block-gallery-is-layout-flex\"><ul class=\"blocks-gallery-grid\"><li class=\"blocks-gallery-item\"><figure><img loading=\"lazy\" decoding=\"async\" width=\"1024\" height=\"683\" src=\"https:\/\/blogs.uni-paderborn.de\/zwischenmiete\/files\/2022\/02\/DSC03261-1-1024x683.jpg\" alt=\"\" data-id=\"448\" data-full-url=\"https:\/\/blogs.uni-paderborn.de\/zwischenmiete\/files\/2022\/02\/DSC03261-1-scaled.jpg\" data-link=\"https:\/\/blogs.uni-paderborn.de\/zwischenmiete\/2021-22\/dsc03261-1\/\" class=\"wp-image-448\" srcset=\"https:\/\/blogs.uni-paderborn.de\/zwischenmiete\/files\/2022\/02\/DSC03261-1-1024x683.jpg 1024w, https:\/\/blogs.uni-paderborn.de\/zwischenmiete\/files\/2022\/02\/DSC03261-1-300x200.jpg 300w, https:\/\/blogs.uni-paderborn.de\/zwischenmiete\/files\/2022\/02\/DSC03261-1-768x512.jpg 768w, https:\/\/blogs.uni-paderborn.de\/zwischenmiete\/files\/2022\/02\/DSC03261-1-1536x1024.jpg 1536w, https:\/\/blogs.uni-paderborn.de\/zwischenmiete\/files\/2022\/02\/DSC03261-1-2048x1366.jpg 2048w\" sizes=\"auto, (max-width: 1024px) 100vw, 1024px\" \/><\/figure><\/li><li class=\"blocks-gallery-item\"><figure><img loading=\"lazy\" decoding=\"async\" width=\"1024\" height=\"682\" src=\"https:\/\/blogs.uni-paderborn.de\/zwischenmiete\/files\/2022\/02\/DSC03241-1024x682.jpg\" alt=\"\" data-id=\"447\" data-full-url=\"https:\/\/blogs.uni-paderborn.de\/zwischenmiete\/files\/2022\/02\/DSC03241.jpg\" data-link=\"https:\/\/blogs.uni-paderborn.de\/zwischenmiete\/2021-22\/dsc03241\/\" class=\"wp-image-447\" srcset=\"https:\/\/blogs.uni-paderborn.de\/zwischenmiete\/files\/2022\/02\/DSC03241-1024x682.jpg 1024w, https:\/\/blogs.uni-paderborn.de\/zwischenmiete\/files\/2022\/02\/DSC03241-300x200.jpg 300w, https:\/\/blogs.uni-paderborn.de\/zwischenmiete\/files\/2022\/02\/DSC03241-768x512.jpg 768w, https:\/\/blogs.uni-paderborn.de\/zwischenmiete\/files\/2022\/02\/DSC03241.jpg 1250w\" sizes=\"auto, (max-width: 1024px) 100vw, 1024px\" \/><\/figure><\/li><li class=\"blocks-gallery-item\"><figure><img loading=\"lazy\" decoding=\"async\" width=\"1024\" height=\"678\" src=\"https:\/\/blogs.uni-paderborn.de\/zwischenmiete\/files\/2022\/02\/DSC_0059-2-1024x678.jpg\" alt=\"\" data-id=\"446\" data-full-url=\"https:\/\/blogs.uni-paderborn.de\/zwischenmiete\/files\/2022\/02\/DSC_0059-2-scaled.jpg\" data-link=\"https:\/\/blogs.uni-paderborn.de\/zwischenmiete\/2021-22\/dsc_0059-2\/\" class=\"wp-image-446\" srcset=\"https:\/\/blogs.uni-paderborn.de\/zwischenmiete\/files\/2022\/02\/DSC_0059-2-1024x678.jpg 1024w, https:\/\/blogs.uni-paderborn.de\/zwischenmiete\/files\/2022\/02\/DSC_0059-2-300x199.jpg 300w, https:\/\/blogs.uni-paderborn.de\/zwischenmiete\/files\/2022\/02\/DSC_0059-2-768x509.jpg 768w, https:\/\/blogs.uni-paderborn.de\/zwischenmiete\/files\/2022\/02\/DSC_0059-2-1536x1017.jpg 1536w, https:\/\/blogs.uni-paderborn.de\/zwischenmiete\/files\/2022\/02\/DSC_0059-2-2048x1356.jpg 2048w\" sizes=\"auto, (max-width: 1024px) 100vw, 1024px\" \/><\/figure><\/li><li class=\"blocks-gallery-item\"><figure><img loading=\"lazy\" decoding=\"async\" width=\"1024\" height=\"683\" src=\"https:\/\/blogs.uni-paderborn.de\/zwischenmiete\/files\/2022\/02\/IMG_2789-1024x683.jpg\" alt=\"\" data-id=\"445\" data-full-url=\"https:\/\/blogs.uni-paderborn.de\/zwischenmiete\/files\/2022\/02\/IMG_2789-scaled.jpg\" data-link=\"https:\/\/blogs.uni-paderborn.de\/zwischenmiete\/2021-22\/img_2789\/\" class=\"wp-image-445\" srcset=\"https:\/\/blogs.uni-paderborn.de\/zwischenmiete\/files\/2022\/02\/IMG_2789-1024x683.jpg 1024w, https:\/\/blogs.uni-paderborn.de\/zwischenmiete\/files\/2022\/02\/IMG_2789-300x200.jpg 300w, https:\/\/blogs.uni-paderborn.de\/zwischenmiete\/files\/2022\/02\/IMG_2789-768x512.jpg 768w, https:\/\/blogs.uni-paderborn.de\/zwischenmiete\/files\/2022\/02\/IMG_2789-1536x1024.jpg 1536w, https:\/\/blogs.uni-paderborn.de\/zwischenmiete\/files\/2022\/02\/IMG_2789-2048x1365.jpg 2048w\" sizes=\"auto, (max-width: 1024px) 100vw, 1024px\" \/><\/figure><\/li><li class=\"blocks-gallery-item\"><figure><img loading=\"lazy\" decoding=\"async\" width=\"1024\" height=\"683\" src=\"https:\/\/blogs.uni-paderborn.de\/zwischenmiete\/files\/2022\/02\/IMG_2773-1024x683.jpg\" alt=\"\" data-id=\"444\" data-full-url=\"https:\/\/blogs.uni-paderborn.de\/zwischenmiete\/files\/2022\/02\/IMG_2773-scaled.jpg\" data-link=\"https:\/\/blogs.uni-paderborn.de\/zwischenmiete\/2021-22\/img_2773\/\" class=\"wp-image-444\" srcset=\"https:\/\/blogs.uni-paderborn.de\/zwischenmiete\/files\/2022\/02\/IMG_2773-1024x683.jpg 1024w, https:\/\/blogs.uni-paderborn.de\/zwischenmiete\/files\/2022\/02\/IMG_2773-300x200.jpg 300w, https:\/\/blogs.uni-paderborn.de\/zwischenmiete\/files\/2022\/02\/IMG_2773-768x512.jpg 768w, https:\/\/blogs.uni-paderborn.de\/zwischenmiete\/files\/2022\/02\/IMG_2773-1536x1024.jpg 1536w, https:\/\/blogs.uni-paderborn.de\/zwischenmiete\/files\/2022\/02\/IMG_2773-2048x1365.jpg 2048w\" sizes=\"auto, (max-width: 1024px) 100vw, 1024px\" \/><\/figure><\/li><li class=\"blocks-gallery-item\"><figure><img loading=\"lazy\" decoding=\"async\" width=\"1024\" height=\"683\" src=\"https:\/\/blogs.uni-paderborn.de\/zwischenmiete\/files\/2022\/02\/IMG_2764-1024x683.jpg\" alt=\"\" data-id=\"443\" data-full-url=\"https:\/\/blogs.uni-paderborn.de\/zwischenmiete\/files\/2022\/02\/IMG_2764-scaled.jpg\" data-link=\"https:\/\/blogs.uni-paderborn.de\/zwischenmiete\/2021-22\/img_2764\/\" class=\"wp-image-443\" srcset=\"https:\/\/blogs.uni-paderborn.de\/zwischenmiete\/files\/2022\/02\/IMG_2764-1024x683.jpg 1024w, https:\/\/blogs.uni-paderborn.de\/zwischenmiete\/files\/2022\/02\/IMG_2764-300x200.jpg 300w, https:\/\/blogs.uni-paderborn.de\/zwischenmiete\/files\/2022\/02\/IMG_2764-768x512.jpg 768w, https:\/\/blogs.uni-paderborn.de\/zwischenmiete\/files\/2022\/02\/IMG_2764-1536x1024.jpg 1536w, https:\/\/blogs.uni-paderborn.de\/zwischenmiete\/files\/2022\/02\/IMG_2764-2048x1365.jpg 2048w\" sizes=\"auto, (max-width: 1024px) 100vw, 1024px\" \/><\/figure><\/li><li class=\"blocks-gallery-item\"><figure><img loading=\"lazy\" decoding=\"async\" width=\"1024\" height=\"683\" src=\"https:\/\/blogs.uni-paderborn.de\/zwischenmiete\/files\/2022\/02\/IMG_2755-1024x683.jpg\" alt=\"\" data-id=\"442\" data-full-url=\"https:\/\/blogs.uni-paderborn.de\/zwischenmiete\/files\/2022\/02\/IMG_2755-scaled.jpg\" data-link=\"https:\/\/blogs.uni-paderborn.de\/zwischenmiete\/2021-22\/img_2755\/\" class=\"wp-image-442\" srcset=\"https:\/\/blogs.uni-paderborn.de\/zwischenmiete\/files\/2022\/02\/IMG_2755-1024x683.jpg 1024w, https:\/\/blogs.uni-paderborn.de\/zwischenmiete\/files\/2022\/02\/IMG_2755-300x200.jpg 300w, https:\/\/blogs.uni-paderborn.de\/zwischenmiete\/files\/2022\/02\/IMG_2755-768x512.jpg 768w, https:\/\/blogs.uni-paderborn.de\/zwischenmiete\/files\/2022\/02\/IMG_2755-1536x1024.jpg 1536w, https:\/\/blogs.uni-paderborn.de\/zwischenmiete\/files\/2022\/02\/IMG_2755-2048x1365.jpg 2048w\" sizes=\"auto, (max-width: 1024px) 100vw, 1024px\" \/><\/figure><\/li><li class=\"blocks-gallery-item\"><figure><img loading=\"lazy\" decoding=\"async\" width=\"1024\" height=\"678\" src=\"https:\/\/blogs.uni-paderborn.de\/zwischenmiete\/files\/2022\/02\/DSC_0315-1-1024x678.jpg\" alt=\"\" data-id=\"438\" data-full-url=\"https:\/\/blogs.uni-paderborn.de\/zwischenmiete\/files\/2022\/02\/DSC_0315-1-scaled.jpg\" data-link=\"https:\/\/blogs.uni-paderborn.de\/zwischenmiete\/2021-22\/dsc_0315-1\/\" class=\"wp-image-438\" srcset=\"https:\/\/blogs.uni-paderborn.de\/zwischenmiete\/files\/2022\/02\/DSC_0315-1-1024x678.jpg 1024w, https:\/\/blogs.uni-paderborn.de\/zwischenmiete\/files\/2022\/02\/DSC_0315-1-300x199.jpg 300w, https:\/\/blogs.uni-paderborn.de\/zwischenmiete\/files\/2022\/02\/DSC_0315-1-768x509.jpg 768w, https:\/\/blogs.uni-paderborn.de\/zwischenmiete\/files\/2022\/02\/DSC_0315-1-1536x1017.jpg 1536w, https:\/\/blogs.uni-paderborn.de\/zwischenmiete\/files\/2022\/02\/DSC_0315-1-2048x1356.jpg 2048w\" sizes=\"auto, (max-width: 1024px) 100vw, 1024px\" \/><\/figure><\/li><\/ul><\/figure>\n\n\n\n<p><\/p>\n","protected":false},"excerpt":{"rendered":"<p>Die f\u00fcnfte Ausgabe der&nbsp;Konzertreihe \u201eZwischenmiete\u201c&nbsp;setzt sich unter dem Motto&nbsp;\u201eUndairground Power\u201c mit dem Thema Nachhaltigkeit auseinander. Bereits zum f\u00fcnften Mal konzipierten und organisierten Masterstudierende der Universit\u00e4t&nbsp;Paderborn im Rahmen eines Seminars die Konzertreihe \u201cZwischenmiete\u201d. Das&nbsp;Kooperationsprojekt zwischen der Universit\u00e4t Paderborn und dem Kulturamt der Stadt Paderborn brachte auch in dieser Ausgabe Kultur an ungew\u00f6hnliche Orte der Region und &hellip; <a href=\"https:\/\/blogs.uni-paderborn.de\/zwischenmiete\/2021-22\/\" class=\"more-link\"><span class=\"screen-reader-text\">2021\/22<\/span> weiterlesen<\/a><\/p>\n","protected":false},"author":9052,"featured_media":0,"parent":0,"menu_order":0,"comment_status":"closed","ping_status":"closed","template":"","meta":{"footnotes":""},"class_list":["post-422","page","type-page","status-publish","hentry"],"_links":{"self":[{"href":"https:\/\/blogs.uni-paderborn.de\/zwischenmiete\/wp-json\/wp\/v2\/pages\/422","targetHints":{"allow":["GET"]}}],"collection":[{"href":"https:\/\/blogs.uni-paderborn.de\/zwischenmiete\/wp-json\/wp\/v2\/pages"}],"about":[{"href":"https:\/\/blogs.uni-paderborn.de\/zwischenmiete\/wp-json\/wp\/v2\/types\/page"}],"author":[{"embeddable":true,"href":"https:\/\/blogs.uni-paderborn.de\/zwischenmiete\/wp-json\/wp\/v2\/users\/9052"}],"replies":[{"embeddable":true,"href":"https:\/\/blogs.uni-paderborn.de\/zwischenmiete\/wp-json\/wp\/v2\/comments?post=422"}],"version-history":[{"count":5,"href":"https:\/\/blogs.uni-paderborn.de\/zwischenmiete\/wp-json\/wp\/v2\/pages\/422\/revisions"}],"predecessor-version":[{"id":449,"href":"https:\/\/blogs.uni-paderborn.de\/zwischenmiete\/wp-json\/wp\/v2\/pages\/422\/revisions\/449"}],"wp:attachment":[{"href":"https:\/\/blogs.uni-paderborn.de\/zwischenmiete\/wp-json\/wp\/v2\/media?parent=422"}],"curies":[{"name":"wp","href":"https:\/\/api.w.org\/{rel}","templated":true}]}}