{"id":273,"date":"2021-11-19T12:31:28","date_gmt":"2021-11-19T11:31:28","guid":{"rendered":"https:\/\/blogs.uni-paderborn.de\/zwischenmiete\/?page_id=273"},"modified":"2025-06-25T11:20:32","modified_gmt":"2025-06-25T09:20:32","slug":"startseite","status":"publish","type":"page","link":"https:\/\/blogs.uni-paderborn.de\/zwischenmiete\/","title":{"rendered":"Aktuelles"},"content":{"rendered":"<div class=\"twoclick_social_bookmarks_post_273 social_share_privacy clearfix 1.6.4 locale-de_DE sprite-de_DE\"><\/div><div class=\"twoclick-js\"><script type=\"text\/javascript\">\/* <![CDATA[ *\/\njQuery(document).ready(function($){if($('.twoclick_social_bookmarks_post_273')){$('.twoclick_social_bookmarks_post_273').socialSharePrivacy({\"txt_help\":\"Wenn Sie diese Felder durch einen Klick aktivieren, werden Informationen an Facebook, Twitter, Flattr, Xing, t3n, LinkedIn, Pinterest oder Google eventuell ins Ausland \\u00fcbertragen und unter Umst\\u00e4nden auch dort gespeichert. N\\u00e4heres erfahren Sie durch einen Klick auf das <em>i<\\\/em>.\",\"settings_perma\":\"Dauerhaft aktivieren und Daten\\u00fcber-tragung zustimmen:\",\"info_link\":\"http:\\\/\\\/www.heise.de\\\/ct\\\/artikel\\\/2-Klicks-fuer-mehr-Datenschutz-1333879.html\",\"uri\":\"https:\\\/\\\/blogs.uni-paderborn.de\\\/zwischenmiete\\\/\",\"post_id\":273,\"post_title_referrer_track\":\"Aktuelles\",\"display_infobox\":\"on\"});}});\n\/* ]]> *\/<\/script><\/div>\n<p>Im Wintersemester 2025\/26 geht es weiter mit unserer &#8222;Zwischenmiete&#8220;-Konzertreihe! Die Zeit bis dahin l\u00e4sst sich am besten mit den Mitschnitten und Aftermovies der letzten Streaming-Ausgaben \u00fcberbr\u00fccken. Zu den Videos geht es <a href=\"https:\/\/www.youtube.com\/channel\/UCWg2E2gtc3u3RGSMt9QBZ0A\" data-type=\"URL\" data-id=\"https:\/\/www.youtube.com\/channel\/UCWg2E2gtc3u3RGSMt9QBZ0A\" target=\"_blank\" rel=\"noreferrer noopener\">HIER<\/a>.<\/p>\n","protected":false},"excerpt":{"rendered":"<p>Im Wintersemester 2025\/26 geht es weiter mit unserer &#8222;Zwischenmiete&#8220;-Konzertreihe! Die Zeit bis dahin l\u00e4sst sich am besten mit den Mitschnitten und Aftermovies der letzten Streaming-Ausgaben \u00fcberbr\u00fccken. Zu den Videos geht es HIER.<\/p>\n","protected":false},"author":9052,"featured_media":0,"parent":0,"menu_order":0,"comment_status":"closed","ping_status":"closed","template":"","meta":{"footnotes":""},"class_list":["post-273","page","type-page","status-publish","hentry"],"_links":{"self":[{"href":"https:\/\/blogs.uni-paderborn.de\/zwischenmiete\/wp-json\/wp\/v2\/pages\/273","targetHints":{"allow":["GET"]}}],"collection":[{"href":"https:\/\/blogs.uni-paderborn.de\/zwischenmiete\/wp-json\/wp\/v2\/pages"}],"about":[{"href":"https:\/\/blogs.uni-paderborn.de\/zwischenmiete\/wp-json\/wp\/v2\/types\/page"}],"author":[{"embeddable":true,"href":"https:\/\/blogs.uni-paderborn.de\/zwischenmiete\/wp-json\/wp\/v2\/users\/9052"}],"replies":[{"embeddable":true,"href":"https:\/\/blogs.uni-paderborn.de\/zwischenmiete\/wp-json\/wp\/v2\/comments?post=273"}],"version-history":[{"count":14,"href":"https:\/\/blogs.uni-paderborn.de\/zwischenmiete\/wp-json\/wp\/v2\/pages\/273\/revisions"}],"predecessor-version":[{"id":653,"href":"https:\/\/blogs.uni-paderborn.de\/zwischenmiete\/wp-json\/wp\/v2\/pages\/273\/revisions\/653"}],"wp:attachment":[{"href":"https:\/\/blogs.uni-paderborn.de\/zwischenmiete\/wp-json\/wp\/v2\/media?parent=273"}],"curies":[{"name":"wp","href":"https:\/\/api.w.org\/{rel}","templated":true}]}}