{"id":63,"date":"2019-12-08T13:39:11","date_gmt":"2019-12-08T12:39:11","guid":{"rendered":"https:\/\/blogs.uni-paderborn.de\/zekkblog\/?page_id=63"},"modified":"2023-10-05T23:40:13","modified_gmt":"2023-10-05T21:40:13","slug":"der-blokk","status":"publish","type":"page","link":"https:\/\/blogs.uni-paderborn.de\/zekkblog\/der-blokk\/","title":{"rendered":"Der BloKK"},"content":{"rendered":"<div class=\"twoclick_social_bookmarks_post_63 social_share_privacy clearfix 1.6.4 locale-de_DE sprite-de_DE\"><\/div><div class=\"twoclick-js\"><script type=\"text\/javascript\">\/* <![CDATA[ *\/\njQuery(document).ready(function($){if($('.twoclick_social_bookmarks_post_63')){$('.twoclick_social_bookmarks_post_63').socialSharePrivacy({\"txt_help\":\"Wenn Sie diese Felder durch einen Klick aktivieren, werden Informationen an Facebook, Twitter, Flattr, Xing, t3n, LinkedIn, Pinterest oder Google eventuell ins Ausland \\u00fcbertragen und unter Umst\\u00e4nden auch dort gespeichert. N\\u00e4heres erfahren Sie durch einen Klick auf das <em>i<\\\/em>.\",\"settings_perma\":\"Dauerhaft aktivieren und Daten\\u00fcber-tragung zustimmen:\",\"info_link\":\"http:\\\/\\\/www.heise.de\\\/ct\\\/artikel\\\/2-Klicks-fuer-mehr-Datenschutz-1333879.html\",\"uri\":\"https:\\\/\\\/blogs.uni-paderborn.de\\\/zekkblog\\\/der-blokk\\\/\",\"post_id\":63,\"post_title_referrer_track\":\"Der+BloKK\",\"display_infobox\":\"on\"});}});\n\/* ]]> *\/<\/script><\/div>\n<p>Der Blog des Zentrums f\u00fcr Komparative Theologie und Kulturwissenschaften &#8211; der BloKK &#8211; an der Universit\u00e4t Paderborn bringt in w\u00f6chentlichen Beitr\u00e4gen verschiedene Perspektiven auf die Wechselwirkung von Theologie, Kultur und Gesellschaft zusammen. Die Beitr\u00e4ge werden von Mitgliedern des ZeKKs oder eingeladenen G\u00e4st*innen eingebracht, die sich der Komparativen Theologie verpflichtet f\u00fchlen oder sich aus kulturwissenschaftlicher Perspektive zeitgeschichtlichen Themen aus diesem Themenkomplex ann\u00e4hern.<\/p>\n\n\n\n<p>Die Kommunikation wissenschaftlicher Arbeit ist eine der zentralen selbstgestellten Aufgaben des Zentrums. Manche der Beitr\u00e4ge widmen sich dem Auftrag, aktuelle Ereignisse in Religion und Kultur mit den Forschungsschwerpunkten und den verschiedenen disziplin\u00e4ren Ans\u00e4tzen am ZeKK zu verkn\u00fcpfen. Andere Beitr\u00e4ge widmen sich den gesellschaftlich relevanten Themen mehr aus einer popul\u00e4rwissenschaftlichen oder pers\u00f6nlich motivierten Perspektive. Zielgruppe sind sowohl die wissenschaftliche Community als auch die breite \u00d6ffentlichkeit, da der BloKK als Schnittstelle zwischen Universit\u00e4t und Gesellschaft dienen m\u00f6chte.<\/p>\n\n\n\n<p>Da es sich um verschiedene Sichtweisen aus unserer interdiziplin\u00e4ren Forschungseinrichtung oder dar\u00fcber hinaus handelt, die im BloKK eingebracht werden, k\u00f6nnen die einzelnen Beitr\u00e4ge nicht f\u00fcr &#8222;das gesamte ZeKK&#8220; sprechen, sondern nur eben diese einzelnen Perspektiven anbieten.<\/p>\n\n\n\n<p>W\u00f6chentlich am Freitag &#8211; manchmal auch samstags &#8211; werden neue Beitr\u00e4ge von Paderborner Wissenschaftler*innen oder G\u00e4st*innen anderer wissenschaftlicher oder gesellschaftlich relevanter Institutionen, mit denen das ZeKK assoziiert ist, eingestellt.<\/p>\n\n\n\n<figure class=\"wp-block-image size-large\"><img loading=\"lazy\" decoding=\"async\" width=\"1024\" height=\"287\" src=\"https:\/\/blogs.uni-paderborn.de\/zekkblog\/files\/2023\/10\/blokk-weiss-1-1024x287.png\" alt=\"\" class=\"wp-image-1416\" srcset=\"https:\/\/blogs.uni-paderborn.de\/zekkblog\/files\/2023\/10\/blokk-weiss-1-1024x287.png 1024w, https:\/\/blogs.uni-paderborn.de\/zekkblog\/files\/2023\/10\/blokk-weiss-1-300x84.png 300w, https:\/\/blogs.uni-paderborn.de\/zekkblog\/files\/2023\/10\/blokk-weiss-1-768x215.png 768w, https:\/\/blogs.uni-paderborn.de\/zekkblog\/files\/2023\/10\/blokk-weiss-1-1536x430.png 1536w, https:\/\/blogs.uni-paderborn.de\/zekkblog\/files\/2023\/10\/blokk-weiss-1-2048x573.png 2048w, https:\/\/blogs.uni-paderborn.de\/zekkblog\/files\/2023\/10\/blokk-weiss-1-500x140.png 500w\" sizes=\"auto, (max-width: 1024px) 100vw, 1024px\" \/><\/figure>\n","protected":false},"excerpt":{"rendered":"<p>Der Blog des Zentrums f\u00fcr Komparative Theologie und Kulturwissenschaften &#8211; der BloKK &#8211; an der Universit\u00e4t Paderborn bringt in w\u00f6chentlichen Beitr\u00e4gen verschiedene Perspektiven auf die Wechselwirkung von Theologie, Kultur und Gesellschaft zusammen. Die Beitr\u00e4ge werden von Mitgliedern des ZeKKs oder &hellip; <a href=\"https:\/\/blogs.uni-paderborn.de\/zekkblog\/der-blokk\/\">Weiterlesen <span class=\"meta-nav\">&rarr;<\/span><\/a><\/p>\n","protected":false},"author":9305,"featured_media":0,"parent":0,"menu_order":0,"comment_status":"closed","ping_status":"closed","template":"","meta":{"footnotes":""},"class_list":["post-63","page","type-page","status-publish","hentry"],"_links":{"self":[{"href":"https:\/\/blogs.uni-paderborn.de\/zekkblog\/wp-json\/wp\/v2\/pages\/63","targetHints":{"allow":["GET"]}}],"collection":[{"href":"https:\/\/blogs.uni-paderborn.de\/zekkblog\/wp-json\/wp\/v2\/pages"}],"about":[{"href":"https:\/\/blogs.uni-paderborn.de\/zekkblog\/wp-json\/wp\/v2\/types\/page"}],"author":[{"embeddable":true,"href":"https:\/\/blogs.uni-paderborn.de\/zekkblog\/wp-json\/wp\/v2\/users\/9305"}],"replies":[{"embeddable":true,"href":"https:\/\/blogs.uni-paderborn.de\/zekkblog\/wp-json\/wp\/v2\/comments?post=63"}],"version-history":[{"count":4,"href":"https:\/\/blogs.uni-paderborn.de\/zekkblog\/wp-json\/wp\/v2\/pages\/63\/revisions"}],"predecessor-version":[{"id":1417,"href":"https:\/\/blogs.uni-paderborn.de\/zekkblog\/wp-json\/wp\/v2\/pages\/63\/revisions\/1417"}],"wp:attachment":[{"href":"https:\/\/blogs.uni-paderborn.de\/zekkblog\/wp-json\/wp\/v2\/media?parent=63"}],"curies":[{"name":"wp","href":"https:\/\/api.w.org\/{rel}","templated":true}]}}