{"id":4,"date":"2019-12-04T17:12:52","date_gmt":"2019-12-04T16:12:52","guid":{"rendered":"https:\/\/blogs.uni-paderborn.de\/zekkblog\/?page_id=2"},"modified":"2022-10-06T01:08:37","modified_gmt":"2022-10-05T23:08:37","slug":"beispiel-seite","status":"publish","type":"page","link":"https:\/\/blogs.uni-paderborn.de\/zekkblog\/beispiel-seite\/","title":{"rendered":"Das ZeKK"},"content":{"rendered":"<div class=\"twoclick_social_bookmarks_post_4 social_share_privacy clearfix 1.6.4 locale-de_DE sprite-de_DE\"><\/div><div class=\"twoclick-js\"><script type=\"text\/javascript\">\/* <![CDATA[ *\/\njQuery(document).ready(function($){if($('.twoclick_social_bookmarks_post_4')){$('.twoclick_social_bookmarks_post_4').socialSharePrivacy({\"txt_help\":\"Wenn Sie diese Felder durch einen Klick aktivieren, werden Informationen an Facebook, Twitter, Flattr, Xing, t3n, LinkedIn, Pinterest oder Google eventuell ins Ausland \\u00fcbertragen und unter Umst\\u00e4nden auch dort gespeichert. N\\u00e4heres erfahren Sie durch einen Klick auf das <em>i<\\\/em>.\",\"settings_perma\":\"Dauerhaft aktivieren und Daten\\u00fcber-tragung zustimmen:\",\"info_link\":\"http:\\\/\\\/www.heise.de\\\/ct\\\/artikel\\\/2-Klicks-fuer-mehr-Datenschutz-1333879.html\",\"uri\":\"https:\\\/\\\/blogs.uni-paderborn.de\\\/zekkblog\\\/beispiel-seite\\\/\",\"post_id\":4,\"post_title_referrer_track\":\"Das+ZeKK\",\"display_infobox\":\"on\"});}});\n\/* ]]> *\/<\/script><\/div><p>ZeKK steht f\u00fcr \u201eZentrum f\u00fcr Komparative Theologie und Kulturwissenschaften\u201c und wurde im November 2009 als neue interdisziplin\u00e4re Forschungseinrichtung an der Universit\u00e4t Paderborn gegr\u00fcndet.<\/p>\n<p>Der Grundgedanke ist die Zusammenarbeit unterschiedlicher Theologien und Kulturwissenschaften in einem Forschungsverbund, die sich im Diskurs als gleichberechtigte Partner durch ihre unterschiedlichen Perspektiven, Erfahrungen und Methoden bereichern.<\/p>\n<p>N\u00e4here Informationen zum ZeKK finden Sie auf unserer Homepage:<\/p>\n<p><a href=\"https:\/\/kw.uni-paderborn.de\/zekk\">https:\/\/kw.uni-paderborn.de\/zekk<\/a><\/p>\n<p>Zudem k\u00f6nnen Sie gerne unsere Social Media Seiten besuchen und dort kommentieren:<\/p>\n<p><a href=\"https:\/\/www.facebook.com\/zekkpb\">https:\/\/www.facebook.com\/zekkpb<\/a><br \/>\n<a href=\"https:\/\/www.instagram.com\/zekk_upb\">https:\/\/www.instagram.com\/zekk_upb<\/a><br \/>\n<a href=\"https:\/\/twitter.com\/zekk_paderborn\">https:\/\/twitter.com\/zekk_paderborn<\/a><\/p>\n<p><strong>Impressum<\/strong><\/p>\n<div class=\"article_text\">\n<p><strong>Zentrum f\u00fcr Komparative Theologie und Kulturwissenschaften (ZeKK)<br \/>\n<\/strong>Universit\u00e4t Paderborn<br \/>\nFakult\u00e4t f\u00fcr Kulturwissenschaften<br \/>\nWarburger Str. 100<br \/>\nD-33098 Paderborn<strong><br \/>\n<\/strong>E-Mail: zekk@upb.de<\/p>\n<p><a href=\"https:\/\/blogs.uni-paderborn.de\/datenschutzerklaerung\/\">Datenschutzerkl\u00e4rung<\/a><\/p>\n<\/div>\n","protected":false},"excerpt":{"rendered":"<p>ZeKK steht f\u00fcr \u201eZentrum f\u00fcr Komparative Theologie und Kulturwissenschaften\u201c und wurde im November 2009 als neue interdisziplin\u00e4re Forschungseinrichtung an der Universit\u00e4t Paderborn gegr\u00fcndet. Der Grundgedanke ist die Zusammenarbeit unterschiedlicher Theologien und Kulturwissenschaften in einem Forschungsverbund, die sich im Diskurs als &hellip; <a href=\"https:\/\/blogs.uni-paderborn.de\/zekkblog\/beispiel-seite\/\">Weiterlesen <span class=\"meta-nav\">&rarr;<\/span><\/a><\/p>\n","protected":false},"author":8590,"featured_media":0,"parent":0,"menu_order":0,"comment_status":"closed","ping_status":"open","template":"","meta":{"footnotes":""},"class_list":["post-4","page","type-page","status-publish","hentry"],"_links":{"self":[{"href":"https:\/\/blogs.uni-paderborn.de\/zekkblog\/wp-json\/wp\/v2\/pages\/4","targetHints":{"allow":["GET"]}}],"collection":[{"href":"https:\/\/blogs.uni-paderborn.de\/zekkblog\/wp-json\/wp\/v2\/pages"}],"about":[{"href":"https:\/\/blogs.uni-paderborn.de\/zekkblog\/wp-json\/wp\/v2\/types\/page"}],"author":[{"embeddable":true,"href":"https:\/\/blogs.uni-paderborn.de\/zekkblog\/wp-json\/wp\/v2\/users\/8590"}],"replies":[{"embeddable":true,"href":"https:\/\/blogs.uni-paderborn.de\/zekkblog\/wp-json\/wp\/v2\/comments?post=4"}],"version-history":[{"count":5,"href":"https:\/\/blogs.uni-paderborn.de\/zekkblog\/wp-json\/wp\/v2\/pages\/4\/revisions"}],"predecessor-version":[{"id":1084,"href":"https:\/\/blogs.uni-paderborn.de\/zekkblog\/wp-json\/wp\/v2\/pages\/4\/revisions\/1084"}],"wp:attachment":[{"href":"https:\/\/blogs.uni-paderborn.de\/zekkblog\/wp-json\/wp\/v2\/media?parent=4"}],"curies":[{"name":"wp","href":"https:\/\/api.w.org\/{rel}","templated":true}]}}