{"id":20,"date":"2018-03-23T10:33:07","date_gmt":"2018-03-23T09:33:07","guid":{"rendered":"https:\/\/blogs.uni-paderborn.de\/zeitgeschichte\/?page_id=20"},"modified":"2018-04-09T11:25:01","modified_gmt":"2018-04-09T09:25:01","slug":"ueber","status":"publish","type":"page","link":"https:\/\/blogs.uni-paderborn.de\/zeitgeschichte\/","title":{"rendered":"Zeitgeschichte an der UPB"},"content":{"rendered":"<div class=\"twoclick_social_bookmarks_post_20 social_share_privacy clearfix 1.6.4 locale-de_DE sprite-de_DE\"><\/div><div class=\"twoclick-js\"><script type=\"text\/javascript\">\/* <![CDATA[ *\/\njQuery(document).ready(function($){if($('.twoclick_social_bookmarks_post_20')){$('.twoclick_social_bookmarks_post_20').socialSharePrivacy({\"txt_help\":\"Wenn Sie diese Felder durch einen Klick aktivieren, werden Informationen an Facebook, Twitter, Flattr, Xing, t3n, LinkedIn, Pinterest oder Google eventuell ins Ausland \\u00fcbertragen und unter Umst\\u00e4nden auch dort gespeichert. N\\u00e4heres erfahren Sie durch einen Klick auf das <em>i<\\\/em>.\",\"settings_perma\":\"Dauerhaft aktivieren und Daten\\u00fcber-tragung zustimmen:\",\"info_link\":\"http:\\\/\\\/www.heise.de\\\/ct\\\/artikel\\\/2-Klicks-fuer-mehr-Datenschutz-1333879.html\",\"uri\":\"https:\\\/\\\/blogs.uni-paderborn.de\\\/zeitgeschichte\\\/\",\"post_id\":20,\"post_title_referrer_track\":\"Zeitgeschichte+an+der+UPB\",\"display_infobox\":\"on\"});}});\n\/* ]]> *\/<\/script><\/div><div class=\"article_text\">\n<h2><strong>Herzlich willkommen auf dem Blog des Arbeitsbereichs Zeitgeschichte an der Universit\u00e4t Paderborn.<\/strong><\/h2>\n<p>An Geschichte kommt niemand vorbei, schon gar nicht an der Zeitgeschichte!<\/p>\n<p>Um das Hier und Jetzt zu verstehen, hilft der Blick zur\u00fcck. Ob wir \u00fcber den Umgang mit Migration nachdenken oder \u00fcber unterschiedliche Kulturen und ihre Konstruktionen, ob wir Umweltver\u00e4nderungen oder aktuelle Entwicklungen im modernen Sport reflektieren &#8211;\u00a0 stets greifen wir auf Erfahrungen vergangener Zeiten zur\u00fcck. In der Zeitgeschichte spielen Bez\u00fcge zu gegenw\u00e4rtigen Problemen eine besonders wichtige Rolle. Das macht sie reizvoll und l\u00e4dt zu lebhaften Diskussionen ein. Aus diesem Grunde nehmen Debatten in unseren Seminaren einen breiten Raum ein. Geschichte lernt man auch vor Ort! Studierende k\u00f6nnen auf regelm\u00e4\u00dfig angebotenen Exkursionen u.a. nach Polen, Berlin oder Dresden diese Erfahrung machen. Wir freuen uns auf gemeinsame Veranstaltungen und Diskussionen mit Ihnen.<\/p>\n<\/div>\n","protected":false},"excerpt":{"rendered":"<p>Herzlich willkommen auf dem Blog des Arbeitsbereichs Zeitgeschichte an der Universit\u00e4t Paderborn. An Geschichte kommt niemand vorbei, schon gar nicht an der Zeitgeschichte! Um das Hier und Jetzt zu verstehen, hilft der Blick zur\u00fcck. Ob wir \u00fcber den Umgang mit &hellip; <a href=\"https:\/\/blogs.uni-paderborn.de\/zeitgeschichte\/\">Weiterlesen <span class=\"meta-nav\">&rarr;<\/span><\/a><\/p>\n","protected":false},"author":8114,"featured_media":0,"parent":0,"menu_order":0,"comment_status":"closed","ping_status":"closed","template":"","meta":{"footnotes":""},"class_list":["post-20","page","type-page","status-publish","hentry"],"_links":{"self":[{"href":"https:\/\/blogs.uni-paderborn.de\/zeitgeschichte\/wp-json\/wp\/v2\/pages\/20","targetHints":{"allow":["GET"]}}],"collection":[{"href":"https:\/\/blogs.uni-paderborn.de\/zeitgeschichte\/wp-json\/wp\/v2\/pages"}],"about":[{"href":"https:\/\/blogs.uni-paderborn.de\/zeitgeschichte\/wp-json\/wp\/v2\/types\/page"}],"author":[{"embeddable":true,"href":"https:\/\/blogs.uni-paderborn.de\/zeitgeschichte\/wp-json\/wp\/v2\/users\/8114"}],"replies":[{"embeddable":true,"href":"https:\/\/blogs.uni-paderborn.de\/zeitgeschichte\/wp-json\/wp\/v2\/comments?post=20"}],"version-history":[{"count":4,"href":"https:\/\/blogs.uni-paderborn.de\/zeitgeschichte\/wp-json\/wp\/v2\/pages\/20\/revisions"}],"predecessor-version":[{"id":69,"href":"https:\/\/blogs.uni-paderborn.de\/zeitgeschichte\/wp-json\/wp\/v2\/pages\/20\/revisions\/69"}],"wp:attachment":[{"href":"https:\/\/blogs.uni-paderborn.de\/zeitgeschichte\/wp-json\/wp\/v2\/media?parent=20"}],"curies":[{"name":"wp","href":"https:\/\/api.w.org\/{rel}","templated":true}]}}