{"id":16,"date":"2018-03-23T10:32:59","date_gmt":"2018-03-23T09:32:59","guid":{"rendered":"https:\/\/blogs.uni-paderborn.de\/zeitgeschichte\/?page_id=16"},"modified":"2018-04-09T11:24:31","modified_gmt":"2018-04-09T09:24:31","slug":"impressum","status":"publish","type":"page","link":"https:\/\/blogs.uni-paderborn.de\/zeitgeschichte\/impressum\/","title":{"rendered":"Impressum"},"content":{"rendered":"<div class=\"twoclick_social_bookmarks_post_16 social_share_privacy clearfix 1.6.4 locale-de_DE sprite-de_DE\"><\/div><div class=\"twoclick-js\"><script type=\"text\/javascript\">\/* <![CDATA[ *\/\njQuery(document).ready(function($){if($('.twoclick_social_bookmarks_post_16')){$('.twoclick_social_bookmarks_post_16').socialSharePrivacy({\"txt_help\":\"Wenn Sie diese Felder durch einen Klick aktivieren, werden Informationen an Facebook, Twitter, Flattr, Xing, t3n, LinkedIn, Pinterest oder Google eventuell ins Ausland \\u00fcbertragen und unter Umst\\u00e4nden auch dort gespeichert. N\\u00e4heres erfahren Sie durch einen Klick auf das <em>i<\\\/em>.\",\"settings_perma\":\"Dauerhaft aktivieren und Daten\\u00fcber-tragung zustimmen:\",\"info_link\":\"http:\\\/\\\/www.heise.de\\\/ct\\\/artikel\\\/2-Klicks-fuer-mehr-Datenschutz-1333879.html\",\"uri\":\"https:\\\/\\\/blogs.uni-paderborn.de\\\/zeitgeschichte\\\/impressum\\\/\",\"post_id\":16,\"post_title_referrer_track\":\"Impressum\",\"display_infobox\":\"on\"});}});\n\/* ]]> *\/<\/script><\/div><h4>Universit\u00e4t Paderborn<\/h4>\n<div class=\"article_text\">\n<p>Adresse:<br \/>\nUniversit\u00e4t Paderborn<br \/>\nWarburger Str. 100<br \/>\n33098 Paderborn<br \/>\nDeutschland<\/p>\n<p>Telefon: +49 5251 60-0<\/p>\n<p>E-Mail: webmaster@uni-paderborn.de<\/p>\n<p>Internet: www.uni-paderborn.de<\/p>\n<p>Die Universit\u00e4t Paderborn ist eine vom Land NRW getragene, rechtsf\u00e4hige K\u00f6rperschaft des \u00d6ffentlichen Rechts.\u00a0Sie wird durch die Vizepr\u00e4sidentin Simone Probst vertreten.<\/p>\n<p>Zust\u00e4ndige Aufsichtsbeh\u00f6rde: Ministerium f\u00fcr Innovation, Wissenschaft, Forschung und Technologie (MIWFT) des Landes Nordrhein-Westfalen, V\u00f6lklinger Str. 49, 40221 D\u00fcsseldorf, Deutschland<\/p>\n<p>Umsatzsteuer-Identifikationsnummer gem\u00e4\u00df \u00a7 27 a Umsatzsteuergesetz: DE 8112099<\/p>\n<\/div>\n","protected":false},"excerpt":{"rendered":"<p>Universit\u00e4t Paderborn Adresse: Universit\u00e4t Paderborn Warburger Str. 100 33098 Paderborn Deutschland Telefon: +49 5251 60-0 E-Mail: webmaster@uni-paderborn.de Internet: www.uni-paderborn.de Die Universit\u00e4t Paderborn ist eine vom Land NRW getragene, rechtsf\u00e4hige K\u00f6rperschaft des \u00d6ffentlichen Rechts.\u00a0Sie wird durch die Vizepr\u00e4sidentin Simone Probst vertreten. &hellip; <a href=\"https:\/\/blogs.uni-paderborn.de\/zeitgeschichte\/impressum\/\">Weiterlesen <span class=\"meta-nav\">&rarr;<\/span><\/a><\/p>\n","protected":false},"author":8114,"featured_media":0,"parent":0,"menu_order":0,"comment_status":"closed","ping_status":"closed","template":"","meta":{"footnotes":""},"class_list":["post-16","page","type-page","status-publish","hentry"],"_links":{"self":[{"href":"https:\/\/blogs.uni-paderborn.de\/zeitgeschichte\/wp-json\/wp\/v2\/pages\/16","targetHints":{"allow":["GET"]}}],"collection":[{"href":"https:\/\/blogs.uni-paderborn.de\/zeitgeschichte\/wp-json\/wp\/v2\/pages"}],"about":[{"href":"https:\/\/blogs.uni-paderborn.de\/zeitgeschichte\/wp-json\/wp\/v2\/types\/page"}],"author":[{"embeddable":true,"href":"https:\/\/blogs.uni-paderborn.de\/zeitgeschichte\/wp-json\/wp\/v2\/users\/8114"}],"replies":[{"embeddable":true,"href":"https:\/\/blogs.uni-paderborn.de\/zeitgeschichte\/wp-json\/wp\/v2\/comments?post=16"}],"version-history":[{"count":4,"href":"https:\/\/blogs.uni-paderborn.de\/zeitgeschichte\/wp-json\/wp\/v2\/pages\/16\/revisions"}],"predecessor-version":[{"id":77,"href":"https:\/\/blogs.uni-paderborn.de\/zeitgeschichte\/wp-json\/wp\/v2\/pages\/16\/revisions\/77"}],"wp:attachment":[{"href":"https:\/\/blogs.uni-paderborn.de\/zeitgeschichte\/wp-json\/wp\/v2\/media?parent=16"}],"curies":[{"name":"wp","href":"https:\/\/api.w.org\/{rel}","templated":true}]}}