{"id":61,"date":"2022-01-26T19:21:21","date_gmt":"2022-01-26T18:21:21","guid":{"rendered":"https:\/\/blogs.uni-paderborn.de\/upb-meets-osterlauf\/?page_id=61"},"modified":"2025-11-25T12:12:29","modified_gmt":"2025-11-25T11:12:29","slug":"wir-ueber-uns","status":"publish","type":"page","link":"https:\/\/blogs.uni-paderborn.de\/upb-meets-osterlauf\/wir-ueber-uns\/","title":{"rendered":"Wir \u00fcber uns"},"content":{"rendered":"<div class=\"twoclick_social_bookmarks_post_61 social_share_privacy clearfix 1.6.4 locale-de_DE sprite-de_DE\"><\/div><div class=\"twoclick-js\"><script type=\"text\/javascript\">\/* <![CDATA[ *\/\njQuery(document).ready(function($){if($('.twoclick_social_bookmarks_post_61')){$('.twoclick_social_bookmarks_post_61').socialSharePrivacy({\"txt_help\":\"Wenn Sie diese Felder durch einen Klick aktivieren, werden Informationen an Facebook, Twitter, Flattr, Xing, t3n, LinkedIn, Pinterest oder Google eventuell ins Ausland \\u00fcbertragen und unter Umst\\u00e4nden auch dort gespeichert. N\\u00e4heres erfahren Sie durch einen Klick auf das <em>i<\\\/em>.\",\"settings_perma\":\"Dauerhaft aktivieren und Daten\\u00fcber-tragung zustimmen:\",\"info_link\":\"http:\\\/\\\/www.heise.de\\\/ct\\\/artikel\\\/2-Klicks-fuer-mehr-Datenschutz-1333879.html\",\"uri\":\"https:\\\/\\\/blogs.uni-paderborn.de\\\/upb-meets-osterlauf\\\/wir-ueber-uns\\\/\",\"post_id\":61,\"post_title_referrer_track\":\"Wir+%C3%BCber+uns\",\"display_infobox\":\"on\"});}});\n\/* ]]> *\/<\/script><\/div>\n<p><\/p>\n\n\n\n<p>Wir sind die Studierenden des Studiengang \u201eSport\u00f6konomie\u201c an der Universit\u00e4t Paderborn im Rahmen des Seminars \u201eSport- und Eventmanagement\u201c unter der Leitung von Dr. Lars Riedl.<\/p>\n\n\n\n<p>Die Jahre zuvor haben die Studierenden den TK-Campuslauf im Rahmen dieser Veranstaltung organisiert. Da der Campuslauf nicht mehr stattfinden kann, haben die Teilnehmenden der Lehrveranstaltung von Herrn Dr. Lars Riedl, die Sport\u00f6konomen, im Jahr 2022 erstmals den Paderborner Osterlauf mit organisiert. Das Besondere daran ist, dass die Teilnehmer dadurch an einer internen Uniwertung teilnehmen und sich untereinander messen k\u00f6nnen.<\/p>\n\n\n\n<p>F\u00fcr eine effektive Organisation ist das Seminar in verschiedene Gruppen eingeteilt:<\/p>\n\n\n\n<p><strong>Gruppe Projektmanagement<\/strong><br><br>Die Gruppe des Projektmanangements organisiert die Gestaltung des Projektes und stimmt Projektziele ab. Sie plant Termine und Projektleistungen in Verbindung mit den anderen Gruppen. Zudem hat die Gruppe einen Gesamt\u00fcberblick \u00fcber das Budget und das Material.<\/p>\n\n\n\n<p><strong>Gruppe Wettkampforganisation<\/strong><br><br>Die Gruppe der Wettkampforganisation ist f\u00fcr das Organisieren des Tagesgeschehens und den reibungslosen Ablauf des Osterlaufes zust\u00e4ndig. Zu ihren Aufgaben geh\u00f6ren z.B. das Absichern der Strecke, die Anmeldung der Studierenden, sowie die anschlie\u00dfende Siegerehrung der Studenten.<\/p>\n\n\n\n<p><strong>Gruppe Sponsoring<\/strong><br><br>Die Gruppe des Sponsorings kooperiert mit Unternehmen, die den Osterlauf finanziell unterst\u00fctzen wollen. Daf\u00fcr werden Sponsoring-Pakete erarbeitet, welche unterschiedliche Dienstleistungen und materielle Sachleistungen beinhalten. So ist es gew\u00e4hrt, dass alle Ausgaben f\u00fcr die Organisation des Osterlaufs abgedeckt werden. <\/p>\n\n\n\n<p><strong>Gruppe \u00d6ffentlichkeitsarbeit<\/strong><br><br>Die Gruppe der \u00d6ffentlichkeitsarbeit macht auf den Osterlauf durch verschiedene Marketingstrategien aufmerksam. Dies erfolgt \u00fcber unsere Social Media-Kan\u00e4le auf Instagram und TikTok. Au\u00dferdem werden Plakate und Flyer erstellt, die in der Stadt und in der Universit\u00e4t verteilt werden. Unsere Homepage informiert \u00fcber allgemeine Informationen und die interne Studierendenwertung.<\/p>\n\n\n\n<p><\/p>\n","protected":false},"excerpt":{"rendered":"<p>Wir sind die Studierenden des Studiengang \u201eSport\u00f6konomie\u201c an der Universit\u00e4t Paderborn im Rahmen des Seminars \u201eSport- und Eventmanagement\u201c unter der Leitung von Dr. Lars Riedl. Die Jahre zuvor haben die Studierenden den TK-Campuslauf im Rahmen dieser Veranstaltung organisiert. Da der Campuslauf nicht mehr stattfinden kann, haben die Teilnehmenden der Lehrveranstaltung von Herrn Dr. Lars Riedl, [&hellip;]<\/p>\n","protected":false},"author":9164,"featured_media":0,"parent":0,"menu_order":0,"comment_status":"closed","ping_status":"closed","template":"","meta":{"footnotes":""},"class_list":["post-61","page","type-page","status-publish","hentry"],"_links":{"self":[{"href":"https:\/\/blogs.uni-paderborn.de\/upb-meets-osterlauf\/wp-json\/wp\/v2\/pages\/61","targetHints":{"allow":["GET"]}}],"collection":[{"href":"https:\/\/blogs.uni-paderborn.de\/upb-meets-osterlauf\/wp-json\/wp\/v2\/pages"}],"about":[{"href":"https:\/\/blogs.uni-paderborn.de\/upb-meets-osterlauf\/wp-json\/wp\/v2\/types\/page"}],"author":[{"embeddable":true,"href":"https:\/\/blogs.uni-paderborn.de\/upb-meets-osterlauf\/wp-json\/wp\/v2\/users\/9164"}],"replies":[{"embeddable":true,"href":"https:\/\/blogs.uni-paderborn.de\/upb-meets-osterlauf\/wp-json\/wp\/v2\/comments?post=61"}],"version-history":[{"count":15,"href":"https:\/\/blogs.uni-paderborn.de\/upb-meets-osterlauf\/wp-json\/wp\/v2\/pages\/61\/revisions"}],"predecessor-version":[{"id":1117,"href":"https:\/\/blogs.uni-paderborn.de\/upb-meets-osterlauf\/wp-json\/wp\/v2\/pages\/61\/revisions\/1117"}],"wp:attachment":[{"href":"https:\/\/blogs.uni-paderborn.de\/upb-meets-osterlauf\/wp-json\/wp\/v2\/media?parent=61"}],"curies":[{"name":"wp","href":"https:\/\/api.w.org\/{rel}","templated":true}]}}