{"id":60,"date":"2022-01-26T19:21:21","date_gmt":"2022-01-26T18:21:21","guid":{"rendered":"https:\/\/blogs.uni-paderborn.de\/upb-meets-osterlauf\/?page_id=60"},"modified":"2025-12-02T12:07:48","modified_gmt":"2025-12-02T11:07:48","slug":"ergebnisse","status":"publish","type":"page","link":"https:\/\/blogs.uni-paderborn.de\/upb-meets-osterlauf\/ergebnisse\/","title":{"rendered":"Ergebnisse"},"content":{"rendered":"<div class=\"twoclick_social_bookmarks_post_60 social_share_privacy clearfix 1.6.4 locale-de_DE sprite-de_DE\"><\/div><div class=\"twoclick-js\"><script type=\"text\/javascript\">\/* <![CDATA[ *\/\njQuery(document).ready(function($){if($('.twoclick_social_bookmarks_post_60')){$('.twoclick_social_bookmarks_post_60').socialSharePrivacy({\"txt_help\":\"Wenn Sie diese Felder durch einen Klick aktivieren, werden Informationen an Facebook, Twitter, Flattr, Xing, t3n, LinkedIn, Pinterest oder Google eventuell ins Ausland \\u00fcbertragen und unter Umst\\u00e4nden auch dort gespeichert. N\\u00e4heres erfahren Sie durch einen Klick auf das <em>i<\\\/em>.\",\"settings_perma\":\"Dauerhaft aktivieren und Daten\\u00fcber-tragung zustimmen:\",\"info_link\":\"http:\\\/\\\/www.heise.de\\\/ct\\\/artikel\\\/2-Klicks-fuer-mehr-Datenschutz-1333879.html\",\"uri\":\"https:\\\/\\\/blogs.uni-paderborn.de\\\/upb-meets-osterlauf\\\/ergebnisse\\\/\",\"post_id\":60,\"post_title_referrer_track\":\"Ergebnisse\",\"display_infobox\":\"on\"});}});\n\/* ]]> *\/<\/script><\/div>\n<p><strong>Ergebnisse 2025<\/strong><\/p>\n\n\n\n<p>Hier finden sie die Ergebnisse der <strong>Studierendenwertung 2025:<\/strong><\/p>\n\n\n\n<div data-wp-interactive=\"core\/file\" class=\"wp-block-file\"><object data-wp-bind--hidden=\"!state.hasPdfPreview\" hidden class=\"wp-block-file__embed\" data=\"https:\/\/blogs.uni-paderborn.de\/upb-meets-osterlauf\/files\/2025\/04\/5km-Herren.pdf\" type=\"application\/pdf\" style=\"width:100%;height:600px\" aria-label=\"Einbettung von 5km Herren.\"><\/object><a id=\"wp-block-file--media-93e6b22c-0bd8-4e88-b84a-ea5bddfb4829\" href=\"https:\/\/blogs.uni-paderborn.de\/upb-meets-osterlauf\/files\/2025\/04\/5km-Herren.pdf\">5km Herren<\/a><a href=\"https:\/\/blogs.uni-paderborn.de\/upb-meets-osterlauf\/files\/2025\/04\/5km-Herren.pdf\" class=\"wp-block-file__button wp-element-button\" download aria-describedby=\"wp-block-file--media-93e6b22c-0bd8-4e88-b84a-ea5bddfb4829\">Herunterladen<\/a><\/div>\n\n\n\n<div class=\"wp-block-buttons is-layout-flex wp-block-buttons-is-layout-flex\"><\/div>\n\n\n\n<p><strong>Herzlichen Gl\u00fcckwunsch an die Siegerinnen und Sieger der diesj\u00e4hrigen Studierendenwertung<\/strong>!<\/p>\n\n\n\n<p><strong>Paderborn Lippstadt Airport 5km Fit and Fun Lauf<\/strong><\/p>\n\n\n\n<p><strong> M\u00e4nnlich:<\/strong><br>1. Tom-Leon Bens<br>2. Jonas Kannenberg<br>3. Bruno Rudnick<\/p>\n\n\n\n<p><strong> Weiblich:<\/strong><br>1. Nele Weike<br>2. Jana Hoffmann<br>2. Lea Weike<\/p>\n\n\n\n<p><\/p>\n\n\n\n<p><strong>Hotel Vivendi 10km Lauf<\/strong><\/p>\n\n\n\n<p><strong>M\u00e4nnlich:<\/strong><br>1. Matthias Gravendyk<br>2. Jonas Schumacher<br>3. Johannes Hodapp<\/p>\n\n\n\n<p><strong>Weiblich:<\/strong><br>1. Clara Borghoff<br>2. Leni Fieder<br>3. Janine Hermann<\/p>\n\n\n\n<p><\/p>\n\n\n\n<p><strong>Laufladen Endspurt Halbmarathon <\/strong><\/p>\n\n\n\n<p><strong>M\u00e4nnlich:<\/strong><br>1. Maximilian Kaluza<br>2. Jan Brockmeier<br>3. Paul Kottmann<\/p>\n\n\n\n<p><strong>Weiblich:<\/strong><br>1. Victoria Wagner<br>2. Kim Schieke<br>3. Katharina Brennig<\/p>\n\n\n\n<p>Hier findet ihr die Ergebnisse der Studierendenwertung 2024:<\/p>\n\n\n\n<div class=\"wp-block-buttons is-layout-flex wp-block-buttons-is-layout-flex\">\n<div class=\"wp-block-button\"><a class=\"wp-block-button__link has-white-color has-text-color has-background wp-element-button\" href=\"https:\/\/paderborner-osterlauf.r.mikatiming.com\/2024\/\" style=\"background-color:#41bc25\" target=\"_blank\" rel=\"noreferrer noopener\">Ergebnisse der Studierendenwertung 2024<\/a><\/div>\n<\/div>\n\n\n\n<p><strong>Herzlichen Gl\u00fcckwunsch an die Gewinner:innen der diesj\u00e4hrigen Studierendenwertung:<\/strong><\/p>\n\n\n\n<p>Sieger Paderborn Lippstadt Airport 5 km Fit and Fun Lauf (m\u00e4nnlich):<\/p>\n\n\n\n<ol class=\"wp-block-list\">\n<li>Platz: Jonas Kannenberg<\/li>\n\n\n\n<li>Platz: Marc Leineke<\/li>\n\n\n\n<li>Platz: Pascal Kleibrink<\/li>\n<\/ol>\n\n\n\n<p>Siegerinnen Paderborn Lippstadt Airport 5 km Fit and Fun Lauf (weiblich):<\/p>\n\n\n\n<ol class=\"wp-block-list\">\n<li>Platz: Nele Weike<\/li>\n\n\n\n<li>Platz: Lea Weike<\/li>\n\n\n\n<li>Platz: Leni Fieder<\/li>\n<\/ol>\n\n\n\n<p>Sieger Hotel Vivendi 10 km Lauf (m\u00e4nnlich):<\/p>\n\n\n\n<ol class=\"wp-block-list\">\n<li>Platz: Jonas Schumacher<\/li>\n\n\n\n<li>Platz: Nicolas Potthast<\/li>\n\n\n\n<li>Platz: Sebastian Benecke<\/li>\n<\/ol>\n\n\n\n<p>Siegerinnen Hotel Vivendi 10 km Lauf (weiblich):<\/p>\n\n\n\n<ol class=\"wp-block-list\">\n<li>Platz: Clara Borghoff<\/li>\n\n\n\n<li>Platz: Miriam Wimmer<\/li>\n\n\n\n<li>Platz: Lisa Picht<\/li>\n<\/ol>\n\n\n\n<p>Sieger Laufladen Endspurt Halbmarathon (m\u00e4nnlich):<\/p>\n\n\n\n<ol class=\"wp-block-list\">\n<li>Platz: Matthias Gravendyk<\/li>\n\n\n\n<li>Platz: Christian Kie\u00dfler<\/li>\n\n\n\n<li>Platz: Maurice Hoinkis<\/li>\n<\/ol>\n\n\n\n<p>Siegerinnen Laufladen Endspurt Halbmarathon (weiblich):<\/p>\n\n\n\n<ol class=\"wp-block-list\">\n<li>Platz: Hanna Keweloh<\/li>\n\n\n\n<li>Platz: Michelle Kirsch<\/li>\n\n\n\n<li>Platz: Silia Babel<\/li>\n<\/ol>\n","protected":false},"excerpt":{"rendered":"<p>Ergebnisse 2025 Hier finden sie die Ergebnisse der Studierendenwertung 2025: Herzlichen Gl\u00fcckwunsch an die Siegerinnen und Sieger der diesj\u00e4hrigen Studierendenwertung! Paderborn Lippstadt Airport 5km Fit and Fun Lauf M\u00e4nnlich:1. Tom-Leon Bens2. Jonas Kannenberg3. Bruno Rudnick Weiblich:1. Nele Weike2. Jana Hoffmann2. Lea Weike Hotel Vivendi 10km Lauf M\u00e4nnlich:1. Matthias Gravendyk2. Jonas Schumacher3. Johannes Hodapp Weiblich:1. Clara [&hellip;]<\/p>\n","protected":false},"author":9164,"featured_media":0,"parent":0,"menu_order":0,"comment_status":"closed","ping_status":"closed","template":"","meta":{"footnotes":""},"class_list":["post-60","page","type-page","status-publish","hentry"],"_links":{"self":[{"href":"https:\/\/blogs.uni-paderborn.de\/upb-meets-osterlauf\/wp-json\/wp\/v2\/pages\/60","targetHints":{"allow":["GET"]}}],"collection":[{"href":"https:\/\/blogs.uni-paderborn.de\/upb-meets-osterlauf\/wp-json\/wp\/v2\/pages"}],"about":[{"href":"https:\/\/blogs.uni-paderborn.de\/upb-meets-osterlauf\/wp-json\/wp\/v2\/types\/page"}],"author":[{"embeddable":true,"href":"https:\/\/blogs.uni-paderborn.de\/upb-meets-osterlauf\/wp-json\/wp\/v2\/users\/9164"}],"replies":[{"embeddable":true,"href":"https:\/\/blogs.uni-paderborn.de\/upb-meets-osterlauf\/wp-json\/wp\/v2\/comments?post=60"}],"version-history":[{"count":21,"href":"https:\/\/blogs.uni-paderborn.de\/upb-meets-osterlauf\/wp-json\/wp\/v2\/pages\/60\/revisions"}],"predecessor-version":[{"id":1137,"href":"https:\/\/blogs.uni-paderborn.de\/upb-meets-osterlauf\/wp-json\/wp\/v2\/pages\/60\/revisions\/1137"}],"wp:attachment":[{"href":"https:\/\/blogs.uni-paderborn.de\/upb-meets-osterlauf\/wp-json\/wp\/v2\/media?parent=60"}],"curies":[{"name":"wp","href":"https:\/\/api.w.org\/{rel}","templated":true}]}}