{"id":59,"date":"2022-01-26T19:21:21","date_gmt":"2022-01-26T18:21:21","guid":{"rendered":"https:\/\/blogs.uni-paderborn.de\/upb-meets-osterlauf\/?page_id=59"},"modified":"2026-02-25T14:49:02","modified_gmt":"2026-02-25T13:49:02","slug":"anmeldung","status":"publish","type":"page","link":"https:\/\/blogs.uni-paderborn.de\/upb-meets-osterlauf\/anmeldung\/","title":{"rendered":"Anmeldung"},"content":{"rendered":"<div class=\"twoclick_social_bookmarks_post_59 social_share_privacy clearfix 1.6.4 locale-de_DE sprite-de_DE\"><\/div><div class=\"twoclick-js\"><script type=\"text\/javascript\">\/* <![CDATA[ *\/\njQuery(document).ready(function($){if($('.twoclick_social_bookmarks_post_59')){$('.twoclick_social_bookmarks_post_59').socialSharePrivacy({\"txt_help\":\"Wenn Sie diese Felder durch einen Klick aktivieren, werden Informationen an Facebook, Twitter, Flattr, Xing, t3n, LinkedIn, Pinterest oder Google eventuell ins Ausland \\u00fcbertragen und unter Umst\\u00e4nden auch dort gespeichert. N\\u00e4heres erfahren Sie durch einen Klick auf das <em>i<\\\/em>.\",\"settings_perma\":\"Dauerhaft aktivieren und Daten\\u00fcber-tragung zustimmen:\",\"info_link\":\"http:\\\/\\\/www.heise.de\\\/ct\\\/artikel\\\/2-Klicks-fuer-mehr-Datenschutz-1333879.html\",\"uri\":\"https:\\\/\\\/blogs.uni-paderborn.de\\\/upb-meets-osterlauf\\\/anmeldung\\\/\",\"post_id\":59,\"post_title_referrer_track\":\"Anmeldung\",\"display_infobox\":\"on\"});}});\n\/* ]]> *\/<\/script><\/div>\n<p class=\"has-text-align-left\">Da bereits alle Startpl\u00e4tze f\u00fcr den Osterlauf vergeben sind, ist die Anmeldung geschlossen. Insgesamt z\u00e4hlt das <strong>Team<\/strong> <strong>UPB<\/strong> in diesem Jahr <strong>329<\/strong> <strong>Teilnehmer<\/strong>!<\/p>\n\n\n\n<p>F\u00fcr einen Platz auf der Warteliste meldet Euch per E-Mail bei <a href=\"mailto:anmeldung@paderborner-osterlauf.de\" target=\"_blank\" rel=\"noreferrer noopener\">anmeldung@paderborner-osterlauf.de<\/a>.<\/p>\n\n\n\n<hr class=\"wp-block-separator has-alpha-channel-opacity is-style-wide\" \/>\n\n\n\n<p><a href=\"https:\/\/portal.mikatiming.de\/event\/paderborner-osterlauf\/2026\/upb\/de\/\" target=\"_blank\" rel=\"noreferrer noopener\"><strong>Anmeldung f\u00fcr Studierende<\/strong><\/a><\/p>\n\n\n\n<hr class=\"wp-block-separator has-alpha-channel-opacity is-style-wide\" \/>\n\n\n\n<p><a href=\"https:\/\/www.buchsys.de\/paderborn\/angebote\/aktueller_zeitraum\/_Osterlauf.html\" target=\"_blank\" rel=\"noreferrer noopener\"><strong>Anmeldung f\u00fcr Mitarbeitende<\/strong><\/a><\/p>\n\n\n\n<hr class=\"wp-block-separator has-alpha-channel-opacity is-style-wide\" \/>\n\n\n\n<figure class=\"wp-block-gallery has-nested-images columns-default is-cropped wp-block-gallery-1 is-layout-flex wp-block-gallery-is-layout-flex\"><\/figure>\n","protected":false},"excerpt":{"rendered":"<p>Da bereits alle Startpl\u00e4tze f\u00fcr den Osterlauf vergeben sind, ist die Anmeldung geschlossen. Insgesamt z\u00e4hlt das Team UPB in diesem Jahr 329 Teilnehmer! F\u00fcr einen Platz auf der Warteliste meldet Euch per E-Mail bei anmeldung@paderborner-osterlauf.de. Anmeldung f\u00fcr Studierende Anmeldung f\u00fcr Mitarbeitende<\/p>\n","protected":false},"author":9164,"featured_media":0,"parent":0,"menu_order":0,"comment_status":"closed","ping_status":"closed","template":"","meta":{"footnotes":""},"class_list":["post-59","page","type-page","status-publish","hentry"],"_links":{"self":[{"href":"https:\/\/blogs.uni-paderborn.de\/upb-meets-osterlauf\/wp-json\/wp\/v2\/pages\/59","targetHints":{"allow":["GET"]}}],"collection":[{"href":"https:\/\/blogs.uni-paderborn.de\/upb-meets-osterlauf\/wp-json\/wp\/v2\/pages"}],"about":[{"href":"https:\/\/blogs.uni-paderborn.de\/upb-meets-osterlauf\/wp-json\/wp\/v2\/types\/page"}],"author":[{"embeddable":true,"href":"https:\/\/blogs.uni-paderborn.de\/upb-meets-osterlauf\/wp-json\/wp\/v2\/users\/9164"}],"replies":[{"embeddable":true,"href":"https:\/\/blogs.uni-paderborn.de\/upb-meets-osterlauf\/wp-json\/wp\/v2\/comments?post=59"}],"version-history":[{"count":46,"href":"https:\/\/blogs.uni-paderborn.de\/upb-meets-osterlauf\/wp-json\/wp\/v2\/pages\/59\/revisions"}],"predecessor-version":[{"id":1255,"href":"https:\/\/blogs.uni-paderborn.de\/upb-meets-osterlauf\/wp-json\/wp\/v2\/pages\/59\/revisions\/1255"}],"wp:attachment":[{"href":"https:\/\/blogs.uni-paderborn.de\/upb-meets-osterlauf\/wp-json\/wp\/v2\/media?parent=59"}],"curies":[{"name":"wp","href":"https:\/\/api.w.org\/{rel}","templated":true}]}}