{"id":40,"date":"2022-01-25T22:17:41","date_gmt":"2022-01-25T21:17:41","guid":{"rendered":"https:\/\/blogs.uni-paderborn.de\/upb-meets-osterlauf\/?page_id=40"},"modified":"2025-12-02T12:01:56","modified_gmt":"2025-12-02T11:01:56","slug":"strecke","status":"publish","type":"page","link":"https:\/\/blogs.uni-paderborn.de\/upb-meets-osterlauf\/strecke\/","title":{"rendered":"Strecke"},"content":{"rendered":"<div class=\"twoclick_social_bookmarks_post_40 social_share_privacy clearfix 1.6.4 locale-de_DE sprite-de_DE\"><\/div><div class=\"twoclick-js\"><script type=\"text\/javascript\">\/* <![CDATA[ *\/\njQuery(document).ready(function($){if($('.twoclick_social_bookmarks_post_40')){$('.twoclick_social_bookmarks_post_40').socialSharePrivacy({\"txt_help\":\"Wenn Sie diese Felder durch einen Klick aktivieren, werden Informationen an Facebook, Twitter, Flattr, Xing, t3n, LinkedIn, Pinterest oder Google eventuell ins Ausland \\u00fcbertragen und unter Umst\\u00e4nden auch dort gespeichert. N\\u00e4heres erfahren Sie durch einen Klick auf das <em>i<\\\/em>.\",\"settings_perma\":\"Dauerhaft aktivieren und Daten\\u00fcber-tragung zustimmen:\",\"info_link\":\"http:\\\/\\\/www.heise.de\\\/ct\\\/artikel\\\/2-Klicks-fuer-mehr-Datenschutz-1333879.html\",\"uri\":\"https:\\\/\\\/blogs.uni-paderborn.de\\\/upb-meets-osterlauf\\\/strecke\\\/\",\"post_id\":40,\"post_title_referrer_track\":\"Strecke\",\"display_infobox\":\"on\"});}});\n\/* ]]> *\/<\/script><\/div>\n<p><strong>Start und Ziel: <\/strong>Sportzentrum Maspernplatz, Paderborn<\/p>\n\n\n\n<div class=\"wp-block-columns is-layout-flex wp-container-core-columns-is-layout-9d6595d7 wp-block-columns-is-layout-flex\">\n<div class=\"wp-block-column is-layout-flow wp-block-column-is-layout-flow\">\n<p class=\"has-text-align-right\">Start: 10:15 Uhr<\/p>\n<\/div>\n\n\n\n<div class=\"wp-block-column is-layout-flow wp-block-column-is-layout-flow\">\n<p>Paderborn-Lippstadt-Airport 5 km Fit and Fun Lauf<\/p>\n<\/div>\n\n\n\n<div class=\"wp-block-column is-layout-flow wp-block-column-is-layout-flow\">\n<p><\/p>\n<\/div>\n<\/div>\n\n\n\n<div class=\"wp-block-columns is-layout-flex wp-container-core-columns-is-layout-9d6595d7 wp-block-columns-is-layout-flex\">\n<div class=\"wp-block-column is-layout-flow wp-block-column-is-layout-flow\">\n<p class=\"has-text-align-right\">Start: 12:30 Uhr<\/p>\n\n\n\n<p class=\"has-text-align-right\">13:00 Uhr <\/p>\n<\/div>\n\n\n\n<div class=\"wp-block-column is-layout-flow wp-block-column-is-layout-flow\">\n<p>Hotel-Vivendi-10-km-Lauf (Einteilung nach angegebenen Zielzeiten)<\/p>\n<\/div>\n\n\n\n<div class=\"wp-block-column is-layout-flow wp-block-column-is-layout-flow\">\n<p>Rekord M\u00e4nner: 00:27:18<br>Rekord Frauen: 00:30:29<\/p>\n<\/div>\n<\/div>\n\n\n\n<div class=\"wp-block-columns is-layout-flex wp-container-core-columns-is-layout-9d6595d7 wp-block-columns-is-layout-flex\">\n<div class=\"wp-block-column is-layout-flow wp-block-column-is-layout-flow\">\n<p class=\"has-text-align-right\">Start 14:30 Uhr<\/p>\n<\/div>\n\n\n\n<div class=\"wp-block-column is-layout-flow wp-block-column-is-layout-flow\">\n<p>Laufladen Endspurt Halbmarathon<\/p>\n<\/div>\n\n\n\n<div class=\"wp-block-column is-layout-flow wp-block-column-is-layout-flow\">\n<p>Rekord M\u00e4nner: 01:00:07<br>Rekord Frauen: 1:08:51<\/p>\n<\/div>\n<\/div>\n\n\n\n<div class=\"wp-block-columns is-layout-flex wp-container-core-columns-is-layout-9d6595d7 wp-block-columns-is-layout-flex\">\n<div class=\"wp-block-column is-layout-flow wp-block-column-is-layout-flow\">\n<p class=\"has-text-align-right\">17:15 Uhr<\/p>\n<\/div>\n\n\n\n<div class=\"wp-block-column is-layout-flow wp-block-column-is-layout-flow\">\n<p>Zielschluss<\/p>\n<\/div>\n\n\n\n<div class=\"wp-block-column is-layout-flow wp-block-column-is-layout-flow\">\n<p><\/p>\n<\/div>\n<\/div>\n\n\n\n<p>Alle Strecken gehen \u00fcber asphaltierte Stra\u00dfen und sind nach IAAF \/ AIMS offiziell vermessen. Zudem gibt es gen\u00fcgend Verpflegungsstellen.<\/p>\n\n\n\n<p>Weitere Informationen:<\/p>\n\n\n\n<div class=\"wp-block-buttons is-layout-flex wp-block-buttons-is-layout-flex\">\n<div class=\"wp-block-button\"><a class=\"wp-block-button__link has-white-color has-text-color has-background wp-element-button\" href=\"http:\/\/www.paderborner-osterlauf.de\/files\/streckenplan\/stand_2012\/gesamt.pdf\" style=\"background-color:#38a300\" target=\"_blank\" rel=\"noreferrer noopener\">Streckenplan<\/a><\/div>\n\n\n\n<div class=\"wp-block-button\"><a class=\"wp-block-button__link has-white-color has-text-color has-background wp-element-button\" href=\"https:\/\/www.paderborner-osterlauf.de\/wettbewerbe\/uebersicht.html\" style=\"background-color:#3baa00\" target=\"_blank\" rel=\"noreferrer noopener\">\u00dcbersicht<\/a><\/div>\n<\/div>\n\n\n\n<p class=\"has-white-color has-text-color\"><\/p>\n","protected":false},"excerpt":{"rendered":"<p>Start und Ziel: Sportzentrum Maspernplatz, Paderborn Start: 10:15 Uhr Paderborn-Lippstadt-Airport 5 km Fit and Fun Lauf Start: 12:30 Uhr 13:00 Uhr Hotel-Vivendi-10-km-Lauf (Einteilung nach angegebenen Zielzeiten) Rekord M\u00e4nner: 00:27:18Rekord Frauen: 00:30:29 Start 14:30 Uhr Laufladen Endspurt Halbmarathon Rekord M\u00e4nner: 01:00:07Rekord Frauen: 1:08:51 17:15 Uhr Zielschluss Alle Strecken gehen \u00fcber asphaltierte Stra\u00dfen und sind nach IAAF [&hellip;]<\/p>\n","protected":false},"author":9164,"featured_media":0,"parent":0,"menu_order":0,"comment_status":"closed","ping_status":"closed","template":"","meta":{"footnotes":""},"class_list":["post-40","page","type-page","status-publish","hentry"],"_links":{"self":[{"href":"https:\/\/blogs.uni-paderborn.de\/upb-meets-osterlauf\/wp-json\/wp\/v2\/pages\/40","targetHints":{"allow":["GET"]}}],"collection":[{"href":"https:\/\/blogs.uni-paderborn.de\/upb-meets-osterlauf\/wp-json\/wp\/v2\/pages"}],"about":[{"href":"https:\/\/blogs.uni-paderborn.de\/upb-meets-osterlauf\/wp-json\/wp\/v2\/types\/page"}],"author":[{"embeddable":true,"href":"https:\/\/blogs.uni-paderborn.de\/upb-meets-osterlauf\/wp-json\/wp\/v2\/users\/9164"}],"replies":[{"embeddable":true,"href":"https:\/\/blogs.uni-paderborn.de\/upb-meets-osterlauf\/wp-json\/wp\/v2\/comments?post=40"}],"version-history":[{"count":21,"href":"https:\/\/blogs.uni-paderborn.de\/upb-meets-osterlauf\/wp-json\/wp\/v2\/pages\/40\/revisions"}],"predecessor-version":[{"id":1133,"href":"https:\/\/blogs.uni-paderborn.de\/upb-meets-osterlauf\/wp-json\/wp\/v2\/pages\/40\/revisions\/1133"}],"wp:attachment":[{"href":"https:\/\/blogs.uni-paderborn.de\/upb-meets-osterlauf\/wp-json\/wp\/v2\/media?parent=40"}],"curies":[{"name":"wp","href":"https:\/\/api.w.org\/{rel}","templated":true}]}}