{"id":151,"date":"2022-01-28T16:06:55","date_gmt":"2022-01-28T15:06:55","guid":{"rendered":"https:\/\/blogs.uni-paderborn.de\/upb-meets-osterlauf\/?page_id=151"},"modified":"2022-02-10T15:42:15","modified_gmt":"2022-02-10T14:42:15","slug":"impressum","status":"publish","type":"page","link":"https:\/\/blogs.uni-paderborn.de\/upb-meets-osterlauf\/impressum\/","title":{"rendered":"Impressum"},"content":{"rendered":"<div class=\"twoclick_social_bookmarks_post_151 social_share_privacy clearfix 1.6.4 locale-de_DE sprite-de_DE\"><\/div><div class=\"twoclick-js\"><script type=\"text\/javascript\">\/* <![CDATA[ *\/\njQuery(document).ready(function($){if($('.twoclick_social_bookmarks_post_151')){$('.twoclick_social_bookmarks_post_151').socialSharePrivacy({\"txt_help\":\"Wenn Sie diese Felder durch einen Klick aktivieren, werden Informationen an Facebook, Twitter, Flattr, Xing, t3n, LinkedIn, Pinterest oder Google eventuell ins Ausland \\u00fcbertragen und unter Umst\\u00e4nden auch dort gespeichert. N\\u00e4heres erfahren Sie durch einen Klick auf das <em>i<\\\/em>.\",\"settings_perma\":\"Dauerhaft aktivieren und Daten\\u00fcber-tragung zustimmen:\",\"info_link\":\"http:\\\/\\\/www.heise.de\\\/ct\\\/artikel\\\/2-Klicks-fuer-mehr-Datenschutz-1333879.html\",\"uri\":\"https:\\\/\\\/blogs.uni-paderborn.de\\\/upb-meets-osterlauf\\\/impressum\\\/\",\"post_id\":151,\"post_title_referrer_track\":\"Impressum\",\"display_infobox\":\"on\"});}});\n\/* ]]> *\/<\/script><\/div>\n<p>blogs.uni-paderborn.de\/upb-meets-osterlauf<\/p>\n\n\n\n<p><strong>Betreiber<\/strong><br>Dr. Lars Riedl<br>Universit\u00e4t Paderborn<br>Department Sport &amp; Gesundheit<br>Arbeitsgebiet Sportsoziologie<br>Warburger Str. 100<br>33098 Paderborn<br><br>Raum: SP1 0.413<br>Tel: 05251 60 3131<br>E-Mail: lars.riedl@upb.de<br>Web: go.upb.de\/sportsoziologie<\/p>\n\n\n\n<p>Seminar: \u201eEinf\u00fchrung in das Sport- und Eventmanagement\u201c<br>(B.Sc. Sport\u00f6konomie)<br>Leitung: Dr. Lars Riedl<\/p>\n\n\n\n<p>E-mail: upb.meets.osterlauf@web.de<br><br>Die Inhalte dieses Blogs wurden mit gr\u00f6\u00dfter Sorgfalt erstellt. F\u00fcr die Richtigkeit, Vollst\u00e4ndigkeit und Aktualit\u00e4t der Inhalte kann keine Gew\u00e4hr \u00fcbernommen werden.<br>F\u00fcr Kommentare sind ausschlie\u00dflich die Kommentarscheiber selbst verantwortlich.<\/p>\n\n\n\n<p><strong>Urheberrechtshinweis<\/strong><br>Die Urheber- und Nutzungsrechte (Copyright) f\u00fcr Texte, Grafiken, Bilder, Design und Quellcode liegen soweit nicht anders angegeben mit besonderer Ber\u00fccksichtigung f\u00fcr Inklusion vor. Die Erstellung, Verwendung und Weitergabe von Kopien in elektronischer oder ausgedruckter Form bedarf der Genehmigung.<\/p>\n\n\n\n<p><strong>Haftungshinweis<\/strong><br>F\u00fcr auf den Seiten vorhandene externe Links und die dar\u00fcber verf\u00fcgbaren Inhalte wird keine Haftung \u00fcbernommen. Sie stellen kein Angebot der Universit\u00e4t Paderborn dar. F\u00fcr den Inhalt der verlinkten Seiten sind ausschlie\u00dflich deren Betreiber verantwortlich.<\/p>\n\n\n\n<p>Die Organisatoren distanzieren sich ausdr\u00fccklich von den Inhalten und machen sich diese in keinster Weise zu Eigen.<\/p>\n\n\n\n<p>Unsere <strong>Datenschutzerkl\u00e4rung<\/strong> findet Sie <a href=\"https:\/\/www.uni-paderborn.de\/datenschutzerklaerung\/\">hier<\/a>.<\/p>\n","protected":false},"excerpt":{"rendered":"<p>blogs.uni-paderborn.de\/upb-meets-osterlauf BetreiberDr. Lars RiedlUniversit\u00e4t PaderbornDepartment Sport &amp; GesundheitArbeitsgebiet SportsoziologieWarburger Str. 10033098 Paderborn Raum: SP1 0.413Tel: 05251 60 3131E-Mail: lars.riedl@upb.deWeb: go.upb.de\/sportsoziologie Seminar: \u201eEinf\u00fchrung in das Sport- und Eventmanagement\u201c(B.Sc. Sport\u00f6konomie)Leitung: Dr. Lars Riedl E-mail: upb.meets.osterlauf@web.de Die Inhalte dieses Blogs wurden mit gr\u00f6\u00dfter Sorgfalt erstellt. F\u00fcr die Richtigkeit, Vollst\u00e4ndigkeit und Aktualit\u00e4t der Inhalte kann keine Gew\u00e4hr \u00fcbernommen werden.F\u00fcr [&hellip;]<\/p>\n","protected":false},"author":9164,"featured_media":0,"parent":0,"menu_order":0,"comment_status":"closed","ping_status":"closed","template":"","meta":{"footnotes":""},"class_list":["post-151","page","type-page","status-publish","hentry"],"_links":{"self":[{"href":"https:\/\/blogs.uni-paderborn.de\/upb-meets-osterlauf\/wp-json\/wp\/v2\/pages\/151","targetHints":{"allow":["GET"]}}],"collection":[{"href":"https:\/\/blogs.uni-paderborn.de\/upb-meets-osterlauf\/wp-json\/wp\/v2\/pages"}],"about":[{"href":"https:\/\/blogs.uni-paderborn.de\/upb-meets-osterlauf\/wp-json\/wp\/v2\/types\/page"}],"author":[{"embeddable":true,"href":"https:\/\/blogs.uni-paderborn.de\/upb-meets-osterlauf\/wp-json\/wp\/v2\/users\/9164"}],"replies":[{"embeddable":true,"href":"https:\/\/blogs.uni-paderborn.de\/upb-meets-osterlauf\/wp-json\/wp\/v2\/comments?post=151"}],"version-history":[{"count":9,"href":"https:\/\/blogs.uni-paderborn.de\/upb-meets-osterlauf\/wp-json\/wp\/v2\/pages\/151\/revisions"}],"predecessor-version":[{"id":267,"href":"https:\/\/blogs.uni-paderborn.de\/upb-meets-osterlauf\/wp-json\/wp\/v2\/pages\/151\/revisions\/267"}],"wp:attachment":[{"href":"https:\/\/blogs.uni-paderborn.de\/upb-meets-osterlauf\/wp-json\/wp\/v2\/media?parent=151"}],"curies":[{"name":"wp","href":"https:\/\/api.w.org\/{rel}","templated":true}]}}