{"id":363,"date":"2022-05-09T12:53:44","date_gmt":"2022-05-09T10:53:44","guid":{"rendered":"https:\/\/blogs.uni-paderborn.de\/theaterlytics\/?page_id=363"},"modified":"2022-05-25T09:59:37","modified_gmt":"2022-05-25T07:59:37","slug":"premierenplanung","status":"publish","type":"page","link":"https:\/\/blogs.uni-paderborn.de\/theaterlytics\/premierenplanung\/","title":{"rendered":"Premierenplanung"},"content":{"rendered":"<div class=\"twoclick_social_bookmarks_post_363 social_share_privacy clearfix 1.6.4 locale-de_DE sprite-de_DE\"><\/div><div class=\"twoclick-js\"><script type=\"text\/javascript\">\/* <![CDATA[ *\/\njQuery(document).ready(function($){if($('.twoclick_social_bookmarks_post_363')){$('.twoclick_social_bookmarks_post_363').socialSharePrivacy({\"txt_help\":\"Wenn Sie diese Felder durch einen Klick aktivieren, werden Informationen an Facebook, Twitter, Flattr, Xing, t3n, LinkedIn, Pinterest oder Google eventuell ins Ausland \\u00fcbertragen und unter Umst\\u00e4nden auch dort gespeichert. N\\u00e4heres erfahren Sie durch einen Klick auf das <em>i<\\\/em>.\",\"settings_perma\":\"Dauerhaft aktivieren und Daten\\u00fcber-tragung zustimmen:\",\"info_link\":\"http:\\\/\\\/www.heise.de\\\/ct\\\/artikel\\\/2-Klicks-fuer-mehr-Datenschutz-1333879.html\",\"uri\":\"https:\\\/\\\/blogs.uni-paderborn.de\\\/theaterlytics\\\/premierenplanung\\\/\",\"post_id\":363,\"post_title_referrer_track\":\"Premierenplanung\",\"display_infobox\":\"on\"});}});\n\/* ]]> *\/<\/script><\/div><p style=\"text-align: justify\">Die Planung von Premierenterminen ist eine zeitraubende Aufgabe, bei der es zudem sehr leicht zu Fehlern kommen kann. F\u00fcr jede Produktion braucht es neben der Regisseurin bzw. dem Regisseur, ein Regieteam, B\u00fchnen- und Kost\u00fcmbildner:innen und nat\u00fcrlich Schauspieler:innen. Diese Aspekte gilt es bei der Premierenplanung zu ber\u00fccksichtigen. Dar\u00fcber hinaus beginnt das Einstudieren einer jeden Produktion mit einer anstrengenden Probenphase. Dies hat zur Folge, dass Schauspieler:innen, die am Haus fest engagiert sind, wenig Kapazit\u00e4ten frei haben, um noch neben den Proben Vorstellungen im allgemeinen Vorstellungsbetrieb zu spielen. Leicht kann es hier zu \u00dcberlastungen und zeitlichen Engp\u00e4ssen kommen.  Aber auch bei Gastschauspieler:innen kann es zu Problemen mit dem gew\u00fcnschten Zeitraum kommen, da diese vielleicht bereits einer anderen Verpflichtung zum fraglichen Zeitpunkt nachgehen.\n<\/p>\n<hr style=\"height:2px;border:none;color:#333;background-color:#333\">\n\n\n<p class=\"has-text-align-center\"><em>Wann sind die Premieren der Produktionen? \n Wie sieht ein g\u00fcltiger Premierenplan aus?<\/em><\/p>\n\n\n<hr style=\"height:2px;border:none;color:#333;background-color:#333\">\n\n\n<p><p style=\"text-align:justify\">Mit Hilfe der digitalen L\u00f6sung wird das Erstellen einer geeigneten Reihenfolge der Produktionen und damit die Planung der Premierentermine weniger zeitintensiv. Durch die Kalenderansicht lassen sich die verschiedenen Produktionen, die als Bl\u00f6cke dargestellt sind, leicht \u00fcberblicken. <\/p><\/p>\n\n\n\n<h2 class=\"wp-block-heading\">Exkurs: Was ist Prescriptive Analytics?<\/h2>\n\n\n\n<p><p style=\"text-align:justify\">Mit den mathematischen Algorithmen des Prescriptive Analytics k\u00f6nnen komplexe Planungsprobleme von Computern gel\u00f6st werden. Unter Einhaltung aller Nebenbedingungen bestimmt der Computer den bestm\u00f6glichen Plan (im mathematischen Sinne optimal) oder zeigt auf, wenn die Nebenbedingungen keinen einzigen g\u00fcltigen Plan zulassen<\/p><\/p>\n\n\n\n<h3 class=\"wp-block-heading\">Nutzen<\/h3>\n\n\n\n<p><p style=\"text-align:justify\">Prescriptive Analytics kann seinen enormen Nutzen dann ausspielen, wenn Ressourcen nicht bestm\u00f6glich ausgelastet sind, nicht das bestm\u00f6gliche Ergebnis unter Einsatz der Ressourcen erreicht wird, oder schlicht die manuelle Planung zeitaufwendig ist und nicht ausreichend h\u00e4ufig \u00fcberpr\u00fcft wird.<\/p><\/p>\n\n\n\n<h3 class=\"wp-block-heading\">Hintergrund und Anwendungsgebiete<\/h3>\n\n\n\n<p><p style=\"text-align:justify\">In der Industrie werden Prescriptive Analytics Planungen zur Planung und Steuerung vielf\u00e4ltiger Anwendungsgebiete eingesetzt:<\/p><\/p>\n\n\n\n<ul class=\"wp-block-list\" style=\"margin-left: 25px;text-align:justify\"><li>Zur Tour-\/Reihenfolgeplanung von Fahrzeugen (z.&nbsp;B. Paketzusteller)<\/li><li>Planung von Produktionsauftr\u00e4gen auf Stationen oder<\/li><li>Reihenfolge von Produkten in einer Linienfertigung<\/li><li>Bei der Schaltung und dem Ausbau von Energienetzwerken<\/li><li>Beim Beladen von dreidimensionalen R\u00e4umen<\/li><li>Bei der Personaleinsatzplanung im Schichtdienst<\/li><\/ul>\n\n\n\n<p><p style=\"text-align:justify\">Zur Planung der Produktion in Kulturbetrieben wird ein gemischt ganzzahliges Model genutzt, das mit einem Standardsolver gel\u00f6st wird.<\/p><\/p>\n\n\n\n<h1 class=\"wp-block-heading\">Premierenplanung des Theaters<\/h1>\n\n\n\n<p><p style=\"text-align:justify\">F\u00fcr die Planung der Premierentermine und damit die Planung der Produktion der St\u00fccke eines Theaters soll ein geeigneter Plan erstellt werden.<\/p><\/p>\n\n\n\n<h2 class=\"wp-block-heading\">Definition von Zielen<\/h2>\n\n\n\n<p><p style=\"text-align:justify\">Zun\u00e4chst sind, analog zum Controlling oder der Freiverkaufsplanung die gew\u00fcnschten Ziele der Planung festzulegen. Diese Festlegung sollte sich an der Frage orientieren \u201eMit welchem Plan erreichen wir die Unternehmensziele am besten?\u201c. Dar\u00fcber hinaus sind alle Aspekte zu benennen, die die Umsetzung eines Plans verhindern: Verf\u00fcgbarkeit der Mitarbeiter:innen und R\u00e4ume, Doppelbelegung von R\u00e4umen, Eignung von R\u00e4umen f\u00fcr die St\u00fccke usw. Die Herausforderung besteht darin, dass einige dieser Nebenbedingungen <em>offensichtlich<\/em> sind. F\u00fcr Computer m\u00fcssen sie jedoch in jedem Fall formalisiert werden. Die folgenden Abschnitte beschreiben die im Rahmen des Projektes <em>TheaterLytics<\/em> verwendeten Ziele und Bedingungen.<\/p><\/p>\n\n\n\n<h2 class=\"wp-block-heading\">Zielsetzung der Premierenplanung<\/h2>\n\n\n\n<ul class=\"wp-block-list\" style=\"margin-left: 25px;text-align:justify\"><li>M\u00f6glichst dem Besetzungswunsch entsprechen<\/li><li>M\u00f6glichst interne Schauspieler einsetzen<\/li><\/ul>\n\n\n\n<h2 class=\"wp-block-heading\">Nebenbedingungen der Premierenplanung<\/h2>\n\n\n\n<p><p style=\"text-align:justify\">Nebenbedingungen nennen Beschr\u00e4nkungen oder Regeln, denen ein Plan gen\u00fcgen muss, um g\u00fcltig zu sein. Im Gegenzug gilt jeder Plan als umsetzbar, der die folgenden Nebenbedingungen einh\u00e4lt:<\/p><\/p>\n\n\n\n<ul class=\"wp-block-list\" style=\"margin-left: 25px;text-align:justify\"><li>Zu jedem Zeitabschnitt darf nur eine Produktion begonnen werden<\/li><li>Jede Produktion muss in einem Zeitabschnitt beginnen, der im Rahmen der fr\u00fchsten und sp\u00e4testens Startzeitpunkte liegt<\/li><li>Je Spielst\u00e4tte nur eine gleichzeitige Produktion<\/li><li>Jede Schauspieler:in kann nur an einer Produktion in einem Zeitabschnitt beteiligt sein<\/li><li>Jede Schauspieler:in kann nur w\u00e4hrend ihrer\/seiner verf\u00fcgbaren Pr\u00e4senzzeit<\/li><li>Jede Produktion muss auf einer B\u00fchne stattfinden, die geeignet ist<\/li><\/ul>\n\n\n\n<p><p style=\"text-align:justify\">Die Nebenbedingungen werden in Tabellen oder in Interaktion mit einzelnen Planungsergebnissen eingegeben<\/p><\/p>\n\n\n\n<figure class=\"wp-block-image size-large\"><a href=\"https:\/\/blogs.uni-paderborn.de\/theaterlytics\/files\/2022\/05\/Handlungsleitfaden_Prescriptive-Analytics-Eingabe.png\"><img loading=\"lazy\" decoding=\"async\" width=\"1024\" height=\"622\" src=\"https:\/\/blogs.uni-paderborn.de\/theaterlytics\/files\/2022\/05\/Handlungsleitfaden_Prescriptive-Analytics-Eingabe-1024x622.png\" alt=\"\" class=\"wp-image-529\" srcset=\"https:\/\/blogs.uni-paderborn.de\/theaterlytics\/files\/2022\/05\/Handlungsleitfaden_Prescriptive-Analytics-Eingabe-1024x622.png 1024w, https:\/\/blogs.uni-paderborn.de\/theaterlytics\/files\/2022\/05\/Handlungsleitfaden_Prescriptive-Analytics-Eingabe-300x182.png 300w, https:\/\/blogs.uni-paderborn.de\/theaterlytics\/files\/2022\/05\/Handlungsleitfaden_Prescriptive-Analytics-Eingabe-768x467.png 768w, https:\/\/blogs.uni-paderborn.de\/theaterlytics\/files\/2022\/05\/Handlungsleitfaden_Prescriptive-Analytics-Eingabe-1536x934.png 1536w, https:\/\/blogs.uni-paderborn.de\/theaterlytics\/files\/2022\/05\/Handlungsleitfaden_Prescriptive-Analytics-Eingabe-2048x1245.png 2048w\" sizes=\"auto, (max-width: 1024px) 100vw, 1024px\" \/><\/a><\/figure>\n\n\n\n<h2 class=\"wp-block-heading\">Ergebnis der Premierenplanung<\/h2>\n\n\n\n<p><p style=\"text-align:justify\">Die Berechnung eines Plans ben\u00f6tigt f\u00fcr einen typischen Kulturbetrieb weniger als eine Sekunde. Bei \u00c4nderungsw\u00fcnschen kann \u00fcber Fixierungen (erzwungene Festlegungen) oder ver\u00e4nderte Priorit\u00e4ten (W\u00fcnsche) nachgesteuert werden.<\/p><\/p>\n\n\n\n<p><p style=\"text-align:justify\">Die typische Ausgabe erfolgt in Form eines Ganttcharts.<\/p><\/p>\n\n\n\n<figure class=\"wp-block-image size-full\"><a href=\"https:\/\/blogs.uni-paderborn.de\/theaterlytics\/files\/2022\/05\/Bild1.png\"><img loading=\"lazy\" decoding=\"async\" width=\"907\" height=\"540\" src=\"https:\/\/blogs.uni-paderborn.de\/theaterlytics\/files\/2022\/05\/Bild1.png\" alt=\"\" class=\"wp-image-510\" srcset=\"https:\/\/blogs.uni-paderborn.de\/theaterlytics\/files\/2022\/05\/Bild1.png 907w, https:\/\/blogs.uni-paderborn.de\/theaterlytics\/files\/2022\/05\/Bild1-300x179.png 300w, https:\/\/blogs.uni-paderborn.de\/theaterlytics\/files\/2022\/05\/Bild1-768x457.png 768w\" sizes=\"auto, (max-width: 907px) 100vw, 907px\" \/><\/a><\/figure>\n\n\n\n<p><\/p>\n\n\n\n<p><\/p>\n\n\n\n<p><a href=\"https:\/\/blogs.uni-paderborn.de\/theaterlytics\/stueckauswahl\/\" data-type=\"page\" data-id=\"106\">\u2190 St\u00fcckauswahl <\/a>      &nbsp;&nbsp;&nbsp;&nbsp;&nbsp;&nbsp;&nbsp;&nbsp;&nbsp;&nbsp;&nbsp;&nbsp;&nbsp;&nbsp;&nbsp;&nbsp;&nbsp;&nbsp;&nbsp;&nbsp;&nbsp;&nbsp;&nbsp;&nbsp;&nbsp;&nbsp;&nbsp;&nbsp;&nbsp;&nbsp;&nbsp;&nbsp;&nbsp;&nbsp;&nbsp;&nbsp;&nbsp;&nbsp;&nbsp;&nbsp;&nbsp;&nbsp;&nbsp;&nbsp;&nbsp;&nbsp;&nbsp;&nbsp;&nbsp;&nbsp;&nbsp;&nbsp;&nbsp;&nbsp;&nbsp;&nbsp;&nbsp;&nbsp;<a href=\"https:\/\/blogs.uni-paderborn.de\/theaterlytics\/Freiverkaufsplanung\" data-type=\"page\" data-id=\"352\">Freiverkaufsplanung \u2192<\/a><\/p>\n","protected":false},"excerpt":{"rendered":"<p>Die Planung von Premierenterminen ist eine zeitraubende Aufgabe, bei der es zudem sehr leicht zu Fehlern kommen kann. F\u00fcr jede Produktion braucht es neben der Regisseurin bzw. dem Regisseur, ein Regieteam, B\u00fchnen- und Kost\u00fcmbildner:innen und nat\u00fcrlich Schauspieler:innen. Diese Aspekte gilt es bei der Premierenplanung zu ber\u00fccksichtigen. Dar\u00fcber hinaus beginnt das Einstudieren einer jeden Produktion mit &hellip; <a href=\"https:\/\/blogs.uni-paderborn.de\/theaterlytics\/premierenplanung\/\" class=\"more-link\"><span class=\"screen-reader-text\">Premierenplanung<\/span> weiterlesen<\/a><\/p>\n","protected":false},"author":9217,"featured_media":0,"parent":0,"menu_order":0,"comment_status":"closed","ping_status":"closed","template":"","meta":{"footnotes":""},"class_list":["post-363","page","type-page","status-publish","hentry"],"_links":{"self":[{"href":"https:\/\/blogs.uni-paderborn.de\/theaterlytics\/wp-json\/wp\/v2\/pages\/363","targetHints":{"allow":["GET"]}}],"collection":[{"href":"https:\/\/blogs.uni-paderborn.de\/theaterlytics\/wp-json\/wp\/v2\/pages"}],"about":[{"href":"https:\/\/blogs.uni-paderborn.de\/theaterlytics\/wp-json\/wp\/v2\/types\/page"}],"author":[{"embeddable":true,"href":"https:\/\/blogs.uni-paderborn.de\/theaterlytics\/wp-json\/wp\/v2\/users\/9217"}],"replies":[{"embeddable":true,"href":"https:\/\/blogs.uni-paderborn.de\/theaterlytics\/wp-json\/wp\/v2\/comments?post=363"}],"version-history":[{"count":28,"href":"https:\/\/blogs.uni-paderborn.de\/theaterlytics\/wp-json\/wp\/v2\/pages\/363\/revisions"}],"predecessor-version":[{"id":744,"href":"https:\/\/blogs.uni-paderborn.de\/theaterlytics\/wp-json\/wp\/v2\/pages\/363\/revisions\/744"}],"wp:attachment":[{"href":"https:\/\/blogs.uni-paderborn.de\/theaterlytics\/wp-json\/wp\/v2\/media?parent=363"}],"curies":[{"name":"wp","href":"https:\/\/api.w.org\/{rel}","templated":true}]}}