{"id":30,"date":"2022-04-25T12:23:24","date_gmt":"2022-04-25T10:23:24","guid":{"rendered":"https:\/\/blogs.uni-paderborn.de\/theaterlytics\/?page_id=30"},"modified":"2022-10-13T09:29:04","modified_gmt":"2022-10-13T07:29:04","slug":"ergebnisueberblick","status":"publish","type":"page","link":"https:\/\/blogs.uni-paderborn.de\/theaterlytics\/ergebnisueberblick\/","title":{"rendered":"Ergebnis\u00fcberblick"},"content":{"rendered":"<div class=\"twoclick_social_bookmarks_post_30 social_share_privacy clearfix 1.6.4 locale-de_DE sprite-de_DE\"><\/div><div class=\"twoclick-js\"><script type=\"text\/javascript\">\/* <![CDATA[ *\/\njQuery(document).ready(function($){if($('.twoclick_social_bookmarks_post_30')){$('.twoclick_social_bookmarks_post_30').socialSharePrivacy({\"txt_help\":\"Wenn Sie diese Felder durch einen Klick aktivieren, werden Informationen an Facebook, Twitter, Flattr, Xing, t3n, LinkedIn, Pinterest oder Google eventuell ins Ausland \\u00fcbertragen und unter Umst\\u00e4nden auch dort gespeichert. N\\u00e4heres erfahren Sie durch einen Klick auf das <em>i<\\\/em>.\",\"settings_perma\":\"Dauerhaft aktivieren und Daten\\u00fcber-tragung zustimmen:\",\"info_link\":\"http:\\\/\\\/www.heise.de\\\/ct\\\/artikel\\\/2-Klicks-fuer-mehr-Datenschutz-1333879.html\",\"uri\":\"https:\\\/\\\/blogs.uni-paderborn.de\\\/theaterlytics\\\/ergebnisueberblick\\\/\",\"post_id\":30,\"post_title_referrer_track\":\"Ergebnis%C3%BCberblick\",\"display_infobox\":\"on\"});}});\n\/* ]]> *\/<\/script><\/div>\n<figure class=\"wp-block-image size-large\"><a href=\"https:\/\/blogs.uni-paderborn.de\/theaterlytics\/files\/2022\/05\/MicrosoftTeams-image-3.png\"><img loading=\"lazy\" decoding=\"async\" width=\"976\" height=\"1024\" src=\"https:\/\/blogs.uni-paderborn.de\/theaterlytics\/files\/2022\/05\/MicrosoftTeams-image-3-976x1024.png\" alt=\"\" class=\"wp-image-798\" srcset=\"https:\/\/blogs.uni-paderborn.de\/theaterlytics\/files\/2022\/05\/MicrosoftTeams-image-3-976x1024.png 976w, https:\/\/blogs.uni-paderborn.de\/theaterlytics\/files\/2022\/05\/MicrosoftTeams-image-3-286x300.png 286w, https:\/\/blogs.uni-paderborn.de\/theaterlytics\/files\/2022\/05\/MicrosoftTeams-image-3-768x806.png 768w, https:\/\/blogs.uni-paderborn.de\/theaterlytics\/files\/2022\/05\/MicrosoftTeams-image-3-1464x1536.png 1464w, https:\/\/blogs.uni-paderborn.de\/theaterlytics\/files\/2022\/05\/MicrosoftTeams-image-3-1952x2048.png 1952w\" sizes=\"auto, (max-width: 976px) 100vw, 976px\" \/><\/a><\/figure>\n\n\n<p style=\"text-align: justify\">Das Projekt <em>TheaterLytics<\/em> bewegt sich in einem Spannungsfeld zwischen den von Theaterbetrieben zu treffenden kaufm\u00e4nnischen und k\u00fcnstlerischen Entscheidungen und den Besuchsentscheidungen der (Nicht-)Besucher:innen. Jede Entscheidung des Theaters wirkt sich direkt oder indirekt auf die Besucher:innen aus und beeinflusst, wie ein Theater und seine Angebotsgestaltung wahrgenommen wird. Beim Treffen der Entscheidungen sind verschiedene Ziele zu ber\u00fccksichtigen, die sich zum Teil gegenseitig ausschlie\u00dfen.<\/p>\n<p><iframe loading=\"lazy\" title=\"Digitales NRW \u2013 TheaterLytics\" width=\"660\" height=\"371\" src=\"https:\/\/www.youtube.com\/embed\/QXki1elJ19g?list=PLoWmK5J7og8R3P4x3xK59SPlfdatMBibR\" frameborder=\"0\" allow=\"accelerometer; autoplay; clipboard-write; encrypted-media; gyroscope; picture-in-picture; web-share\" referrerpolicy=\"strict-origin-when-cross-origin\" allowfullscreen><\/iframe><\/p>\n<p style=\"text-align: justify\">Dem Projekt <em>TheaterLytics <\/em>liegt die Annahme zugrunde, dass in Zukunft bessere Entscheidungen getroffen werden k\u00f6nnen, wenn Daten systematisch gesammelt, ausgewertet und aufbereitet werden. Die im Laufe des Projekts entwickelten Artefakte, bspw. die Definition eines Zielbilds, die Veranschaulichung der Einflussfaktoren auf die Theaterauslastung, die Terminplanung oder die Identifizierung verschiedener Besucherbed\u00fcrfnisse resultieren aus einem vielf\u00e4ltigen methodischen Ansatz. Die entwickelten Werkzeuge zur Entscheidungsunterst\u00fctzung generieren die zuvor beispielhaft vorgestellten Daten. Bereits einzeln f\u00fcr sich k\u00f6nnen die Werkzeuge zur Entscheidungsunterst\u00fctzung eine gro\u00dfe Hilfestellung f\u00fcr Theaterbetriebe darstellen.<\/p>\n\n\n<p class=\"has-text-align-right\"><a href=\"https:\/\/blogs.uni-paderborn.de\/theaterlytics\/entscheidungsunterstuetzungssystem\/\" data-type=\"page\" data-id=\"106\">Entscheidungsunterst\u00fctzungssystem \u2192<\/a><\/p>\n","protected":false},"excerpt":{"rendered":"<p>Das Projekt TheaterLytics bewegt sich in einem Spannungsfeld zwischen den von Theaterbetrieben zu treffenden kaufm\u00e4nnischen und k\u00fcnstlerischen Entscheidungen und den Besuchsentscheidungen der (Nicht-)Besucher:innen. Jede Entscheidung des Theaters wirkt sich direkt oder indirekt auf die Besucher:innen aus und beeinflusst, wie ein Theater und seine Angebotsgestaltung wahrgenommen wird. Beim Treffen der Entscheidungen sind verschiedene Ziele zu ber\u00fccksichtigen, &hellip; <a href=\"https:\/\/blogs.uni-paderborn.de\/theaterlytics\/ergebnisueberblick\/\" class=\"more-link\"><span class=\"screen-reader-text\">Ergebnis\u00fcberblick<\/span> weiterlesen<\/a><\/p>\n","protected":false},"author":9216,"featured_media":0,"parent":0,"menu_order":0,"comment_status":"closed","ping_status":"closed","template":"","meta":{"footnotes":""},"class_list":["post-30","page","type-page","status-publish","hentry"],"_links":{"self":[{"href":"https:\/\/blogs.uni-paderborn.de\/theaterlytics\/wp-json\/wp\/v2\/pages\/30","targetHints":{"allow":["GET"]}}],"collection":[{"href":"https:\/\/blogs.uni-paderborn.de\/theaterlytics\/wp-json\/wp\/v2\/pages"}],"about":[{"href":"https:\/\/blogs.uni-paderborn.de\/theaterlytics\/wp-json\/wp\/v2\/types\/page"}],"author":[{"embeddable":true,"href":"https:\/\/blogs.uni-paderborn.de\/theaterlytics\/wp-json\/wp\/v2\/users\/9216"}],"replies":[{"embeddable":true,"href":"https:\/\/blogs.uni-paderborn.de\/theaterlytics\/wp-json\/wp\/v2\/comments?post=30"}],"version-history":[{"count":22,"href":"https:\/\/blogs.uni-paderborn.de\/theaterlytics\/wp-json\/wp\/v2\/pages\/30\/revisions"}],"predecessor-version":[{"id":816,"href":"https:\/\/blogs.uni-paderborn.de\/theaterlytics\/wp-json\/wp\/v2\/pages\/30\/revisions\/816"}],"wp:attachment":[{"href":"https:\/\/blogs.uni-paderborn.de\/theaterlytics\/wp-json\/wp\/v2\/media?parent=30"}],"curies":[{"name":"wp","href":"https:\/\/api.w.org\/{rel}","templated":true}]}}