{"id":26,"date":"2022-04-25T12:19:57","date_gmt":"2022-04-25T10:19:57","guid":{"rendered":"https:\/\/blogs.uni-paderborn.de\/theaterlytics\/?page_id=26"},"modified":"2022-05-17T11:55:06","modified_gmt":"2022-05-17T09:55:06","slug":"projektpartner","status":"publish","type":"page","link":"https:\/\/blogs.uni-paderborn.de\/theaterlytics\/projektpartner\/","title":{"rendered":"Projektpartner"},"content":{"rendered":"<div class=\"twoclick_social_bookmarks_post_26 social_share_privacy clearfix 1.6.4 locale-de_DE sprite-de_DE\"><\/div><div class=\"twoclick-js\"><script type=\"text\/javascript\">\/* <![CDATA[ *\/\njQuery(document).ready(function($){if($('.twoclick_social_bookmarks_post_26')){$('.twoclick_social_bookmarks_post_26').socialSharePrivacy({\"txt_help\":\"Wenn Sie diese Felder durch einen Klick aktivieren, werden Informationen an Facebook, Twitter, Flattr, Xing, t3n, LinkedIn, Pinterest oder Google eventuell ins Ausland \\u00fcbertragen und unter Umst\\u00e4nden auch dort gespeichert. N\\u00e4heres erfahren Sie durch einen Klick auf das <em>i<\\\/em>.\",\"settings_perma\":\"Dauerhaft aktivieren und Daten\\u00fcber-tragung zustimmen:\",\"info_link\":\"http:\\\/\\\/www.heise.de\\\/ct\\\/artikel\\\/2-Klicks-fuer-mehr-Datenschutz-1333879.html\",\"uri\":\"https:\\\/\\\/blogs.uni-paderborn.de\\\/theaterlytics\\\/projektpartner\\\/\",\"post_id\":26,\"post_title_referrer_track\":\"Projektpartner\",\"display_infobox\":\"on\"});}});\n\/* ]]> *\/<\/script><\/div>\n<figure class=\"wp-block-image size-full\"><a href=\"https:\/\/blogs.uni-paderborn.de\/theaterlytics\/files\/2022\/05\/zugeschnitten.jpg\"><img loading=\"lazy\" decoding=\"async\" width=\"781\" height=\"419\" src=\"https:\/\/blogs.uni-paderborn.de\/theaterlytics\/files\/2022\/05\/zugeschnitten.jpg\" alt=\"\" class=\"wp-image-630\" srcset=\"https:\/\/blogs.uni-paderborn.de\/theaterlytics\/files\/2022\/05\/zugeschnitten.jpg 781w, https:\/\/blogs.uni-paderborn.de\/theaterlytics\/files\/2022\/05\/zugeschnitten-300x161.jpg 300w, https:\/\/blogs.uni-paderborn.de\/theaterlytics\/files\/2022\/05\/zugeschnitten-768x412.jpg 768w\" sizes=\"auto, (max-width: 781px) 100vw, 781px\" \/><\/a><\/figure>\n\n\n<p style=\"text-align: justify\"><strong><a href=\"https:\/\/www.uni-paderborn.de\/\">Universit\u00e4t Paderborn<\/a><\/strong>: An dem Projekt <strong>TheaterLytics<\/strong> forschen Wissen-schaftler*innen der <a href=\"https:\/\/wiwi.uni-paderborn.de\/\">Fakult\u00e4t f\u00fcr Wirtschaftswissenschaften<\/a> der Universit\u00e4t Paderborn sowie des <a href=\"https:\/\/www.sicp.de\/\">Software Innovation Campus Paderborn<\/a>, wie das datenbasierte Erl\u00f6smanagement und die Angebotsgestaltung im Theater durch den Einsatz eines Entscheidungsunterst\u00fctzungssystems verbessert werden k\u00f6nnte.<\/p>\n\n\n<p><p style=\"text-align:justify\"><strong><a href=\"http:\/\/www.theater-paderborn.de\/final\/html\/index.php\">Theater Paderborn &#8211; Westf\u00e4lische Kammerspiele GmbH: <\/a><\/strong>Das Theater Paderborn ist ein professionelles Schauspielhaus im Herzen Paderborns, das pro Spielzeit 15 Neuproduktionen im Hauptprogramm auf insgesamt drei B\u00fchnen f\u00fchrt und rund 65.000 Zuschauer*innen hat. Der Spielplan beinhaltet Klassiker, moderne Klassiker und Gegenwartsst\u00fccke. Zus\u00e4tzlich wird seit einigen Jahren j\u00e4hrlich ein durch Drittmittel gef\u00f6rdertes mobiles Kinder- oder Jugendtheaterst\u00fcck im Kreis Paderborn und der Region Ostwestfalen-Lippe aufgef\u00fchrt.<\/p><\/p>\n\n\n\n<p><p style=\"text-align:justify\"><a href=\"https:\/\/optano.com\/\"><strong>OPTANO GmbH<\/strong><\/a>: Die Optano leitet und unterst\u00fctzt seit vielen Jahren unterschiedliche Kundenprojekte, deren Ziel ein Transfer von aktuellen Forschungsergebnissen in Anwendersoftware ist. Die Mitarbeiter der Optano GmbH sind Experten auf dem Gebiet des Operation Research und verf\u00fcgen \u00fcber tiefe Kenntnisse der Entwicklung und Einf\u00fchrung von IT-L\u00f6sungen.<\/p><\/p>\n","protected":false},"excerpt":{"rendered":"<p>Universit\u00e4t Paderborn: An dem Projekt TheaterLytics forschen Wissen-schaftler*innen der Fakult\u00e4t f\u00fcr Wirtschaftswissenschaften der Universit\u00e4t Paderborn sowie des Software Innovation Campus Paderborn, wie das datenbasierte Erl\u00f6smanagement und die Angebotsgestaltung im Theater durch den Einsatz eines Entscheidungsunterst\u00fctzungssystems verbessert werden k\u00f6nnte. Theater Paderborn &#8211; Westf\u00e4lische Kammerspiele GmbH: Das Theater Paderborn ist ein professionelles Schauspielhaus im Herzen Paderborns, das &hellip; <a href=\"https:\/\/blogs.uni-paderborn.de\/theaterlytics\/projektpartner\/\" class=\"more-link\"><span class=\"screen-reader-text\">Projektpartner<\/span> weiterlesen<\/a><\/p>\n","protected":false},"author":9216,"featured_media":0,"parent":0,"menu_order":0,"comment_status":"closed","ping_status":"closed","template":"","meta":{"footnotes":""},"class_list":["post-26","page","type-page","status-publish","hentry"],"_links":{"self":[{"href":"https:\/\/blogs.uni-paderborn.de\/theaterlytics\/wp-json\/wp\/v2\/pages\/26","targetHints":{"allow":["GET"]}}],"collection":[{"href":"https:\/\/blogs.uni-paderborn.de\/theaterlytics\/wp-json\/wp\/v2\/pages"}],"about":[{"href":"https:\/\/blogs.uni-paderborn.de\/theaterlytics\/wp-json\/wp\/v2\/types\/page"}],"author":[{"embeddable":true,"href":"https:\/\/blogs.uni-paderborn.de\/theaterlytics\/wp-json\/wp\/v2\/users\/9216"}],"replies":[{"embeddable":true,"href":"https:\/\/blogs.uni-paderborn.de\/theaterlytics\/wp-json\/wp\/v2\/comments?post=26"}],"version-history":[{"count":9,"href":"https:\/\/blogs.uni-paderborn.de\/theaterlytics\/wp-json\/wp\/v2\/pages\/26\/revisions"}],"predecessor-version":[{"id":632,"href":"https:\/\/blogs.uni-paderborn.de\/theaterlytics\/wp-json\/wp\/v2\/pages\/26\/revisions\/632"}],"wp:attachment":[{"href":"https:\/\/blogs.uni-paderborn.de\/theaterlytics\/wp-json\/wp\/v2\/media?parent=26"}],"curies":[{"name":"wp","href":"https:\/\/api.w.org\/{rel}","templated":true}]}}