{"id":13,"date":"2022-04-25T09:02:14","date_gmt":"2022-04-25T07:02:14","guid":{"rendered":"https:\/\/blogs.uni-paderborn.de\/theaterlytics\/?page_id=13"},"modified":"2022-11-03T13:39:25","modified_gmt":"2022-11-03T12:39:25","slug":"theaterlytics","status":"publish","type":"page","link":"https:\/\/blogs.uni-paderborn.de\/theaterlytics\/","title":{"rendered":""},"content":{"rendered":"<div class=\"twoclick_social_bookmarks_post_13 social_share_privacy clearfix 1.6.4 locale-de_DE sprite-de_DE\"><\/div><div class=\"twoclick-js\"><script type=\"text\/javascript\">\/* <![CDATA[ *\/\njQuery(document).ready(function($){if($('.twoclick_social_bookmarks_post_13')){$('.twoclick_social_bookmarks_post_13').socialSharePrivacy({\"txt_help\":\"Wenn Sie diese Felder durch einen Klick aktivieren, werden Informationen an Facebook, Twitter, Flattr, Xing, t3n, LinkedIn, Pinterest oder Google eventuell ins Ausland \\u00fcbertragen und unter Umst\\u00e4nden auch dort gespeichert. N\\u00e4heres erfahren Sie durch einen Klick auf das <em>i<\\\/em>.\",\"settings_perma\":\"Dauerhaft aktivieren und Daten\\u00fcber-tragung zustimmen:\",\"info_link\":\"http:\\\/\\\/www.heise.de\\\/ct\\\/artikel\\\/2-Klicks-fuer-mehr-Datenschutz-1333879.html\",\"uri\":\"https:\\\/\\\/blogs.uni-paderborn.de\\\/theaterlytics\\\/\",\"post_id\":13,\"post_title_referrer_track\":\"\",\"display_infobox\":\"on\"});}});\n\/* ]]> *\/<\/script><\/div><p align=\"justify\">Ein gutes kulturelles Angebot ist nicht der alleinige Garant f\u00fcr den Erfolg einer Kultureinrichtung. Jeden Tag m\u00fcssen viele Entscheidungen getroffen werden, welche die Besucherzufriedenheit, aber auch die wirtschaftliche Situation des Betriebes betreffen. Meistens passiert dies auf pers\u00f6nlichen Erfahrungen. Mit dem Projekt <em>TheaterLytics<\/em> soll erstmals ein Entscheidungsunterst\u00fctzungssystem f\u00fcr das datenbasierte Erl\u00f6smanagement und die Angebotsgestaltung entwickelt werden.\u200b<\/p>\n\n\n<figure class=\"wp-block-embed is-type-video is-provider-youtube wp-block-embed-youtube wp-embed-aspect-16-9 wp-has-aspect-ratio\"><div class=\"wp-block-embed__wrapper\">\n<iframe loading=\"lazy\" title=\"TheaterLytics Erkl\u00e4rvideo\" width=\"660\" height=\"371\" src=\"https:\/\/www.youtube.com\/embed\/W_sNHIa_wo4?feature=oembed\" frameborder=\"0\" allow=\"accelerometer; autoplay; clipboard-write; encrypted-media; gyroscope; picture-in-picture; web-share\" referrerpolicy=\"strict-origin-when-cross-origin\" allowfullscreen><\/iframe>\n<\/div><\/figure>\n\n\n\n\n\n<div class=\"wp-block-columns is-layout-flex wp-container-core-columns-is-layout-9d6595d7 wp-block-columns-is-layout-flex\">\n<div class=\"wp-block-column is-layout-flow wp-block-column-is-layout-flow\"><\/div>\n\n\n\n<div class=\"wp-block-column is-layout-flow wp-block-column-is-layout-flow\"><\/div>\n<\/div>\n\n\n<p align=\"justify\">Das Projekt <em>TheaterLytics<\/em> unterst\u00fctzt Kultureinrichtungen beim Erl\u00f6smanagement sowie der Angebotsgestaltung. Das Projekt wird im Rahmen der Digitalen Modellregion OWL vom Ministerium f\u00fcr Wirtschaft, Innovation, Digitalisierung und Energie (MWIDE) Landes Nordrhein-Westfalen gef\u00f6rdert.<\/p>\n\n\n<p class=\"has-text-align-center\"><strong>In diesem Projekt arbeiten zusammen:<\/strong><\/p>\n\n\n\n<div class=\"wp-block-columns is-layout-flex wp-container-core-columns-is-layout-9d6595d7 wp-block-columns-is-layout-flex\">\n<div class=\"wp-block-column is-layout-flow wp-block-column-is-layout-flow\">\n<div class=\"wp-block-columns is-layout-flex wp-container-core-columns-is-layout-9d6595d7 wp-block-columns-is-layout-flex\">\n<div class=\"wp-block-column is-layout-flow wp-block-column-is-layout-flow\">\n<figure class=\"wp-block-image size-full\"><img loading=\"lazy\" decoding=\"async\" width=\"579\" height=\"319\" src=\"https:\/\/blogs.uni-paderborn.de\/theaterlytics\/files\/2022\/05\/Screenshot_1-2.png\" alt=\"\" class=\"wp-image-462\" srcset=\"https:\/\/blogs.uni-paderborn.de\/theaterlytics\/files\/2022\/05\/Screenshot_1-2.png 579w, https:\/\/blogs.uni-paderborn.de\/theaterlytics\/files\/2022\/05\/Screenshot_1-2-300x165.png 300w\" sizes=\"auto, (max-width: 579px) 100vw, 579px\" \/><\/figure>\n<\/div>\n\n\n\n<div class=\"wp-block-column is-layout-flow wp-block-column-is-layout-flow\">\n<figure class=\"wp-block-image size-full\"><img loading=\"lazy\" decoding=\"async\" width=\"145\" height=\"50\" src=\"https:\/\/blogs.uni-paderborn.de\/theaterlytics\/files\/2022\/04\/Bildschirmfoto-2022-04-25-um-12.41.22.png\" alt=\"\" class=\"wp-image-61\" \/><\/figure>\n\n\n\n<p><\/p>\n<\/div>\n<\/div>\n<\/div>\n\n\n\n<div class=\"wp-block-column is-layout-flow wp-block-column-is-layout-flow\">\n<div class=\"wp-block-columns is-layout-flex wp-container-core-columns-is-layout-9d6595d7 wp-block-columns-is-layout-flex\">\n<div class=\"wp-block-column is-layout-flow wp-block-column-is-layout-flow\">\n<figure class=\"wp-block-image size-full\"><img loading=\"lazy\" decoding=\"async\" width=\"134\" height=\"56\" src=\"https:\/\/blogs.uni-paderborn.de\/theaterlytics\/files\/2022\/04\/Bildschirmfoto-2022-04-25-um-12.41.25.png\" alt=\"\" class=\"wp-image-62\" \/><\/figure>\n<\/div>\n\n\n\n<div class=\"wp-block-column is-layout-flow wp-block-column-is-layout-flow\">\n<figure class=\"wp-block-image size-full\"><img loading=\"lazy\" decoding=\"async\" width=\"158\" height=\"48\" src=\"https:\/\/blogs.uni-paderborn.de\/theaterlytics\/files\/2022\/04\/Bildschirmfoto-2022-04-25-um-12.41.46.png\" alt=\"\" class=\"wp-image-63\" \/><\/figure>\n<\/div>\n<\/div>\n<\/div>\n<\/div>\n\n\n\n<p><\/p>\n","protected":false},"excerpt":{"rendered":"<p>Ein gutes kulturelles Angebot ist nicht der alleinige Garant f\u00fcr den Erfolg einer Kultureinrichtung. Jeden Tag m\u00fcssen viele Entscheidungen getroffen werden, welche die Besucherzufriedenheit, aber auch die wirtschaftliche Situation des Betriebes betreffen. Meistens passiert dies auf pers\u00f6nlichen Erfahrungen. Mit dem Projekt TheaterLytics soll erstmals ein Entscheidungsunterst\u00fctzungssystem f\u00fcr das datenbasierte Erl\u00f6smanagement und die Angebotsgestaltung entwickelt werden.\u200b &hellip; <a href=\"https:\/\/blogs.uni-paderborn.de\/theaterlytics\/\" class=\"more-link\"><span class=\"screen-reader-text\"><\/span> weiterlesen<\/a><\/p>\n","protected":false},"author":9216,"featured_media":0,"parent":0,"menu_order":0,"comment_status":"closed","ping_status":"closed","template":"","meta":{"footnotes":""},"class_list":["post-13","page","type-page","status-publish","hentry"],"_links":{"self":[{"href":"https:\/\/blogs.uni-paderborn.de\/theaterlytics\/wp-json\/wp\/v2\/pages\/13","targetHints":{"allow":["GET"]}}],"collection":[{"href":"https:\/\/blogs.uni-paderborn.de\/theaterlytics\/wp-json\/wp\/v2\/pages"}],"about":[{"href":"https:\/\/blogs.uni-paderborn.de\/theaterlytics\/wp-json\/wp\/v2\/types\/page"}],"author":[{"embeddable":true,"href":"https:\/\/blogs.uni-paderborn.de\/theaterlytics\/wp-json\/wp\/v2\/users\/9216"}],"replies":[{"embeddable":true,"href":"https:\/\/blogs.uni-paderborn.de\/theaterlytics\/wp-json\/wp\/v2\/comments?post=13"}],"version-history":[{"count":28,"href":"https:\/\/blogs.uni-paderborn.de\/theaterlytics\/wp-json\/wp\/v2\/pages\/13\/revisions"}],"predecessor-version":[{"id":818,"href":"https:\/\/blogs.uni-paderborn.de\/theaterlytics\/wp-json\/wp\/v2\/pages\/13\/revisions\/818"}],"wp:attachment":[{"href":"https:\/\/blogs.uni-paderborn.de\/theaterlytics\/wp-json\/wp\/v2\/media?parent=13"}],"curies":[{"name":"wp","href":"https:\/\/api.w.org\/{rel}","templated":true}]}}