{"id":117,"date":"2022-05-03T11:54:11","date_gmt":"2022-05-03T09:54:11","guid":{"rendered":"https:\/\/blogs.uni-paderborn.de\/theaterlytics\/?page_id=117"},"modified":"2022-05-25T11:28:43","modified_gmt":"2022-05-25T09:28:43","slug":"stueckauswahl","status":"publish","type":"page","link":"https:\/\/blogs.uni-paderborn.de\/theaterlytics\/stueckauswahl\/","title":{"rendered":"St\u00fcckauswahl"},"content":{"rendered":"<div class=\"twoclick_social_bookmarks_post_117 social_share_privacy clearfix 1.6.4 locale-de_DE sprite-de_DE\"><\/div><div class=\"twoclick-js\"><script type=\"text\/javascript\">\/* <![CDATA[ *\/\njQuery(document).ready(function($){if($('.twoclick_social_bookmarks_post_117')){$('.twoclick_social_bookmarks_post_117').socialSharePrivacy({\"txt_help\":\"Wenn Sie diese Felder durch einen Klick aktivieren, werden Informationen an Facebook, Twitter, Flattr, Xing, t3n, LinkedIn, Pinterest oder Google eventuell ins Ausland \\u00fcbertragen und unter Umst\\u00e4nden auch dort gespeichert. N\\u00e4heres erfahren Sie durch einen Klick auf das <em>i<\\\/em>.\",\"settings_perma\":\"Dauerhaft aktivieren und Daten\\u00fcber-tragung zustimmen:\",\"info_link\":\"http:\\\/\\\/www.heise.de\\\/ct\\\/artikel\\\/2-Klicks-fuer-mehr-Datenschutz-1333879.html\",\"uri\":\"https:\\\/\\\/blogs.uni-paderborn.de\\\/theaterlytics\\\/stueckauswahl\\\/\",\"post_id\":117,\"post_title_referrer_track\":\"St%C3%BCckauswahl\",\"display_infobox\":\"on\"});}});\n\/* ]]> *\/<\/script><\/div>\n<p><p style=\"text-align:justify\">F\u00fcr jede Spielzeit sollen passende neue St\u00fccke ausgew\u00e4hlt werden. Sie sollen sowohl thematisch breit aufgestellt sein, f\u00fcr den Kulturbetrieb und sein Publikum passend, zeitgen\u00f6ssisch oder bekannt sein. <\/p><\/p>\n\n\n\n<h2 class=\"wp-block-heading\">Zielsetzung der St\u00fcckauswahl<\/h2>\n\n\n\n<p><p style=\"text-align:justify\">Durch die Digitalisierung einzelner Prozessschritte kann die Arbeit der Dramaturgie unterst\u00fctzt werden. In einem Theater werden von der Dramaturgie viele St\u00fccke vor einer Spielzeit gelesen, um daraus einen Spielplan f\u00fcr die neue Spielzeit festzulegen. Mit Hilfe einer strukturierten Ablage der gelesenen St\u00fccke inklusive einer Bewertungsoption entsteht ein eigener Datenpool. Je gr\u00f6\u00dfer dieser Datenpool im Laufe der Zeit wird, desto mehr gewinnt er an Bedeutung und tr\u00e4gt dadurch zu einer schnelleren St\u00fcckauswahl f\u00fcr die kommende Spielzeit bei. Zus\u00e4tzlich k\u00f6nnen bereits bestehende Datenpools, wie Datensammlungen und Statistiken anderer Vorstellungen an anderen Theatern bei der Suche nach potenziellen St\u00fccken genutzt werden.<\/p><\/p>\n\n\n<hr style=\"height:2px;border:none;color:#333;background-color:#333\">\n\n\n<p class=\"has-text-align-center\"><em>Welche St\u00fccke sollen in der n\u00e4chsten Spielzeit produziert und aufgef\u00fchrt werden?<\/em><\/p>\n\n\n<hr style=\"height:2px;border:none;color:#333;background-color:#333\">\n\n\n<h2 class=\"wp-block-heading\">Prozess<\/h2>\n\n\n\n<p><p style=\"text-align:justify\">Der folgende Prozess wurde im Rahmen des <em>TheaterLytics<\/em>-Projekts abgebildet:<\/p><\/p>\n\n\n<ol style=\"margin-left: 25px;text-align: justify\">\n<li>Sammlung von St\u00fccken: Zun\u00e4chst werden m\u00f6gliche St\u00fccke gesammelt und als Stammdaten angelegt (Stammdaten sind wichtige Grunddaten, die \u00fcber einen gewissen Zeitraum nicht ver\u00e4ndert werden)<\/li>\n<li>Rezension und Bewertung: Die St\u00fccke werden gelesen, kommentiert und bewertet. Die Ergebnisse dieses Schritts werden an den Stammdaten hinterlegt<\/li>\n<li>Abgleich mit Kulturbetrieben aus dem Einzugsgebiet: Es findet ein Vergleich mit dem Programm vergleichbarer Betriebe aus dem Einzugsgebiet statt, um von deren Erfahrungen zu profitieren, als auch Wiederholungen zu vermeiden<\/li>\n<li>Auswahl: Festlegung<\/li>\n<\/ol>\n\n\n<p><p style=\"text-align:justify\">Dieser Prozess mag als Vorlage f\u00fcr individuelle Anpassungen dienen.<\/p><\/p>\n\n\n\n<h2 class=\"wp-block-heading\">Technische Unterst\u00fctzung<\/h2>\n\n\n\n<p><p style=\"text-align:justify\">Die technische Unterst\u00fctzung umfasst ein zentrales Datenmanagement-Modul, das alle Rezensent:innen zur Eingabe der Daten, Sichtung des Bearbeitungsstands sowie Hinterlegung und Vergleich der Bewertungen verwenden k\u00f6nnen.\n<\/p><\/p>\n\n\n\n<figure class=\"wp-block-image size-large\"><a href=\"https:\/\/blogs.uni-paderborn.de\/theaterlytics\/files\/2022\/05\/Handlungsleitfaden_Stueckauswahl-Eingabe-Stuecke-1.png\"><img loading=\"lazy\" decoding=\"async\" width=\"1024\" height=\"623\" src=\"https:\/\/blogs.uni-paderborn.de\/theaterlytics\/files\/2022\/05\/Handlungsleitfaden_Stueckauswahl-Eingabe-Stuecke-1-1024x623.png\" alt=\"\" class=\"wp-image-781\" srcset=\"https:\/\/blogs.uni-paderborn.de\/theaterlytics\/files\/2022\/05\/Handlungsleitfaden_Stueckauswahl-Eingabe-Stuecke-1-1024x623.png 1024w, https:\/\/blogs.uni-paderborn.de\/theaterlytics\/files\/2022\/05\/Handlungsleitfaden_Stueckauswahl-Eingabe-Stuecke-1-300x183.png 300w, https:\/\/blogs.uni-paderborn.de\/theaterlytics\/files\/2022\/05\/Handlungsleitfaden_Stueckauswahl-Eingabe-Stuecke-1-768x468.png 768w, https:\/\/blogs.uni-paderborn.de\/theaterlytics\/files\/2022\/05\/Handlungsleitfaden_Stueckauswahl-Eingabe-Stuecke-1-1536x935.png 1536w, https:\/\/blogs.uni-paderborn.de\/theaterlytics\/files\/2022\/05\/Handlungsleitfaden_Stueckauswahl-Eingabe-Stuecke-1-2048x1247.png 2048w\" sizes=\"auto, (max-width: 1024px) 100vw, 1024px\" \/><\/a><\/figure>\n\n\n\n<p><\/p>\n\n\n\n<figure class=\"wp-block-image size-large\"><a href=\"https:\/\/blogs.uni-paderborn.de\/theaterlytics\/files\/2022\/05\/Handlungsleitfaden_Stueckauswahl-Eingabe-Bewertung-1.png\"><img loading=\"lazy\" decoding=\"async\" width=\"1024\" height=\"621\" src=\"https:\/\/blogs.uni-paderborn.de\/theaterlytics\/files\/2022\/05\/Handlungsleitfaden_Stueckauswahl-Eingabe-Bewertung-1-1024x621.png\" alt=\"\" class=\"wp-image-779\" srcset=\"https:\/\/blogs.uni-paderborn.de\/theaterlytics\/files\/2022\/05\/Handlungsleitfaden_Stueckauswahl-Eingabe-Bewertung-1-1024x621.png 1024w, https:\/\/blogs.uni-paderborn.de\/theaterlytics\/files\/2022\/05\/Handlungsleitfaden_Stueckauswahl-Eingabe-Bewertung-1-300x182.png 300w, https:\/\/blogs.uni-paderborn.de\/theaterlytics\/files\/2022\/05\/Handlungsleitfaden_Stueckauswahl-Eingabe-Bewertung-1-768x466.png 768w, https:\/\/blogs.uni-paderborn.de\/theaterlytics\/files\/2022\/05\/Handlungsleitfaden_Stueckauswahl-Eingabe-Bewertung-1-1536x932.png 1536w, https:\/\/blogs.uni-paderborn.de\/theaterlytics\/files\/2022\/05\/Handlungsleitfaden_Stueckauswahl-Eingabe-Bewertung-1-2048x1243.png 2048w\" sizes=\"auto, (max-width: 1024px) 100vw, 1024px\" \/><\/a><\/figure>\n\n\n\n<h2 class=\"wp-block-heading\">Zus\u00e4tzliche Hilfsmittel<\/h2>\n\n\n\n<p><p style=\"text-align:justify\">Als zus\u00e4tzliches Hilfsmittel wurde eine zentrale Datenquelle zur Sichtung der Statistik des B\u00fchnenvereins und Auswertung der Kennzahlen eines St\u00fcckes anderer Kulturbetriebe geschaffen, die \u00fcber zahlreiche Filter und Einstellungen gezielt Auskunft geben kann.<\/p>\n\n\n<hr style=\"height:2px;border:none;color:#333;background-color:#333\">\n\n\n<p class=\"has-text-align-center\"><em>Welche St\u00fccke wurden an vergleichbaren Theatern gespielt? Wie erfolgreich waren diese St\u00fccke?<\/em><\/p>\n\n\n<hr style=\"height:2px;border:none;color:#333;background-color:#333\">\n\n\n<figure class=\"wp-block-image size-large\"><a href=\"https:\/\/blogs.uni-paderborn.de\/theaterlytics\/files\/2022\/05\/Handlungsleitfaden_Stueckauswahl-Ausgabe-Referenzen-1.png\"><img loading=\"lazy\" decoding=\"async\" width=\"1024\" height=\"623\" src=\"https:\/\/blogs.uni-paderborn.de\/theaterlytics\/files\/2022\/05\/Handlungsleitfaden_Stueckauswahl-Ausgabe-Referenzen-1-1024x623.png\" alt=\"\" class=\"wp-image-780\" srcset=\"https:\/\/blogs.uni-paderborn.de\/theaterlytics\/files\/2022\/05\/Handlungsleitfaden_Stueckauswahl-Ausgabe-Referenzen-1-1024x623.png 1024w, https:\/\/blogs.uni-paderborn.de\/theaterlytics\/files\/2022\/05\/Handlungsleitfaden_Stueckauswahl-Ausgabe-Referenzen-1-300x183.png 300w, https:\/\/blogs.uni-paderborn.de\/theaterlytics\/files\/2022\/05\/Handlungsleitfaden_Stueckauswahl-Ausgabe-Referenzen-1-768x467.png 768w, https:\/\/blogs.uni-paderborn.de\/theaterlytics\/files\/2022\/05\/Handlungsleitfaden_Stueckauswahl-Ausgabe-Referenzen-1-1536x934.png 1536w, https:\/\/blogs.uni-paderborn.de\/theaterlytics\/files\/2022\/05\/Handlungsleitfaden_Stueckauswahl-Ausgabe-Referenzen-1-2048x1246.png 2048w\" sizes=\"auto, (max-width: 1024px) 100vw, 1024px\" \/><\/a><\/figure>\n\n\n\n<p><\/p>\n\n\n\n<p><a href=\"https:\/\/blogs.uni-paderborn.de\/theaterlytics\/entscheidungsunterstuetzungssystem\/\" data-type=\"page\" data-id=\"106\">\u2190 Entscheidungsunterst\u00fctzungssystem <\/a>      &nbsp;&nbsp;&nbsp;&nbsp;&nbsp;&nbsp;&nbsp;&nbsp;&nbsp;&nbsp;&nbsp;&nbsp;&nbsp;&nbsp;&nbsp;&nbsp;&nbsp;&nbsp;&nbsp;&nbsp;&nbsp;<a href=\"https:\/\/blogs.uni-paderborn.de\/theaterlytics\/Premierenplanung\" data-type=\"page\" data-id=\"352\">Premierenplanung \u2192<\/a><\/p>\n","protected":false},"excerpt":{"rendered":"<p>F\u00fcr jede Spielzeit sollen passende neue St\u00fccke ausgew\u00e4hlt werden. Sie sollen sowohl thematisch breit aufgestellt sein, f\u00fcr den Kulturbetrieb und sein Publikum passend, zeitgen\u00f6ssisch oder bekannt sein. Zielsetzung der St\u00fcckauswahl Durch die Digitalisierung einzelner Prozessschritte kann die Arbeit der Dramaturgie unterst\u00fctzt werden. In einem Theater werden von der Dramaturgie viele St\u00fccke vor einer Spielzeit gelesen, &hellip; <a href=\"https:\/\/blogs.uni-paderborn.de\/theaterlytics\/stueckauswahl\/\" class=\"more-link\"><span class=\"screen-reader-text\">St\u00fcckauswahl<\/span> weiterlesen<\/a><\/p>\n","protected":false},"author":9217,"featured_media":0,"parent":0,"menu_order":0,"comment_status":"closed","ping_status":"closed","template":"","meta":{"footnotes":""},"class_list":["post-117","page","type-page","status-publish","hentry"],"_links":{"self":[{"href":"https:\/\/blogs.uni-paderborn.de\/theaterlytics\/wp-json\/wp\/v2\/pages\/117","targetHints":{"allow":["GET"]}}],"collection":[{"href":"https:\/\/blogs.uni-paderborn.de\/theaterlytics\/wp-json\/wp\/v2\/pages"}],"about":[{"href":"https:\/\/blogs.uni-paderborn.de\/theaterlytics\/wp-json\/wp\/v2\/types\/page"}],"author":[{"embeddable":true,"href":"https:\/\/blogs.uni-paderborn.de\/theaterlytics\/wp-json\/wp\/v2\/users\/9217"}],"replies":[{"embeddable":true,"href":"https:\/\/blogs.uni-paderborn.de\/theaterlytics\/wp-json\/wp\/v2\/comments?post=117"}],"version-history":[{"count":38,"href":"https:\/\/blogs.uni-paderborn.de\/theaterlytics\/wp-json\/wp\/v2\/pages\/117\/revisions"}],"predecessor-version":[{"id":785,"href":"https:\/\/blogs.uni-paderborn.de\/theaterlytics\/wp-json\/wp\/v2\/pages\/117\/revisions\/785"}],"wp:attachment":[{"href":"https:\/\/blogs.uni-paderborn.de\/theaterlytics\/wp-json\/wp\/v2\/media?parent=117"}],"curies":[{"name":"wp","href":"https:\/\/api.w.org\/{rel}","templated":true}]}}