{"id":106,"date":"2022-05-03T11:50:46","date_gmt":"2022-05-03T09:50:46","guid":{"rendered":"https:\/\/blogs.uni-paderborn.de\/theaterlytics\/?page_id=106"},"modified":"2022-05-25T17:13:58","modified_gmt":"2022-05-25T15:13:58","slug":"entscheidungsunterstuetzungssystem","status":"publish","type":"page","link":"https:\/\/blogs.uni-paderborn.de\/theaterlytics\/entscheidungsunterstuetzungssystem\/","title":{"rendered":"Entscheidungs-unterst\u00fctzungssystem"},"content":{"rendered":"<div class=\"twoclick_social_bookmarks_post_106 social_share_privacy clearfix 1.6.4 locale-de_DE sprite-de_DE\"><\/div><div class=\"twoclick-js\"><script type=\"text\/javascript\">\/* <![CDATA[ *\/\njQuery(document).ready(function($){if($('.twoclick_social_bookmarks_post_106')){$('.twoclick_social_bookmarks_post_106').socialSharePrivacy({\"txt_help\":\"Wenn Sie diese Felder durch einen Klick aktivieren, werden Informationen an Facebook, Twitter, Flattr, Xing, t3n, LinkedIn, Pinterest oder Google eventuell ins Ausland \\u00fcbertragen und unter Umst\\u00e4nden auch dort gespeichert. N\\u00e4heres erfahren Sie durch einen Klick auf das <em>i<\\\/em>.\",\"settings_perma\":\"Dauerhaft aktivieren und Daten\\u00fcber-tragung zustimmen:\",\"info_link\":\"http:\\\/\\\/www.heise.de\\\/ct\\\/artikel\\\/2-Klicks-fuer-mehr-Datenschutz-1333879.html\",\"uri\":\"https:\\\/\\\/blogs.uni-paderborn.de\\\/theaterlytics\\\/entscheidungsunterstuetzungssystem\\\/\",\"post_id\":106,\"post_title_referrer_track\":\"Entscheidungs-unterst%C3%BCtzungssystem\",\"display_infobox\":\"on\"});}});\n\/* ]]> *\/<\/script><\/div><p style=\"text-align: justify\">Die zahlreichen gew\u00fcnschten Auswertungen und Berechnungen eines Theaters lassen sich manuell nur mit sehr hohem Aufwand bewerkstelligen. Der hohe Aufwand verhindert, dass regelm\u00e4\u00dfig neue Auswertungen und Berechnungen bei ver\u00e4nderten Rahmenbedingungen durchgef\u00fchrt werden. Eine halb-automatische Abbildung mit technischer Unterst\u00fctzung (wie z. B. in Excel) ist aufgrund der Komplexit\u00e4t der Berechnungen sehr fehleranf\u00e4llig und bindet die Auswertungen an die Autor:innen solcher Berechnungsvorschriften. Daher wurden alle relevanten Berechnungen in einem eigens entworfenen, webbasierten modularen IT-System&nbsp;umgesetzt.<\/p>\n\n<figure class=\"wp-block-image size-large is-resized\"><a href=\"https:\/\/blogs.uni-paderborn.de\/theaterlytics\/files\/2022\/05\/EUS-1.jpg\"><img loading=\"lazy\" decoding=\"async\" class=\"wp-image-657\" src=\"https:\/\/blogs.uni-paderborn.de\/theaterlytics\/files\/2022\/05\/EUS-1-1024x755.jpg\" alt=\"aligncenter\" width=\"690\" height=\"508\" srcset=\"https:\/\/blogs.uni-paderborn.de\/theaterlytics\/files\/2022\/05\/EUS-1-1024x755.jpg 1024w, https:\/\/blogs.uni-paderborn.de\/theaterlytics\/files\/2022\/05\/EUS-1-300x221.jpg 300w, https:\/\/blogs.uni-paderborn.de\/theaterlytics\/files\/2022\/05\/EUS-1-768x566.jpg 768w, https:\/\/blogs.uni-paderborn.de\/theaterlytics\/files\/2022\/05\/EUS-1.jpg 1111w\" sizes=\"auto, (max-width: 690px) 100vw, 690px\" \/><\/a><\/figure>\n\n\n<p class=\"has-text-align-right\"><a href=\"https:\/\/blogs.uni-paderborn.de\/theaterlytics\/stueckauswahl\/\" data-type=\"page\" data-id=\"117\">St\u00fcckauswahl \u2192<\/a><\/p>\n\n\n\n<p><\/p>\n\n\n\n<p><\/p>\n","protected":false},"excerpt":{"rendered":"<p>Die zahlreichen gew\u00fcnschten Auswertungen und Berechnungen eines Theaters lassen sich manuell nur mit sehr hohem Aufwand bewerkstelligen. Der hohe Aufwand verhindert, dass regelm\u00e4\u00dfig neue Auswertungen und Berechnungen bei ver\u00e4nderten Rahmenbedingungen durchgef\u00fchrt werden. Eine halb-automatische Abbildung mit technischer Unterst\u00fctzung (wie z. B. in Excel) ist aufgrund der Komplexit\u00e4t der Berechnungen sehr fehleranf\u00e4llig und bindet die Auswertungen &hellip; <a href=\"https:\/\/blogs.uni-paderborn.de\/theaterlytics\/entscheidungsunterstuetzungssystem\/\" class=\"more-link\"><span class=\"screen-reader-text\">Entscheidungs-unterst\u00fctzungssystem<\/span> weiterlesen<\/a><\/p>\n","protected":false},"author":9217,"featured_media":0,"parent":0,"menu_order":0,"comment_status":"closed","ping_status":"closed","template":"","meta":{"footnotes":""},"class_list":["post-106","page","type-page","status-publish","hentry"],"_links":{"self":[{"href":"https:\/\/blogs.uni-paderborn.de\/theaterlytics\/wp-json\/wp\/v2\/pages\/106","targetHints":{"allow":["GET"]}}],"collection":[{"href":"https:\/\/blogs.uni-paderborn.de\/theaterlytics\/wp-json\/wp\/v2\/pages"}],"about":[{"href":"https:\/\/blogs.uni-paderborn.de\/theaterlytics\/wp-json\/wp\/v2\/types\/page"}],"author":[{"embeddable":true,"href":"https:\/\/blogs.uni-paderborn.de\/theaterlytics\/wp-json\/wp\/v2\/users\/9217"}],"replies":[{"embeddable":true,"href":"https:\/\/blogs.uni-paderborn.de\/theaterlytics\/wp-json\/wp\/v2\/comments?post=106"}],"version-history":[{"count":21,"href":"https:\/\/blogs.uni-paderborn.de\/theaterlytics\/wp-json\/wp\/v2\/pages\/106\/revisions"}],"predecessor-version":[{"id":790,"href":"https:\/\/blogs.uni-paderborn.de\/theaterlytics\/wp-json\/wp\/v2\/pages\/106\/revisions\/790"}],"wp:attachment":[{"href":"https:\/\/blogs.uni-paderborn.de\/theaterlytics\/wp-json\/wp\/v2\/media?parent=106"}],"curies":[{"name":"wp","href":"https:\/\/api.w.org\/{rel}","templated":true}]}}