{"id":109,"date":"2022-04-06T06:57:56","date_gmt":"2022-04-06T04:57:56","guid":{"rendered":"https:\/\/blogs.uni-paderborn.de\/teatro-y-performatividad\/?page_id=109"},"modified":"2022-04-26T18:29:44","modified_gmt":"2022-04-26T16:29:44","slug":"coloquio","status":"publish","type":"page","link":"https:\/\/blogs.uni-paderborn.de\/teatro-y-performatividad\/","title":{"rendered":""},"content":{"rendered":"<div class=\"twoclick_social_bookmarks_post_109 social_share_privacy clearfix 1.6.4 locale-de_DE sprite-de_DE\"><\/div><div class=\"twoclick-js\"><script type=\"text\/javascript\">\/* <![CDATA[ *\/\njQuery(document).ready(function($){if($('.twoclick_social_bookmarks_post_109')){$('.twoclick_social_bookmarks_post_109').socialSharePrivacy({\"txt_help\":\"Wenn Sie diese Felder durch einen Klick aktivieren, werden Informationen an Facebook, Twitter, Flattr, Xing, t3n, LinkedIn, Pinterest oder Google eventuell ins Ausland \\u00fcbertragen und unter Umst\\u00e4nden auch dort gespeichert. N\\u00e4heres erfahren Sie durch einen Klick auf das <em>i<\\\/em>.\",\"settings_perma\":\"Dauerhaft aktivieren und Daten\\u00fcber-tragung zustimmen:\",\"info_link\":\"http:\\\/\\\/www.heise.de\\\/ct\\\/artikel\\\/2-Klicks-fuer-mehr-Datenschutz-1333879.html\",\"uri\":\"https:\\\/\\\/blogs.uni-paderborn.de\\\/teatro-y-performatividad\\\/\",\"post_id\":109,\"post_title_referrer_track\":\"\",\"display_infobox\":\"on\"});}});\n\/* ]]> *\/<\/script><\/div>\n<figure class=\"wp-block-image size-large is-resized\"><img loading=\"lazy\" decoding=\"async\" src=\"https:\/\/blogs.uni-paderborn.de\/teatro-y-performatividad\/files\/2022\/04\/Hintergrundbild_Tagung-1024x928.jpg\" alt=\"\" class=\"wp-image-130\" width=\"691\" height=\"626\" srcset=\"https:\/\/blogs.uni-paderborn.de\/teatro-y-performatividad\/files\/2022\/04\/Hintergrundbild_Tagung-1024x928.jpg 1024w, https:\/\/blogs.uni-paderborn.de\/teatro-y-performatividad\/files\/2022\/04\/Hintergrundbild_Tagung-300x272.jpg 300w, https:\/\/blogs.uni-paderborn.de\/teatro-y-performatividad\/files\/2022\/04\/Hintergrundbild_Tagung-768x696.jpg 768w, https:\/\/blogs.uni-paderborn.de\/teatro-y-performatividad\/files\/2022\/04\/Hintergrundbild_Tagung-1536x1392.jpg 1536w, https:\/\/blogs.uni-paderborn.de\/teatro-y-performatividad\/files\/2022\/04\/Hintergrundbild_Tagung-2048x1856.jpg 2048w\" sizes=\"auto, (max-width: 691px) 100vw, 691px\" \/><figcaption>Foto by GABINO BOQUETE MART\u00cdN<\/figcaption><\/figure>\n\n\n\n<p class=\"has-text-align-center has-light-gray-background-color has-background\" id=\"block-ca09a28b-3ce9-4a19-9f7c-bd958a01791a\" style=\"font-size:25px\"><strong>Teatro y performatividad<\/strong><br>Modelos de ense\u00f1anza y aprendizaje<\/p>\n\n\n\n<h4 class=\"has-text-align-center has-light-gray-background-color has-background wp-block-heading\">Coloquio internacional<br>8 y 9 de junio 2022<\/h4>\n\n\n\n<p class=\"has-text-align-left has-light-gray-background-color has-background\">Profesionales del teatro e investigadores de las universidades de Alcal\u00e1 de Henares, Madrid, Paderborn y Valencia, se encuentran para discurrir, por un lado, sobre la literatura teatral en el aula y, por otro, sobre los enfoques did\u00e1cticos del teatro aplicado a la formaci\u00f3n de profesorado de lengua extranjera. Se indagar\u00e1 asimismo el desarrollo del teatro y el impacto de la performatividad en un panorama actual.<\/p>\n\n\n\n<p class=\"has-white-background-color has-background\">In Kooperation mit spanischen Wissenschaftler:innen, Theaterpraktiker:innen und Autor:innen widmet sich das Kolloquium einerseits der Vermittlung von spanischsprachiger Theaterliteratur im Schul- und Universit\u00e4tsunterricht, andererseits theaterp\u00e4dagogischen Ans\u00e4tzen als hochschuldidaktischen Baustein in der Lehrer:innenbildung. Ausgehend von einer sowohl fachwissenschaftlichen wie fachdidaktischen Perspektive, liegt der Fokus auf den Entwicklungen des spanischen Gegenwartstheaters.&nbsp;<br><\/p>\n","protected":false},"excerpt":{"rendered":"<p>Teatro y performatividadModelos de ense\u00f1anza y aprendizaje Coloquio internacional8 y 9 de junio 2022 Profesionales del teatro e investigadores de las universidades de Alcal\u00e1 de Henares, Madrid, Paderborn y Valencia, se encuentran para discurrir, por un lado, sobre la literatura teatral en el aula y, por otro, sobre los enfoques did\u00e1cticos del teatro aplicado a &hellip; <a href=\"https:\/\/blogs.uni-paderborn.de\/teatro-y-performatividad\/\" class=\"more-link\"><span class=\"screen-reader-text\"><\/span> weiterlesen<\/a><\/p>\n","protected":false},"author":9181,"featured_media":0,"parent":0,"menu_order":0,"comment_status":"closed","ping_status":"closed","template":"","meta":{"footnotes":""},"class_list":["post-109","page","type-page","status-publish","hentry"],"_links":{"self":[{"href":"https:\/\/blogs.uni-paderborn.de\/teatro-y-performatividad\/wp-json\/wp\/v2\/pages\/109","targetHints":{"allow":["GET"]}}],"collection":[{"href":"https:\/\/blogs.uni-paderborn.de\/teatro-y-performatividad\/wp-json\/wp\/v2\/pages"}],"about":[{"href":"https:\/\/blogs.uni-paderborn.de\/teatro-y-performatividad\/wp-json\/wp\/v2\/types\/page"}],"author":[{"embeddable":true,"href":"https:\/\/blogs.uni-paderborn.de\/teatro-y-performatividad\/wp-json\/wp\/v2\/users\/9181"}],"replies":[{"embeddable":true,"href":"https:\/\/blogs.uni-paderborn.de\/teatro-y-performatividad\/wp-json\/wp\/v2\/comments?post=109"}],"version-history":[{"count":31,"href":"https:\/\/blogs.uni-paderborn.de\/teatro-y-performatividad\/wp-json\/wp\/v2\/pages\/109\/revisions"}],"predecessor-version":[{"id":284,"href":"https:\/\/blogs.uni-paderborn.de\/teatro-y-performatividad\/wp-json\/wp\/v2\/pages\/109\/revisions\/284"}],"wp:attachment":[{"href":"https:\/\/blogs.uni-paderborn.de\/teatro-y-performatividad\/wp-json\/wp\/v2\/media?parent=109"}],"curies":[{"name":"wp","href":"https:\/\/api.w.org\/{rel}","templated":true}]}}