{"id":862,"date":"2013-12-13T12:18:38","date_gmt":"2013-12-13T10:18:38","guid":{"rendered":"http:\/\/blogs.uni-paderborn.de\/tdl2014\/?page_id=862"},"modified":"2014-02-05T16:54:18","modified_gmt":"2014-02-05T14:54:18","slug":"austausch-der-qdl-projekte","status":"publish","type":"page","link":"https:\/\/blogs.uni-paderborn.de\/tdl2014\/programm\/austausch-der-qdl-projekte\/","title":{"rendered":"Austausch der QdL-Projekte"},"content":{"rendered":"<div class=\"twoclick_social_bookmarks_post_862 social_share_privacy clearfix 1.6.4 locale-de_DE sprite-de_DE\"><\/div><div class=\"twoclick-js\"><script type=\"text\/javascript\">\/* <![CDATA[ *\/\njQuery(document).ready(function($){if($('.twoclick_social_bookmarks_post_862')){$('.twoclick_social_bookmarks_post_862').socialSharePrivacy({\"txt_help\":\"Wenn Sie diese Felder durch einen Klick aktivieren, werden Informationen an Facebook, Twitter, Flattr, Xing, t3n, LinkedIn, Pinterest oder Google eventuell ins Ausland \\u00fcbertragen und unter Umst\\u00e4nden auch dort gespeichert. N\\u00e4heres erfahren Sie durch einen Klick auf das <em>i<\\\/em>.\",\"settings_perma\":\"Dauerhaft aktivieren und Daten\\u00fcber-tragung zustimmen:\",\"info_link\":\"http:\\\/\\\/www.heise.de\\\/ct\\\/artikel\\\/2-Klicks-fuer-mehr-Datenschutz-1333879.html\",\"uri\":\"https:\\\/\\\/blogs.uni-paderborn.de\\\/tdl2014\\\/programm\\\/austausch-der-qdl-projekte\\\/\",\"post_id\":862,\"post_title_referrer_track\":\"Austausch+der+QdL-Projekte\",\"display_infobox\":\"on\"});}});\n\/* ]]> *\/<\/script><\/div><p><strong>Austausch aller Qualit\u00e4tspakt-Lehre-Projekte<\/strong> der Universit\u00e4t Paderborn zu<\/p>\n<p>&#8211; aktuellen Fragen<br \/>\n&#8211; Problemen<br \/>\n&#8211; Planungen f\u00fcr die Zukunft.<\/p>\n<p>Am 11.2.2014,<strong> <\/strong>10.00-11.30 Uhr<\/p>\n<p>Ort: Seminarraum L1.202 im Geb\u00e4ude L, Campus Universit\u00e4t Paderborn<\/p>\n<p>Moderation: <a href=\"http:\/\/www.uni-paderborn.de\/universitaet\/bildungsinnovationen\/team\/diana-urban\/\">Diana Urban<\/a>, Stabsstelle Bildungsinnovationen und Hochschuldidaktik<\/p>\n<p>&nbsp;<\/p>\n","protected":false},"excerpt":{"rendered":"<p>Austausch aller Qualit\u00e4tspakt-Lehre-Projekte der Universit\u00e4t Paderborn zu &#8211; aktuellen Fragen &#8211; Problemen &#8211; Planungen f\u00fcr die Zukunft. Am 11.2.2014, 10.00-11.30 Uhr Ort: Seminarraum L1.202 im Geb\u00e4ude L, Campus Universit\u00e4t Paderborn Moderation: Diana Urban, Stabsstelle Bildungsinnovationen und Hochschuldidaktik &nbsp;<\/p>\n","protected":false},"author":1001,"featured_media":0,"parent":12,"menu_order":6,"comment_status":"open","ping_status":"closed","template":"","meta":{"footnotes":""},"class_list":["post-862","page","type-page","status-publish","hentry"],"_links":{"self":[{"href":"https:\/\/blogs.uni-paderborn.de\/tdl2014\/wp-json\/wp\/v2\/pages\/862","targetHints":{"allow":["GET"]}}],"collection":[{"href":"https:\/\/blogs.uni-paderborn.de\/tdl2014\/wp-json\/wp\/v2\/pages"}],"about":[{"href":"https:\/\/blogs.uni-paderborn.de\/tdl2014\/wp-json\/wp\/v2\/types\/page"}],"author":[{"embeddable":true,"href":"https:\/\/blogs.uni-paderborn.de\/tdl2014\/wp-json\/wp\/v2\/users\/1001"}],"replies":[{"embeddable":true,"href":"https:\/\/blogs.uni-paderborn.de\/tdl2014\/wp-json\/wp\/v2\/comments?post=862"}],"version-history":[{"count":3,"href":"https:\/\/blogs.uni-paderborn.de\/tdl2014\/wp-json\/wp\/v2\/pages\/862\/revisions"}],"predecessor-version":[{"id":1772,"href":"https:\/\/blogs.uni-paderborn.de\/tdl2014\/wp-json\/wp\/v2\/pages\/862\/revisions\/1772"}],"up":[{"embeddable":true,"href":"https:\/\/blogs.uni-paderborn.de\/tdl2014\/wp-json\/wp\/v2\/pages\/12"}],"wp:attachment":[{"href":"https:\/\/blogs.uni-paderborn.de\/tdl2014\/wp-json\/wp\/v2\/media?parent=862"}],"curies":[{"name":"wp","href":"https:\/\/api.w.org\/{rel}","templated":true}]}}