{"id":642,"date":"2013-12-06T09:28:19","date_gmt":"2013-12-06T07:28:19","guid":{"rendered":"http:\/\/blogs.uni-paderborn.de\/tdl2014\/?page_id=642"},"modified":"2014-01-09T15:20:16","modified_gmt":"2014-01-09T13:20:16","slug":"kompetenzorientierte-laborpraktika","status":"publish","type":"page","link":"https:\/\/blogs.uni-paderborn.de\/tdl2014\/programm\/workshops\/kompetenzorientierte-laborpraktika\/","title":{"rendered":"7 Innovative Ideen f\u00fcr kompetenzorientierte Laborpraktika"},"content":{"rendered":"<div class=\"twoclick_social_bookmarks_post_642 social_share_privacy clearfix 1.6.4 locale-de_DE sprite-de_DE\"><\/div><div class=\"twoclick-js\"><script type=\"text\/javascript\">\/* <![CDATA[ *\/\njQuery(document).ready(function($){if($('.twoclick_social_bookmarks_post_642')){$('.twoclick_social_bookmarks_post_642').socialSharePrivacy({\"txt_help\":\"Wenn Sie diese Felder durch einen Klick aktivieren, werden Informationen an Facebook, Twitter, Flattr, Xing, t3n, LinkedIn, Pinterest oder Google eventuell ins Ausland \\u00fcbertragen und unter Umst\\u00e4nden auch dort gespeichert. N\\u00e4heres erfahren Sie durch einen Klick auf das <em>i<\\\/em>.\",\"settings_perma\":\"Dauerhaft aktivieren und Daten\\u00fcber-tragung zustimmen:\",\"info_link\":\"http:\\\/\\\/www.heise.de\\\/ct\\\/artikel\\\/2-Klicks-fuer-mehr-Datenschutz-1333879.html\",\"uri\":\"https:\\\/\\\/blogs.uni-paderborn.de\\\/tdl2014\\\/programm\\\/workshops\\\/kompetenzorientierte-laborpraktika\\\/\",\"post_id\":642,\"post_title_referrer_track\":\"7+Innovative+Ideen+f%C3%BCr+kompetenzorientierte+Laborpraktika\",\"display_infobox\":\"on\"});}});\n\/* ]]> *\/<\/script><\/div><p><strong>Innovative Ideen f\u00fcr kompetenzorientierte Laborpraktika <\/strong><strong><\/strong><\/p>\n<p><strong>Zeit: <\/strong>15.45-17.15 Uhr<\/p>\n<p><strong>Inhalte:<\/strong><br \/>\nIn fast allen Natur- und Ingenieurwissenschaften absolvieren Studierende festgelegte, strukturierte Laborpraktika. Ziel dieser Praktika ist neben der Vertiefung des theoretischen Fachwissens vor allem das Kennenlernen der Methoden wissenschaftlichen Arbeitens.<\/p>\n<p>H\u00e4ufig werden auch das Entwickeln experimenteller F\u00e4higkeiten, das Arbeiten im Team und die F\u00e4higkeit zur Kommunikation als weitere Ziele definiert. Zahlreiche Studien zeigen aber, dass die klassischen Praktika mit Experimenten zur Datenaufnahme und Auswertung diese Ziele nicht erreichen.<\/p>\n<p>Dr. Marc Sacher, f\u00fcr sein Konzept \u201eeines kompetenzorientierten physikalischen Praktikums\u201c im Jahr 2013 zum Fellow der Joachim-Herz-Stiftung f\u00fcr Innovationen in der Hochschullehre ernannt, und sein Team pr\u00e4sentieren in diesem Workshop die Ideen zur ziel- und kompetenzorientierten F\u00f6rderung der genannten F\u00e4higkeiten und bietet eine moderierte Plattform f\u00fcr Interessierte, die ihr eigenes Praktikum umgestalten wollen.<\/p>\n<p>Ziel ist es, erste Ideen f\u00fcr diesen Prozess zu entwickeln und diese zu diskutieren.<\/p>\n<p><strong>Moderation:<\/strong><br \/>\n<a href=\"https:\/\/groups.uni-paderborn.de\/3p\/\">Dr. Marc Sacher und Team<\/a>, Department Physik, Universit\u00e4t Paderborn<\/p>\n","protected":false},"excerpt":{"rendered":"<p>Innovative Ideen f\u00fcr kompetenzorientierte Laborpraktika Zeit: 15.45-17.15 Uhr Inhalte: In fast allen Natur- und Ingenieurwissenschaften absolvieren Studierende festgelegte, strukturierte Laborpraktika. Ziel dieser Praktika ist neben der Vertiefung des theoretischen Fachwissens vor allem das Kennenlernen der Methoden wissenschaftlichen Arbeitens. H\u00e4ufig werden &hellip; <a href=\"https:\/\/blogs.uni-paderborn.de\/tdl2014\/programm\/workshops\/kompetenzorientierte-laborpraktika\/\">Weiterlesen <span class=\"meta-nav\">&rarr;<\/span><\/a><\/p>\n","protected":false},"author":1001,"featured_media":0,"parent":352,"menu_order":0,"comment_status":"open","ping_status":"closed","template":"","meta":{"footnotes":""},"class_list":["post-642","page","type-page","status-publish","hentry"],"_links":{"self":[{"href":"https:\/\/blogs.uni-paderborn.de\/tdl2014\/wp-json\/wp\/v2\/pages\/642","targetHints":{"allow":["GET"]}}],"collection":[{"href":"https:\/\/blogs.uni-paderborn.de\/tdl2014\/wp-json\/wp\/v2\/pages"}],"about":[{"href":"https:\/\/blogs.uni-paderborn.de\/tdl2014\/wp-json\/wp\/v2\/types\/page"}],"author":[{"embeddable":true,"href":"https:\/\/blogs.uni-paderborn.de\/tdl2014\/wp-json\/wp\/v2\/users\/1001"}],"replies":[{"embeddable":true,"href":"https:\/\/blogs.uni-paderborn.de\/tdl2014\/wp-json\/wp\/v2\/comments?post=642"}],"version-history":[{"count":9,"href":"https:\/\/blogs.uni-paderborn.de\/tdl2014\/wp-json\/wp\/v2\/pages\/642\/revisions"}],"predecessor-version":[{"id":1602,"href":"https:\/\/blogs.uni-paderborn.de\/tdl2014\/wp-json\/wp\/v2\/pages\/642\/revisions\/1602"}],"up":[{"embeddable":true,"href":"https:\/\/blogs.uni-paderborn.de\/tdl2014\/wp-json\/wp\/v2\/pages\/352"}],"wp:attachment":[{"href":"https:\/\/blogs.uni-paderborn.de\/tdl2014\/wp-json\/wp\/v2\/media?parent=642"}],"curies":[{"name":"wp","href":"https:\/\/api.w.org\/{rel}","templated":true}]}}