{"id":352,"date":"2013-11-27T12:31:54","date_gmt":"2013-11-27T10:31:54","guid":{"rendered":"http:\/\/blogs.uni-paderborn.de\/tdl2014\/?page_id=352"},"modified":"2014-01-06T14:23:34","modified_gmt":"2014-01-06T12:23:34","slug":"workshops","status":"publish","type":"page","link":"https:\/\/blogs.uni-paderborn.de\/tdl2014\/programm\/workshops\/","title":{"rendered":"Workshops"},"content":{"rendered":"<div class=\"twoclick_social_bookmarks_post_352 social_share_privacy clearfix 1.6.4 locale-de_DE sprite-de_DE\"><\/div><div class=\"twoclick-js\"><script type=\"text\/javascript\">\/* <![CDATA[ *\/\njQuery(document).ready(function($){if($('.twoclick_social_bookmarks_post_352')){$('.twoclick_social_bookmarks_post_352').socialSharePrivacy({\"txt_help\":\"Wenn Sie diese Felder durch einen Klick aktivieren, werden Informationen an Facebook, Twitter, Flattr, Xing, t3n, LinkedIn, Pinterest oder Google eventuell ins Ausland \\u00fcbertragen und unter Umst\\u00e4nden auch dort gespeichert. N\\u00e4heres erfahren Sie durch einen Klick auf das <em>i<\\\/em>.\",\"settings_perma\":\"Dauerhaft aktivieren und Daten\\u00fcber-tragung zustimmen:\",\"info_link\":\"http:\\\/\\\/www.heise.de\\\/ct\\\/artikel\\\/2-Klicks-fuer-mehr-Datenschutz-1333879.html\",\"uri\":\"https:\\\/\\\/blogs.uni-paderborn.de\\\/tdl2014\\\/programm\\\/workshops\\\/\",\"post_id\":352,\"post_title_referrer_track\":\"Workshops\",\"display_infobox\":\"on\"});}});\n\/* ]]> *\/<\/script><\/div><p><em>Workshops 13.15 bis 14.45 Uhr:<\/em><\/p>\n<p><strong>Round Table-Gespr\u00e4ch zum Akkreditierungssystem mit Prof. Dr. Lenzen und Prof. Burckhart<\/strong> (Prof. Dr. Dorothee Meister)<\/p>\n<p><strong><a href=\"http:\/\/blogs.uni-paderborn.de\/tdl2014\/programm\/workshops\/e-teaching-in-studiengangen\/\">Lehre mit E-Teaching-Elementen anreichern \u2013 Erfahrungen und Ideen<\/a><\/strong> (Tobias Zenker)<\/p>\n<p><strong><a href=\"http:\/\/blogs.uni-paderborn.de\/tdl2014\/programm\/workshops\/fachubergreifende-studienangebote\/\">Freiheit, die ich meine \u2013 zum Wahlverhalten in fach\u00fcbergreifenden Studienangeboten <\/a><\/strong>(Dr. Karin Beck und Dr. Andreas Seifert)<\/p>\n<p><strong><a href=\"http:\/\/blogs.uni-paderborn.de\/tdl2014\/programm\/workshops\/potenzial-studentischer-tutorienformate\/\">Lernprozesse gemeinsam gestalten. Das didaktische Potenzial studentischer Tutorienformate?!<\/a><\/strong> (Carolin Striewisch und Dr. Eva-Maria Lerche)<strong><br \/>\n<\/strong><\/p>\n<p>&nbsp;<\/p>\n<p><em>Workshops 15.45 bis 17.15 Uhr:<\/em><\/p>\n<p><strong><a href=\"http:\/\/blogs.uni-paderborn.de\/tdl2014\/programm\/workshops\/erfahrungen-aus-anderen-hochschulen\/\">In Modulen lehren, lernen und pr\u00fcfen: Erfahrungen aus den Hochschulen mit kompetenzorientierter Lehrentwicklung im produktiven Spannungsfeld zwischen Wissenschaft und Hochschulmanagement<\/a> <\/strong>(Dr. Peter A. Zervakis)<\/p>\n<p><strong><a href=\"http:\/\/blogs.uni-paderborn.de\/tdl2014\/programm\/workshops\/kompetenzorientiert-prufen\/\">Kompetenzorientiert Pr\u00fcfen \u2013 was bedeutet das und wie pr\u00fcft man Kompetenzen? <\/a><\/strong>(Prof. Dr. Niclas Schaper)<\/p>\n<p><strong><a href=\"http:\/\/blogs.uni-paderborn.de\/tdl2014\/programm\/workshops\/kompetenzorientierte-laborpraktika\/\">Innovative Ideen f\u00fcr kompetenzorientierte Laborpraktika<\/a> <\/strong>(Dr. Marc Sacher)<\/p>\n<p><strong><a href=\"http:\/\/blogs.uni-paderborn.de\/tdl2014\/programm\/workshops\/netzwerk-peer-learning-in-der-lehrerbildung\/\">Netzwerk Peer Learning in der Lehrer_innenbildung an der Universit\u00e4t Paderborn<\/a><\/strong> (Prof. Dr. Thea Stroot und Petra Westphal)<\/p>\n<p>&nbsp;<\/p>\n<p><em>Workshop\u00a013.15 bis 14.45 Uhr und<\/em> <em>15.45 bis 17.15 Uhr:<\/em><\/p>\n<p><a href=\"http:\/\/blogs.uni-paderborn.de\/tdl2014\/programm\/workshops\/studiengangswerkstatt\/\"><strong>Modulplanung \u2013 fachliche Anforderungen reflektieren, Lernr\u00e4ume gestalten<\/strong><\/a> (Dr. R\u00fcdiger Rhein und Tanja Kruse)<\/p>\n<p>&nbsp;<\/p>\n<p>Alle Workshops finden im Geb\u00e4ude L auf dem Campus der Universit\u00e4t Paderborn statt. Die genauen R\u00e4ume entnehmen Sie bitte den Informationen vor Ort am Tag der Lehre.<\/p>\n","protected":false},"excerpt":{"rendered":"<p>Workshops 13.15 bis 14.45 Uhr: Round Table-Gespr\u00e4ch zum Akkreditierungssystem mit Prof. Dr. Lenzen und Prof. Burckhart (Prof. Dr. Dorothee Meister) Lehre mit E-Teaching-Elementen anreichern \u2013 Erfahrungen und Ideen (Tobias Zenker) Freiheit, die ich meine \u2013 zum Wahlverhalten in fach\u00fcbergreifenden Studienangeboten &hellip; <a href=\"https:\/\/blogs.uni-paderborn.de\/tdl2014\/programm\/workshops\/\">Weiterlesen <span class=\"meta-nav\">&rarr;<\/span><\/a><\/p>\n","protected":false},"author":1001,"featured_media":0,"parent":12,"menu_order":2,"comment_status":"open","ping_status":"closed","template":"","meta":{"footnotes":""},"class_list":["post-352","page","type-page","status-publish","hentry"],"_links":{"self":[{"href":"https:\/\/blogs.uni-paderborn.de\/tdl2014\/wp-json\/wp\/v2\/pages\/352","targetHints":{"allow":["GET"]}}],"collection":[{"href":"https:\/\/blogs.uni-paderborn.de\/tdl2014\/wp-json\/wp\/v2\/pages"}],"about":[{"href":"https:\/\/blogs.uni-paderborn.de\/tdl2014\/wp-json\/wp\/v2\/types\/page"}],"author":[{"embeddable":true,"href":"https:\/\/blogs.uni-paderborn.de\/tdl2014\/wp-json\/wp\/v2\/users\/1001"}],"replies":[{"embeddable":true,"href":"https:\/\/blogs.uni-paderborn.de\/tdl2014\/wp-json\/wp\/v2\/comments?post=352"}],"version-history":[{"count":7,"href":"https:\/\/blogs.uni-paderborn.de\/tdl2014\/wp-json\/wp\/v2\/pages\/352\/revisions"}],"predecessor-version":[{"id":1342,"href":"https:\/\/blogs.uni-paderborn.de\/tdl2014\/wp-json\/wp\/v2\/pages\/352\/revisions\/1342"}],"up":[{"embeddable":true,"href":"https:\/\/blogs.uni-paderborn.de\/tdl2014\/wp-json\/wp\/v2\/pages\/12"}],"wp:attachment":[{"href":"https:\/\/blogs.uni-paderborn.de\/tdl2014\/wp-json\/wp\/v2\/media?parent=352"}],"curies":[{"name":"wp","href":"https:\/\/api.w.org\/{rel}","templated":true}]}}