{"id":282,"date":"2013-11-27T12:27:08","date_gmt":"2013-11-27T10:27:08","guid":{"rendered":"http:\/\/blogs.uni-paderborn.de\/tdl2014\/?page_id=282"},"modified":"2013-11-27T12:27:08","modified_gmt":"2013-11-27T10:27:08","slug":"das-motto","status":"publish","type":"page","link":"https:\/\/blogs.uni-paderborn.de\/tdl2014\/das-motto\/","title":{"rendered":"Das Motto"},"content":{"rendered":"<div class=\"twoclick_social_bookmarks_post_282 social_share_privacy clearfix 1.6.4 locale-de_DE sprite-de_DE\"><\/div><div class=\"twoclick-js\"><script type=\"text\/javascript\">\/* <![CDATA[ *\/\njQuery(document).ready(function($){if($('.twoclick_social_bookmarks_post_282')){$('.twoclick_social_bookmarks_post_282').socialSharePrivacy({\"txt_help\":\"Wenn Sie diese Felder durch einen Klick aktivieren, werden Informationen an Facebook, Twitter, Flattr, Xing, t3n, LinkedIn, Pinterest oder Google eventuell ins Ausland \\u00fcbertragen und unter Umst\\u00e4nden auch dort gespeichert. N\\u00e4heres erfahren Sie durch einen Klick auf das <em>i<\\\/em>.\",\"settings_perma\":\"Dauerhaft aktivieren und Daten\\u00fcber-tragung zustimmen:\",\"info_link\":\"http:\\\/\\\/www.heise.de\\\/ct\\\/artikel\\\/2-Klicks-fuer-mehr-Datenschutz-1333879.html\",\"uri\":\"https:\\\/\\\/blogs.uni-paderborn.de\\\/tdl2014\\\/das-motto\\\/\",\"post_id\":282,\"post_title_referrer_track\":\"Das+Motto\",\"display_infobox\":\"on\"});}});\n\/* ]]> *\/<\/script><\/div><div>\n<p>Warum der Tag der Lehre 2014 zum Thema Studieng\u00e4nge?<\/p>\n<p>Die Struktur und Gestaltung der Studieng\u00e4nge pr\u00e4gen das Lernen der Studierenden sehr stark, somit auch den Erwerb von Kompetenzen im Verlauf des Studiums. Dies bedeutet eine gro\u00dfe Verantwortung f\u00fcr alle an der Studiengangsplanung Beteiligten. Auf der anderen Seite ist die Gestaltung von Studieng\u00e4ngen verst\u00e4rkt externen Beschr\u00e4nkungen und Auflagen unterworfen, siehe die aktuelle Diskussion um die (Programm- und System-) Akkreditierung.<\/p>\n<p>Wie wir an der Universit\u00e4t Paderborn mit diesen zum Teil sich widersprechenden Herausforderungen umgehen sollen und wollen, das ist das Thema des Tags der Lehre 2014 \u2013 veranstaltet vom Pr\u00e4sidium der Universit\u00e4t Paderborn.<\/p>\n<p>Hierf\u00fcr werden wir\u2026<\/p>\n<p>\u2026in verschiedenen Veranstaltungsformaten den<strong> Austausch <\/strong>\u00fcber die Gestaltung und Entwicklung von Studieng\u00e4ngen initiieren und f\u00f6rdern\u2026<\/p>\n<p>\u2026 <strong>innovative Konzepte<\/strong> f\u00fcr die Gestaltung von Studieng\u00e4ngen vorstellen und diskutieren, u.a. zu den Themen Akkreditierung, Gestaltung von Modulen und Pr\u00fcfen in Modulen \u2026<\/p>\n<p>\u2026 einen Rahmen f\u00fcr <strong>intensive pers\u00f6nliche Kontakte<\/strong> innerhalb und au\u00dferhalb der Universit\u00e4t Paderborn schaffen.<\/p>\n<\/div>\n","protected":false},"excerpt":{"rendered":"<p>Warum der Tag der Lehre 2014 zum Thema Studieng\u00e4nge? Die Struktur und Gestaltung der Studieng\u00e4nge pr\u00e4gen das Lernen der Studierenden sehr stark, somit auch den Erwerb von Kompetenzen im Verlauf des Studiums. Dies bedeutet eine gro\u00dfe Verantwortung f\u00fcr alle an &hellip; <a href=\"https:\/\/blogs.uni-paderborn.de\/tdl2014\/das-motto\/\">Weiterlesen <span class=\"meta-nav\">&rarr;<\/span><\/a><\/p>\n","protected":false},"author":1001,"featured_media":0,"parent":0,"menu_order":0,"comment_status":"open","ping_status":"closed","template":"","meta":{"footnotes":""},"class_list":["post-282","page","type-page","status-publish","hentry"],"_links":{"self":[{"href":"https:\/\/blogs.uni-paderborn.de\/tdl2014\/wp-json\/wp\/v2\/pages\/282","targetHints":{"allow":["GET"]}}],"collection":[{"href":"https:\/\/blogs.uni-paderborn.de\/tdl2014\/wp-json\/wp\/v2\/pages"}],"about":[{"href":"https:\/\/blogs.uni-paderborn.de\/tdl2014\/wp-json\/wp\/v2\/types\/page"}],"author":[{"embeddable":true,"href":"https:\/\/blogs.uni-paderborn.de\/tdl2014\/wp-json\/wp\/v2\/users\/1001"}],"replies":[{"embeddable":true,"href":"https:\/\/blogs.uni-paderborn.de\/tdl2014\/wp-json\/wp\/v2\/comments?post=282"}],"version-history":[{"count":1,"href":"https:\/\/blogs.uni-paderborn.de\/tdl2014\/wp-json\/wp\/v2\/pages\/282\/revisions"}],"predecessor-version":[{"id":292,"href":"https:\/\/blogs.uni-paderborn.de\/tdl2014\/wp-json\/wp\/v2\/pages\/282\/revisions\/292"}],"wp:attachment":[{"href":"https:\/\/blogs.uni-paderborn.de\/tdl2014\/wp-json\/wp\/v2\/media?parent=282"}],"curies":[{"name":"wp","href":"https:\/\/api.w.org\/{rel}","templated":true}]}}