{"id":1212,"date":"2013-12-20T18:15:44","date_gmt":"2013-12-20T16:15:44","guid":{"rendered":"http:\/\/blogs.uni-paderborn.de\/tdl2014\/?page_id=1212"},"modified":"2014-01-09T15:20:44","modified_gmt":"2014-01-09T13:20:44","slug":"kompetenzorientiert-prufen","status":"publish","type":"page","link":"https:\/\/blogs.uni-paderborn.de\/tdl2014\/programm\/workshops\/kompetenzorientiert-prufen\/","title":{"rendered":"8 Kompetenzorientiert Pr\u00fcfen \u2013 was bedeutet das und wie pr\u00fcft man Kompetenzen?"},"content":{"rendered":"<div class=\"twoclick_social_bookmarks_post_1212 social_share_privacy clearfix 1.6.4 locale-de_DE sprite-de_DE\"><\/div><div class=\"twoclick-js\"><script type=\"text\/javascript\">\/* <![CDATA[ *\/\njQuery(document).ready(function($){if($('.twoclick_social_bookmarks_post_1212')){$('.twoclick_social_bookmarks_post_1212').socialSharePrivacy({\"txt_help\":\"Wenn Sie diese Felder durch einen Klick aktivieren, werden Informationen an Facebook, Twitter, Flattr, Xing, t3n, LinkedIn, Pinterest oder Google eventuell ins Ausland \\u00fcbertragen und unter Umst\\u00e4nden auch dort gespeichert. N\\u00e4heres erfahren Sie durch einen Klick auf das <em>i<\\\/em>.\",\"settings_perma\":\"Dauerhaft aktivieren und Daten\\u00fcber-tragung zustimmen:\",\"info_link\":\"http:\\\/\\\/www.heise.de\\\/ct\\\/artikel\\\/2-Klicks-fuer-mehr-Datenschutz-1333879.html\",\"uri\":\"https:\\\/\\\/blogs.uni-paderborn.de\\\/tdl2014\\\/programm\\\/workshops\\\/kompetenzorientiert-prufen\\\/\",\"post_id\":1212,\"post_title_referrer_track\":\"8+Kompetenzorientiert+Pr%C3%BCfen+%E2%80%93+was+bedeutet+das+und+wie+pr%C3%BCft+man+Kompetenzen%3F\",\"display_infobox\":\"on\"});}});\n\/* ]]> *\/<\/script><\/div><p><strong>Kompetenzorientiert Pr\u00fcfen \u2013 was bedeutet das und wie pr\u00fcft man Kompetenzen?<\/strong><\/p>\n<p><strong>Zeit:<\/strong> 15.45-17.15 Uhr<\/p>\n<p><strong>Inhalte:<\/strong><br \/>\nIn dem Workshop sollen einleitend Ziele und grundlegende Konzepte kompetenzorientierten Pr\u00fcfens er\u00f6rtert werden. Aufbauend darauf werden exemplarisch kompetenzorientierte Pr\u00fcfungsformate vorgestellt und bez\u00fcglich ihrer Umsetzbarkeit diskutiert. Die Teilnehmer\/innen sollen eine erste Vorstellung davon erhalten, wie sie in ihrer Lehre kompetenzorientierte Pr\u00fcfungsformate realisieren k\u00f6nnen und worauf dabei zu achten ist.<\/p>\n<p><strong>Moderation:<br \/>\n<\/strong><a href=\"http:\/\/kw.uni-paderborn.de\/ru\/institute-einrichtungen\/institut-fuer-humanwissenschaften\/fach-psychologie\/arbeits-und-organisationspsychologie\/team\/lehrstuhlinhaber\/prof-dr-niclas-schaper\/\">Prof. Dr. Niclas Schaper<\/a>, Lehrstuhl Arbeits- und Organisationspsychologie<\/p>\n","protected":false},"excerpt":{"rendered":"<p>Kompetenzorientiert Pr\u00fcfen \u2013 was bedeutet das und wie pr\u00fcft man Kompetenzen? Zeit: 15.45-17.15 Uhr Inhalte: In dem Workshop sollen einleitend Ziele und grundlegende Konzepte kompetenzorientierten Pr\u00fcfens er\u00f6rtert werden. Aufbauend darauf werden exemplarisch kompetenzorientierte Pr\u00fcfungsformate vorgestellt und bez\u00fcglich ihrer Umsetzbarkeit diskutiert. &hellip; <a href=\"https:\/\/blogs.uni-paderborn.de\/tdl2014\/programm\/workshops\/kompetenzorientiert-prufen\/\">Weiterlesen <span class=\"meta-nav\">&rarr;<\/span><\/a><\/p>\n","protected":false},"author":1001,"featured_media":0,"parent":352,"menu_order":0,"comment_status":"open","ping_status":"closed","template":"","meta":{"footnotes":""},"class_list":["post-1212","page","type-page","status-publish","hentry"],"_links":{"self":[{"href":"https:\/\/blogs.uni-paderborn.de\/tdl2014\/wp-json\/wp\/v2\/pages\/1212","targetHints":{"allow":["GET"]}}],"collection":[{"href":"https:\/\/blogs.uni-paderborn.de\/tdl2014\/wp-json\/wp\/v2\/pages"}],"about":[{"href":"https:\/\/blogs.uni-paderborn.de\/tdl2014\/wp-json\/wp\/v2\/types\/page"}],"author":[{"embeddable":true,"href":"https:\/\/blogs.uni-paderborn.de\/tdl2014\/wp-json\/wp\/v2\/users\/1001"}],"replies":[{"embeddable":true,"href":"https:\/\/blogs.uni-paderborn.de\/tdl2014\/wp-json\/wp\/v2\/comments?post=1212"}],"version-history":[{"count":3,"href":"https:\/\/blogs.uni-paderborn.de\/tdl2014\/wp-json\/wp\/v2\/pages\/1212\/revisions"}],"predecessor-version":[{"id":1622,"href":"https:\/\/blogs.uni-paderborn.de\/tdl2014\/wp-json\/wp\/v2\/pages\/1212\/revisions\/1622"}],"up":[{"embeddable":true,"href":"https:\/\/blogs.uni-paderborn.de\/tdl2014\/wp-json\/wp\/v2\/pages\/352"}],"wp:attachment":[{"href":"https:\/\/blogs.uni-paderborn.de\/tdl2014\/wp-json\/wp\/v2\/media?parent=1212"}],"curies":[{"name":"wp","href":"https:\/\/api.w.org\/{rel}","templated":true}]}}