{"id":12,"date":"2013-11-07T09:44:53","date_gmt":"2013-11-07T07:44:53","guid":{"rendered":"http:\/\/blogs.uni-paderborn.de\/tdl2014\/?page_id=2"},"modified":"2014-01-08T15:23:07","modified_gmt":"2014-01-08T13:23:07","slug":"programm","status":"publish","type":"page","link":"https:\/\/blogs.uni-paderborn.de\/tdl2014\/programm\/","title":{"rendered":"Programm"},"content":{"rendered":"<div class=\"twoclick_social_bookmarks_post_12 social_share_privacy clearfix 1.6.4 locale-de_DE sprite-de_DE\"><\/div><div class=\"twoclick-js\"><script type=\"text\/javascript\">\/* <![CDATA[ *\/\njQuery(document).ready(function($){if($('.twoclick_social_bookmarks_post_12')){$('.twoclick_social_bookmarks_post_12').socialSharePrivacy({\"txt_help\":\"Wenn Sie diese Felder durch einen Klick aktivieren, werden Informationen an Facebook, Twitter, Flattr, Xing, t3n, LinkedIn, Pinterest oder Google eventuell ins Ausland \\u00fcbertragen und unter Umst\\u00e4nden auch dort gespeichert. N\\u00e4heres erfahren Sie durch einen Klick auf das <em>i<\\\/em>.\",\"settings_perma\":\"Dauerhaft aktivieren und Daten\\u00fcber-tragung zustimmen:\",\"info_link\":\"http:\\\/\\\/www.heise.de\\\/ct\\\/artikel\\\/2-Klicks-fuer-mehr-Datenschutz-1333879.html\",\"uri\":\"https:\\\/\\\/blogs.uni-paderborn.de\\\/tdl2014\\\/programm\\\/\",\"post_id\":12,\"post_title_referrer_track\":\"Programm\",\"display_infobox\":\"on\"});}});\n\/* ]]> *\/<\/script><\/div><p>Am Tag der Lehre am<strong> 11. Februar 2014<\/strong> wechseln sich <a href=\"http:\/\/blogs.uni-paderborn.de\/tdl2014\/programm\/vortrage\/\"><strong>Vortr\u00e4ge<\/strong> <\/a>und <a href=\"http:\/\/blogs.uni-paderborn.de\/tdl2014\/programm\/workshops\/\"><strong>Workshops<\/strong> <\/a>unter dem Thema <strong>\u201cStudieng\u00e4nge planen, entwickeln, umsetzen\u201d<\/strong> wechseln sich ab mit Phasen des intensiven Austauschs unter anderem in der <a href=\"http:\/\/blogs.uni-paderborn.de\/tdl2014\/programm\/postersession\/\"><strong>Postersession<\/strong> <\/a>im Foyer. Zum Abschluss freuen wir uns auf das <a href=\"http:\/\/blogs.uni-paderborn.de\/tdl2014\/programm\/buffet\/\"><strong>Buffet<\/strong><\/a>! Eingeladen sind alle Lehrenden, Mitarbeitenden und Studierenden der Universit\u00e4t Paderborn. Die Teilnahme ist kostenlos.<\/p>\n<p><strong><em>Er\u00f6ffnung 12.00 bis 13.15 Uhr, H\u00f6rsaal L1:<\/em><\/strong><\/p>\n<p><strong>Gru\u00dfworte des Pr\u00e4sidenten<\/strong><br \/>\nProf. Dr. Nikolaus Risch<br \/>\n<strong><\/strong>Pr\u00e4sident der Universit\u00e4t Paderborn<\/p>\n<p><strong>Keynote: Wissen, Kompetenz und Bildung \u2013 alles Qualifikationen?<\/strong><br \/>\nProf. Dr. Dieter Lenzen<br \/>\nPr\u00e4sident der Universit\u00e4t Hamburg, Vizepr\u00e4sident der Hochschulrektorenkonferenz<br \/>\n<strong><\/strong> <em>(Replik von Prof. Dr. Holger Burckhart, Rektor der Universit\u00e4t Siegen und Vizepr\u00e4sident der HRK und Round-Table-Gespr\u00e4ch im Anschluss w\u00e4hrend der Workshops)<\/em><\/p>\n<p><strong><em>Workshops 13.15 bis 14.45 Uhr:<\/em><\/strong><\/p>\n<p><strong>Round Table-Gespr\u00e4ch zum Akkreditierungssystem mit Prof. Dr. Lenzen und Prof. Burckhart<\/strong> (Prof. Dr. Dorothee Meister)<\/p>\n<p><strong><a href=\"http:\/\/blogs.uni-paderborn.de\/tdl2014\/programm\/workshops\/e-teaching-in-studiengangen\/\">Lehre mit E-Teaching-Elementen anreichern \u2013 Erfahrungen und Ideen<\/a><\/strong><br \/>\n(Tobias Zenker)<\/p>\n<p><strong><a href=\"http:\/\/blogs.uni-paderborn.de\/tdl2014\/programm\/workshops\/fachubergreifende-studienangebote\/\">Freiheit, die ich meine \u2013 zum Wahlverhalten in fach\u00fcbergreifenden Studienangeboten<br \/>\n<\/a><\/strong>(Dr. Karin Beck und Dr. Andreas Seifert)<\/p>\n<p><strong><a href=\"http:\/\/blogs.uni-paderborn.de\/tdl2014\/programm\/workshops\/potenzial-studentischer-tutorienformate\/\">Lernprozesse gemeinsam gestalten. Das didaktische Potenzial studentischer Tutorienformate?!<\/a><\/strong><br \/>\n(Carolin Striewisch und Dr. Eva-Maria Lerche)<strong><br \/>\n<\/strong><\/p>\n<p><a href=\"http:\/\/blogs.uni-paderborn.de\/tdl2014\/programm\/workshops\/studiengangswerkstatt\/\"><strong>Modulplanung \u2013 fachliche Anforderungen reflektieren, Lernr\u00e4ume gestalten<\/strong><\/a><br \/>\n(Dr. R\u00fcdiger Rhein und Tanja Kruse) Teil I &#8211; Fortsetzung in Workshopdurchgang II<\/p>\n<p><em><strong>Postersession\u00a0<em><strong>14:45-15.45 <\/strong><\/em>Uhr:<\/strong><\/em><\/p>\n<p>Tr\u00e4gerInnen des Lehrpreises f\u00fcr den wissenschaftlichen Nachwuchs<br \/>\nTr\u00e4gerInnen des Lehrpreises des F\u00f6rderpreises f\u00fcr Innovation und Qualit\u00e4t in der Lehre<\/p>\n<p><strong><em>Workshops 15.45 bis 17.15 Uhr:<\/em><\/strong><\/p>\n<p><strong><a href=\"http:\/\/blogs.uni-paderborn.de\/tdl2014\/programm\/workshops\/erfahrungen-aus-anderen-hochschulen\/\">In Modulen lehren, lernen und pr\u00fcfen: Erfahrungen aus den Hochschulen mit kompetenzorientierter Lehrentwicklung im produktiven Spannungsfeld zwischen Wissenschaft und Hochschulmanagement<\/a> <\/strong>(Dr. Peter A. Zervakis)<\/p>\n<p><strong><a href=\"http:\/\/blogs.uni-paderborn.de\/tdl2014\/programm\/workshops\/kompetenzorientiert-prufen\/\">Kompetenzorientiert Pr\u00fcfen \u2013 was bedeutet das und wie pr\u00fcft man Kompetenzen? <\/a><\/strong>(Prof. Dr. Niclas Schaper)<\/p>\n<p><strong><a href=\"http:\/\/blogs.uni-paderborn.de\/tdl2014\/programm\/workshops\/kompetenzorientierte-laborpraktika\/\">Innovative Ideen f\u00fcr kompetenzorientierte Laborpraktika<\/a> <\/strong>(Dr. Marc Sacher)<\/p>\n<p><strong><a href=\"http:\/\/blogs.uni-paderborn.de\/tdl2014\/programm\/workshops\/netzwerk-peer-learning-in-der-lehrerbildung\/\">Netzwerk Peer Learning in der Lehrer_innenbildung an der Universit\u00e4t Paderborn<\/a><\/strong> (Prof. Dr. Thea Stroot und Petra Westphal)<\/p>\n<p><a href=\"http:\/\/blogs.uni-paderborn.de\/tdl2014\/programm\/workshops\/studiengangswerkstatt\/\"><strong>Modulplanung \u2013 fachliche Anforderungen reflektieren, Lernr\u00e4ume gestalten<\/strong><\/a><br \/>\n(Dr. R\u00fcdiger Rhein und Tanja Kruse) Teil I &#8211; Fortsetzung von Workshopdurchgang I<\/p>\n<p><strong><em>Abschluss 17:30 Uhr<\/em><\/strong><\/p>\n<p>Zusammenfassung der Workshop-Ergebnisse<br \/>\n\u00dcbergabe des F\u00f6rderpreises f\u00fcr Qualit\u00e4t und Innovation in der Lehre<br \/>\nLaudationes<\/p>\n<p><em><strong>Buffet im Anschluss<\/strong><\/em><\/p>\n<p>Hier geht es zur <a href=\"http:\/\/www.uni-paderborn.de\/universitaet\/bildungsinnovationen\/tag-der-lehre-2014\/anmeldung-tdl-2014\/\">Anmeldung<\/a><\/p>\n<p><em>Wir freuen uns auf Ihre Teilnahme<\/em><\/p>\n","protected":false},"excerpt":{"rendered":"<p>Am Tag der Lehre am 11. Februar 2014 wechseln sich Vortr\u00e4ge und Workshops unter dem Thema \u201cStudieng\u00e4nge planen, entwickeln, umsetzen\u201d wechseln sich ab mit Phasen des intensiven Austauschs unter anderem in der Postersession im Foyer. Zum Abschluss freuen wir uns &hellip; <a href=\"https:\/\/blogs.uni-paderborn.de\/tdl2014\/programm\/\">Weiterlesen <span class=\"meta-nav\">&rarr;<\/span><\/a><\/p>\n","protected":false},"author":512,"featured_media":0,"parent":0,"menu_order":1,"comment_status":"open","ping_status":"closed","template":"","meta":{"footnotes":""},"class_list":["post-12","page","type-page","status-publish","hentry"],"_links":{"self":[{"href":"https:\/\/blogs.uni-paderborn.de\/tdl2014\/wp-json\/wp\/v2\/pages\/12","targetHints":{"allow":["GET"]}}],"collection":[{"href":"https:\/\/blogs.uni-paderborn.de\/tdl2014\/wp-json\/wp\/v2\/pages"}],"about":[{"href":"https:\/\/blogs.uni-paderborn.de\/tdl2014\/wp-json\/wp\/v2\/types\/page"}],"author":[{"embeddable":true,"href":"https:\/\/blogs.uni-paderborn.de\/tdl2014\/wp-json\/wp\/v2\/users\/512"}],"replies":[{"embeddable":true,"href":"https:\/\/blogs.uni-paderborn.de\/tdl2014\/wp-json\/wp\/v2\/comments?post=12"}],"version-history":[{"count":11,"href":"https:\/\/blogs.uni-paderborn.de\/tdl2014\/wp-json\/wp\/v2\/pages\/12\/revisions"}],"predecessor-version":[{"id":1422,"href":"https:\/\/blogs.uni-paderborn.de\/tdl2014\/wp-json\/wp\/v2\/pages\/12\/revisions\/1422"}],"wp:attachment":[{"href":"https:\/\/blogs.uni-paderborn.de\/tdl2014\/wp-json\/wp\/v2\/media?parent=12"}],"curies":[{"name":"wp","href":"https:\/\/api.w.org\/{rel}","templated":true}]}}