{"id":952,"date":"2012-10-23T14:46:48","date_gmt":"2012-10-23T12:46:48","guid":{"rendered":"http:\/\/blogs.uni-paderborn.de\/tdl2013\/?page_id=952"},"modified":"2013-01-07T15:54:57","modified_gmt":"2013-01-07T13:54:57","slug":"buffet","status":"publish","type":"page","link":"https:\/\/blogs.uni-paderborn.de\/tdl2013\/programm\/buffet\/","title":{"rendered":"Buffet"},"content":{"rendered":"<div class=\"twoclick_social_bookmarks_post_952 social_share_privacy clearfix 1.6.4 locale-de_DE sprite-de_DE\"><\/div><div class=\"twoclick-js\"><script type=\"text\/javascript\">\/* <![CDATA[ *\/\njQuery(document).ready(function($){if($('.twoclick_social_bookmarks_post_952')){$('.twoclick_social_bookmarks_post_952').socialSharePrivacy({\"txt_help\":\"Wenn Sie diese Felder durch einen Klick aktivieren, werden Informationen an Facebook, Twitter, Flattr, Xing, t3n, LinkedIn, Pinterest oder Google eventuell ins Ausland \\u00fcbertragen und unter Umst\\u00e4nden auch dort gespeichert. N\\u00e4heres erfahren Sie durch einen Klick auf das <em>i<\\\/em>.\",\"settings_perma\":\"Dauerhaft aktivieren und Daten\\u00fcber-tragung zustimmen:\",\"info_link\":\"http:\\\/\\\/www.heise.de\\\/ct\\\/artikel\\\/2-Klicks-fuer-mehr-Datenschutz-1333879.html\",\"uri\":\"https:\\\/\\\/blogs.uni-paderborn.de\\\/tdl2013\\\/programm\\\/buffet\\\/\",\"post_id\":952,\"post_title_referrer_track\":\"Buffet\",\"display_infobox\":\"on\"});}});\n\/* ]]> *\/<\/script><\/div><p>Wir freuen uns, Sie auch im Jahr 2013 zum leckeren <strong>Buffet ab 19 Uhr<\/strong> &#8211; als H\u00f6hepunkt des Tages der Lehre &#8211; einzuladen! Kommen Sie dazu gern ins <strong>Foyer des L-Geb\u00e4udes<\/strong>&#8230;<\/p>\n<p>F\u00fcr das Buffet k\u00f6nnen Sie sich <a href=\"https:\/\/blogs.uni-paderborn.de\/tdl2013\/anmeldung\/\">hier <\/a>kostenfrei anmelden.<\/p>\n","protected":false},"excerpt":{"rendered":"<p>Wir freuen uns, Sie auch im Jahr 2013 zum leckeren Buffet ab 19 Uhr &#8211; als H\u00f6hepunkt des Tages der Lehre &#8211; einzuladen! Kommen Sie dazu gern ins Foyer des L-Geb\u00e4udes&#8230; F\u00fcr das Buffet k\u00f6nnen Sie sich hier kostenfrei anmelden.<\/p>\n","protected":false},"author":1001,"featured_media":0,"parent":71,"menu_order":0,"comment_status":"closed","ping_status":"closed","template":"","meta":{"footnotes":""},"class_list":["post-952","page","type-page","status-publish","hentry"],"_links":{"self":[{"href":"https:\/\/blogs.uni-paderborn.de\/tdl2013\/wp-json\/wp\/v2\/pages\/952","targetHints":{"allow":["GET"]}}],"collection":[{"href":"https:\/\/blogs.uni-paderborn.de\/tdl2013\/wp-json\/wp\/v2\/pages"}],"about":[{"href":"https:\/\/blogs.uni-paderborn.de\/tdl2013\/wp-json\/wp\/v2\/types\/page"}],"author":[{"embeddable":true,"href":"https:\/\/blogs.uni-paderborn.de\/tdl2013\/wp-json\/wp\/v2\/users\/1001"}],"replies":[{"embeddable":true,"href":"https:\/\/blogs.uni-paderborn.de\/tdl2013\/wp-json\/wp\/v2\/comments?post=952"}],"version-history":[{"count":4,"href":"https:\/\/blogs.uni-paderborn.de\/tdl2013\/wp-json\/wp\/v2\/pages\/952\/revisions"}],"predecessor-version":[{"id":2642,"href":"https:\/\/blogs.uni-paderborn.de\/tdl2013\/wp-json\/wp\/v2\/pages\/952\/revisions\/2642"}],"up":[{"embeddable":true,"href":"https:\/\/blogs.uni-paderborn.de\/tdl2013\/wp-json\/wp\/v2\/pages\/71"}],"wp:attachment":[{"href":"https:\/\/blogs.uni-paderborn.de\/tdl2013\/wp-json\/wp\/v2\/media?parent=952"}],"curies":[{"name":"wp","href":"https:\/\/api.w.org\/{rel}","templated":true}]}}