{"id":91,"date":"2012-09-26T10:44:03","date_gmt":"2012-09-26T08:44:03","guid":{"rendered":"http:\/\/blogs.uni-paderborn.de\/tdl2013\/?page_id=91"},"modified":"2013-02-12T10:31:55","modified_gmt":"2013-02-12T08:31:55","slug":"vortrage","status":"publish","type":"page","link":"https:\/\/blogs.uni-paderborn.de\/tdl2013\/programm\/vortrage\/","title":{"rendered":"Vortr\u00e4ge"},"content":{"rendered":"<div class=\"twoclick_social_bookmarks_post_91 social_share_privacy clearfix 1.6.4 locale-de_DE sprite-de_DE\"><\/div><div class=\"twoclick-js\"><script type=\"text\/javascript\">\/* <![CDATA[ *\/\njQuery(document).ready(function($){if($('.twoclick_social_bookmarks_post_91')){$('.twoclick_social_bookmarks_post_91').socialSharePrivacy({\"txt_help\":\"Wenn Sie diese Felder durch einen Klick aktivieren, werden Informationen an Facebook, Twitter, Flattr, Xing, t3n, LinkedIn, Pinterest oder Google eventuell ins Ausland \\u00fcbertragen und unter Umst\\u00e4nden auch dort gespeichert. N\\u00e4heres erfahren Sie durch einen Klick auf das <em>i<\\\/em>.\",\"settings_perma\":\"Dauerhaft aktivieren und Daten\\u00fcber-tragung zustimmen:\",\"info_link\":\"http:\\\/\\\/www.heise.de\\\/ct\\\/artikel\\\/2-Klicks-fuer-mehr-Datenschutz-1333879.html\",\"uri\":\"https:\\\/\\\/blogs.uni-paderborn.de\\\/tdl2013\\\/programm\\\/vortrage\\\/\",\"post_id\":91,\"post_title_referrer_track\":\"Vortr%C3%A4ge\",\"display_infobox\":\"on\"});}});\n\/* ]]> *\/<\/script><\/div><p><em>13.00 bis 13.45 Uhr, H\u00f6rsaal L1:<\/em><\/p>\n<p><a href=\"http:\/\/www.uni-paderborn.de\/organisation\/praesidium\/praesident\/\">Prof. Dr. Nikolaus Risch<\/a>:<strong> Gru\u00dfworte des Pr\u00e4sidenten<\/strong><\/p>\n<p><a href=\"http:\/\/kw.uni-paderborn.de\/institute-einrichtungen\/institut-fuer-humanwissenschaften\/psychologie\/arbeits-und-organisationspsychologie\/team\/lehrstuhlinhaber\/prof-dr-niclas-schaper\/\">Prof. Dr. Niclas Schaper<\/a>, stellv. Leiter der Stabsstelle Bildungsinnovationen und Hochschuldidaktik:<strong><br \/>\n<a href=\"http:\/\/blogs.uni-paderborn.de\/tdl2013\/files\/2012\/09\/Impulsvortrag-Universit\u00e4t-Paderborn-2-Tag-der-Lehre.pdf\">Ist kompetenzorientierte Lehre in gro\u00dfen Veranstaltungen m\u00f6glich? (Folien als .pdf)<\/a><br \/>\n<\/strong><\/p>\n<p>&nbsp;<\/p>\n<p><em>16.15 bis 17.45 Uhr, H\u00f6rsaal L2: Shortcuts innovative Lehre<br \/>\n<\/em><\/p>\n<p><a href=\"http:\/\/ei.uni-paderborn.de\/fachgebiete\/technikdidaktik\/mitarbeitende.html\">Jun.-Prof. Dr.-Ing. Katrin Temmen<\/a>, Universit\u00e4t Paderborn: <strong><a href=\"http:\/\/blogs.uni-paderborn.de\/tdl2013\/files\/2012\/09\/Pr\u00e4sentation-Tag-der-Lehre-2013-Temmen.pdf\">Die Erfinderwerkstatt (Folien als .pdf)<br \/>\n<\/a><\/strong><\/p>\n<p>Dr. Hendrik den Ouden, Fachhochschule D\u00fcsseldorf: <strong><a href=\"http:\/\/blogs.uni-paderborn.de\/tdl2013\/files\/2012\/09\/Hendrik-den-Ouden-K\u00f6lner-Modell1.pdf\">Kompetenzorientierung im Lehramtsstudium &#8211; das K\u00f6lner Modellkolleg Bildungswissenschaften (Folien als .pdf)<\/a><\/strong><\/p>\n<p>&nbsp;<\/p>\n<p>&nbsp;<\/p>\n<p><em>18.00 bis 19.00 Uhr, H\u00f6rsaal L1: <\/em><\/p>\n<p><strong>Aktuelle Herausforderungen<\/strong> der Universit\u00e4t Paderborn<\/p>\n<p><a href=\"http:\/\/asta.uni-paderborn.de\/about-asta\/referenten\/hochschulpolitik\/\">Natalie K\u00f6neke<\/a>, Referentin f\u00fcr Hochschulpolitik, AStA der Universit\u00e4t Paderborn: <strong>Die Sicht der Studierenden<\/strong><\/p>\n<p><a href=\"http:\/\/kw.uni-paderborn.de\/institute-einrichtungen\/mewi\/arbeitsschwerpunkte\/prof-dr-dorothee-m-meister\/team\/\">Prof. Dr. Dorothee Meister<\/a>,\u00a0Vizepr\u00e4sidentin f\u00fcr Lehre, Studium und Qualit\u00e4tsmanagement: <strong>Die Sicht des Pr\u00e4sidiums<\/strong><\/p>\n<p>&nbsp;<\/p>\n<p>Wir planen weitere Vortr\u00e4ge verschiedener Referenten. In K\u00fcrze erhalten Sie hier detaillierte Informationen dazu!<\/p>\n<p>Den \u00dcberblick \u00fcber das <a href=\"http:\/\/blogs.uni-paderborn.de\/tdl2013\/files\/2012\/09\/Plakat-Programm4.pdf\">gesamte Programm am Tag der Lehre 13 finden Sie hier<\/a>.<\/p>\n<p>&nbsp;<\/p>\n","protected":false},"excerpt":{"rendered":"<p>13.00 bis 13.45 Uhr, H\u00f6rsaal L1: Prof. Dr. Nikolaus Risch: Gru\u00dfworte des Pr\u00e4sidenten Prof. Dr. Niclas Schaper, stellv. Leiter der Stabsstelle Bildungsinnovationen und Hochschuldidaktik: Ist kompetenzorientierte Lehre in gro\u00dfen Veranstaltungen m\u00f6glich? (Folien als .pdf) &nbsp; 16.15 bis 17.45 Uhr, H\u00f6rsaal &hellip; <a href=\"https:\/\/blogs.uni-paderborn.de\/tdl2013\/programm\/vortrage\/\">Weiterlesen <span class=\"meta-nav\">&rarr;<\/span><\/a><\/p>\n","protected":false},"author":2431,"featured_media":0,"parent":71,"menu_order":0,"comment_status":"closed","ping_status":"closed","template":"","meta":{"footnotes":""},"class_list":["post-91","page","type-page","status-publish","hentry"],"_links":{"self":[{"href":"https:\/\/blogs.uni-paderborn.de\/tdl2013\/wp-json\/wp\/v2\/pages\/91","targetHints":{"allow":["GET"]}}],"collection":[{"href":"https:\/\/blogs.uni-paderborn.de\/tdl2013\/wp-json\/wp\/v2\/pages"}],"about":[{"href":"https:\/\/blogs.uni-paderborn.de\/tdl2013\/wp-json\/wp\/v2\/types\/page"}],"author":[{"embeddable":true,"href":"https:\/\/blogs.uni-paderborn.de\/tdl2013\/wp-json\/wp\/v2\/users\/2431"}],"replies":[{"embeddable":true,"href":"https:\/\/blogs.uni-paderborn.de\/tdl2013\/wp-json\/wp\/v2\/comments?post=91"}],"version-history":[{"count":38,"href":"https:\/\/blogs.uni-paderborn.de\/tdl2013\/wp-json\/wp\/v2\/pages\/91\/revisions"}],"predecessor-version":[{"id":3592,"href":"https:\/\/blogs.uni-paderborn.de\/tdl2013\/wp-json\/wp\/v2\/pages\/91\/revisions\/3592"}],"up":[{"embeddable":true,"href":"https:\/\/blogs.uni-paderborn.de\/tdl2013\/wp-json\/wp\/v2\/pages\/71"}],"wp:attachment":[{"href":"https:\/\/blogs.uni-paderborn.de\/tdl2013\/wp-json\/wp\/v2\/media?parent=91"}],"curies":[{"name":"wp","href":"https:\/\/api.w.org\/{rel}","templated":true}]}}