{"id":592,"date":"2012-10-16T10:54:25","date_gmt":"2012-10-16T08:54:25","guid":{"rendered":"http:\/\/blogs.uni-paderborn.de\/tdl2013\/?page_id=592"},"modified":"2013-01-11T16:50:57","modified_gmt":"2013-01-11T14:50:57","slug":"neu-in-paderborn-welcome-upb","status":"publish","type":"page","link":"https:\/\/blogs.uni-paderborn.de\/tdl2013\/neu-in-paderborn-welcome-upb\/","title":{"rendered":"Welcome @ UPB!"},"content":{"rendered":"<div class=\"twoclick_social_bookmarks_post_592 social_share_privacy clearfix 1.6.4 locale-de_DE sprite-de_DE\"><\/div><div class=\"twoclick-js\"><script type=\"text\/javascript\">\/* <![CDATA[ *\/\njQuery(document).ready(function($){if($('.twoclick_social_bookmarks_post_592')){$('.twoclick_social_bookmarks_post_592').socialSharePrivacy({\"txt_help\":\"Wenn Sie diese Felder durch einen Klick aktivieren, werden Informationen an Facebook, Twitter, Flattr, Xing, t3n, LinkedIn, Pinterest oder Google eventuell ins Ausland \\u00fcbertragen und unter Umst\\u00e4nden auch dort gespeichert. N\\u00e4heres erfahren Sie durch einen Klick auf das <em>i<\\\/em>.\",\"settings_perma\":\"Dauerhaft aktivieren und Daten\\u00fcber-tragung zustimmen:\",\"info_link\":\"http:\\\/\\\/www.heise.de\\\/ct\\\/artikel\\\/2-Klicks-fuer-mehr-Datenschutz-1333879.html\",\"uri\":\"https:\\\/\\\/blogs.uni-paderborn.de\\\/tdl2013\\\/neu-in-paderborn-welcome-upb\\\/\",\"post_id\":592,\"post_title_referrer_track\":\"Welcome+%40+UPB%21\",\"display_infobox\":\"on\"});}});\n\/* ]]> *\/<\/script><\/div><p>Sie sind neu an der Universit\u00e4t Paderborn angekommen und arbeiten erst seit diesem Jahr hier?<\/p>\n<p><strong>Lernen Sie Ihre neue Universit\u00e4t kennen!<\/strong><br \/>\nDie wichtigsten zentralen Einrichtungen der UPB pr\u00e4sentieren sich Ihnen am Vorabend des Tages der Lehre \u2013 f\u00fcr pers\u00f6nlichen Kontakt und intensive Gespr\u00e4che!<\/p>\n<p><strong>Datum:<\/strong> 4. Februar 2013<br \/>\n<strong>Zeit:<\/strong> 17:00 bis ca. 18:30 Uhr, danach weiterer informeller Austausch im Gownsmen\u2019s Pub<br \/>\n<strong>Ort:<\/strong> Geb\u00e4ude L auf dem Campus der Universit\u00e4t Paderborn, Warburger Stra\u00dfe 100<\/p>\n<p>Sie erwarten unter anderem die Kolleginnen und Kollegen der folgenden Einrichtungen:<\/p>\n<p>&#8211; Zentrale Studienberatung (ZSB)<br \/>\n&#8211; Forschungsf\u00f6rderung, Dezernat 2.2 der Verwaltung<br \/>\n&#8211; Universit\u00e4tsbibliothek (UB)<br \/>\n&#8211; Zentrum f\u00fcr Informations- und Medientechnologien (IMT)<br \/>\n&#8211; Gleichstellungsbeauftragte<br \/>\n&#8211; Kompetenzzentrum Schreiben<br \/>\n&#8211; Zentrum f\u00fcr Geschlechterstudien\/Gender Studies<br \/>\n&#8211; Peer Mentoring f\u00fcr Studentinnen und Mentoring-Programm f\u00fcr Doktorandinnen<br \/>\n&#8211; Zentrum f\u00fcr Sprachlehre (ZfS)<br \/>\n&#8211; International Office<br \/>\n&#8211; Zentrum f\u00fcr Bildungsforschung und Lehrerbildung (PLAZ)<br \/>\n&#8211; Hochschulsport<br \/>\n&#8211; UniConsult (Career Service und Existenzgr\u00fcndungsservice)<br \/>\n&#8211; Interne Fort- und Weiterbildung f\u00fcr Mitarbeiter<br \/>\n&#8211; verschiedene Tutorenausbildungsprogramme der Fakult\u00e4ten<\/p>\n<p>&#8230;und weitere mehr!<\/p>\n<p>&nbsp;<\/p>\n<p>F\u00fcr &#8222;Welcome @ UPB&#8220; (wie auch f\u00fcr den Tag der Lehre am 5.2.) k\u00f6nnen Sie sich <strong><\/strong><a href=\"https:\/\/blogs.uni-paderborn.de\/tdl2013\/anmeldung\/\"><strong>hier\u00a0 kostenfrei anmelden.<\/strong><\/a><\/p>\n<p>&nbsp;<\/p>\n<p>&nbsp;<\/p>\n","protected":false},"excerpt":{"rendered":"<p>Sie sind neu an der Universit\u00e4t Paderborn angekommen und arbeiten erst seit diesem Jahr hier? Lernen Sie Ihre neue Universit\u00e4t kennen! Die wichtigsten zentralen Einrichtungen der UPB pr\u00e4sentieren sich Ihnen am Vorabend des Tages der Lehre \u2013 f\u00fcr pers\u00f6nlichen Kontakt &hellip; <a href=\"https:\/\/blogs.uni-paderborn.de\/tdl2013\/neu-in-paderborn-welcome-upb\/\">Weiterlesen <span class=\"meta-nav\">&rarr;<\/span><\/a><\/p>\n","protected":false},"author":2431,"featured_media":0,"parent":0,"menu_order":0,"comment_status":"open","ping_status":"open","template":"","meta":{"footnotes":""},"class_list":["post-592","page","type-page","status-publish","hentry"],"_links":{"self":[{"href":"https:\/\/blogs.uni-paderborn.de\/tdl2013\/wp-json\/wp\/v2\/pages\/592","targetHints":{"allow":["GET"]}}],"collection":[{"href":"https:\/\/blogs.uni-paderborn.de\/tdl2013\/wp-json\/wp\/v2\/pages"}],"about":[{"href":"https:\/\/blogs.uni-paderborn.de\/tdl2013\/wp-json\/wp\/v2\/types\/page"}],"author":[{"embeddable":true,"href":"https:\/\/blogs.uni-paderborn.de\/tdl2013\/wp-json\/wp\/v2\/users\/2431"}],"replies":[{"embeddable":true,"href":"https:\/\/blogs.uni-paderborn.de\/tdl2013\/wp-json\/wp\/v2\/comments?post=592"}],"version-history":[{"count":11,"href":"https:\/\/blogs.uni-paderborn.de\/tdl2013\/wp-json\/wp\/v2\/pages\/592\/revisions"}],"predecessor-version":[{"id":742,"href":"https:\/\/blogs.uni-paderborn.de\/tdl2013\/wp-json\/wp\/v2\/pages\/592\/revisions\/742"}],"wp:attachment":[{"href":"https:\/\/blogs.uni-paderborn.de\/tdl2013\/wp-json\/wp\/v2\/media?parent=592"}],"curies":[{"name":"wp","href":"https:\/\/api.w.org\/{rel}","templated":true}]}}