{"id":1922,"date":"2012-11-15T23:49:18","date_gmt":"2012-11-15T21:49:18","guid":{"rendered":"http:\/\/blogs.uni-paderborn.de\/tdl2013\/?page_id=1922"},"modified":"2013-01-17T20:14:52","modified_gmt":"2013-01-17T18:14:52","slug":"workshop-eprufungen-quo-vadis","status":"publish","type":"page","link":"https:\/\/blogs.uni-paderborn.de\/tdl2013\/workshop-eprufungen-quo-vadis\/","title":{"rendered":"Workshop: ePr\u00fcfungen &#8211; Quo vadis?"},"content":{"rendered":"<div class=\"twoclick_social_bookmarks_post_1922 social_share_privacy clearfix 1.6.4 locale-de_DE sprite-de_DE\"><\/div><div class=\"twoclick-js\"><script type=\"text\/javascript\">\/* <![CDATA[ *\/\njQuery(document).ready(function($){if($('.twoclick_social_bookmarks_post_1922')){$('.twoclick_social_bookmarks_post_1922').socialSharePrivacy({\"txt_help\":\"Wenn Sie diese Felder durch einen Klick aktivieren, werden Informationen an Facebook, Twitter, Flattr, Xing, t3n, LinkedIn, Pinterest oder Google eventuell ins Ausland \\u00fcbertragen und unter Umst\\u00e4nden auch dort gespeichert. N\\u00e4heres erfahren Sie durch einen Klick auf das <em>i<\\\/em>.\",\"settings_perma\":\"Dauerhaft aktivieren und Daten\\u00fcber-tragung zustimmen:\",\"info_link\":\"http:\\\/\\\/www.heise.de\\\/ct\\\/artikel\\\/2-Klicks-fuer-mehr-Datenschutz-1333879.html\",\"uri\":\"https:\\\/\\\/blogs.uni-paderborn.de\\\/tdl2013\\\/workshop-eprufungen-quo-vadis\\\/\",\"post_id\":1922,\"post_title_referrer_track\":\"Workshop%3A+ePr%C3%BCfungen+%26%238211%3B+Quo+vadis%3F\",\"display_infobox\":\"on\"});}});\n\/* ]]> *\/<\/script><\/div><p><strong>Moderation:\u00a0 <\/strong><a href=\"http:\/\/wiwi.uni-paderborn.de\/dep4\/mircoeconomics-prof-haake\/team\/staff\/dipl-kfm-daniel-kaimann\/\">Dipl.-Kfm. Daniel Kaimann<\/a>, Universit\u00e4t Paderborn<\/p>\n<p><strong>Inhalte:<\/strong><\/p>\n<p>ePr\u00fcfungen sind Assessments, Testate oder Klausuren, die nicht papierbasiert, sondern am Bildschirm bearbeitet und mit Hilfe von Rechnern ausgewertet werden. Kern der ePr\u00fcfung bildet ein elektronisches Pr\u00fcfungssystem. Das Pr\u00fcfungssystem muss dabei den gesamten Pr\u00fcfungsprozess, von der Erstellung von Pr\u00fcfungsfragen bis hin zur automatisierten Auswertung und Benotung der Pr\u00fcfung, abdecken. Das Thema ePr\u00fcfungen ist komplex und reicht von der Bereitstellung einer extrem verl\u00e4sslichen Technik und der Gestaltung von geeigneten R\u00e4umen \u00fcber die Einhaltung rechtlicher Rahmenbedingungen bis zur Pr\u00fcfungsdidaktik.<\/p>\n<p>Der Workshop soll dabei vor allem ein Diskussionsforum f\u00fcr die folgenden Fragen schaffen: Welches sind die didaktischen Grenzen von ePr\u00fcfungen? Welche Taxonomiestufen k\u00f6nnen erreicht und gepr\u00fcft werden? Welches sind die rechtlichen Grenzen von ePr\u00fcfungen? Welche technischen Rahmenbedingungen m\u00fcssen eingehalten werden?<\/p>\n<p>Der Workshop &#8222;ePr\u00fcfungen &#8211; Quo vadis&#8220; richtet sich insbesondere an Hochschullehrende. Studierende k\u00f6nnen aber gleicherma\u00dfen partiziperen.<\/p>\n<p>&nbsp;<\/p>\n<p><strong>Anmeldung:<\/strong><\/p>\n<p>Bitte melden Sie sich f\u00fcr diesen Workshop <a href=\"https:\/\/blogs.uni-paderborn.de\/tdl2013\/anmeldung\/\">hier <\/a>kostenfrei an.<\/p>\n","protected":false},"excerpt":{"rendered":"<p>Moderation:\u00a0 Dipl.-Kfm. Daniel Kaimann, Universit\u00e4t Paderborn Inhalte: ePr\u00fcfungen sind Assessments, Testate oder Klausuren, die nicht papierbasiert, sondern am Bildschirm bearbeitet und mit Hilfe von Rechnern ausgewertet werden. Kern der ePr\u00fcfung bildet ein elektronisches Pr\u00fcfungssystem. Das Pr\u00fcfungssystem muss dabei den gesamten &hellip; <a href=\"https:\/\/blogs.uni-paderborn.de\/tdl2013\/workshop-eprufungen-quo-vadis\/\">Weiterlesen <span class=\"meta-nav\">&rarr;<\/span><\/a><\/p>\n","protected":false},"author":1001,"featured_media":0,"parent":0,"menu_order":0,"comment_status":"open","ping_status":"open","template":"","meta":{"footnotes":""},"class_list":["post-1922","page","type-page","status-publish","hentry"],"_links":{"self":[{"href":"https:\/\/blogs.uni-paderborn.de\/tdl2013\/wp-json\/wp\/v2\/pages\/1922","targetHints":{"allow":["GET"]}}],"collection":[{"href":"https:\/\/blogs.uni-paderborn.de\/tdl2013\/wp-json\/wp\/v2\/pages"}],"about":[{"href":"https:\/\/blogs.uni-paderborn.de\/tdl2013\/wp-json\/wp\/v2\/types\/page"}],"author":[{"embeddable":true,"href":"https:\/\/blogs.uni-paderborn.de\/tdl2013\/wp-json\/wp\/v2\/users\/1001"}],"replies":[{"embeddable":true,"href":"https:\/\/blogs.uni-paderborn.de\/tdl2013\/wp-json\/wp\/v2\/comments?post=1922"}],"version-history":[{"count":7,"href":"https:\/\/blogs.uni-paderborn.de\/tdl2013\/wp-json\/wp\/v2\/pages\/1922\/revisions"}],"predecessor-version":[{"id":3102,"href":"https:\/\/blogs.uni-paderborn.de\/tdl2013\/wp-json\/wp\/v2\/pages\/1922\/revisions\/3102"}],"wp:attachment":[{"href":"https:\/\/blogs.uni-paderborn.de\/tdl2013\/wp-json\/wp\/v2\/media?parent=1922"}],"curies":[{"name":"wp","href":"https:\/\/api.w.org\/{rel}","templated":true}]}}