{"id":1822,"date":"2012-11-14T12:43:20","date_gmt":"2012-11-14T10:43:20","guid":{"rendered":"http:\/\/blogs.uni-paderborn.de\/tdl2013\/?page_id=1822"},"modified":"2013-01-17T20:15:24","modified_gmt":"2013-01-17T18:15:24","slug":"workshop-grosses-seminar-grosses-potential","status":"publish","type":"page","link":"https:\/\/blogs.uni-paderborn.de\/tdl2013\/workshop-grosses-seminar-grosses-potential\/","title":{"rendered":"Workshop: Gro\u00dfes Seminar &#8211; gro\u00dfes Potential"},"content":{"rendered":"<div class=\"twoclick_social_bookmarks_post_1822 social_share_privacy clearfix 1.6.4 locale-de_DE sprite-de_DE\"><\/div><div class=\"twoclick-js\"><script type=\"text\/javascript\">\/* <![CDATA[ *\/\njQuery(document).ready(function($){if($('.twoclick_social_bookmarks_post_1822')){$('.twoclick_social_bookmarks_post_1822').socialSharePrivacy({\"txt_help\":\"Wenn Sie diese Felder durch einen Klick aktivieren, werden Informationen an Facebook, Twitter, Flattr, Xing, t3n, LinkedIn, Pinterest oder Google eventuell ins Ausland \\u00fcbertragen und unter Umst\\u00e4nden auch dort gespeichert. N\\u00e4heres erfahren Sie durch einen Klick auf das <em>i<\\\/em>.\",\"settings_perma\":\"Dauerhaft aktivieren und Daten\\u00fcber-tragung zustimmen:\",\"info_link\":\"http:\\\/\\\/www.heise.de\\\/ct\\\/artikel\\\/2-Klicks-fuer-mehr-Datenschutz-1333879.html\",\"uri\":\"https:\\\/\\\/blogs.uni-paderborn.de\\\/tdl2013\\\/workshop-grosses-seminar-grosses-potential\\\/\",\"post_id\":1822,\"post_title_referrer_track\":\"Workshop%3A+Gro%C3%9Fes+Seminar+%26%238211%3B+gro%C3%9Fes+Potential\",\"display_infobox\":\"on\"});}});\n\/* ]]> *\/<\/script><\/div><p><strong>Moderation<\/strong>: <a href=\"http:\/\/kw.uni-paderborn.de\/institute-einrichtungen\/institut-fuer-erziehungswissenschaft\/arbeitsbereiche\/lfba\/buehrmann\/\">Dr. Thorsten B\u00fchrmann<\/a> und <a href=\"http:\/\/kw.uni-paderborn.de\/index.php?id=5160\">Dr. Sandra A\u00dfmann<\/a>, Universit\u00e4t Paderborn<\/p>\n<p><strong>Inhalte:<\/strong><\/p>\n<p>Der Umgang mit hohen Studierendenzahlen in Seminaren ist eines der bestimmenden Diskussionsthemen in hochschuldidaktischen Veranstaltungen. \u201eZu gro\u00df\u201c wird dabei zumeist negativ und als Einschr\u00e4nkung wahrgenommen und erlebt; es wird h\u00e4ufig gleichgesetzt mit \u201egeringerem Lernerfolg\u201c, \u201egeringerer Bearbeitungstiefe\u201c, \u201eh\u00f6herer Belastung\u201c etc.<\/p>\n<p>Demgegen\u00fcber steht eine Diskussion \u00fcber M\u00f6glichkeiten und Methoden der Gro\u00dfgruppenarbeit, die bereits seit den 1990er in der Erwachsenenbildung gef\u00fchrt wird. Hierbei geht es darum, die Potentiale gro\u00dfer Seminare in den Fokus zu r\u00fccken und gezielt zu nutzen. Mit den geeigneten Methoden l\u00e4sst sich in gro\u00dfen Gruppen schneller und einfacher eine positive Dynamik erzeugen bis hin zur Begeisterung f\u00fcr die Auseinandersetzung mit Themen. Selbstorganisation und Selbstverantwortung werden dabei als selbstverst\u00e4ndlicher Bestandteil der Seminararbeit erlebt.<\/p>\n<p>Im Workshop erfolgt vor diesem Hintergrund ein Austausch \u00fcber vorliegende Erfahrungen mit der Gestaltung \u201egro\u00dfer\u201c Seminare. Zudem\u00a0 werden methodische Impulse zur Nutzung der Potentiale gegeben sowie deren Umsetzbarkeit in der Lehre diskutiert.<\/p>\n<p>Der Workshop richtet sich an Hochschullehrende und Curriculumentwickler.<\/p>\n<p>&nbsp;<\/p>\n<p><strong>Anmeldung:<\/strong><\/p>\n<p>Bitte melden Sie sich f\u00fcr diesen Workshop <a href=\"https:\/\/blogs.uni-paderborn.de\/tdl2013\/anmeldung\/\">hier <\/a>kostenfrei an.<\/p>\n","protected":false},"excerpt":{"rendered":"<p>Moderation: Dr. Thorsten B\u00fchrmann und Dr. Sandra A\u00dfmann, Universit\u00e4t Paderborn Inhalte: Der Umgang mit hohen Studierendenzahlen in Seminaren ist eines der bestimmenden Diskussionsthemen in hochschuldidaktischen Veranstaltungen. \u201eZu gro\u00df\u201c wird dabei zumeist negativ und als Einschr\u00e4nkung wahrgenommen und erlebt; es wird &hellip; <a href=\"https:\/\/blogs.uni-paderborn.de\/tdl2013\/workshop-grosses-seminar-grosses-potential\/\">Weiterlesen <span class=\"meta-nav\">&rarr;<\/span><\/a><\/p>\n","protected":false},"author":1001,"featured_media":0,"parent":0,"menu_order":0,"comment_status":"open","ping_status":"open","template":"","meta":{"footnotes":""},"class_list":["post-1822","page","type-page","status-publish","hentry"],"_links":{"self":[{"href":"https:\/\/blogs.uni-paderborn.de\/tdl2013\/wp-json\/wp\/v2\/pages\/1822","targetHints":{"allow":["GET"]}}],"collection":[{"href":"https:\/\/blogs.uni-paderborn.de\/tdl2013\/wp-json\/wp\/v2\/pages"}],"about":[{"href":"https:\/\/blogs.uni-paderborn.de\/tdl2013\/wp-json\/wp\/v2\/types\/page"}],"author":[{"embeddable":true,"href":"https:\/\/blogs.uni-paderborn.de\/tdl2013\/wp-json\/wp\/v2\/users\/1001"}],"replies":[{"embeddable":true,"href":"https:\/\/blogs.uni-paderborn.de\/tdl2013\/wp-json\/wp\/v2\/comments?post=1822"}],"version-history":[{"count":10,"href":"https:\/\/blogs.uni-paderborn.de\/tdl2013\/wp-json\/wp\/v2\/pages\/1822\/revisions"}],"predecessor-version":[{"id":3122,"href":"https:\/\/blogs.uni-paderborn.de\/tdl2013\/wp-json\/wp\/v2\/pages\/1822\/revisions\/3122"}],"wp:attachment":[{"href":"https:\/\/blogs.uni-paderborn.de\/tdl2013\/wp-json\/wp\/v2\/media?parent=1822"}],"curies":[{"name":"wp","href":"https:\/\/api.w.org\/{rel}","templated":true}]}}