{"id":11,"date":"2012-09-25T14:06:33","date_gmt":"2012-09-25T12:06:33","guid":{"rendered":"http:\/\/blogs.uni-paderborn.de\/tdl2013\/?page_id=2"},"modified":"2012-10-23T16:34:07","modified_gmt":"2012-10-23T14:34:07","slug":"motto","status":"publish","type":"page","link":"https:\/\/blogs.uni-paderborn.de\/tdl2013\/motto\/","title":{"rendered":"Das Motto"},"content":{"rendered":"<div class=\"twoclick_social_bookmarks_post_11 social_share_privacy clearfix 1.6.4 locale-de_DE sprite-de_DE\"><\/div><div class=\"twoclick-js\"><script type=\"text\/javascript\">\/* <![CDATA[ *\/\njQuery(document).ready(function($){if($('.twoclick_social_bookmarks_post_11')){$('.twoclick_social_bookmarks_post_11').socialSharePrivacy({\"txt_help\":\"Wenn Sie diese Felder durch einen Klick aktivieren, werden Informationen an Facebook, Twitter, Flattr, Xing, t3n, LinkedIn, Pinterest oder Google eventuell ins Ausland \\u00fcbertragen und unter Umst\\u00e4nden auch dort gespeichert. N\\u00e4heres erfahren Sie durch einen Klick auf das <em>i<\\\/em>.\",\"settings_perma\":\"Dauerhaft aktivieren und Daten\\u00fcber-tragung zustimmen:\",\"info_link\":\"http:\\\/\\\/www.heise.de\\\/ct\\\/artikel\\\/2-Klicks-fuer-mehr-Datenschutz-1333879.html\",\"uri\":\"https:\\\/\\\/blogs.uni-paderborn.de\\\/tdl2013\\\/motto\\\/\",\"post_id\":11,\"post_title_referrer_track\":\"Das+Motto\",\"display_infobox\":\"on\"});}});\n\/* ]]> *\/<\/script><\/div><p>Warum ein Tag der Lehre (TdL) an der Universit\u00e4t Paderborn?<\/p>\n<p>Die deutschen Schulabsolventen wollen studieren \u2013 eine erfreuliche Entwicklung, jedoch \u201e\u00e4chzen\u201c die deutschen Universit\u00e4ten bereits jetzt unter der Zahl der Studierenden\u2026<\/p>\n<p>Wie wir an der UPB mit dieser erfreulichen und nicht immer einfachen Situation effizient und lernf\u00f6rderlich umgehen sollen und wollen, das ist das Thema des TdL 2013 \u2013 veranstaltet vom Pr\u00e4sidium der UPB.<\/p>\n<p>Hierf\u00fcr werden wir\u2026<\/p>\n<p>\u2026in verschiedenen Veranstaltungsformaten den<strong> Austausch \u00fcber Lehre<\/strong> \u201ein Zeiten gro\u00dfer Studierendenzahlen\u201c initiieren und f\u00f6rdern&#8230;<\/p>\n<p>\u2026 <strong>innovative Konzepte<\/strong> f\u00fcr den Umgang mit gro\u00dfen Studierendenzahlen vorstellen und diskutieren, zu verschiedenen Themen, u.a. zu Methoden im H\u00f6rsaal und im gro\u00dfen Seminar, effizientes Pr\u00fcfen, Studiengangsentwicklung\u2026<\/p>\n<p>\u2026 einen Rahmen f\u00fcr <strong>intensive pers\u00f6nliche Kontakte<\/strong> innerhalb und au\u00dferhalb der UPB schaffen.<\/p>\n","protected":false},"excerpt":{"rendered":"<p>Warum ein Tag der Lehre (TdL) an der Universit\u00e4t Paderborn? Die deutschen Schulabsolventen wollen studieren \u2013 eine erfreuliche Entwicklung, jedoch \u201e\u00e4chzen\u201c die deutschen Universit\u00e4ten bereits jetzt unter der Zahl der Studierenden\u2026 Wie wir an der UPB mit dieser erfreulichen und &hellip; <a href=\"https:\/\/blogs.uni-paderborn.de\/tdl2013\/motto\/\">Weiterlesen <span class=\"meta-nav\">&rarr;<\/span><\/a><\/p>\n","protected":false},"author":2441,"featured_media":0,"parent":0,"menu_order":0,"comment_status":"closed","ping_status":"closed","template":"","meta":{"footnotes":""},"class_list":["post-11","page","type-page","status-publish","hentry"],"_links":{"self":[{"href":"https:\/\/blogs.uni-paderborn.de\/tdl2013\/wp-json\/wp\/v2\/pages\/11","targetHints":{"allow":["GET"]}}],"collection":[{"href":"https:\/\/blogs.uni-paderborn.de\/tdl2013\/wp-json\/wp\/v2\/pages"}],"about":[{"href":"https:\/\/blogs.uni-paderborn.de\/tdl2013\/wp-json\/wp\/v2\/types\/page"}],"author":[{"embeddable":true,"href":"https:\/\/blogs.uni-paderborn.de\/tdl2013\/wp-json\/wp\/v2\/users\/2441"}],"replies":[{"embeddable":true,"href":"https:\/\/blogs.uni-paderborn.de\/tdl2013\/wp-json\/wp\/v2\/comments?post=11"}],"version-history":[{"count":10,"href":"https:\/\/blogs.uni-paderborn.de\/tdl2013\/wp-json\/wp\/v2\/pages\/11\/revisions"}],"predecessor-version":[{"id":3642,"href":"https:\/\/blogs.uni-paderborn.de\/tdl2013\/wp-json\/wp\/v2\/pages\/11\/revisions\/3642"}],"wp:attachment":[{"href":"https:\/\/blogs.uni-paderborn.de\/tdl2013\/wp-json\/wp\/v2\/media?parent=11"}],"curies":[{"name":"wp","href":"https:\/\/api.w.org\/{rel}","templated":true}]}}