{"id":8,"date":"2017-03-15T15:08:37","date_gmt":"2017-03-15T14:08:37","guid":{"rendered":"https:\/\/blogs.uni-paderborn.de\/strakosphere-transfertagung\/?page_id=8"},"modified":"2017-04-21T17:23:18","modified_gmt":"2017-04-21T15:23:18","slug":"tagungsort","status":"publish","type":"page","link":"https:\/\/blogs.uni-paderborn.de\/strakosphere-transfertagung\/tagungsort\/","title":{"rendered":"Tagungsort"},"content":{"rendered":"<div class=\"twoclick_social_bookmarks_post_8 social_share_privacy clearfix 1.6.4 locale-de_DE sprite-de_DE\"><\/div><div class=\"twoclick-js\"><script type=\"text\/javascript\">\/* <![CDATA[ *\/\njQuery(document).ready(function($){if($('.twoclick_social_bookmarks_post_8')){$('.twoclick_social_bookmarks_post_8').socialSharePrivacy({\"txt_help\":\"Wenn Sie diese Felder durch einen Klick aktivieren, werden Informationen an Facebook, Twitter, Flattr, Xing, t3n, LinkedIn, Pinterest oder Google eventuell ins Ausland \\u00fcbertragen und unter Umst\\u00e4nden auch dort gespeichert. N\\u00e4heres erfahren Sie durch einen Klick auf das <em>i<\\\/em>.\",\"settings_perma\":\"Dauerhaft aktivieren und Daten\\u00fcber-tragung zustimmen:\",\"info_link\":\"http:\\\/\\\/www.heise.de\\\/ct\\\/artikel\\\/2-Klicks-fuer-mehr-Datenschutz-1333879.html\",\"uri\":\"https:\\\/\\\/blogs.uni-paderborn.de\\\/strakosphere-transfertagung\\\/tagungsort\\\/\",\"post_id\":8,\"post_title_referrer_track\":\"Tagungsort\",\"display_infobox\":\"on\"});}});\n\/* ]]> *\/<\/script><\/div><p>Die Tagung findet am 30. Juni 2017 in R\u00e4umlichkeiten der Universit\u00e4t Paderborn statt.<\/p>\n<p>Universit\u00e4t Paderborn, O-Geb\u00e4ude<\/p>\n<p>Pohlweg 51, 33098 Paderborn<\/p>\n","protected":false},"excerpt":{"rendered":"<p>Die Tagung findet am 30. Juni 2017 in R\u00e4umlichkeiten der Universit\u00e4t Paderborn statt. Universit\u00e4t Paderborn, O-Geb\u00e4ude Pohlweg 51, 33098 Paderborn<\/p>\n","protected":false},"author":7843,"featured_media":0,"parent":0,"menu_order":0,"comment_status":"closed","ping_status":"closed","template":"","meta":{"footnotes":""},"class_list":["post-8","page","type-page","status-publish","hentry"],"_links":{"self":[{"href":"https:\/\/blogs.uni-paderborn.de\/strakosphere-transfertagung\/wp-json\/wp\/v2\/pages\/8","targetHints":{"allow":["GET"]}}],"collection":[{"href":"https:\/\/blogs.uni-paderborn.de\/strakosphere-transfertagung\/wp-json\/wp\/v2\/pages"}],"about":[{"href":"https:\/\/blogs.uni-paderborn.de\/strakosphere-transfertagung\/wp-json\/wp\/v2\/types\/page"}],"author":[{"embeddable":true,"href":"https:\/\/blogs.uni-paderborn.de\/strakosphere-transfertagung\/wp-json\/wp\/v2\/users\/7843"}],"replies":[{"embeddable":true,"href":"https:\/\/blogs.uni-paderborn.de\/strakosphere-transfertagung\/wp-json\/wp\/v2\/comments?post=8"}],"version-history":[{"count":5,"href":"https:\/\/blogs.uni-paderborn.de\/strakosphere-transfertagung\/wp-json\/wp\/v2\/pages\/8\/revisions"}],"predecessor-version":[{"id":320,"href":"https:\/\/blogs.uni-paderborn.de\/strakosphere-transfertagung\/wp-json\/wp\/v2\/pages\/8\/revisions\/320"}],"wp:attachment":[{"href":"https:\/\/blogs.uni-paderborn.de\/strakosphere-transfertagung\/wp-json\/wp\/v2\/media?parent=8"}],"curies":[{"name":"wp","href":"https:\/\/api.w.org\/{rel}","templated":true}]}}