{"id":433,"date":"2017-07-12T12:42:30","date_gmt":"2017-07-12T10:42:30","guid":{"rendered":"https:\/\/blogs.uni-paderborn.de\/strakosphere-transfertagung\/?page_id=433"},"modified":"2017-07-12T12:57:40","modified_gmt":"2017-07-12T10:57:40","slug":"rueckblick","status":"publish","type":"page","link":"https:\/\/blogs.uni-paderborn.de\/strakosphere-transfertagung\/rueckblick\/","title":{"rendered":"R\u00fcckblick"},"content":{"rendered":"<div class=\"twoclick_social_bookmarks_post_433 social_share_privacy clearfix 1.6.4 locale-de_DE sprite-de_DE\"><\/div><div class=\"twoclick-js\"><script type=\"text\/javascript\">\/* <![CDATA[ *\/\njQuery(document).ready(function($){if($('.twoclick_social_bookmarks_post_433')){$('.twoclick_social_bookmarks_post_433').socialSharePrivacy({\"txt_help\":\"Wenn Sie diese Felder durch einen Klick aktivieren, werden Informationen an Facebook, Twitter, Flattr, Xing, t3n, LinkedIn, Pinterest oder Google eventuell ins Ausland \\u00fcbertragen und unter Umst\\u00e4nden auch dort gespeichert. N\\u00e4heres erfahren Sie durch einen Klick auf das <em>i<\\\/em>.\",\"settings_perma\":\"Dauerhaft aktivieren und Daten\\u00fcber-tragung zustimmen:\",\"info_link\":\"http:\\\/\\\/www.heise.de\\\/ct\\\/artikel\\\/2-Klicks-fuer-mehr-Datenschutz-1333879.html\",\"uri\":\"https:\\\/\\\/blogs.uni-paderborn.de\\\/strakosphere-transfertagung\\\/rueckblick\\\/\",\"post_id\":433,\"post_title_referrer_track\":\"R%C3%BCckblick\",\"display_infobox\":\"on\"});}});\n\/* ]]> *\/<\/script><\/div><p><strong>R\u00fcckblick auf die Transfertagung der Universit\u00e4t Paderborn zum Thema \u201eStrategisches Kompetenzmanagement in kleinen und mittleren Unternehmen (KMU) im Kontext zunehmender Digitalisierung von Arbeits- und Gesch\u00e4ftsprozessen\u201c am 30. Juni 2017<\/strong><\/p>\n<p>&nbsp;<\/p>\n<p><em>Paderborn.<\/em> In einer zunehmend globalisierten und technisierten Welt m\u00fcssen sich auch die mittelst\u00e4ndischen Unternehmen in Ostwestfalen-Lippe kontinuierlich neu ausrichten und anpassen. Zum Erhalt der Wettbewerbsf\u00e4higkeit ist es daher unter anderem wichtig, die Kompetenzen der Mitarbeiter strategisch mit Blick auf die zuk\u00fcnftige Unternehmensstrategie weiterzuentwickeln. Wie dies gelingen kann, erfuhren Wirtschafts- und Verbandsvertreter, Wissenschaftler und sonstige Interessierte bei einer Veranstaltung an der Universit\u00e4t Paderborn am 30.06.2017. Die Tagung unter der Leitung von Prof. Dr. Schaper, Dr. Daniel Ossenschmidt und Julian Decius vom Lehrstuhl f\u00fcr Arbeits- und Organisationspsychologie beinhaltete neben den Vortr\u00e4gen von elf Referenten aus Wirtschaft und Wissenschaft auch zwei Workshops zu innovativen Tools f\u00fcr die Kompetenzerfassung und -entwicklung der Mitarbeiter. Im Fokus stand dabei die innerhalb des Forschungsprojekts entwickelte Kompetenzmanagementtabelle. Au\u00dferdem wurden digitale Tools zur arbeitsplatzintegrierten Kompetenzentwicklung wie eine tabletgest\u00fctzte digitale Einarbeitungshilfe f\u00fcr Montagevorg\u00e4nge sowie ein Demonstrator eines Lernprogramms mit VR-Brille f\u00fcr die Lagerlogistik vorgestellt. Der Keynote-Vortrag von Prof. Dr. Gregor Engels gab einen \u00dcberblick zum Stand der Digitalisierung von Unternehmen in der Region und zu den sich daraus ergebenden Herausforderungen f\u00fcr die Arbeitsorganisation. Interessierten senden wir gern die Tagungsunterlagen zu. Bitte melden Sie sich dazu bei julian.decius@uni-paderborn.de. Die Veranstaltung fand als Transfertagung im Rahmen des Verbundprojekts \u201eStraKosphere\u201c statt, das vom Bundesministerium f\u00fcr Bildung und Forschung gef\u00f6rdert wird. Eine weitere Tagung zu einem \u00e4hnlichen Thema der Projektpartner aus Karlsruhe und M\u00fcnchen ist in Planung.<\/p>\n<figure id=\"attachment_437\" aria-describedby=\"caption-attachment-437\" style=\"width: 300px\" class=\"wp-caption aligncenter\"><img loading=\"lazy\" decoding=\"async\" class=\"wp-image-437 size-medium\" src=\"https:\/\/blogs.uni-paderborn.de\/strakosphere-transfertagung\/files\/2017\/07\/Universit\u00e4t-Paderborn_Transfertagung-2017_Johannes-Pauly_2-300x183.jpg\" width=\"300\" height=\"183\" srcset=\"https:\/\/blogs.uni-paderborn.de\/strakosphere-transfertagung\/files\/2017\/07\/Universit\u00e4t-Paderborn_Transfertagung-2017_Johannes-Pauly_2-300x183.jpg 300w, https:\/\/blogs.uni-paderborn.de\/strakosphere-transfertagung\/files\/2017\/07\/Universit\u00e4t-Paderborn_Transfertagung-2017_Johannes-Pauly_2-768x469.jpg 768w, https:\/\/blogs.uni-paderborn.de\/strakosphere-transfertagung\/files\/2017\/07\/Universit\u00e4t-Paderborn_Transfertagung-2017_Johannes-Pauly_2-1024x626.jpg 1024w\" sizes=\"auto, (max-width: 300px) 100vw, 300px\" \/><figcaption id=\"caption-attachment-437\" class=\"wp-caption-text\">Prof. Dr. Niclas Schaper (3. v. l.) und der Referentenkeis der Transfertagung des Projekts \u201eStraKosphere\u201c<\/figcaption><\/figure>\n<figure id=\"attachment_439\" aria-describedby=\"caption-attachment-439\" style=\"width: 300px\" class=\"wp-caption alignleft\"><img loading=\"lazy\" decoding=\"async\" class=\"wp-image-439 size-medium\" src=\"https:\/\/blogs.uni-paderborn.de\/strakosphere-transfertagung\/files\/2017\/07\/Universit\u00e4t-Paderborn_Transfertagung-2017_Johannes-Pauly_3-300x201.jpg\" width=\"300\" height=\"201\" srcset=\"https:\/\/blogs.uni-paderborn.de\/strakosphere-transfertagung\/files\/2017\/07\/Universit\u00e4t-Paderborn_Transfertagung-2017_Johannes-Pauly_3-300x201.jpg 300w, https:\/\/blogs.uni-paderborn.de\/strakosphere-transfertagung\/files\/2017\/07\/Universit\u00e4t-Paderborn_Transfertagung-2017_Johannes-Pauly_3-768x515.jpg 768w, https:\/\/blogs.uni-paderborn.de\/strakosphere-transfertagung\/files\/2017\/07\/Universit\u00e4t-Paderborn_Transfertagung-2017_Johannes-Pauly_3-1024x687.jpg 1024w\" sizes=\"auto, (max-width: 300px) 100vw, 300px\" \/><figcaption id=\"caption-attachment-439\" class=\"wp-caption-text\">Das Tagungsteam, v.l.n.r.: Prof. Dr. Niclas Schaper, Julian Decius, Nils Wegener, Dr. Daniel Ossenschmidt, Ann-Cathrin Ramm, Dennis Szpak, nicht im Bild: Katharina Kemper<\/figcaption><\/figure>\n<p><img loading=\"lazy\" decoding=\"async\" class=\"size-medium wp-image-441 alignright\" src=\"https:\/\/blogs.uni-paderborn.de\/strakosphere-transfertagung\/files\/2017\/07\/Universit\u00e4t-Paderborn_Transfertagung-2017_Johannes-Pauly_1-300x174.jpg\" alt=\"\" width=\"300\" height=\"174\" srcset=\"https:\/\/blogs.uni-paderborn.de\/strakosphere-transfertagung\/files\/2017\/07\/Universit\u00e4t-Paderborn_Transfertagung-2017_Johannes-Pauly_1-300x174.jpg 300w, https:\/\/blogs.uni-paderborn.de\/strakosphere-transfertagung\/files\/2017\/07\/Universit\u00e4t-Paderborn_Transfertagung-2017_Johannes-Pauly_1-768x445.jpg 768w, https:\/\/blogs.uni-paderborn.de\/strakosphere-transfertagung\/files\/2017\/07\/Universit\u00e4t-Paderborn_Transfertagung-2017_Johannes-Pauly_1-1024x594.jpg 1024w\" sizes=\"auto, (max-width: 300px) 100vw, 300px\" \/><\/p>\n","protected":false},"excerpt":{"rendered":"<p>R\u00fcckblick auf die Transfertagung der Universit\u00e4t Paderborn zum Thema \u201eStrategisches Kompetenzmanagement in kleinen und mittleren Unternehmen (KMU) im Kontext zunehmender Digitalisierung von Arbeits- und Gesch\u00e4ftsprozessen\u201c am 30. Juni 2017 &nbsp; Paderborn. In einer zunehmend globalisierten und technisierten Welt m\u00fcssen sich auch die mittelst\u00e4ndischen Unternehmen in Ostwestfalen-Lippe kontinuierlich neu ausrichten und anpassen. Zum Erhalt der Wettbewerbsf\u00e4higkeit &hellip; <\/p>\n<p class=\"link-more\"><a href=\"https:\/\/blogs.uni-paderborn.de\/strakosphere-transfertagung\/rueckblick\/\" class=\"more-link\"><span class=\"screen-reader-text\">\u201eR\u00fcckblick\u201c <\/span>weiterlesen<\/a><\/p>\n","protected":false},"author":7843,"featured_media":0,"parent":0,"menu_order":0,"comment_status":"closed","ping_status":"closed","template":"","meta":{"footnotes":""},"class_list":["post-433","page","type-page","status-publish","hentry"],"_links":{"self":[{"href":"https:\/\/blogs.uni-paderborn.de\/strakosphere-transfertagung\/wp-json\/wp\/v2\/pages\/433","targetHints":{"allow":["GET"]}}],"collection":[{"href":"https:\/\/blogs.uni-paderborn.de\/strakosphere-transfertagung\/wp-json\/wp\/v2\/pages"}],"about":[{"href":"https:\/\/blogs.uni-paderborn.de\/strakosphere-transfertagung\/wp-json\/wp\/v2\/types\/page"}],"author":[{"embeddable":true,"href":"https:\/\/blogs.uni-paderborn.de\/strakosphere-transfertagung\/wp-json\/wp\/v2\/users\/7843"}],"replies":[{"embeddable":true,"href":"https:\/\/blogs.uni-paderborn.de\/strakosphere-transfertagung\/wp-json\/wp\/v2\/comments?post=433"}],"version-history":[{"count":3,"href":"https:\/\/blogs.uni-paderborn.de\/strakosphere-transfertagung\/wp-json\/wp\/v2\/pages\/433\/revisions"}],"predecessor-version":[{"id":445,"href":"https:\/\/blogs.uni-paderborn.de\/strakosphere-transfertagung\/wp-json\/wp\/v2\/pages\/433\/revisions\/445"}],"wp:attachment":[{"href":"https:\/\/blogs.uni-paderborn.de\/strakosphere-transfertagung\/wp-json\/wp\/v2\/media?parent=433"}],"curies":[{"name":"wp","href":"https:\/\/api.w.org\/{rel}","templated":true}]}}