{"id":3,"date":"2017-03-10T12:43:23","date_gmt":"2017-03-10T11:43:23","guid":{"rendered":"https:\/\/blogs.uni-paderborn.de\/strakosphere-transfertagung\/?page_id=2"},"modified":"2017-04-24T14:25:57","modified_gmt":"2017-04-24T12:25:57","slug":"beispiel-seite","status":"publish","type":"page","link":"https:\/\/blogs.uni-paderborn.de\/strakosphere-transfertagung\/","title":{"rendered":"\u00dcberblick"},"content":{"rendered":"<div class=\"twoclick_social_bookmarks_post_3 social_share_privacy clearfix 1.6.4 locale-de_DE sprite-de_DE\"><\/div><div class=\"twoclick-js\"><script type=\"text\/javascript\">\/* <![CDATA[ *\/\njQuery(document).ready(function($){if($('.twoclick_social_bookmarks_post_3')){$('.twoclick_social_bookmarks_post_3').socialSharePrivacy({\"txt_help\":\"Wenn Sie diese Felder durch einen Klick aktivieren, werden Informationen an Facebook, Twitter, Flattr, Xing, t3n, LinkedIn, Pinterest oder Google eventuell ins Ausland \\u00fcbertragen und unter Umst\\u00e4nden auch dort gespeichert. N\\u00e4heres erfahren Sie durch einen Klick auf das <em>i<\\\/em>.\",\"settings_perma\":\"Dauerhaft aktivieren und Daten\\u00fcber-tragung zustimmen:\",\"info_link\":\"http:\\\/\\\/www.heise.de\\\/ct\\\/artikel\\\/2-Klicks-fuer-mehr-Datenschutz-1333879.html\",\"uri\":\"https:\\\/\\\/blogs.uni-paderborn.de\\\/strakosphere-transfertagung\\\/\",\"post_id\":3,\"post_title_referrer_track\":\"%C3%9Cberblick\",\"display_infobox\":\"on\"});}});\n\/* ]]> *\/<\/script><\/div><table>\n<tbody>\n<tr>\n<td><strong><img loading=\"lazy\" decoding=\"async\" class=\" wp-image-266 alignleft\" src=\"https:\/\/blogs.uni-paderborn.de\/strakosphere-transfertagung\/files\/2017\/03\/logo-strakosphere-300x85.jpg\" alt=\"\" width=\"409\" height=\"116\" srcset=\"https:\/\/blogs.uni-paderborn.de\/strakosphere-transfertagung\/files\/2017\/03\/logo-strakosphere-300x85.jpg 300w, https:\/\/blogs.uni-paderborn.de\/strakosphere-transfertagung\/files\/2017\/03\/logo-strakosphere.jpg 671w\" sizes=\"auto, (max-width: 409px) 100vw, 409px\" \/><\/strong><\/td>\n<td><\/td>\n<td><strong><img loading=\"lazy\" decoding=\"async\" class=\"size-medium wp-image-264 alignleft\" src=\"https:\/\/blogs.uni-paderborn.de\/strakosphere-transfertagung\/files\/2017\/03\/Uni-Paderborn_Logo_CMYK_D_2012-300x79.jpg\" alt=\"\" width=\"300\" height=\"79\" srcset=\"https:\/\/blogs.uni-paderborn.de\/strakosphere-transfertagung\/files\/2017\/03\/Uni-Paderborn_Logo_CMYK_D_2012-300x79.jpg 300w, https:\/\/blogs.uni-paderborn.de\/strakosphere-transfertagung\/files\/2017\/03\/Uni-Paderborn_Logo_CMYK_D_2012-768x203.jpg 768w, https:\/\/blogs.uni-paderborn.de\/strakosphere-transfertagung\/files\/2017\/03\/Uni-Paderborn_Logo_CMYK_D_2012-1024x270.jpg 1024w\" sizes=\"auto, (max-width: 300px) 100vw, 300px\" \/><\/strong><\/td>\n<\/tr>\n<\/tbody>\n<\/table>\n<p><strong>\u00a0Ziel der Veranstaltung<\/strong><\/p>\n<p>Im Verbundprojekt \u201eStraKosphere\u201c werden in enger Zusammenarbeit mit vier Industrieunternehmen Konzepte und Instrumente f\u00fcr das strategische Kompetenzmanagement in kleinen und mittleren Unternehmen (KMU) entwickelt und erprobt. Im Rahmen der Transfertagung sollen diese Projektergebnisse interessierten KMU aus verschiedenen Branchen zug\u00e4nglich gemacht werden.<\/p>\n<p>Ergebnisse des Verbundprojekts \u201eStraKosphere\u201c sind u.a. die Kompetenzmanagementtabelle (KMT) als methodisches Unterst\u00fctzungsinstrument zur strategischen Kompetenzentwicklung und Bedarfsermittlung in KMU, sowie eine tabletgest\u00fctzte Applikation zur schrittweise erfolgenden Einarbeitung neuer Mitarbeiter bei Montagevorg\u00e4ngen. Au\u00dferdem wurde ein \u00fcbergreifender, dynamischer Ansatz zum strategischen Kompetenzmanagement in KMU entwickelt.<\/p>\n<p><strong>Das erwartet Sie auf der Transfertagung:<\/strong><\/p>\n<p>Erleben Sie eine abwechslungsreiche Tagung mit Erfahrungsberichten zur Implementierung und zum Einsatz eines strategischen Kompetenzmanagementansatzes in KMU. H\u00f6ren Sie interessante Vortr\u00e4ge aus Wissenschaft und Wirtschaft zu den Voraussetzungen und Methoden f\u00fcr eine nachhaltige Kompetenz- und Personalentwicklung. Unter anderem wird von einer aktuellen Studie zum Stand der Digitalisierung in KMU der Region OWL und den sich daraus ergebenden Potenzialen und Entwicklungsbedarfen f\u00fcr Arbeits- und Gesch\u00e4ftsprozesse berichtet. In den Workshop-Sessions k\u00f6nnen Sie au\u00dferdem neue, auf die Bedarfe von KMU zugeschnittene Kompetenzmanagementtools aktiv kennlernen und dabei Ihre Sichtweisen einbringen sowie mit unseren Referenten diskutieren. Zudem\u00a0 erhalten Sie in der Veranstaltung viel Raum f\u00fcr einen regen Austausch und Vernetzungsm\u00f6glichkeiten mit Partnern in der Region OWL und dar\u00fcber hinaus.<\/p>\n<p>Wir w\u00fcnschen Ihnen einen spannenden Veranstaltungstag in Paderborn und freuen uns auf Ihren Besuch!<\/p>\n<p>&nbsp;<\/p>\n","protected":false},"excerpt":{"rendered":"<p>\u00a0Ziel der Veranstaltung Im Verbundprojekt \u201eStraKosphere\u201c werden in enger Zusammenarbeit mit vier Industrieunternehmen Konzepte und Instrumente f\u00fcr das strategische Kompetenzmanagement in kleinen und mittleren Unternehmen (KMU) entwickelt und erprobt. Im Rahmen der Transfertagung sollen diese Projektergebnisse interessierten KMU aus verschiedenen Branchen zug\u00e4nglich gemacht werden. Ergebnisse des Verbundprojekts \u201eStraKosphere\u201c sind u.a. die Kompetenzmanagementtabelle (KMT) als methodisches &hellip; <\/p>\n<p class=\"link-more\"><a href=\"https:\/\/blogs.uni-paderborn.de\/strakosphere-transfertagung\/\" class=\"more-link\"><span class=\"screen-reader-text\">\u201e\u00dcberblick\u201c <\/span>weiterlesen<\/a><\/p>\n","protected":false},"author":7843,"featured_media":0,"parent":0,"menu_order":0,"comment_status":"closed","ping_status":"open","template":"","meta":{"footnotes":""},"class_list":["post-3","page","type-page","status-publish","hentry"],"_links":{"self":[{"href":"https:\/\/blogs.uni-paderborn.de\/strakosphere-transfertagung\/wp-json\/wp\/v2\/pages\/3","targetHints":{"allow":["GET"]}}],"collection":[{"href":"https:\/\/blogs.uni-paderborn.de\/strakosphere-transfertagung\/wp-json\/wp\/v2\/pages"}],"about":[{"href":"https:\/\/blogs.uni-paderborn.de\/strakosphere-transfertagung\/wp-json\/wp\/v2\/types\/page"}],"author":[{"embeddable":true,"href":"https:\/\/blogs.uni-paderborn.de\/strakosphere-transfertagung\/wp-json\/wp\/v2\/users\/7843"}],"replies":[{"embeddable":true,"href":"https:\/\/blogs.uni-paderborn.de\/strakosphere-transfertagung\/wp-json\/wp\/v2\/comments?post=3"}],"version-history":[{"count":13,"href":"https:\/\/blogs.uni-paderborn.de\/strakosphere-transfertagung\/wp-json\/wp\/v2\/pages\/3\/revisions"}],"predecessor-version":[{"id":386,"href":"https:\/\/blogs.uni-paderborn.de\/strakosphere-transfertagung\/wp-json\/wp\/v2\/pages\/3\/revisions\/386"}],"wp:attachment":[{"href":"https:\/\/blogs.uni-paderborn.de\/strakosphere-transfertagung\/wp-json\/wp\/v2\/media?parent=3"}],"curies":[{"name":"wp","href":"https:\/\/api.w.org\/{rel}","templated":true}]}}