{"id":20,"date":"2017-03-15T15:09:21","date_gmt":"2017-03-15T14:09:21","guid":{"rendered":"https:\/\/blogs.uni-paderborn.de\/strakosphere-transfertagung\/?page_id=20"},"modified":"2017-04-21T19:59:48","modified_gmt":"2017-04-21T17:59:48","slug":"anfahrt-und-parken","status":"publish","type":"page","link":"https:\/\/blogs.uni-paderborn.de\/strakosphere-transfertagung\/tagungsort\/anfahrt-und-parken\/","title":{"rendered":"Anfahrt und Parken"},"content":{"rendered":"<div class=\"twoclick_social_bookmarks_post_20 social_share_privacy clearfix 1.6.4 locale-de_DE sprite-de_DE\"><\/div><div class=\"twoclick-js\"><script type=\"text\/javascript\">\/* <![CDATA[ *\/\njQuery(document).ready(function($){if($('.twoclick_social_bookmarks_post_20')){$('.twoclick_social_bookmarks_post_20').socialSharePrivacy({\"txt_help\":\"Wenn Sie diese Felder durch einen Klick aktivieren, werden Informationen an Facebook, Twitter, Flattr, Xing, t3n, LinkedIn, Pinterest oder Google eventuell ins Ausland \\u00fcbertragen und unter Umst\\u00e4nden auch dort gespeichert. N\\u00e4heres erfahren Sie durch einen Klick auf das <em>i<\\\/em>.\",\"settings_perma\":\"Dauerhaft aktivieren und Daten\\u00fcber-tragung zustimmen:\",\"info_link\":\"http:\\\/\\\/www.heise.de\\\/ct\\\/artikel\\\/2-Klicks-fuer-mehr-Datenschutz-1333879.html\",\"uri\":\"https:\\\/\\\/blogs.uni-paderborn.de\\\/strakosphere-transfertagung\\\/tagungsort\\\/anfahrt-und-parken\\\/\",\"post_id\":20,\"post_title_referrer_track\":\"Anfahrt+und+Parken\",\"display_infobox\":\"on\"});}});\n\/* ]]> *\/<\/script><\/div><div class=\"article_text\">\n<p><a href=\"https:\/\/blogs.uni-paderborn.de\/strakosphere-transfertagung\/files\/2017\/03\/Anfahrt.jpg\"><img loading=\"lazy\" decoding=\"async\" class=\"size-medium wp-image-324 alignleft\" src=\"https:\/\/blogs.uni-paderborn.de\/strakosphere-transfertagung\/files\/2017\/03\/Anfahrt-282x300.jpg\" alt=\"\" width=\"282\" height=\"300\" srcset=\"https:\/\/blogs.uni-paderborn.de\/strakosphere-transfertagung\/files\/2017\/03\/Anfahrt-282x300.jpg 282w, https:\/\/blogs.uni-paderborn.de\/strakosphere-transfertagung\/files\/2017\/03\/Anfahrt.jpg 753w\" sizes=\"auto, (max-width: 282px) 100vw, 282px\" \/><\/a><strong>Autofahrer:<\/strong> Autobahn A 33 (\u00fcber A 2 und A 44)<\/p>\n<p>Universit\u00e4t Paderborn, O-Geb\u00e4ude<br \/>\nPohlweg 51<br \/>\n33098 Paderborn<\/p>\n<\/div>\n<div class=\"article_text\">\n<p><strong>Anreise mit Bahn oder \u00d6PNV (PaderSprinter):<\/strong> Der Hauptbahnhof ist Haltepunkt f\u00fcr IC-Z\u00fcge, die Paderborn mit den \u00fcberregionalen Fernverkehrsknotenpunkten Kassel und Hamm verbinden. Es verkehren diverse Regional- und Nahverkehrsz\u00fcge. Vom Hauptbahnhof erreichen Sie die Universit\u00e4t innerhalb weniger Minuten mit folgenden Buslinien: Linie 4 in Richtung Dahl, Linie 9 in Richtung Kaukenberg, Linie 68 in Richtung &#8222;Sch\u00f6ne Aussicht&#8220;, UNI-Linie in Richtung Uni\/S\u00fcdring (nur in der Vorlesungszeit). Umsteigen ist nicht notwendig, die Linien fahren direkt zur Haltestelle &#8222;Uni\/S\u00fcdring&#8220; bzw. &#8222;Uni\/Sch\u00f6ne Aussicht&#8220;. Fahrplanauskunft im Internet: <a href=\"http:\/\/www.padersprinter.de\">www.padersprinter.de<\/a><\/p>\n<p><strong>Fern- bzw. Flugreisende:<\/strong> In nur 20 Kilometer Entfernung liegt der Airport Paderborn-Lippstadt. Der Paderborner Hauptbahnhof ist von dort mit der Schnellbuslinie S60 und der Linie 460 der BBH BahnBus Hochstift zu erreichen. Ausk\u00fcnfte zu Fahrpl\u00e4nen und Fl\u00fcgen: <a href=\"http:\/\/www.airport-pad.com\">www.airport-pad.com<\/a><\/p>\n<\/div>\n<p><strong>Parksituation und Veranstaltungsgeb\u00e4ude:<\/strong><\/p>\n<p><a href=\"https:\/\/blogs.uni-paderborn.de\/strakosphere-transfertagung\/files\/2017\/03\/Parksituation.jpg\"><img loading=\"lazy\" decoding=\"async\" class=\"size-medium wp-image-334 alignleft\" src=\"https:\/\/blogs.uni-paderborn.de\/strakosphere-transfertagung\/files\/2017\/03\/Parksituation-300x217.jpg\" alt=\"\" width=\"300\" height=\"217\" srcset=\"https:\/\/blogs.uni-paderborn.de\/strakosphere-transfertagung\/files\/2017\/03\/Parksituation-300x217.jpg 300w, https:\/\/blogs.uni-paderborn.de\/strakosphere-transfertagung\/files\/2017\/03\/Parksituation-768x556.jpg 768w, https:\/\/blogs.uni-paderborn.de\/strakosphere-transfertagung\/files\/2017\/03\/Parksituation-1024x742.jpg 1024w\" sizes=\"auto, (max-width: 300px) 100vw, 300px\" \/><\/a>Die beste Parkm\u00f6glichkeit bietet die Husener Stra\u00dfe. Von dort ist der Veranstaltungsort, das O-Geb\u00e4ude, fu\u00dfl\u00e4ufig zu erreichen. Beides finden Sie in der Abbildung rot markiert. Weitere Parkm\u00f6glichkeiten finden Sie ebenfalls in der Abbildung.<\/p>\n","protected":false},"excerpt":{"rendered":"<p>Autofahrer: Autobahn A 33 (\u00fcber A 2 und A 44) Universit\u00e4t Paderborn, O-Geb\u00e4ude Pohlweg 51 33098 Paderborn Anreise mit Bahn oder \u00d6PNV (PaderSprinter): Der Hauptbahnhof ist Haltepunkt f\u00fcr IC-Z\u00fcge, die Paderborn mit den \u00fcberregionalen Fernverkehrsknotenpunkten Kassel und Hamm verbinden. Es verkehren diverse Regional- und Nahverkehrsz\u00fcge. Vom Hauptbahnhof erreichen Sie die Universit\u00e4t innerhalb weniger Minuten mit &hellip; <\/p>\n<p class=\"link-more\"><a href=\"https:\/\/blogs.uni-paderborn.de\/strakosphere-transfertagung\/tagungsort\/anfahrt-und-parken\/\" class=\"more-link\"><span class=\"screen-reader-text\">\u201eAnfahrt und Parken\u201c <\/span>weiterlesen<\/a><\/p>\n","protected":false},"author":7843,"featured_media":0,"parent":8,"menu_order":0,"comment_status":"closed","ping_status":"closed","template":"","meta":{"footnotes":""},"class_list":["post-20","page","type-page","status-publish","hentry"],"_links":{"self":[{"href":"https:\/\/blogs.uni-paderborn.de\/strakosphere-transfertagung\/wp-json\/wp\/v2\/pages\/20","targetHints":{"allow":["GET"]}}],"collection":[{"href":"https:\/\/blogs.uni-paderborn.de\/strakosphere-transfertagung\/wp-json\/wp\/v2\/pages"}],"about":[{"href":"https:\/\/blogs.uni-paderborn.de\/strakosphere-transfertagung\/wp-json\/wp\/v2\/types\/page"}],"author":[{"embeddable":true,"href":"https:\/\/blogs.uni-paderborn.de\/strakosphere-transfertagung\/wp-json\/wp\/v2\/users\/7843"}],"replies":[{"embeddable":true,"href":"https:\/\/blogs.uni-paderborn.de\/strakosphere-transfertagung\/wp-json\/wp\/v2\/comments?post=20"}],"version-history":[{"count":13,"href":"https:\/\/blogs.uni-paderborn.de\/strakosphere-transfertagung\/wp-json\/wp\/v2\/pages\/20\/revisions"}],"predecessor-version":[{"id":364,"href":"https:\/\/blogs.uni-paderborn.de\/strakosphere-transfertagung\/wp-json\/wp\/v2\/pages\/20\/revisions\/364"}],"up":[{"embeddable":true,"href":"https:\/\/blogs.uni-paderborn.de\/strakosphere-transfertagung\/wp-json\/wp\/v2\/pages\/8"}],"wp:attachment":[{"href":"https:\/\/blogs.uni-paderborn.de\/strakosphere-transfertagung\/wp-json\/wp\/v2\/media?parent=20"}],"curies":[{"name":"wp","href":"https:\/\/api.w.org\/{rel}","templated":true}]}}