{"id":164,"date":"2017-04-21T12:28:20","date_gmt":"2017-04-21T10:28:20","guid":{"rendered":"https:\/\/blogs.uni-paderborn.de\/strakosphere-transfertagung\/?page_id=164"},"modified":"2017-04-24T14:33:19","modified_gmt":"2017-04-24T12:33:19","slug":"ueber-strakosphere","status":"publish","type":"page","link":"https:\/\/blogs.uni-paderborn.de\/strakosphere-transfertagung\/ueber-strakosphere\/","title":{"rendered":"\u00dcber StraKosphere"},"content":{"rendered":"<div class=\"twoclick_social_bookmarks_post_164 social_share_privacy clearfix 1.6.4 locale-de_DE sprite-de_DE\"><\/div><div class=\"twoclick-js\"><script type=\"text\/javascript\">\/* <![CDATA[ *\/\njQuery(document).ready(function($){if($('.twoclick_social_bookmarks_post_164')){$('.twoclick_social_bookmarks_post_164').socialSharePrivacy({\"txt_help\":\"Wenn Sie diese Felder durch einen Klick aktivieren, werden Informationen an Facebook, Twitter, Flattr, Xing, t3n, LinkedIn, Pinterest oder Google eventuell ins Ausland \\u00fcbertragen und unter Umst\\u00e4nden auch dort gespeichert. N\\u00e4heres erfahren Sie durch einen Klick auf das <em>i<\\\/em>.\",\"settings_perma\":\"Dauerhaft aktivieren und Daten\\u00fcber-tragung zustimmen:\",\"info_link\":\"http:\\\/\\\/www.heise.de\\\/ct\\\/artikel\\\/2-Klicks-fuer-mehr-Datenschutz-1333879.html\",\"uri\":\"https:\\\/\\\/blogs.uni-paderborn.de\\\/strakosphere-transfertagung\\\/ueber-strakosphere\\\/\",\"post_id\":164,\"post_title_referrer_track\":\"%C3%9Cber+StraKosphere\",\"display_infobox\":\"on\"});}});\n\/* ]]> *\/<\/script><\/div><p><strong>Das Verbundprojekt StraKosphere<\/strong><\/p>\n<p>Die Produktion in nicht-forschungsintensiven kleinen und mittleren Unternehmen (KMU) ist durch einen hohen Anteil manueller Einfacharbeit sowie deren Zusammenspiel mit qualifizierter Facharbeit gepr\u00e4gt. Aufgrund des demografischen Wandels und des damit verbundenen Fachkr\u00e4ftemangels ist es entscheidend, dass diese KMU die Potenziale ihrer Besch\u00e4ftigten durch neue Konzepte der strategischen Kompetenzentwicklung noch besser nutzen. So kann das wichtige Erfahrungswissen im Unternehmen gehalten und zuk\u00fcnftig relevante Kompetenzen strategisch weiterentwickelt werden.<\/p>\n<p>Ziel des Verbundprojekts \u201eStrategische Kompetenzentwicklung in nicht-forschungsintensiven kleinen und mittleren Unternehmen (KMU) des verarbeitenden Gewerbes (StraKosphere)\u201c ist die innovative Entwicklung und beispielhafte Erprobung von praxisgerechten Instrumenten und Konzepten der strategischen Kompetenzentwicklungin KMU entlang strategischer Unternehmensziele.<\/p>\n<p>Das Verbundprojekt \u201eStraKosphere\u201c vereint zu diesem Zweck die Perspektiven der Organisations- und Arbeitsgestaltung sowie der strategischen Innovations- und Managementforschung. Ein besonderes Augenmerk liegt auf dem f\u00fcr Prozessinnovationen besonders wichtigen Anwenderwissen der an- und ungelernten Besch\u00e4ftigten sowie der mittleren F\u00fchrungskr\u00e4fte.<\/p>\n<p>Weitere Informationen zum Projekt finden Sie hier:<\/p>\n<p><a href=\"http:\/\/www.strakosphere.de\">www.strakosphere.de<\/a><\/p>\n","protected":false},"excerpt":{"rendered":"<p>Das Verbundprojekt StraKosphere Die Produktion in nicht-forschungsintensiven kleinen und mittleren Unternehmen (KMU) ist durch einen hohen Anteil manueller Einfacharbeit sowie deren Zusammenspiel mit qualifizierter Facharbeit gepr\u00e4gt. Aufgrund des demografischen Wandels und des damit verbundenen Fachkr\u00e4ftemangels ist es entscheidend, dass diese KMU die Potenziale ihrer Besch\u00e4ftigten durch neue Konzepte der strategischen Kompetenzentwicklung noch besser nutzen. So &hellip; <\/p>\n<p class=\"link-more\"><a href=\"https:\/\/blogs.uni-paderborn.de\/strakosphere-transfertagung\/ueber-strakosphere\/\" class=\"more-link\"><span class=\"screen-reader-text\">\u201e\u00dcber StraKosphere\u201c <\/span>weiterlesen<\/a><\/p>\n","protected":false},"author":7843,"featured_media":0,"parent":0,"menu_order":0,"comment_status":"closed","ping_status":"closed","template":"","meta":{"footnotes":""},"class_list":["post-164","page","type-page","status-publish","hentry"],"_links":{"self":[{"href":"https:\/\/blogs.uni-paderborn.de\/strakosphere-transfertagung\/wp-json\/wp\/v2\/pages\/164","targetHints":{"allow":["GET"]}}],"collection":[{"href":"https:\/\/blogs.uni-paderborn.de\/strakosphere-transfertagung\/wp-json\/wp\/v2\/pages"}],"about":[{"href":"https:\/\/blogs.uni-paderborn.de\/strakosphere-transfertagung\/wp-json\/wp\/v2\/types\/page"}],"author":[{"embeddable":true,"href":"https:\/\/blogs.uni-paderborn.de\/strakosphere-transfertagung\/wp-json\/wp\/v2\/users\/7843"}],"replies":[{"embeddable":true,"href":"https:\/\/blogs.uni-paderborn.de\/strakosphere-transfertagung\/wp-json\/wp\/v2\/comments?post=164"}],"version-history":[{"count":4,"href":"https:\/\/blogs.uni-paderborn.de\/strakosphere-transfertagung\/wp-json\/wp\/v2\/pages\/164\/revisions"}],"predecessor-version":[{"id":392,"href":"https:\/\/blogs.uni-paderborn.de\/strakosphere-transfertagung\/wp-json\/wp\/v2\/pages\/164\/revisions\/392"}],"wp:attachment":[{"href":"https:\/\/blogs.uni-paderborn.de\/strakosphere-transfertagung\/wp-json\/wp\/v2\/media?parent=164"}],"curies":[{"name":"wp","href":"https:\/\/api.w.org\/{rel}","templated":true}]}}