{"id":16,"date":"2017-03-15T15:09:10","date_gmt":"2017-03-15T14:09:10","guid":{"rendered":"https:\/\/blogs.uni-paderborn.de\/strakosphere-transfertagung\/?page_id=16"},"modified":"2017-05-10T11:36:03","modified_gmt":"2017-05-10T09:36:03","slug":"teilnahme","status":"publish","type":"page","link":"https:\/\/blogs.uni-paderborn.de\/strakosphere-transfertagung\/teilnahme\/","title":{"rendered":"Anmeldung"},"content":{"rendered":"<div class=\"twoclick_social_bookmarks_post_16 social_share_privacy clearfix 1.6.4 locale-de_DE sprite-de_DE\"><\/div><div class=\"twoclick-js\"><script type=\"text\/javascript\">\/* <![CDATA[ *\/\njQuery(document).ready(function($){if($('.twoclick_social_bookmarks_post_16')){$('.twoclick_social_bookmarks_post_16').socialSharePrivacy({\"txt_help\":\"Wenn Sie diese Felder durch einen Klick aktivieren, werden Informationen an Facebook, Twitter, Flattr, Xing, t3n, LinkedIn, Pinterest oder Google eventuell ins Ausland \\u00fcbertragen und unter Umst\\u00e4nden auch dort gespeichert. N\\u00e4heres erfahren Sie durch einen Klick auf das <em>i<\\\/em>.\",\"settings_perma\":\"Dauerhaft aktivieren und Daten\\u00fcber-tragung zustimmen:\",\"info_link\":\"http:\\\/\\\/www.heise.de\\\/ct\\\/artikel\\\/2-Klicks-fuer-mehr-Datenschutz-1333879.html\",\"uri\":\"https:\\\/\\\/blogs.uni-paderborn.de\\\/strakosphere-transfertagung\\\/teilnahme\\\/\",\"post_id\":16,\"post_title_referrer_track\":\"Anmeldung\",\"display_infobox\":\"on\"});}});\n\/* ]]> *\/<\/script><\/div><p>Die Transfertagung des Projekts \u201eStraKosphere\u201c \u00a0findet am 30. Juni 2017 in Paderborn statt. Die Tagung richtet sich sowohl an die Gesch\u00e4ftsf\u00fchrungen und Personalleitungen von produzierenden KMU, als auch an Wissenschaftler und sonstige Interessierte.<\/p>\n<p>Die Teilnahme an der Tagung ist kostenfrei.<\/p>\n<p>Bitte melden Sie sich bis zum 15. Juni 2017 via E-Mail unter Angabe Ihres Namens, Ihrer Firmenzugeh\u00f6rigkeit und Ihrer Pr\u00e4ferenzen f\u00fcr die Parallelsessions an (Session 1 A oder 1 B &amp; Session 2 A oder 2 B):<\/p>\n<p><a href=\"mailto:transfertagung-strakosphere@kw.uni-paderborn.de\">transfertagung-strakosphere@kw.uni-paderborn.de<\/a><\/p>\n","protected":false},"excerpt":{"rendered":"<p>Die Transfertagung des Projekts \u201eStraKosphere\u201c \u00a0findet am 30. Juni 2017 in Paderborn statt. Die Tagung richtet sich sowohl an die Gesch\u00e4ftsf\u00fchrungen und Personalleitungen von produzierenden KMU, als auch an Wissenschaftler und sonstige Interessierte. Die Teilnahme an der Tagung ist kostenfrei. Bitte melden Sie sich bis zum 15. Juni 2017 via E-Mail unter Angabe Ihres Namens, &hellip; <\/p>\n<p class=\"link-more\"><a href=\"https:\/\/blogs.uni-paderborn.de\/strakosphere-transfertagung\/teilnahme\/\" class=\"more-link\"><span class=\"screen-reader-text\">\u201eAnmeldung\u201c <\/span>weiterlesen<\/a><\/p>\n","protected":false},"author":7843,"featured_media":0,"parent":0,"menu_order":0,"comment_status":"closed","ping_status":"closed","template":"","meta":{"footnotes":""},"class_list":["post-16","page","type-page","status-publish","hentry"],"_links":{"self":[{"href":"https:\/\/blogs.uni-paderborn.de\/strakosphere-transfertagung\/wp-json\/wp\/v2\/pages\/16","targetHints":{"allow":["GET"]}}],"collection":[{"href":"https:\/\/blogs.uni-paderborn.de\/strakosphere-transfertagung\/wp-json\/wp\/v2\/pages"}],"about":[{"href":"https:\/\/blogs.uni-paderborn.de\/strakosphere-transfertagung\/wp-json\/wp\/v2\/types\/page"}],"author":[{"embeddable":true,"href":"https:\/\/blogs.uni-paderborn.de\/strakosphere-transfertagung\/wp-json\/wp\/v2\/users\/7843"}],"replies":[{"embeddable":true,"href":"https:\/\/blogs.uni-paderborn.de\/strakosphere-transfertagung\/wp-json\/wp\/v2\/comments?post=16"}],"version-history":[{"count":8,"href":"https:\/\/blogs.uni-paderborn.de\/strakosphere-transfertagung\/wp-json\/wp\/v2\/pages\/16\/revisions"}],"predecessor-version":[{"id":429,"href":"https:\/\/blogs.uni-paderborn.de\/strakosphere-transfertagung\/wp-json\/wp\/v2\/pages\/16\/revisions\/429"}],"wp:attachment":[{"href":"https:\/\/blogs.uni-paderborn.de\/strakosphere-transfertagung\/wp-json\/wp\/v2\/media?parent=16"}],"curies":[{"name":"wp","href":"https:\/\/api.w.org\/{rel}","templated":true}]}}