{"id":12,"date":"2017-03-15T15:08:48","date_gmt":"2017-03-15T14:08:48","guid":{"rendered":"https:\/\/blogs.uni-paderborn.de\/strakosphere-transfertagung\/?page_id=12"},"modified":"2017-04-27T00:44:21","modified_gmt":"2017-04-26T22:44:21","slug":"programm","status":"publish","type":"page","link":"https:\/\/blogs.uni-paderborn.de\/strakosphere-transfertagung\/programm\/","title":{"rendered":"Programm"},"content":{"rendered":"<div class=\"twoclick_social_bookmarks_post_12 social_share_privacy clearfix 1.6.4 locale-de_DE sprite-de_DE\"><\/div><div class=\"twoclick-js\"><script type=\"text\/javascript\">\/* <![CDATA[ *\/\njQuery(document).ready(function($){if($('.twoclick_social_bookmarks_post_12')){$('.twoclick_social_bookmarks_post_12').socialSharePrivacy({\"txt_help\":\"Wenn Sie diese Felder durch einen Klick aktivieren, werden Informationen an Facebook, Twitter, Flattr, Xing, t3n, LinkedIn, Pinterest oder Google eventuell ins Ausland \\u00fcbertragen und unter Umst\\u00e4nden auch dort gespeichert. N\\u00e4heres erfahren Sie durch einen Klick auf das <em>i<\\\/em>.\",\"settings_perma\":\"Dauerhaft aktivieren und Daten\\u00fcber-tragung zustimmen:\",\"info_link\":\"http:\\\/\\\/www.heise.de\\\/ct\\\/artikel\\\/2-Klicks-fuer-mehr-Datenschutz-1333879.html\",\"uri\":\"https:\\\/\\\/blogs.uni-paderborn.de\\\/strakosphere-transfertagung\\\/programm\\\/\",\"post_id\":12,\"post_title_referrer_track\":\"Programm\",\"display_infobox\":\"on\"});}});\n\/* ]]> *\/<\/script><\/div><table width=\"546\">\n<tbody>\n<tr>\n<td width=\"80\"><strong>Ab 8:30 Uhr<br \/>\n<\/strong><\/td>\n<td width=\"466\"><strong>Ankunft und Registrierung<\/strong><\/td>\n<\/tr>\n<tr>\n<td rowspan=\"2\" width=\"80\"><strong>9:00 Uhr<\/strong><\/td>\n<td width=\"466\"><strong>Begr\u00fc\u00dfung und Projektvorstellung<\/strong><\/td>\n<\/tr>\n<tr>\n<td style=\"padding-left: 30px\" width=\"466\">Prof. Dr. Niclas Schaper, Arbeits- und Organisationspsychologie, Universit\u00e4t Paderborn<\/td>\n<\/tr>\n<tr>\n<td rowspan=\"2\" width=\"80\"><strong>9:30 Uhr<\/strong><\/td>\n<td width=\"466\"><strong>Strategische Kompetenzentwicklung aus der Perspektive eines KMU<\/strong><\/td>\n<\/tr>\n<tr>\n<td style=\"padding-left: 30px\" width=\"466\">Wolfgang Kaiser, Gesch\u00e4ftsf\u00fchrer der Friedr. Freek GmbH, Menden<\/td>\n<\/tr>\n<tr>\n<td rowspan=\"4\" width=\"80\"><strong>10:15 Uhr<\/strong><\/td>\n<td width=\"466\"><strong>Ergebnisse aus dem Verbundprojekt StraKosphere<\/strong><\/td>\n<\/tr>\n<tr>\n<td style=\"padding-left: 30px\" width=\"466\">Fraunhofer-Institut f\u00fcr System- und Innovationsforschung (ISI) Karlsruhe,<\/td>\n<\/tr>\n<tr>\n<td style=\"padding-left: 30px\" width=\"466\">Technische Universit\u00e4t Dortmund,<\/td>\n<\/tr>\n<tr>\n<td style=\"padding-left: 30px\" width=\"466\">Universit\u00e4t Paderborn<\/td>\n<\/tr>\n<tr>\n<td width=\"80\"><strong>11:15 Uhr<\/strong><\/td>\n<td width=\"466\"><strong>Kaffeepause<\/strong><\/td>\n<\/tr>\n<tr>\n<td rowspan=\"5\" width=\"80\"><strong>11:30 Uhr<\/strong><\/td>\n<td width=\"466\"><strong>Parallelsession 1<\/strong><\/td>\n<\/tr>\n<tr>\n<td style=\"padding-left: 30px\" width=\"466\">Session 1 A:<\/td>\n<\/tr>\n<tr>\n<td style=\"padding-left: 30px\" width=\"466\"><em>Workshop zum Einsatz der Kompetenzmanagementtabelle (KMT) bei produzierenden KMU, Universit\u00e4t Paderborn<\/em><\/td>\n<\/tr>\n<tr>\n<td style=\"padding-left: 30px\" width=\"466\">Session 1 B:<\/td>\n<\/tr>\n<tr>\n<td style=\"padding-left: 30px\" width=\"466\"><em>Strategisches Kompetenzmanagement in KMU &#8211; Erfahrungsberichte aus der Praxis<\/em><\/td>\n<\/tr>\n<tr>\n<td width=\"80\"><strong>13:00 Uhr<\/strong><\/td>\n<td width=\"466\"><strong>Mittagspause<\/strong><\/td>\n<\/tr>\n<tr>\n<td rowspan=\"2\" width=\"80\"><strong>14:00 Uhr<\/strong><\/td>\n<td width=\"466\"><strong>Keynote<\/strong><\/td>\n<\/tr>\n<tr>\n<td style=\"padding-left: 30px\" width=\"466\">Prof. Dr. Gregor Engels, Institut f\u00fcr Informatik, Universit\u00e4t Paderborn: \u201eStand der Digitalisierung von Unternehmen in OWL \u2013 Herausforderungen f\u00fcr die Arbeitsorganisation\u201c<\/td>\n<\/tr>\n<tr>\n<td width=\"80\"><strong>15:00 Uhr<\/strong><\/td>\n<td width=\"466\"><strong>Kaffeepause<\/strong><\/td>\n<\/tr>\n<tr>\n<td rowspan=\"5\" width=\"80\"><strong>15:15 Uhr<\/strong><\/td>\n<td width=\"466\"><strong>Parallelsession 2<\/strong><\/td>\n<\/tr>\n<tr>\n<td style=\"padding-left: 30px\" width=\"466\">Session 2 A:<\/td>\n<\/tr>\n<tr>\n<td style=\"padding-left: 30px\" width=\"466\"><em>Workshop zum Einsatz eines Instruments zur webbasierten Kompetenzdiagnose (Kompetenznavi),<\/em> TU Braunschweig<\/td>\n<\/tr>\n<tr>\n<td style=\"padding-left: 30px\" width=\"466\">Session 2 B:<\/td>\n<\/tr>\n<tr>\n<td style=\"padding-left: 30px\" width=\"466\"><em>Praxisergebnisse aus dem Verbundprojekt StraKosphere<\/em><\/td>\n<\/tr>\n<tr>\n<td rowspan=\"2\" width=\"80\"><strong>16:30 Uhr<\/strong><\/td>\n<td width=\"466\"><strong>Abschluss und Fazit<\/strong><\/td>\n<\/tr>\n<tr>\n<td style=\"padding-left: 30px\" width=\"466\">Prof. Dr. Niclas Schaper<\/td>\n<\/tr>\n<tr>\n<td width=\"80\"><strong>16:45 Uhr<\/strong><\/td>\n<td width=\"466\"><strong>Ende der Transfertagung<\/strong><\/td>\n<\/tr>\n<\/tbody>\n<\/table>\n<p>&nbsp;<\/p>\n<p><!--StartFragment -->Hier finden Sie den Infoflyer inklusive des Tagungsprogramms als pdf-Download:<!--EndFragment --><\/p>\n<p><a href=\"https:\/\/blogs.uni-paderborn.de\/strakosphere-transfertagung\/files\/2017\/04\/Infoflyer_Transfertagung_Strakosphere_2017.pdf\">Infoflyer Transfertagung<\/a><\/p>\n","protected":false},"excerpt":{"rendered":"<p>Ab 8:30 Uhr Ankunft und Registrierung 9:00 Uhr Begr\u00fc\u00dfung und Projektvorstellung Prof. Dr. Niclas Schaper, Arbeits- und Organisationspsychologie, Universit\u00e4t Paderborn 9:30 Uhr Strategische Kompetenzentwicklung aus der Perspektive eines KMU Wolfgang Kaiser, Gesch\u00e4ftsf\u00fchrer der Friedr. Freek GmbH, Menden 10:15 Uhr Ergebnisse aus dem Verbundprojekt StraKosphere Fraunhofer-Institut f\u00fcr System- und Innovationsforschung (ISI) Karlsruhe, Technische Universit\u00e4t Dortmund, Universit\u00e4t &hellip; <\/p>\n<p class=\"link-more\"><a href=\"https:\/\/blogs.uni-paderborn.de\/strakosphere-transfertagung\/programm\/\" class=\"more-link\"><span class=\"screen-reader-text\">\u201eProgramm\u201c <\/span>weiterlesen<\/a><\/p>\n","protected":false},"author":7843,"featured_media":0,"parent":0,"menu_order":0,"comment_status":"closed","ping_status":"closed","template":"","meta":{"footnotes":""},"class_list":["post-12","page","type-page","status-publish","hentry"],"_links":{"self":[{"href":"https:\/\/blogs.uni-paderborn.de\/strakosphere-transfertagung\/wp-json\/wp\/v2\/pages\/12","targetHints":{"allow":["GET"]}}],"collection":[{"href":"https:\/\/blogs.uni-paderborn.de\/strakosphere-transfertagung\/wp-json\/wp\/v2\/pages"}],"about":[{"href":"https:\/\/blogs.uni-paderborn.de\/strakosphere-transfertagung\/wp-json\/wp\/v2\/types\/page"}],"author":[{"embeddable":true,"href":"https:\/\/blogs.uni-paderborn.de\/strakosphere-transfertagung\/wp-json\/wp\/v2\/users\/7843"}],"replies":[{"embeddable":true,"href":"https:\/\/blogs.uni-paderborn.de\/strakosphere-transfertagung\/wp-json\/wp\/v2\/comments?post=12"}],"version-history":[{"count":19,"href":"https:\/\/blogs.uni-paderborn.de\/strakosphere-transfertagung\/wp-json\/wp\/v2\/pages\/12\/revisions"}],"predecessor-version":[{"id":426,"href":"https:\/\/blogs.uni-paderborn.de\/strakosphere-transfertagung\/wp-json\/wp\/v2\/pages\/12\/revisions\/426"}],"wp:attachment":[{"href":"https:\/\/blogs.uni-paderborn.de\/strakosphere-transfertagung\/wp-json\/wp\/v2\/media?parent=12"}],"curies":[{"name":"wp","href":"https:\/\/api.w.org\/{rel}","templated":true}]}}