{"id":116,"date":"2017-03-15T16:52:25","date_gmt":"2017-03-15T15:52:25","guid":{"rendered":"https:\/\/blogs.uni-paderborn.de\/strakosphere-transfertagung\/?page_id=116"},"modified":"2017-03-16T10:04:11","modified_gmt":"2017-03-16T09:04:11","slug":"impressum","status":"publish","type":"page","link":"https:\/\/blogs.uni-paderborn.de\/strakosphere-transfertagung\/ansprechpartner\/impressum\/","title":{"rendered":"Impressum"},"content":{"rendered":"<div class=\"twoclick_social_bookmarks_post_116 social_share_privacy clearfix 1.6.4 locale-de_DE sprite-de_DE\"><\/div><div class=\"twoclick-js\"><script type=\"text\/javascript\">\/* <![CDATA[ *\/\njQuery(document).ready(function($){if($('.twoclick_social_bookmarks_post_116')){$('.twoclick_social_bookmarks_post_116').socialSharePrivacy({\"txt_help\":\"Wenn Sie diese Felder durch einen Klick aktivieren, werden Informationen an Facebook, Twitter, Flattr, Xing, t3n, LinkedIn, Pinterest oder Google eventuell ins Ausland \\u00fcbertragen und unter Umst\\u00e4nden auch dort gespeichert. N\\u00e4heres erfahren Sie durch einen Klick auf das <em>i<\\\/em>.\",\"settings_perma\":\"Dauerhaft aktivieren und Daten\\u00fcber-tragung zustimmen:\",\"info_link\":\"http:\\\/\\\/www.heise.de\\\/ct\\\/artikel\\\/2-Klicks-fuer-mehr-Datenschutz-1333879.html\",\"uri\":\"https:\\\/\\\/blogs.uni-paderborn.de\\\/strakosphere-transfertagung\\\/ansprechpartner\\\/impressum\\\/\",\"post_id\":116,\"post_title_referrer_track\":\"Impressum\",\"display_infobox\":\"on\"});}});\n\/* ]]> *\/<\/script><\/div><p>Universit\u00e4t Paderborn<br \/>\nLehrstuhl f\u00fcr Arbeits- und Organisationspsychologie<br \/>\nFakult\u00e4t Kulturwissenschaften<br \/>\nWarburger Str. 100<br \/>\n33098 Paderborn<\/p>\n<p>Ihre Ansprechpartner f\u00fcr weitere Informationen und Nachfragen rund um die Tagung sind:<\/p>\n<p><strong>Julian Decius M.Sc.<\/strong><\/p>\n<p>Telefon: +49 5251 60-2940,<br \/>\nE-Mail: julian.decius@upb.de<\/p>\n<p><strong>Dr. Daniel Ossenschmidt<\/strong><\/p>\n<p>Telefon: +49 5251 60-3098,<br \/>\nE-Mail: daniel.ossenschmidt@upb.de<\/p>\n<p>&nbsp;<\/p>\n<p>&nbsp;<\/p>\n<p>Angaben gem\u00e4\u00df \u00a7 5 TMG:<\/p>\n<p>Wir \u00fcbernehmen keine Haftung f\u00fcr die Inhalte externer Links. F\u00fcr den Inhalt der verlinkten Seiten sind ausschlie\u00dflich deren Betreiber verantwortlich.<\/p>\n<p>Haftungshinweis:<\/p>\n<p>Wir sind bem\u00fcht, das Webangebot stets aktuell und inhaltlich richtig sowie vollst\u00e4ndig anzubieten. Dennoch ist das Auftreten von Fehlern nicht v\u00f6llig auszuschlie\u00dfen. Wir \u00fcbernehmen keine Haftung f\u00fcr die Aktualit\u00e4t, die inhaltliche Richtigkeit sowie f\u00fcr die Vollst\u00e4ndigkeit der eingestellten Informationen. Dies bezieht sich auf eventuelle Sch\u00e4den materieller oder ideeller Art Dritter, die durch die Nutzung dieses Webangebotes verursacht wurden.<\/p>\n<p>Gesch\u00fctzte Marken und Namen, Bilder und Texte werden auf unseren Seiten in der Regel nicht als solche kenntlich gemacht. Das Fehlen einer solchen Kennzeichnung bedeutet jedoch nicht, dass es sich um einen freien Namen, ein freies Bild oder einen freien Text im Sinne des Markenzeichenrechts handelt<\/p>\n","protected":false},"excerpt":{"rendered":"<p>Universit\u00e4t Paderborn Lehrstuhl f\u00fcr Arbeits- und Organisationspsychologie Fakult\u00e4t Kulturwissenschaften Warburger Str. 100 33098 Paderborn Ihre Ansprechpartner f\u00fcr weitere Informationen und Nachfragen rund um die Tagung sind: Julian Decius M.Sc. Telefon: +49 5251 60-2940, E-Mail: julian.decius@upb.de Dr. Daniel Ossenschmidt Telefon: +49 5251 60-3098, E-Mail: daniel.ossenschmidt@upb.de &nbsp; &nbsp; Angaben gem\u00e4\u00df \u00a7 5 TMG: Wir \u00fcbernehmen keine Haftung &hellip; <\/p>\n<p class=\"link-more\"><a href=\"https:\/\/blogs.uni-paderborn.de\/strakosphere-transfertagung\/ansprechpartner\/impressum\/\" class=\"more-link\"><span class=\"screen-reader-text\">\u201eImpressum\u201c <\/span>weiterlesen<\/a><\/p>\n","protected":false},"author":7843,"featured_media":0,"parent":106,"menu_order":0,"comment_status":"closed","ping_status":"closed","template":"","meta":{"footnotes":""},"class_list":["post-116","page","type-page","status-publish","hentry"],"_links":{"self":[{"href":"https:\/\/blogs.uni-paderborn.de\/strakosphere-transfertagung\/wp-json\/wp\/v2\/pages\/116","targetHints":{"allow":["GET"]}}],"collection":[{"href":"https:\/\/blogs.uni-paderborn.de\/strakosphere-transfertagung\/wp-json\/wp\/v2\/pages"}],"about":[{"href":"https:\/\/blogs.uni-paderborn.de\/strakosphere-transfertagung\/wp-json\/wp\/v2\/types\/page"}],"author":[{"embeddable":true,"href":"https:\/\/blogs.uni-paderborn.de\/strakosphere-transfertagung\/wp-json\/wp\/v2\/users\/7843"}],"replies":[{"embeddable":true,"href":"https:\/\/blogs.uni-paderborn.de\/strakosphere-transfertagung\/wp-json\/wp\/v2\/comments?post=116"}],"version-history":[{"count":8,"href":"https:\/\/blogs.uni-paderborn.de\/strakosphere-transfertagung\/wp-json\/wp\/v2\/pages\/116\/revisions"}],"predecessor-version":[{"id":136,"href":"https:\/\/blogs.uni-paderborn.de\/strakosphere-transfertagung\/wp-json\/wp\/v2\/pages\/116\/revisions\/136"}],"up":[{"embeddable":true,"href":"https:\/\/blogs.uni-paderborn.de\/strakosphere-transfertagung\/wp-json\/wp\/v2\/pages\/106"}],"wp:attachment":[{"href":"https:\/\/blogs.uni-paderborn.de\/strakosphere-transfertagung\/wp-json\/wp\/v2\/media?parent=116"}],"curies":[{"name":"wp","href":"https:\/\/api.w.org\/{rel}","templated":true}]}}