{"id":106,"date":"2017-03-15T16:42:24","date_gmt":"2017-03-15T15:42:24","guid":{"rendered":"https:\/\/blogs.uni-paderborn.de\/strakosphere-transfertagung\/?page_id=106"},"modified":"2017-04-21T15:59:01","modified_gmt":"2017-04-21T13:59:01","slug":"ansprechpartner","status":"publish","type":"page","link":"https:\/\/blogs.uni-paderborn.de\/strakosphere-transfertagung\/ansprechpartner\/","title":{"rendered":"Ansprechpartner"},"content":{"rendered":"<div class=\"twoclick_social_bookmarks_post_106 social_share_privacy clearfix 1.6.4 locale-de_DE sprite-de_DE\"><\/div><div class=\"twoclick-js\"><script type=\"text\/javascript\">\/* <![CDATA[ *\/\njQuery(document).ready(function($){if($('.twoclick_social_bookmarks_post_106')){$('.twoclick_social_bookmarks_post_106').socialSharePrivacy({\"txt_help\":\"Wenn Sie diese Felder durch einen Klick aktivieren, werden Informationen an Facebook, Twitter, Flattr, Xing, t3n, LinkedIn, Pinterest oder Google eventuell ins Ausland \\u00fcbertragen und unter Umst\\u00e4nden auch dort gespeichert. N\\u00e4heres erfahren Sie durch einen Klick auf das <em>i<\\\/em>.\",\"settings_perma\":\"Dauerhaft aktivieren und Daten\\u00fcber-tragung zustimmen:\",\"info_link\":\"http:\\\/\\\/www.heise.de\\\/ct\\\/artikel\\\/2-Klicks-fuer-mehr-Datenschutz-1333879.html\",\"uri\":\"https:\\\/\\\/blogs.uni-paderborn.de\\\/strakosphere-transfertagung\\\/ansprechpartner\\\/\",\"post_id\":106,\"post_title_referrer_track\":\"Ansprechpartner\",\"display_infobox\":\"on\"});}});\n\/* ]]> *\/<\/script><\/div><p>Tagungsleitung:<\/p>\n<p><strong>Prof. Dr. rer. pol. Niclas Schaper<\/strong><br \/>\nLehrstuhl f\u00fcr Arbeits- &amp; Organisationspsychologie, Universit\u00e4t Paderborn<\/p>\n<p>Ihre Ansprechpartner f\u00fcr weitere Informationen und Nachfragen rund um die Tagung sind:<\/p>\n<p><strong>Julian Decius M.Sc.<\/strong><\/p>\n<p>Telefon: +49 5251 60-2940,<br \/>\nE-Mail: <a href=\"mailto:julian.decius@upb.de\">julian.decius[at]upb.de<\/a><\/p>\n<p><strong>Dr. Daniel Ossenschmidt<\/strong><\/p>\n<p>Telefon: +49 5251 60-3098,<br \/>\nE-Mail: <a href=\"mailto:daniel.ossenschmidt@upb.de\">daniel.ossenschmidt[at]upb.de<\/a><\/p>\n","protected":false},"excerpt":{"rendered":"<p>Tagungsleitung: Prof. Dr. rer. pol. Niclas Schaper Lehrstuhl f\u00fcr Arbeits- &amp; Organisationspsychologie, Universit\u00e4t Paderborn Ihre Ansprechpartner f\u00fcr weitere Informationen und Nachfragen rund um die Tagung sind: Julian Decius M.Sc. Telefon: +49 5251 60-2940, E-Mail: julian.decius[at]upb.de Dr. Daniel Ossenschmidt Telefon: +49 5251 60-3098, E-Mail: daniel.ossenschmidt[at]upb.de<\/p>\n","protected":false},"author":7843,"featured_media":0,"parent":0,"menu_order":0,"comment_status":"closed","ping_status":"closed","template":"","meta":{"footnotes":""},"class_list":["post-106","page","type-page","status-publish","hentry"],"_links":{"self":[{"href":"https:\/\/blogs.uni-paderborn.de\/strakosphere-transfertagung\/wp-json\/wp\/v2\/pages\/106","targetHints":{"allow":["GET"]}}],"collection":[{"href":"https:\/\/blogs.uni-paderborn.de\/strakosphere-transfertagung\/wp-json\/wp\/v2\/pages"}],"about":[{"href":"https:\/\/blogs.uni-paderborn.de\/strakosphere-transfertagung\/wp-json\/wp\/v2\/types\/page"}],"author":[{"embeddable":true,"href":"https:\/\/blogs.uni-paderborn.de\/strakosphere-transfertagung\/wp-json\/wp\/v2\/users\/7843"}],"replies":[{"embeddable":true,"href":"https:\/\/blogs.uni-paderborn.de\/strakosphere-transfertagung\/wp-json\/wp\/v2\/comments?post=106"}],"version-history":[{"count":10,"href":"https:\/\/blogs.uni-paderborn.de\/strakosphere-transfertagung\/wp-json\/wp\/v2\/pages\/106\/revisions"}],"predecessor-version":[{"id":258,"href":"https:\/\/blogs.uni-paderborn.de\/strakosphere-transfertagung\/wp-json\/wp\/v2\/pages\/106\/revisions\/258"}],"wp:attachment":[{"href":"https:\/\/blogs.uni-paderborn.de\/strakosphere-transfertagung\/wp-json\/wp\/v2\/media?parent=106"}],"curies":[{"name":"wp","href":"https:\/\/api.w.org\/{rel}","templated":true}]}}