{"id":2,"date":"2023-06-26T02:52:01","date_gmt":"2023-06-26T00:52:01","guid":{"rendered":"https:\/\/blogs.uni-paderborn.de\/soundofklimakrise\/?page_id=2"},"modified":"2023-08-10T13:46:08","modified_gmt":"2023-08-10T11:46:08","slug":"2-2","status":"publish","type":"page","link":"https:\/\/blogs.uni-paderborn.de\/soundofklimakrise\/","title":{"rendered":"Sound of Klimakrise"},"content":{"rendered":"<div class=\"twoclick_social_bookmarks_post_2 social_share_privacy clearfix 1.6.4 locale-de_DE sprite-de_DE\"><\/div><div class=\"twoclick-js\"><script type=\"text\/javascript\">\/* <![CDATA[ *\/\njQuery(document).ready(function($){if($('.twoclick_social_bookmarks_post_2')){$('.twoclick_social_bookmarks_post_2').socialSharePrivacy({\"txt_help\":\"Wenn Sie diese Felder durch einen Klick aktivieren, werden Informationen an Facebook, Twitter, Flattr, Xing, t3n, LinkedIn, Pinterest oder Google eventuell ins Ausland \\u00fcbertragen und unter Umst\\u00e4nden auch dort gespeichert. N\\u00e4heres erfahren Sie durch einen Klick auf das <em>i<\\\/em>.\",\"settings_perma\":\"Dauerhaft aktivieren und Daten\\u00fcber-tragung zustimmen:\",\"info_link\":\"http:\\\/\\\/www.heise.de\\\/ct\\\/artikel\\\/2-Klicks-fuer-mehr-Datenschutz-1333879.html\",\"uri\":\"https:\\\/\\\/blogs.uni-paderborn.de\\\/soundofklimakrise\\\/\",\"post_id\":2,\"post_title_referrer_track\":\"Sound+of+Klimakrise\",\"display_infobox\":\"on\"});}});\n\/* ]]> *\/<\/script><\/div>\n<hr class=\"wp-block-separator has-alpha-channel-opacity\" \/>\n\n\n\n<div class=\"wp-block-media-text is-stacked-on-mobile is-vertically-aligned-center\" style=\"grid-template-columns:46% auto\"><figure class=\"wp-block-media-text__media\"><img loading=\"lazy\" decoding=\"async\" width=\"1024\" height=\"1024\" src=\"https:\/\/blogs.uni-paderborn.de\/soundofklimakrise\/files\/2023\/07\/Untertitel-nicht-buendig-1024x1024.png\" alt=\"\" class=\"wp-image-10 size-full\" srcset=\"https:\/\/blogs.uni-paderborn.de\/soundofklimakrise\/files\/2023\/07\/Untertitel-nicht-buendig-1024x1024.png 1024w, https:\/\/blogs.uni-paderborn.de\/soundofklimakrise\/files\/2023\/07\/Untertitel-nicht-buendig-300x300.png 300w, https:\/\/blogs.uni-paderborn.de\/soundofklimakrise\/files\/2023\/07\/Untertitel-nicht-buendig-150x150.png 150w, https:\/\/blogs.uni-paderborn.de\/soundofklimakrise\/files\/2023\/07\/Untertitel-nicht-buendig-768x768.png 768w, https:\/\/blogs.uni-paderborn.de\/soundofklimakrise\/files\/2023\/07\/Untertitel-nicht-buendig.png 1080w\" sizes=\"auto, (max-width: 1024px) 100vw, 1024px\" \/><\/figure><div class=\"wp-block-media-text__content\">\n<p><em>Welche generationen\u00fcbergreifende Verantwortung gibt es im Umgang mit der Klimakrise, auch in Paderborn? Was k\u00f6nnen die Generationen in dieser Hinsicht voneinander lernen? Und wie lassen sich unterschiedliche Positionen im Kontext der Klimakrise innerhalb aber auch zwischen den Generationen verklanglichen?&nbsp;<\/em><\/p>\n<\/div><\/div>\n\n\n\n<hr class=\"wp-block-separator has-alpha-channel-opacity\" \/>\n\n\n\n<p>Elf Studierende der Masterstudieng\u00e4nge \u201ePopul\u00e4re Musik und Medien\u201c und \u201ePopMediaCulture. Deutsch-lateinamerikanische Kulturvermittlungen\u201c widmeten sich diesen und weiteren Fragen im Rahmen eines Seminars an der Universit\u00e4t Paderborn \u2013 mit dem Ziel, die Klimakrise als eine generationen\u00fcbergreifende Herausforderung erlebbar zu machen. Dazu kamen sie mit Seniorinnen des \u201eHaus St. Antonius\u201c, einer Einrichtung des Caritasverbands Paderborn e.V., ins Gespr\u00e4ch und diskutieren Fragen rund um Verzicht, politischen Aktivismus und den Generationenvertrag. Diese Gespr\u00e4che waren Ausgangspunkt daf\u00fcr, die Klimakrise und die damit in Zusammenhang stehenden Transformationen, u.a. in Hinblick auf sozialen Zusammenhalt, Gerechtigkeit und gesellschaftliche Klimata, in einer Soundarbeit \u00e4sthetisch zu verarbeiten. Der so entstandene \u201eSound of Klimakrise\u201c ist dabei klangliches Zeugnis f\u00fcr ein Klima des intergenerationellen Miteinanders in Paderborn.&nbsp;<\/p>\n\n\n\n<p>Angeleitet wurden die Studierenden dabei von <a rel=\"noreferrer noopener\" href=\"https:\/\/www.uni-paderborn.de\/person\/58896\" target=\"_blank\">Prof.in Dr.in Beate Flath<\/a> (2. vr) , <a rel=\"noreferrer noopener\" href=\"https:\/\/kw.uni-paderborn.de\/kunst-musik-textil\/personal-des-instituts\/person\/35892\" target=\"_blank\">Maryam Momen Pour Tafreshi<\/a> (1. vl) und Katharina Schmecht (1. vr) vom Fach Musik der Universit\u00e4t Paderborn. <\/p>\n\n\n\n<p><strong><em>Den Sound of Klimakrise anh\u00f6ren:<\/em><\/strong><\/p>\n\n\n\n<figure class=\"wp-block-audio\"><audio controls src=\"https:\/\/blogs.uni-paderborn.de\/soundofklimakrise\/files\/2023\/07\/Sounds-of-Klimakrise.mp3\"><\/audio><\/figure>\n\n\n\n<p>Recording: Sebastian Everding (Mitte hinten)<br>Mix: Daniel Lennart Matthes<br>Master: Christian Schadwinkel (2. vl)<\/p>\n\n\n\n<figure class=\"wp-block-image size-large\"><img loading=\"lazy\" decoding=\"async\" width=\"1024\" height=\"683\" src=\"https:\/\/blogs.uni-paderborn.de\/soundofklimakrise\/files\/2023\/07\/tempImage6hIzk9-1024x683.jpg\" alt=\"\" class=\"wp-image-5\" srcset=\"https:\/\/blogs.uni-paderborn.de\/soundofklimakrise\/files\/2023\/07\/tempImage6hIzk9-1024x683.jpg 1024w, https:\/\/blogs.uni-paderborn.de\/soundofklimakrise\/files\/2023\/07\/tempImage6hIzk9-300x200.jpg 300w, https:\/\/blogs.uni-paderborn.de\/soundofklimakrise\/files\/2023\/07\/tempImage6hIzk9-768x512.jpg 768w, https:\/\/blogs.uni-paderborn.de\/soundofklimakrise\/files\/2023\/07\/tempImage6hIzk9-1536x1025.jpg 1536w, https:\/\/blogs.uni-paderborn.de\/soundofklimakrise\/files\/2023\/07\/tempImage6hIzk9-2048x1366.jpg 2048w\" sizes=\"auto, (max-width: 1024px) 100vw, 1024px\" \/><\/figure>\n\n\n\n<p>Am 5. Juli wurde das Projekt unter dem Titel der renommierten Veranstaltungsreihe \u201eOma, Opa sagt doch mal \u2026\u201c im Stadtmuseum Paderborn pr\u00e4sentiert. Moderiert wurde die Veranstaltung von Julia Ures, er\u00f6ffnet von Museumsleiter Markus Runte. In einer offenen Gespr\u00e4chsrunde mit anschlie\u00dfender Diskussion wurde der Sound of Klimakrise im Beisein der Studierenden, der Seniorinnen sowie interessierter B\u00fcrger*innen angeh\u00f6rt, der Inhalt und das Ziel des Seminars besprochen und \u00fcber individuelle Erfahrungen mit dem Klimawandel, Verzicht und Hoffnung gesprochen. Die Bandbreite an Geburtsjahren (1934-2001) stand hierbei als Zeichen f\u00fcr den generations\u00fcbergreifenden Austausch und den Versuch, verschiedene Perspektiven in Hinblick auf die Klimakrise darzustellen und neue Standpunkte mit aufzunehmen. Am Ende wurde res\u00fcmiert, dass man nur voneinander lernen und sich verstehen kann, wenn man sich austauscht. Und auch hier zeigte sich, dass die Generationen jenseits des Alters an vielen Stellen gar nicht so weit voneinander entfernt sind, wenn es darum geht, umweltgerechte Verhaltensweisen im Alltag zu integrieren.<\/p>\n\n\n\n<p>Es ist geplant, den &#8222;Sound of Klimakrise&#8220; auch im Stadtmuseum h\u00f6rbar und damit einem gr\u00f6\u00dferen Publikum zug\u00e4nglich zu machen. <\/p>\n\n\n\n<ul class=\"wp-block-social-links is-layout-flex wp-block-social-links-is-layout-flex\"><li class=\"wp-social-link wp-social-link-instagram  wp-block-social-link\"><a href=\"https:\/\/www.instagram.com\/populaeremusikundmedien\/\" class=\"wp-block-social-link-anchor\"><svg width=\"24\" height=\"24\" viewBox=\"0 0 24 24\" version=\"1.1\" xmlns=\"http:\/\/www.w3.org\/2000\/svg\" aria-hidden=\"true\" focusable=\"false\"><path d=\"M12,4.622c2.403,0,2.688,0.009,3.637,0.052c0.877,0.04,1.354,0.187,1.671,0.31c0.42,0.163,0.72,0.358,1.035,0.673 c0.315,0.315,0.51,0.615,0.673,1.035c0.123,0.317,0.27,0.794,0.31,1.671c0.043,0.949,0.052,1.234,0.052,3.637 s-0.009,2.688-0.052,3.637c-0.04,0.877-0.187,1.354-0.31,1.671c-0.163,0.42-0.358,0.72-0.673,1.035 c-0.315,0.315-0.615,0.51-1.035,0.673c-0.317,0.123-0.794,0.27-1.671,0.31c-0.949,0.043-1.233,0.052-3.637,0.052 s-2.688-0.009-3.637-0.052c-0.877-0.04-1.354-0.187-1.671-0.31c-0.42-0.163-0.72-0.358-1.035-0.673 c-0.315-0.315-0.51-0.615-0.673-1.035c-0.123-0.317-0.27-0.794-0.31-1.671C4.631,14.688,4.622,14.403,4.622,12 s0.009-2.688,0.052-3.637c0.04-0.877,0.187-1.354,0.31-1.671c0.163-0.42,0.358-0.72,0.673-1.035 c0.315-0.315,0.615-0.51,1.035-0.673c0.317-0.123,0.794-0.27,1.671-0.31C9.312,4.631,9.597,4.622,12,4.622 M12,3 C9.556,3,9.249,3.01,8.289,3.054C7.331,3.098,6.677,3.25,6.105,3.472C5.513,3.702,5.011,4.01,4.511,4.511 c-0.5,0.5-0.808,1.002-1.038,1.594C3.25,6.677,3.098,7.331,3.054,8.289C3.01,9.249,3,9.556,3,12c0,2.444,0.01,2.751,0.054,3.711 c0.044,0.958,0.196,1.612,0.418,2.185c0.23,0.592,0.538,1.094,1.038,1.594c0.5,0.5,1.002,0.808,1.594,1.038 c0.572,0.222,1.227,0.375,2.185,0.418C9.249,20.99,9.556,21,12,21s2.751-0.01,3.711-0.054c0.958-0.044,1.612-0.196,2.185-0.418 c0.592-0.23,1.094-0.538,1.594-1.038c0.5-0.5,0.808-1.002,1.038-1.594c0.222-0.572,0.375-1.227,0.418-2.185 C20.99,14.751,21,14.444,21,12s-0.01-2.751-0.054-3.711c-0.044-0.958-0.196-1.612-0.418-2.185c-0.23-0.592-0.538-1.094-1.038-1.594 c-0.5-0.5-1.002-0.808-1.594-1.038c-0.572-0.222-1.227-0.375-2.185-0.418C14.751,3.01,14.444,3,12,3L12,3z M12,7.378 c-2.552,0-4.622,2.069-4.622,4.622S9.448,16.622,12,16.622s4.622-2.069,4.622-4.622S14.552,7.378,12,7.378z M12,15 c-1.657,0-3-1.343-3-3s1.343-3,3-3s3,1.343,3,3S13.657,15,12,15z M16.804,6.116c-0.596,0-1.08,0.484-1.08,1.08 s0.484,1.08,1.08,1.08c0.596,0,1.08-0.484,1.08-1.08S17.401,6.116,16.804,6.116z\"><\/path><\/svg><span class=\"wp-block-social-link-label screen-reader-text\">Instagram<\/span><\/a><\/li>\n\n<li class=\"wp-social-link wp-social-link-facebook  wp-block-social-link\"><a href=\"https:\/\/www.facebook.com\/PopulaereMusikUndMedienPaderborn\" class=\"wp-block-social-link-anchor\"><svg width=\"24\" height=\"24\" viewBox=\"0 0 24 24\" version=\"1.1\" xmlns=\"http:\/\/www.w3.org\/2000\/svg\" aria-hidden=\"true\" focusable=\"false\"><path d=\"M12 2C6.5 2 2 6.5 2 12c0 5 3.7 9.1 8.4 9.9v-7H7.9V12h2.5V9.8c0-2.5 1.5-3.9 3.8-3.9 1.1 0 2.2.2 2.2.2v2.5h-1.3c-1.2 0-1.6.8-1.6 1.6V12h2.8l-.4 2.9h-2.3v7C18.3 21.1 22 17 22 12c0-5.5-4.5-10-10-10z\"><\/path><\/svg><span class=\"wp-block-social-link-label screen-reader-text\">Facebook<\/span><\/a><\/li>\n\n<li class=\"wp-social-link wp-social-link-youtube  wp-block-social-link\"><a href=\"https:\/\/www.youtube.com\/@fachmusikuniversitatpaderb2748\" class=\"wp-block-social-link-anchor\"><svg width=\"24\" height=\"24\" viewBox=\"0 0 24 24\" version=\"1.1\" xmlns=\"http:\/\/www.w3.org\/2000\/svg\" aria-hidden=\"true\" focusable=\"false\"><path d=\"M21.8,8.001c0,0-0.195-1.378-0.795-1.985c-0.76-0.797-1.613-0.801-2.004-0.847c-2.799-0.202-6.997-0.202-6.997-0.202 h-0.009c0,0-4.198,0-6.997,0.202C4.608,5.216,3.756,5.22,2.995,6.016C2.395,6.623,2.2,8.001,2.2,8.001S2,9.62,2,11.238v1.517 c0,1.618,0.2,3.237,0.2,3.237s0.195,1.378,0.795,1.985c0.761,0.797,1.76,0.771,2.205,0.855c1.6,0.153,6.8,0.201,6.8,0.201 s4.203-0.006,7.001-0.209c0.391-0.047,1.243-0.051,2.004-0.847c0.6-0.607,0.795-1.985,0.795-1.985s0.2-1.618,0.2-3.237v-1.517 C22,9.62,21.8,8.001,21.8,8.001z M9.935,14.594l-0.001-5.62l5.404,2.82L9.935,14.594z\"><\/path><\/svg><span class=\"wp-block-social-link-label screen-reader-text\">YouTube<\/span><\/a><\/li>\n\n<li class=\"wp-social-link wp-social-link-spotify  wp-block-social-link\"><a href=\"https:\/\/open.spotify.com\/episode\/0blA9rgPyBdd9dVfIRkNas\" class=\"wp-block-social-link-anchor\"><svg width=\"24\" height=\"24\" viewBox=\"0 0 24 24\" version=\"1.1\" xmlns=\"http:\/\/www.w3.org\/2000\/svg\" aria-hidden=\"true\" focusable=\"false\"><path d=\"M12,2C6.477,2,2,6.477,2,12c0,5.523,4.477,10,10,10c5.523,0,10-4.477,10-10C22,6.477,17.523,2,12,2 M16.586,16.424 c-0.18,0.295-0.563,0.387-0.857,0.207c-2.348-1.435-5.304-1.76-8.785-0.964c-0.335,0.077-0.67-0.133-0.746-0.469 c-0.077-0.335,0.132-0.67,0.469-0.746c3.809-0.871,7.077-0.496,9.713,1.115C16.673,15.746,16.766,16.13,16.586,16.424 M17.81,13.7 c-0.226,0.367-0.706,0.482-1.072,0.257c-2.687-1.652-6.785-2.131-9.965-1.166C6.36,12.917,5.925,12.684,5.8,12.273 C5.675,11.86,5.908,11.425,6.32,11.3c3.632-1.102,8.147-0.568,11.234,1.328C17.92,12.854,18.035,13.335,17.81,13.7 M17.915,10.865 c-3.223-1.914-8.54-2.09-11.618-1.156C5.804,9.859,5.281,9.58,5.131,9.086C4.982,8.591,5.26,8.069,5.755,7.919 c3.532-1.072,9.404-0.865,13.115,1.338c0.445,0.264,0.59,0.838,0.327,1.282C18.933,10.983,18.359,11.129,17.915,10.865\"><\/path><\/svg><span class=\"wp-block-social-link-label screen-reader-text\">Spotify<\/span><\/a><\/li><\/ul>\n","protected":false},"excerpt":{"rendered":"<p>Welche generationen\u00fcbergreifende Verantwortung gibt es im Umgang mit der Klimakrise, auch in Paderborn? Was k\u00f6nnen die Generationen in dieser Hinsicht voneinander lernen? Und wie lassen sich unterschiedliche Positionen im Kontext der Klimakrise innerhalb aber auch zwischen den Generationen verklanglichen?&nbsp; Elf Studierende der Masterstudieng\u00e4nge \u201ePopul\u00e4re Musik und Medien\u201c und \u201ePopMediaCulture. Deutsch-lateinamerikanische Kulturvermittlungen\u201c widmeten sich diesen und [&hellip;]<\/p>\n","protected":false},"author":9052,"featured_media":0,"parent":0,"menu_order":0,"comment_status":"closed","ping_status":"closed","template":"","meta":{"footnotes":""},"class_list":["post-2","page","type-page","status-publish","hentry"],"_links":{"self":[{"href":"https:\/\/blogs.uni-paderborn.de\/soundofklimakrise\/wp-json\/wp\/v2\/pages\/2","targetHints":{"allow":["GET"]}}],"collection":[{"href":"https:\/\/blogs.uni-paderborn.de\/soundofklimakrise\/wp-json\/wp\/v2\/pages"}],"about":[{"href":"https:\/\/blogs.uni-paderborn.de\/soundofklimakrise\/wp-json\/wp\/v2\/types\/page"}],"author":[{"embeddable":true,"href":"https:\/\/blogs.uni-paderborn.de\/soundofklimakrise\/wp-json\/wp\/v2\/users\/9052"}],"replies":[{"embeddable":true,"href":"https:\/\/blogs.uni-paderborn.de\/soundofklimakrise\/wp-json\/wp\/v2\/comments?post=2"}],"version-history":[{"count":21,"href":"https:\/\/blogs.uni-paderborn.de\/soundofklimakrise\/wp-json\/wp\/v2\/pages\/2\/revisions"}],"predecessor-version":[{"id":45,"href":"https:\/\/blogs.uni-paderborn.de\/soundofklimakrise\/wp-json\/wp\/v2\/pages\/2\/revisions\/45"}],"wp:attachment":[{"href":"https:\/\/blogs.uni-paderborn.de\/soundofklimakrise\/wp-json\/wp\/v2\/media?parent=2"}],"curies":[{"name":"wp","href":"https:\/\/api.w.org\/{rel}","templated":true}]}}