{"id":107,"date":"2022-07-06T20:55:06","date_gmt":"2022-07-06T18:55:06","guid":{"rendered":"https:\/\/blogs.uni-paderborn.de\/sounding-environments\/?page_id=107"},"modified":"2022-07-08T09:59:13","modified_gmt":"2022-07-08T07:59:13","slug":"elements","status":"publish","type":"page","link":"https:\/\/blogs.uni-paderborn.de\/sounding-environments\/elements\/","title":{"rendered":"Elements"},"content":{"rendered":"<div class=\"twoclick_social_bookmarks_post_107 social_share_privacy clearfix 1.6.4 locale-de_DE sprite-de_DE\"><\/div><div class=\"twoclick-js\"><script type=\"text\/javascript\">\/* <![CDATA[ *\/\njQuery(document).ready(function($){if($('.twoclick_social_bookmarks_post_107')){$('.twoclick_social_bookmarks_post_107').socialSharePrivacy({\"txt_help\":\"Wenn Sie diese Felder durch einen Klick aktivieren, werden Informationen an Facebook, Twitter, Flattr, Xing, t3n, LinkedIn, Pinterest oder Google eventuell ins Ausland \\u00fcbertragen und unter Umst\\u00e4nden auch dort gespeichert. N\\u00e4heres erfahren Sie durch einen Klick auf das <em>i<\\\/em>.\",\"settings_perma\":\"Dauerhaft aktivieren und Daten\\u00fcber-tragung zustimmen:\",\"info_link\":\"http:\\\/\\\/www.heise.de\\\/ct\\\/artikel\\\/2-Klicks-fuer-mehr-Datenschutz-1333879.html\",\"uri\":\"https:\\\/\\\/blogs.uni-paderborn.de\\\/sounding-environments\\\/elements\\\/\",\"post_id\":107,\"post_title_referrer_track\":\"Elements\",\"display_infobox\":\"on\"});}});\n\/* ]]> *\/<\/script><\/div>\n<p><em>von Jannis Alexander Baumert, Tina G\u00f6tz<\/em> <em>und<\/em> <em>Ann-Kristin Thern<\/em> <\/p>\n\n\n\n<figure class=\"wp-block-embed is-type-rich is-provider-soundcloud wp-block-embed-soundcloud\"><div class=\"wp-block-embed__wrapper\">\n<iframe loading=\"lazy\" title=\"&quot;Elements&quot; by Jannis Baumert, Tina G\u00f6tz, Tini Thern by sounding.environments\" width=\"500\" height=\"400\" scrolling=\"no\" frameborder=\"no\" src=\"https:\/\/w.soundcloud.com\/player\/?visual=true&#038;url=https%3A%2F%2Fapi.soundcloud.com%2Ftracks%2F1301751133&#038;show_artwork=true&#038;maxheight=750&#038;maxwidth=500\"><\/iframe>\n<\/div><\/figure>\n\n\n\n<p>Das Projekt\u00a0<em>Elements\u00a0<\/em>reflektiert die Auswirkungen des Klimawandels in Form einer \u201eauditiven Reise durch die vier Elemente\u201c.<br>Die von Natur-und anthroprogen gepr\u00e4gten Aufnahmen wurden zur Verdeutlichung der Message mit Hilfe kreativ-technischer Tools k\u00fcnstlerisch bearbeitet; ebenfalls spiegelt das Einlesen klarer, eing\u00e4ngiger Headlines die hohe Gewichtigkeit der Thematik wieder. Beginnend mit Erde, Wasser, Luft hin zu Feuer werden je einzelne, zum Element zugeh\u00f6rige Naturkatastrophen beleuchtet, wobei innerhalb der jeweiligen Abschnitte klanglich als auch sprachlich die Beschlagnahmung bzw. Zerst\u00f6rung der Natur durch den Menschen in einer Art tickenden Zeitstrahl dargestellt wird.<br>Die sich st\u00e4ndig wechselnde Atmosph\u00e4re gibt dem Track einen unberechenbaren Charakter \u2013 und bildet damit eine markante Parallele zur aktuellen Klimakrise.<br>Die Recordings wurden zum Gro\u00dfteil mit einem Zoom H5, teils auch mit einem SG-10-Sercel Geophon im Raum Paderborn aufgenommen.<\/p>\n\n\n\n<p>Einblicke in die DAW-Session (FL Studio):<\/p>\n\n\n\n<figure class=\"wp-block-image size-large\"><img loading=\"lazy\" decoding=\"async\" width=\"1024\" height=\"529\" src=\"https:\/\/blogs.uni-paderborn.de\/sounding-environments\/files\/2022\/07\/Screenshot-915-1024x529.png\" alt=\"\" class=\"wp-image-199\" srcset=\"https:\/\/blogs.uni-paderborn.de\/sounding-environments\/files\/2022\/07\/Screenshot-915-1024x529.png 1024w, https:\/\/blogs.uni-paderborn.de\/sounding-environments\/files\/2022\/07\/Screenshot-915-300x155.png 300w, https:\/\/blogs.uni-paderborn.de\/sounding-environments\/files\/2022\/07\/Screenshot-915-768x397.png 768w, https:\/\/blogs.uni-paderborn.de\/sounding-environments\/files\/2022\/07\/Screenshot-915-1536x794.png 1536w, https:\/\/blogs.uni-paderborn.de\/sounding-environments\/files\/2022\/07\/Screenshot-915.png 1684w\" sizes=\"auto, (max-width: 1024px) 100vw, 1024px\" \/><figcaption>Abb. 1: Projekt\u00fcbersicht<\/figcaption><\/figure>\n\n\n\n<figure class=\"wp-block-image size-large\"><img loading=\"lazy\" decoding=\"async\" width=\"1024\" height=\"521\" src=\"https:\/\/blogs.uni-paderborn.de\/sounding-environments\/files\/2022\/07\/Screenshot-922-1024x521.png\" alt=\"\" class=\"wp-image-203\" srcset=\"https:\/\/blogs.uni-paderborn.de\/sounding-environments\/files\/2022\/07\/Screenshot-922-1024x521.png 1024w, https:\/\/blogs.uni-paderborn.de\/sounding-environments\/files\/2022\/07\/Screenshot-922-300x153.png 300w, https:\/\/blogs.uni-paderborn.de\/sounding-environments\/files\/2022\/07\/Screenshot-922-768x391.png 768w, https:\/\/blogs.uni-paderborn.de\/sounding-environments\/files\/2022\/07\/Screenshot-922-1536x782.png 1536w, https:\/\/blogs.uni-paderborn.de\/sounding-environments\/files\/2022\/07\/Screenshot-922.png 1688w\" sizes=\"auto, (max-width: 1024px) 100vw, 1024px\" \/><figcaption>Abb. 2: Abschnitt &#8222;Luft&#8220;<\/figcaption><\/figure>\n\n\n\n<figure class=\"wp-block-image size-large\"><img loading=\"lazy\" decoding=\"async\" width=\"1024\" height=\"366\" src=\"https:\/\/blogs.uni-paderborn.de\/sounding-environments\/files\/2022\/07\/Screenshot-923-1024x366.png\" alt=\"\" class=\"wp-image-202\" srcset=\"https:\/\/blogs.uni-paderborn.de\/sounding-environments\/files\/2022\/07\/Screenshot-923-1024x366.png 1024w, https:\/\/blogs.uni-paderborn.de\/sounding-environments\/files\/2022\/07\/Screenshot-923-300x107.png 300w, https:\/\/blogs.uni-paderborn.de\/sounding-environments\/files\/2022\/07\/Screenshot-923-768x275.png 768w, https:\/\/blogs.uni-paderborn.de\/sounding-environments\/files\/2022\/07\/Screenshot-923-1536x550.png 1536w, https:\/\/blogs.uni-paderborn.de\/sounding-environments\/files\/2022\/07\/Screenshot-923.png 1920w\" sizes=\"auto, (max-width: 1024px) 100vw, 1024px\" \/><figcaption>Abb. 3: Mixer &#8222;Verkehr&#8220;<\/figcaption><\/figure>\n\n\n\n<blockquote class=\"wp-block-quote is-layout-flow wp-block-quote-is-layout-flow\"><p>Quellen der verwendeten Headlines<\/p><cite>https:\/\/www.nationalgeographic.com\/environment\/article\/global-warming-effects<br>https:\/\/sites.google.com\/site\/stripmininghandbook\/chapter-2-1 https:\/\/www.epa.gov\/arc-x\/climate-adaptation-and-erosion-sedimentation https:\/\/amp.theguardian.com\/world\/2016\/oct\/16\/climate-change-triggers-earthquakes-tsunamis-volcanoes https:\/\/amp.theguardian.com\/environment\/2019\/feb\/10\/plummeting-insect-numbers-threaten-collapse-of- nature<\/cite><\/blockquote>\n","protected":false},"excerpt":{"rendered":"<p>von Jannis Alexander Baumert, Tina G\u00f6tz und Ann-Kristin Thern Das Projekt\u00a0Elements\u00a0reflektiert die Auswirkungen des Klimawandels in Form einer \u201eauditiven Reise durch die vier Elemente\u201c.Die von Natur-und anthroprogen gepr\u00e4gten Aufnahmen wurden zur Verdeutlichung der Message mit Hilfe kreativ-technischer Tools k\u00fcnstlerisch bearbeitet; ebenfalls spiegelt das Einlesen klarer, eing\u00e4ngiger Headlines die hohe Gewichtigkeit der Thematik wieder. Beginnend mit [&hellip;]<\/p>\n","protected":false},"author":9229,"featured_media":0,"parent":0,"menu_order":0,"comment_status":"open","ping_status":"closed","template":"","meta":{"footnotes":""},"class_list":["post-107","page","type-page","status-publish","hentry"],"_links":{"self":[{"href":"https:\/\/blogs.uni-paderborn.de\/sounding-environments\/wp-json\/wp\/v2\/pages\/107","targetHints":{"allow":["GET"]}}],"collection":[{"href":"https:\/\/blogs.uni-paderborn.de\/sounding-environments\/wp-json\/wp\/v2\/pages"}],"about":[{"href":"https:\/\/blogs.uni-paderborn.de\/sounding-environments\/wp-json\/wp\/v2\/types\/page"}],"author":[{"embeddable":true,"href":"https:\/\/blogs.uni-paderborn.de\/sounding-environments\/wp-json\/wp\/v2\/users\/9229"}],"replies":[{"embeddable":true,"href":"https:\/\/blogs.uni-paderborn.de\/sounding-environments\/wp-json\/wp\/v2\/comments?post=107"}],"version-history":[{"count":9,"href":"https:\/\/blogs.uni-paderborn.de\/sounding-environments\/wp-json\/wp\/v2\/pages\/107\/revisions"}],"predecessor-version":[{"id":204,"href":"https:\/\/blogs.uni-paderborn.de\/sounding-environments\/wp-json\/wp\/v2\/pages\/107\/revisions\/204"}],"wp:attachment":[{"href":"https:\/\/blogs.uni-paderborn.de\/sounding-environments\/wp-json\/wp\/v2\/media?parent=107"}],"curies":[{"name":"wp","href":"https:\/\/api.w.org\/{rel}","templated":true}]}}