{"id":932,"date":"2012-10-10T16:06:40","date_gmt":"2012-10-10T14:06:40","guid":{"rendered":"http:\/\/blogs.uni-paderborn.de\/shortcuts\/?page_id=932"},"modified":"2013-06-19T06:42:03","modified_gmt":"2013-06-19T04:42:03","slug":"kooperationen","status":"publish","type":"page","link":"https:\/\/blogs.uni-paderborn.de\/shortcuts\/weitere-angebote\/kooperationen\/","title":{"rendered":"Kooperationen"},"content":{"rendered":"<div class=\"twoclick_social_bookmarks_post_932 social_share_privacy clearfix 1.6.4 locale-de_DE sprite-de_DE\"><\/div><div class=\"twoclick-js\"><script type=\"text\/javascript\">\/* <![CDATA[ *\/\njQuery(document).ready(function($){if($('.twoclick_social_bookmarks_post_932')){$('.twoclick_social_bookmarks_post_932').socialSharePrivacy({\"txt_help\":\"Wenn Sie diese Felder durch einen Klick aktivieren, werden Informationen an Facebook, Twitter, Flattr, Xing, t3n, LinkedIn, Pinterest oder Google eventuell ins Ausland \\u00fcbertragen und unter Umst\\u00e4nden auch dort gespeichert. N\\u00e4heres erfahren Sie durch einen Klick auf das <em>i<\\\/em>.\",\"settings_perma\":\"Dauerhaft aktivieren und Daten\\u00fcber-tragung zustimmen:\",\"info_link\":\"http:\\\/\\\/www.heise.de\\\/ct\\\/artikel\\\/2-Klicks-fuer-mehr-Datenschutz-1333879.html\",\"uri\":\"https:\\\/\\\/blogs.uni-paderborn.de\\\/shortcuts\\\/weitere-angebote\\\/kooperationen\\\/\",\"post_id\":932,\"post_title_referrer_track\":\"Kooperationen\",\"display_infobox\":\"on\"});}});\n\/* ]]> *\/<\/script><\/div><p style=\"text-align: justify\">Eine \u00dcbersicht aller hochschuldidaktischer Einrichtungen und deren Angebote erreichen Sie \u00fcber die Seite der Deutschen Gesellschaft f\u00fcr Hochschuldidaktik (<a href=\"http:\/\/dghd.de\/hochschuldidaktische-institutionen.html\" target=\"_self\">Link<\/a>)<\/p>\n<p style=\"text-align: justify\">Die im \u201eNetzwerk Hochschuldidaktik <strong>NRW<\/strong>\u201c zusammengeschlossenen hochschuldidaktischen Einrichtungen an Universit\u00e4ten haben den Rahmen des Weiterbildungsprogramms gemeinsam entwickelt und dadurch die <strong>gegenseitige Nutzbarkeit und Anerkennung <\/strong>von Weiterbildungsangeboten sichergestellt.<\/p>\n<p style=\"text-align: justify\">Weitere (externe): Veranstaltungshinweise:<\/p>\n<ul style=\"text-align: justify\">\n<li><a href=\"http:\/\/hd-on-line.de\/veranstaltungen\/\" target=\"_self\">hochschuldidaktische Angebote des Netzwerks Hochschuldidaktik NRW (Universit\u00e4ten)<\/a><\/li>\n<li><a href=\"http:\/\/www.hdw-nrw.de\/\" target=\"_self\">Netzwerk Hochschuldidaktische Weiterbildung Nordrhein-Westfalen (Fachhochschulen)<\/a><\/li>\n<li><a href=\"http:\/\/www.uni-kassel.de\/einrichtungen\/servicecenter-lehre\/\" target=\"_self\">Angebote des Service Center Lehre der Universit\u00e4t Kassel<\/a><\/li>\n<li><a href=\"https:\/\/www.uni-paderborn.de\/universitaet\/bildungsinnovationen\/service-und-links\/\">Weitere Angebote unter Service<\/a><\/li>\n<\/ul>\n<p style=\"text-align: justify\"><strong><br \/>\n<\/strong><\/p>\n","protected":false},"excerpt":{"rendered":"<p>Eine \u00dcbersicht aller hochschuldidaktischer Einrichtungen und deren Angebote erreichen Sie \u00fcber die Seite der Deutschen Gesellschaft f\u00fcr Hochschuldidaktik (Link) Die im \u201eNetzwerk Hochschuldidaktik NRW\u201c zusammengeschlossenen hochschuldidaktischen Einrichtungen an Universit\u00e4ten haben den Rahmen des Weiterbildungsprogramms gemeinsam entwickelt und dadurch die gegenseitige &hellip; <a href=\"https:\/\/blogs.uni-paderborn.de\/shortcuts\/weitere-angebote\/kooperationen\/\">Weiterlesen <span class=\"meta-nav\">&rarr;<\/span><\/a><\/p>\n","protected":false},"author":2462,"featured_media":0,"parent":502,"menu_order":3,"comment_status":"closed","ping_status":"open","template":"","meta":{"footnotes":""},"class_list":["post-932","page","type-page","status-publish","hentry"],"_links":{"self":[{"href":"https:\/\/blogs.uni-paderborn.de\/shortcuts\/wp-json\/wp\/v2\/pages\/932","targetHints":{"allow":["GET"]}}],"collection":[{"href":"https:\/\/blogs.uni-paderborn.de\/shortcuts\/wp-json\/wp\/v2\/pages"}],"about":[{"href":"https:\/\/blogs.uni-paderborn.de\/shortcuts\/wp-json\/wp\/v2\/types\/page"}],"author":[{"embeddable":true,"href":"https:\/\/blogs.uni-paderborn.de\/shortcuts\/wp-json\/wp\/v2\/users\/2462"}],"replies":[{"embeddable":true,"href":"https:\/\/blogs.uni-paderborn.de\/shortcuts\/wp-json\/wp\/v2\/comments?post=932"}],"version-history":[{"count":6,"href":"https:\/\/blogs.uni-paderborn.de\/shortcuts\/wp-json\/wp\/v2\/pages\/932\/revisions"}],"predecessor-version":[{"id":2842,"href":"https:\/\/blogs.uni-paderborn.de\/shortcuts\/wp-json\/wp\/v2\/pages\/932\/revisions\/2842"}],"up":[{"embeddable":true,"href":"https:\/\/blogs.uni-paderborn.de\/shortcuts\/wp-json\/wp\/v2\/pages\/502"}],"wp:attachment":[{"href":"https:\/\/blogs.uni-paderborn.de\/shortcuts\/wp-json\/wp\/v2\/media?parent=932"}],"curies":[{"name":"wp","href":"https:\/\/api.w.org\/{rel}","templated":true}]}}